{"id":26200,"date":"2021-10-28T11:23:05","date_gmt":"2021-10-28T11:23:05","guid":{"rendered":"https:\/\/mouldking.store\/?post_type=product&#038;p=26200"},"modified":"2021-12-23T09:40:55","modified_gmt":"2021-12-23T09:40:55","slug":"loz-1233-halloween-hut-with-783-pieces","status":"publish","type":"product","link":"https:\/\/mouldking.store\/nb\/shop\/loz-1233-halloween-hut-with-783-pieces\/","title":{"rendered":"LOZ 1233 Halloween Hut med 783 deler"},"content":{"rendered":"<p>Produktinformasjon:<\/p>\n<ol>\n<li>Merke: LOZ<\/li>\n<li>Kj\u00f8nn: Unisex<\/li>\n<li>Name: Halloween Hut<\/li>\n<li>Aldersgruppe: &gt; 6 \u00e5r gammel<\/li>\n<li>Model Number: 1233<\/li>\n<li>Klassifisering: Montering<\/li>\n<li>Plastblokkform: Selvl\u00e5sende murstein<\/li>\n<li>Materiale: Plast<\/li>\n<li>Plasttype: ABS<\/li>\n<li>Bricks Blocks: 783 PCS<\/li>\n<li>Inneholder detaljerte monteringsanvisninger.<\/li>\n<\/ol>\n<p>Legge merke til:<br \/>\n1. Uten original eske, men vi garanterer at v\u00e5re produkter har kvalitetssikring og pen emballasje.<br \/>\n2. Som alle delene vi har sjekket f\u00f8r frakt, s\u00e5 hvis du finner noen deler savnet eller skadet, ikke bekymre deg og bare kontakt oss, s\u00e5 kan vi sende dem til deg p\u00e5 nytt umiddelbart gratis.<\/p>\n<figure id=\"attachment_26201\" aria-describedby=\"caption-attachment-26201\" style=\"width: 800px\" class=\"wp-caption aligncenter\"><img fetchpriority=\"high\" decoding=\"async\" class=\"wp-image-26201 size-full\" src=\"https:\/\/mouldking.store\/wp-content\/uploads\/2021\/10\/LOZ-1233-Halloween-Hut-6.jpg\" alt=\"LOZ 1233 Halloween Hut with 783 pieces\" width=\"800\" height=\"800\" title=\"-\" srcset=\"https:\/\/mouldking.store\/wp-content\/uploads\/2021\/10\/LOZ-1233-Halloween-Hut-6.jpg 800w, https:\/\/mouldking.store\/wp-content\/uploads\/2021\/10\/LOZ-1233-Halloween-Hut-6-300x300.jpg 300w, https:\/\/mouldking.store\/wp-content\/uploads\/2021\/10\/LOZ-1233-Halloween-Hut-6-768x768.jpg 768w, https:\/\/mouldking.store\/wp-content\/uploads\/2021\/10\/LOZ-1233-Halloween-Hut-6-600x600.jpg 600w, https:\/\/mouldking.store\/wp-content\/uploads\/2021\/10\/LOZ-1233-Halloween-Hut-6-150x150.jpg 150w\" sizes=\"(max-width: 800px) 100vw, 800px\" \/><figcaption id=\"caption-attachment-26201\" class=\"wp-caption-text\">LOZ 1233 Halloween Hut med 783 deler<\/figcaption><\/figure>\n<figure id=\"attachment_26205\" aria-describedby=\"caption-attachment-26205\" style=\"width: 697px\" class=\"wp-caption aligncenter\"><img decoding=\"async\" class=\"wp-image-26205 size-full\" src=\"https:\/\/mouldking.store\/wp-content\/uploads\/2021\/10\/LOZ-1233-Halloween-Hut-4.jpg\" alt=\"LOZ 1233 Halloween Hut with 783 pieces\" width=\"697\" height=\"1023\" title=\"-\" srcset=\"https:\/\/mouldking.store\/wp-content\/uploads\/2021\/10\/LOZ-1233-Halloween-Hut-4.jpg 697w, https:\/\/mouldking.store\/wp-content\/uploads\/2021\/10\/LOZ-1233-Halloween-Hut-4-204x300.jpg 204w, https:\/\/mouldking.store\/wp-content\/uploads\/2021\/10\/LOZ-1233-Halloween-Hut-4-300x440.jpg 300w, https:\/\/mouldking.store\/wp-content\/uploads\/2021\/10\/LOZ-1233-Halloween-Hut-4-600x881.jpg 600w, https:\/\/mouldking.store\/wp-content\/uploads\/2021\/10\/LOZ-1233-Halloween-Hut-4-102x150.jpg 102w\" sizes=\"(max-width: 697px) 100vw, 697px\" \/><figcaption id=\"caption-attachment-26205\" class=\"wp-caption-text\">LOZ 1233 Halloween Hut med 783 deler<\/figcaption><\/figure>\n<figure id=\"attachment_26206\" aria-describedby=\"caption-attachment-26206\" style=\"width: 800px\" class=\"wp-caption aligncenter\"><img decoding=\"async\" class=\"wp-image-26206 size-full\" src=\"https:\/\/mouldking.store\/wp-content\/uploads\/2021\/10\/LOZ-1233-Halloween-Hut-5.jpg\" alt=\"LOZ 1233 Halloween Hut with 783 pieces\" width=\"800\" height=\"800\" title=\"-\" srcset=\"https:\/\/mouldking.store\/wp-content\/uploads\/2021\/10\/LOZ-1233-Halloween-Hut-5.jpg 800w, https:\/\/mouldking.store\/wp-content\/uploads\/2021\/10\/LOZ-1233-Halloween-Hut-5-300x300.jpg 300w, https:\/\/mouldking.store\/wp-content\/uploads\/2021\/10\/LOZ-1233-Halloween-Hut-5-768x768.jpg 768w, https:\/\/mouldking.store\/wp-content\/uploads\/2021\/10\/LOZ-1233-Halloween-Hut-5-600x600.jpg 600w, https:\/\/mouldking.store\/wp-content\/uploads\/2021\/10\/LOZ-1233-Halloween-Hut-5-150x150.jpg 150w\" sizes=\"(max-width: 800px) 100vw, 800px\" \/><figcaption id=\"caption-attachment-26206\" class=\"wp-caption-text\">LOZ 1233 Halloween Hut med 783 deler<\/figcaption><\/figure>\n<figure id=\"attachment_26203\" aria-describedby=\"caption-attachment-26203\" style=\"width: 708px\" class=\"wp-caption aligncenter\"><img loading=\"lazy\" decoding=\"async\" class=\"wp-image-26203 size-full\" src=\"https:\/\/mouldking.store\/wp-content\/uploads\/2021\/10\/LOZ-1233-Halloween-Hut-2.jpg\" alt=\"LOZ 1233 Halloween Hut with 783 pieces\" width=\"708\" height=\"1023\" title=\"-\" srcset=\"https:\/\/mouldking.store\/wp-content\/uploads\/2021\/10\/LOZ-1233-Halloween-Hut-2.jpg 708w, https:\/\/mouldking.store\/wp-content\/uploads\/2021\/10\/LOZ-1233-Halloween-Hut-2-208x300.jpg 208w, https:\/\/mouldking.store\/wp-content\/uploads\/2021\/10\/LOZ-1233-Halloween-Hut-2-300x433.jpg 300w, https:\/\/mouldking.store\/wp-content\/uploads\/2021\/10\/LOZ-1233-Halloween-Hut-2-600x867.jpg 600w, https:\/\/mouldking.store\/wp-content\/uploads\/2021\/10\/LOZ-1233-Halloween-Hut-2-104x150.jpg 104w\" sizes=\"(max-width: 708px) 100vw, 708px\" \/><figcaption id=\"caption-attachment-26203\" class=\"wp-caption-text\">LOZ 1233 Halloween Hut med 783 deler<\/figcaption><\/figure>\n<figure id=\"attachment_26202\" aria-describedby=\"caption-attachment-26202\" style=\"width: 790px\" class=\"wp-caption aligncenter\"><img loading=\"lazy\" decoding=\"async\" class=\"wp-image-26202 size-full\" src=\"https:\/\/mouldking.store\/wp-content\/uploads\/2021\/10\/LOZ-1233-Halloween-Hut-1.jpg\" alt=\"LOZ 1233 Halloween Hut with 783 pieces\" width=\"790\" height=\"904\" title=\"-\" srcset=\"https:\/\/mouldking.store\/wp-content\/uploads\/2021\/10\/LOZ-1233-Halloween-Hut-1.jpg 790w, https:\/\/mouldking.store\/wp-content\/uploads\/2021\/10\/LOZ-1233-Halloween-Hut-1-262x300.jpg 262w, https:\/\/mouldking.store\/wp-content\/uploads\/2021\/10\/LOZ-1233-Halloween-Hut-1-768x879.jpg 768w, https:\/\/mouldking.store\/wp-content\/uploads\/2021\/10\/LOZ-1233-Halloween-Hut-1-300x343.jpg 300w, https:\/\/mouldking.store\/wp-content\/uploads\/2021\/10\/LOZ-1233-Halloween-Hut-1-600x687.jpg 600w, https:\/\/mouldking.store\/wp-content\/uploads\/2021\/10\/LOZ-1233-Halloween-Hut-1-131x150.jpg 131w\" sizes=\"(max-width: 790px) 100vw, 790px\" \/><figcaption id=\"caption-attachment-26202\" class=\"wp-caption-text\">LOZ 1233 Halloween Hut med 783 deler<\/figcaption><\/figure>\n<figure id=\"attachment_26204\" aria-describedby=\"caption-attachment-26204\" style=\"width: 790px\" class=\"wp-caption aligncenter\"><img loading=\"lazy\" decoding=\"async\" class=\"wp-image-26204 size-full\" src=\"https:\/\/mouldking.store\/wp-content\/uploads\/2021\/10\/LOZ-1233-Halloween-Hut-3.jpg\" alt=\"LOZ 1233 Halloween Hut with 783 pieces\" width=\"790\" height=\"974\" title=\"-\" srcset=\"https:\/\/mouldking.store\/wp-content\/uploads\/2021\/10\/LOZ-1233-Halloween-Hut-3.jpg 790w, https:\/\/mouldking.store\/wp-content\/uploads\/2021\/10\/LOZ-1233-Halloween-Hut-3-243x300.jpg 243w, https:\/\/mouldking.store\/wp-content\/uploads\/2021\/10\/LOZ-1233-Halloween-Hut-3-768x947.jpg 768w, https:\/\/mouldking.store\/wp-content\/uploads\/2021\/10\/LOZ-1233-Halloween-Hut-3-300x370.jpg 300w, https:\/\/mouldking.store\/wp-content\/uploads\/2021\/10\/LOZ-1233-Halloween-Hut-3-600x740.jpg 600w, https:\/\/mouldking.store\/wp-content\/uploads\/2021\/10\/LOZ-1233-Halloween-Hut-3-122x150.jpg 122w\" sizes=\"(max-width: 790px) 100vw, 790px\" \/><figcaption id=\"caption-attachment-26204\" class=\"wp-caption-text\">LOZ 1233 Halloween Hut med 783 deler<\/figcaption><\/figure>","protected":false},"excerpt":{"rendered":"<p>Product information: Brand: LOZ Gender: Unisex Name: Halloween Hut Age Range: &gt; 6 years old Model Number: 1233 Classification: Assemblage Plastic Block Shape: Self-Locking Bricks Material: Plastic Plastic Type: ABS Bricks Blocks: 783 PCS Contains detailed assembly instructions. Notice: 1. Without an original box, but we guarantee our products have quality assurance and nice packaging. [&hellip;]<\/p>","protected":false},"featured_media":26201,"comment_status":"open","ping_status":"closed","template":"","meta":{"_acf_changed":false},"product_cat":[371],"product_tag":[2858,2859,2856,2860,2202,2855,2854,2857],"class_list":["product","first","instock","shipping-taxable","purchasable","product-type-simple"],"acf":[],"_links":{"self":[{"href":"https:\/\/mouldking.store\/nb\/wp-json\/wp\/v2\/product\/26200","targetHints":{"allow":["GET"]}}],"collection":[{"href":"https:\/\/mouldking.store\/nb\/wp-json\/wp\/v2\/product"}],"about":[{"href":"https:\/\/mouldking.store\/nb\/wp-json\/wp\/v2\/types\/product"}],"replies":[{"embeddable":true,"href":"https:\/\/mouldking.store\/nb\/wp-json\/wp\/v2\/comments?post=26200"}],"wp:featuredmedia":[{"embeddable":true,"href":"https:\/\/mouldking.store\/nb\/wp-json\/wp\/v2\/media\/26201"}],"wp:attachment":[{"href":"https:\/\/mouldking.store\/nb\/wp-json\/wp\/v2\/media?parent=26200"}],"wp:term":[{"taxonomy":"product_cat","embeddable":true,"href":"https:\/\/mouldking.store\/nb\/wp-json\/wp\/v2\/product_cat?post=26200"},{"taxonomy":"product_tag","embeddable":true,"href":"https:\/\/mouldking.store\/nb\/wp-json\/wp\/v2\/product_tag?post=26200"}],"curies":[{"name":"wp","href":"https:\/\/api.w.org\/{rel}","templated":true}]}}