{"id":26231,"date":"2021-10-29T13:14:58","date_gmt":"2021-10-29T13:14:58","guid":{"rendered":"https:\/\/mouldking.store\/?post_type=product&#038;p=26231"},"modified":"2021-12-23T09:40:55","modified_gmt":"2021-12-23T09:40:55","slug":"wange-6226-schloss-neuschwanstein-with-1969-pieces-2","status":"publish","type":"product","link":"https:\/\/mouldking.store\/nb\/shop\/wange-6226-schloss-neuschwanstein-with-1969-pieces-2\/","title":{"rendered":"WANGE 6226 Schloss Neuschwanstein med 1969 stykker"},"content":{"rendered":"<p>Produktinformasjon:<\/p>\n<ol>\n<li>Merke: WANGE<\/li>\n<li>Kj\u00f8nn: Unisex<\/li>\n<li>Navn: Schloss Neuschwanstein<\/li>\n<li>Aldersgruppe: &gt; 6 \u00e5r gammel<\/li>\n<li>Modellnummer: 6226<\/li>\n<li>Klassifisering: Montering<\/li>\n<li>Plastblokkform: Selvl\u00e5sende murstein<\/li>\n<li>Materiale: Plast<\/li>\n<li>Plasttype: ABS<\/li>\n<li>Mursteinsblokker: 1969 STK<\/li>\n<li>Inneholder detaljerte monteringsanvisninger.<\/li>\n<\/ol>\n<p>Legge merke til:<br \/>\n1. Uten original eske, men vi garanterer at v\u00e5re produkter har kvalitetssikring og pen emballasje.<br \/>\n2. Som alle delene vi har sjekket f\u00f8r frakt, s\u00e5 hvis du finner noen deler savnet eller skadet, ikke bekymre deg og bare kontakt oss, s\u00e5 kan vi sende dem til deg p\u00e5 nytt umiddelbart gratis.<\/p>\n<figure id=\"attachment_26232\" aria-describedby=\"caption-attachment-26232\" style=\"width: 800px\" class=\"wp-caption aligncenter\"><img fetchpriority=\"high\" decoding=\"async\" class=\"wp-image-26232 size-full\" src=\"https:\/\/mouldking.store\/wp-content\/uploads\/2021\/10\/WANGE-6226-Schloss-Neuschwanstein-1.jpg\" alt=\"WANGE 6226 Schloss Neuschwanstein with 1969 pieces\" width=\"800\" height=\"800\" title=\"-\" srcset=\"https:\/\/mouldking.store\/wp-content\/uploads\/2021\/10\/WANGE-6226-Schloss-Neuschwanstein-1.jpg 800w, https:\/\/mouldking.store\/wp-content\/uploads\/2021\/10\/WANGE-6226-Schloss-Neuschwanstein-1-300x300.jpg 300w, https:\/\/mouldking.store\/wp-content\/uploads\/2021\/10\/WANGE-6226-Schloss-Neuschwanstein-1-768x768.jpg 768w, https:\/\/mouldking.store\/wp-content\/uploads\/2021\/10\/WANGE-6226-Schloss-Neuschwanstein-1-600x600.jpg 600w, https:\/\/mouldking.store\/wp-content\/uploads\/2021\/10\/WANGE-6226-Schloss-Neuschwanstein-1-150x150.jpg 150w\" sizes=\"(max-width: 800px) 100vw, 800px\" \/><figcaption id=\"caption-attachment-26232\" class=\"wp-caption-text\">WANGE 6226 Schloss Neuschwanstein med 1969 stykker<\/figcaption><\/figure>\n<figure id=\"attachment_26242\" aria-describedby=\"caption-attachment-26242\" style=\"width: 746px\" class=\"wp-caption aligncenter\"><img decoding=\"async\" class=\"wp-image-26242 size-full\" src=\"https:\/\/mouldking.store\/wp-content\/uploads\/2021\/10\/WANGE-6226-Schloss-Neuschwanstein-11.jpg\" alt=\"WANGE 6226 Schloss Neuschwanstein with 1969 pieces\" width=\"746\" height=\"1024\" title=\"-\" srcset=\"https:\/\/mouldking.store\/wp-content\/uploads\/2021\/10\/WANGE-6226-Schloss-Neuschwanstein-11.jpg 746w, https:\/\/mouldking.store\/wp-content\/uploads\/2021\/10\/WANGE-6226-Schloss-Neuschwanstein-11-219x300.jpg 219w, https:\/\/mouldking.store\/wp-content\/uploads\/2021\/10\/WANGE-6226-Schloss-Neuschwanstein-11-300x412.jpg 300w, https:\/\/mouldking.store\/wp-content\/uploads\/2021\/10\/WANGE-6226-Schloss-Neuschwanstein-11-600x824.jpg 600w, https:\/\/mouldking.store\/wp-content\/uploads\/2021\/10\/WANGE-6226-Schloss-Neuschwanstein-11-109x150.jpg 109w\" sizes=\"(max-width: 746px) 100vw, 746px\" \/><figcaption id=\"caption-attachment-26242\" class=\"wp-caption-text\">WANGE 6226 Schloss Neuschwanstein med 1969 stykker<\/figcaption><\/figure>\n<figure id=\"attachment_26233\" aria-describedby=\"caption-attachment-26233\" style=\"width: 800px\" class=\"wp-caption aligncenter\"><img decoding=\"async\" class=\"wp-image-26233 size-full\" src=\"https:\/\/mouldking.store\/wp-content\/uploads\/2021\/10\/WANGE-6226-Schloss-Neuschwanstein-2.jpg\" alt=\"WANGE 6226 Schloss Neuschwanstein with 1969 pieces\" width=\"800\" height=\"603\" title=\"-\" srcset=\"https:\/\/mouldking.store\/wp-content\/uploads\/2021\/10\/WANGE-6226-Schloss-Neuschwanstein-2.jpg 800w, https:\/\/mouldking.store\/wp-content\/uploads\/2021\/10\/WANGE-6226-Schloss-Neuschwanstein-2-300x226.jpg 300w, https:\/\/mouldking.store\/wp-content\/uploads\/2021\/10\/WANGE-6226-Schloss-Neuschwanstein-2-768x579.jpg 768w, https:\/\/mouldking.store\/wp-content\/uploads\/2021\/10\/WANGE-6226-Schloss-Neuschwanstein-2-600x452.jpg 600w, https:\/\/mouldking.store\/wp-content\/uploads\/2021\/10\/WANGE-6226-Schloss-Neuschwanstein-2-150x113.jpg 150w\" sizes=\"(max-width: 800px) 100vw, 800px\" \/><figcaption id=\"caption-attachment-26233\" class=\"wp-caption-text\">WANGE 6226 Schloss Neuschwanstein med 1969 stykker<\/figcaption><\/figure>\n<figure id=\"attachment_26234\" aria-describedby=\"caption-attachment-26234\" style=\"width: 790px\" class=\"wp-caption aligncenter\"><img loading=\"lazy\" decoding=\"async\" class=\"wp-image-26234 size-full\" src=\"https:\/\/mouldking.store\/wp-content\/uploads\/2021\/10\/WANGE-6226-Schloss-Neuschwanstein-3.jpg\" alt=\"WANGE 6226 Schloss Neuschwanstein with 1969 pieces\" width=\"790\" height=\"747\" title=\"-\" srcset=\"https:\/\/mouldking.store\/wp-content\/uploads\/2021\/10\/WANGE-6226-Schloss-Neuschwanstein-3.jpg 790w, https:\/\/mouldking.store\/wp-content\/uploads\/2021\/10\/WANGE-6226-Schloss-Neuschwanstein-3-300x284.jpg 300w, https:\/\/mouldking.store\/wp-content\/uploads\/2021\/10\/WANGE-6226-Schloss-Neuschwanstein-3-768x726.jpg 768w, https:\/\/mouldking.store\/wp-content\/uploads\/2021\/10\/WANGE-6226-Schloss-Neuschwanstein-3-600x567.jpg 600w, https:\/\/mouldking.store\/wp-content\/uploads\/2021\/10\/WANGE-6226-Schloss-Neuschwanstein-3-150x142.jpg 150w\" sizes=\"(max-width: 790px) 100vw, 790px\" \/><figcaption id=\"caption-attachment-26234\" class=\"wp-caption-text\">WANGE 6226 Schloss Neuschwanstein med 1969 stykker<\/figcaption><\/figure>\n<figure id=\"attachment_26235\" aria-describedby=\"caption-attachment-26235\" style=\"width: 790px\" class=\"wp-caption aligncenter\"><img loading=\"lazy\" decoding=\"async\" class=\"wp-image-26235 size-full\" src=\"https:\/\/mouldking.store\/wp-content\/uploads\/2021\/10\/WANGE-6226-Schloss-Neuschwanstein-4.jpg\" alt=\"WANGE 6226 Schloss Neuschwanstein with 1969 pieces\" width=\"790\" height=\"972\" title=\"-\" srcset=\"https:\/\/mouldking.store\/wp-content\/uploads\/2021\/10\/WANGE-6226-Schloss-Neuschwanstein-4.jpg 790w, https:\/\/mouldking.store\/wp-content\/uploads\/2021\/10\/WANGE-6226-Schloss-Neuschwanstein-4-244x300.jpg 244w, https:\/\/mouldking.store\/wp-content\/uploads\/2021\/10\/WANGE-6226-Schloss-Neuschwanstein-4-768x945.jpg 768w, https:\/\/mouldking.store\/wp-content\/uploads\/2021\/10\/WANGE-6226-Schloss-Neuschwanstein-4-300x369.jpg 300w, https:\/\/mouldking.store\/wp-content\/uploads\/2021\/10\/WANGE-6226-Schloss-Neuschwanstein-4-600x738.jpg 600w, https:\/\/mouldking.store\/wp-content\/uploads\/2021\/10\/WANGE-6226-Schloss-Neuschwanstein-4-122x150.jpg 122w\" sizes=\"(max-width: 790px) 100vw, 790px\" \/><figcaption id=\"caption-attachment-26235\" class=\"wp-caption-text\">WANGE 6226 Schloss Neuschwanstein med 1969 stykker<\/figcaption><\/figure>\n<figure id=\"attachment_26241\" aria-describedby=\"caption-attachment-26241\" style=\"width: 790px\" class=\"wp-caption aligncenter\"><img loading=\"lazy\" decoding=\"async\" class=\"wp-image-26241 size-full\" src=\"https:\/\/mouldking.store\/wp-content\/uploads\/2021\/10\/WANGE-6226-Schloss-Neuschwanstein-10.jpg\" alt=\"WANGE 6226 Schloss Neuschwanstein with 1969 pieces\" width=\"790\" height=\"887\" title=\"-\" srcset=\"https:\/\/mouldking.store\/wp-content\/uploads\/2021\/10\/WANGE-6226-Schloss-Neuschwanstein-10.jpg 790w, https:\/\/mouldking.store\/wp-content\/uploads\/2021\/10\/WANGE-6226-Schloss-Neuschwanstein-10-267x300.jpg 267w, https:\/\/mouldking.store\/wp-content\/uploads\/2021\/10\/WANGE-6226-Schloss-Neuschwanstein-10-768x862.jpg 768w, https:\/\/mouldking.store\/wp-content\/uploads\/2021\/10\/WANGE-6226-Schloss-Neuschwanstein-10-300x337.jpg 300w, https:\/\/mouldking.store\/wp-content\/uploads\/2021\/10\/WANGE-6226-Schloss-Neuschwanstein-10-600x674.jpg 600w, https:\/\/mouldking.store\/wp-content\/uploads\/2021\/10\/WANGE-6226-Schloss-Neuschwanstein-10-134x150.jpg 134w\" sizes=\"(max-width: 790px) 100vw, 790px\" \/><figcaption id=\"caption-attachment-26241\" class=\"wp-caption-text\">WANGE 6226 Schloss Neuschwanstein med 1969 stykker<\/figcaption><\/figure>\n<figure id=\"attachment_26236\" aria-describedby=\"caption-attachment-26236\" style=\"width: 800px\" class=\"wp-caption aligncenter\"><img loading=\"lazy\" decoding=\"async\" class=\"wp-image-26236 size-full\" src=\"https:\/\/mouldking.store\/wp-content\/uploads\/2021\/10\/WANGE-6226-Schloss-Neuschwanstein-5.jpg\" alt=\"WANGE 6226 Schloss Neuschwanstein with 1969 pieces\" width=\"800\" height=\"535\" title=\"-\" srcset=\"https:\/\/mouldking.store\/wp-content\/uploads\/2021\/10\/WANGE-6226-Schloss-Neuschwanstein-5.jpg 800w, https:\/\/mouldking.store\/wp-content\/uploads\/2021\/10\/WANGE-6226-Schloss-Neuschwanstein-5-300x201.jpg 300w, https:\/\/mouldking.store\/wp-content\/uploads\/2021\/10\/WANGE-6226-Schloss-Neuschwanstein-5-768x514.jpg 768w, https:\/\/mouldking.store\/wp-content\/uploads\/2021\/10\/WANGE-6226-Schloss-Neuschwanstein-5-600x401.jpg 600w, https:\/\/mouldking.store\/wp-content\/uploads\/2021\/10\/WANGE-6226-Schloss-Neuschwanstein-5-150x100.jpg 150w\" sizes=\"(max-width: 800px) 100vw, 800px\" \/><figcaption id=\"caption-attachment-26236\" class=\"wp-caption-text\">WANGE 6226 Schloss Neuschwanstein med 1969 stykker<\/figcaption><\/figure>\n<figure id=\"attachment_26237\" aria-describedby=\"caption-attachment-26237\" style=\"width: 800px\" class=\"wp-caption aligncenter\"><img loading=\"lazy\" decoding=\"async\" class=\"wp-image-26237 size-full\" src=\"https:\/\/mouldking.store\/wp-content\/uploads\/2021\/10\/WANGE-6226-Schloss-Neuschwanstein-6.jpg\" alt=\"WANGE 6226 Schloss Neuschwanstein with 1969 pieces\" width=\"800\" height=\"573\" title=\"-\" srcset=\"https:\/\/mouldking.store\/wp-content\/uploads\/2021\/10\/WANGE-6226-Schloss-Neuschwanstein-6.jpg 800w, https:\/\/mouldking.store\/wp-content\/uploads\/2021\/10\/WANGE-6226-Schloss-Neuschwanstein-6-300x215.jpg 300w, https:\/\/mouldking.store\/wp-content\/uploads\/2021\/10\/WANGE-6226-Schloss-Neuschwanstein-6-768x550.jpg 768w, https:\/\/mouldking.store\/wp-content\/uploads\/2021\/10\/WANGE-6226-Schloss-Neuschwanstein-6-600x430.jpg 600w, https:\/\/mouldking.store\/wp-content\/uploads\/2021\/10\/WANGE-6226-Schloss-Neuschwanstein-6-150x107.jpg 150w\" sizes=\"(max-width: 800px) 100vw, 800px\" \/><figcaption id=\"caption-attachment-26237\" class=\"wp-caption-text\">WANGE 6226 Schloss Neuschwanstein med 1969 stykker<\/figcaption><\/figure>\n<figure id=\"attachment_26238\" aria-describedby=\"caption-attachment-26238\" style=\"width: 800px\" class=\"wp-caption aligncenter\"><img loading=\"lazy\" decoding=\"async\" class=\"wp-image-26238 size-full\" src=\"https:\/\/mouldking.store\/wp-content\/uploads\/2021\/10\/WANGE-6226-Schloss-Neuschwanstein-7.jpg\" alt=\"WANGE 6226 Schloss Neuschwanstein with 1969 pieces\" width=\"800\" height=\"525\" title=\"-\" srcset=\"https:\/\/mouldking.store\/wp-content\/uploads\/2021\/10\/WANGE-6226-Schloss-Neuschwanstein-7.jpg 800w, https:\/\/mouldking.store\/wp-content\/uploads\/2021\/10\/WANGE-6226-Schloss-Neuschwanstein-7-300x197.jpg 300w, https:\/\/mouldking.store\/wp-content\/uploads\/2021\/10\/WANGE-6226-Schloss-Neuschwanstein-7-768x504.jpg 768w, https:\/\/mouldking.store\/wp-content\/uploads\/2021\/10\/WANGE-6226-Schloss-Neuschwanstein-7-600x394.jpg 600w, https:\/\/mouldking.store\/wp-content\/uploads\/2021\/10\/WANGE-6226-Schloss-Neuschwanstein-7-150x98.jpg 150w\" sizes=\"(max-width: 800px) 100vw, 800px\" \/><figcaption id=\"caption-attachment-26238\" class=\"wp-caption-text\">WANGE 6226 Schloss Neuschwanstein med 1969 stykker<\/figcaption><\/figure>\n<figure id=\"attachment_26240\" aria-describedby=\"caption-attachment-26240\" style=\"width: 675px\" class=\"wp-caption aligncenter\"><img loading=\"lazy\" decoding=\"async\" class=\"wp-image-26240 size-full\" src=\"https:\/\/mouldking.store\/wp-content\/uploads\/2021\/10\/WANGE-6226-Schloss-Neuschwanstein-9.jpg\" alt=\"WANGE 6226 Schloss Neuschwanstein with 1969 pieces\" width=\"675\" height=\"1024\" title=\"-\" srcset=\"https:\/\/mouldking.store\/wp-content\/uploads\/2021\/10\/WANGE-6226-Schloss-Neuschwanstein-9.jpg 675w, https:\/\/mouldking.store\/wp-content\/uploads\/2021\/10\/WANGE-6226-Schloss-Neuschwanstein-9-198x300.jpg 198w, https:\/\/mouldking.store\/wp-content\/uploads\/2021\/10\/WANGE-6226-Schloss-Neuschwanstein-9-300x455.jpg 300w, https:\/\/mouldking.store\/wp-content\/uploads\/2021\/10\/WANGE-6226-Schloss-Neuschwanstein-9-600x910.jpg 600w, https:\/\/mouldking.store\/wp-content\/uploads\/2021\/10\/WANGE-6226-Schloss-Neuschwanstein-9-99x150.jpg 99w\" sizes=\"(max-width: 675px) 100vw, 675px\" \/><figcaption id=\"caption-attachment-26240\" class=\"wp-caption-text\">WANGE 6226 Schloss Neuschwanstein med 1969 stykker<\/figcaption><\/figure>\n<figure id=\"attachment_26239\" aria-describedby=\"caption-attachment-26239\" style=\"width: 769px\" class=\"wp-caption aligncenter\"><img loading=\"lazy\" decoding=\"async\" class=\"wp-image-26239 size-full\" src=\"https:\/\/mouldking.store\/wp-content\/uploads\/2021\/10\/WANGE-6226-Schloss-Neuschwanstein-8.jpg\" alt=\"WANGE 6226 Schloss Neuschwanstein with 1969 pieces\" width=\"769\" height=\"1024\" title=\"-\" srcset=\"https:\/\/mouldking.store\/wp-content\/uploads\/2021\/10\/WANGE-6226-Schloss-Neuschwanstein-8.jpg 769w, https:\/\/mouldking.store\/wp-content\/uploads\/2021\/10\/WANGE-6226-Schloss-Neuschwanstein-8-225x300.jpg 225w, https:\/\/mouldking.store\/wp-content\/uploads\/2021\/10\/WANGE-6226-Schloss-Neuschwanstein-8-300x399.jpg 300w, https:\/\/mouldking.store\/wp-content\/uploads\/2021\/10\/WANGE-6226-Schloss-Neuschwanstein-8-600x799.jpg 600w, https:\/\/mouldking.store\/wp-content\/uploads\/2021\/10\/WANGE-6226-Schloss-Neuschwanstein-8-113x150.jpg 113w\" sizes=\"(max-width: 769px) 100vw, 769px\" \/><figcaption id=\"caption-attachment-26239\" class=\"wp-caption-text\">WANGE 6226 Schloss Neuschwanstein med 1969 stykker<\/figcaption><\/figure>","protected":false},"excerpt":{"rendered":"<p>Product information: Brand: WANGE Gender: Unisex Name: Schloss Neuschwanstein Age Range: &gt; 6 years old Model Number: 6226 Classification: Assemblage Plastic Block Shape: Self-Locking Bricks Material: Plastic Plastic Type: ABS Bricks Blocks: 1969 PCS Contains detailed assembly instructions. Notice: 1. Without an original box, but we guarantee our products have quality assurance and nice packaging. [&hellip;]<\/p>","protected":false},"featured_media":26232,"comment_status":"open","ping_status":"closed","template":"","meta":{"_acf_changed":false},"product_cat":[390],"product_tag":[2874,2876,2875,2175,2299,2174,2872,2873],"class_list":["product","first","instock","shipping-taxable","purchasable","product-type-simple"],"acf":[],"_links":{"self":[{"href":"https:\/\/mouldking.store\/nb\/wp-json\/wp\/v2\/product\/26231","targetHints":{"allow":["GET"]}}],"collection":[{"href":"https:\/\/mouldking.store\/nb\/wp-json\/wp\/v2\/product"}],"about":[{"href":"https:\/\/mouldking.store\/nb\/wp-json\/wp\/v2\/types\/product"}],"replies":[{"embeddable":true,"href":"https:\/\/mouldking.store\/nb\/wp-json\/wp\/v2\/comments?post=26231"}],"wp:featuredmedia":[{"embeddable":true,"href":"https:\/\/mouldking.store\/nb\/wp-json\/wp\/v2\/media\/26232"}],"wp:attachment":[{"href":"https:\/\/mouldking.store\/nb\/wp-json\/wp\/v2\/media?parent=26231"}],"wp:term":[{"taxonomy":"product_cat","embeddable":true,"href":"https:\/\/mouldking.store\/nb\/wp-json\/wp\/v2\/product_cat?post=26231"},{"taxonomy":"product_tag","embeddable":true,"href":"https:\/\/mouldking.store\/nb\/wp-json\/wp\/v2\/product_tag?post=26231"}],"curies":[{"name":"wp","href":"https:\/\/api.w.org\/{rel}","templated":true}]}}