{"id":26270,"date":"2021-10-29T14:38:50","date_gmt":"2021-10-29T14:38:50","guid":{"rendered":"https:\/\/mouldking.store\/?post_type=product&#038;p=26270"},"modified":"2021-12-23T09:40:55","modified_gmt":"2021-12-23T09:40:55","slug":"quanguan-100134-audi-r8-with-362-pieces","status":"publish","type":"product","link":"https:\/\/mouldking.store\/nb\/shop\/quanguan-100134-audi-r8-with-362-pieces\/","title":{"rendered":"Quanguan 100134 Audi R8 med 362 stk"},"content":{"rendered":"<p>Produktinformasjon:<\/p>\n<ol>\n<li>Brand: Quanguan<\/li>\n<li>Kj\u00f8nn: Unisex<\/li>\n<li>Navn: Audi R8<\/li>\n<li>Aldersgruppe: &gt; 6 \u00e5r gammel<\/li>\n<li>Model Number: 100134<\/li>\n<li>Klassifisering: Montering<\/li>\n<li>Plastblokkform: Selvl\u00e5sende murstein<\/li>\n<li>Materiale: Plast<\/li>\n<li>Plasttype: ABS<\/li>\n<li>Bricks Blocks: 362 PCS<\/li>\n<li>Inneholder detaljerte monteringsanvisninger.<\/li>\n<\/ol>\n<p>Legge merke til:<br \/>\n1. Uten original eske, men vi garanterer at v\u00e5re produkter har kvalitetssikring og pen emballasje.<br \/>\n2. Som alle delene vi har sjekket f\u00f8r frakt, s\u00e5 hvis du finner noen deler savnet eller skadet, ikke bekymre deg og bare kontakt oss, s\u00e5 kan vi sende dem til deg p\u00e5 nytt umiddelbart gratis.<\/p>\n<figure id=\"attachment_26271\" aria-describedby=\"caption-attachment-26271\" style=\"width: 800px\" class=\"wp-caption aligncenter\"><img fetchpriority=\"high\" decoding=\"async\" class=\"wp-image-26271 size-full\" src=\"https:\/\/mouldking.store\/wp-content\/uploads\/2021\/10\/Quanguan-100134-Audi-R8-1.jpg\" alt=\"Quanguan 100134 Audi R8 with 362 pieces\" width=\"800\" height=\"800\" title=\"-\" srcset=\"https:\/\/mouldking.store\/wp-content\/uploads\/2021\/10\/Quanguan-100134-Audi-R8-1.jpg 800w, https:\/\/mouldking.store\/wp-content\/uploads\/2021\/10\/Quanguan-100134-Audi-R8-1-300x300.jpg 300w, https:\/\/mouldking.store\/wp-content\/uploads\/2021\/10\/Quanguan-100134-Audi-R8-1-768x768.jpg 768w, https:\/\/mouldking.store\/wp-content\/uploads\/2021\/10\/Quanguan-100134-Audi-R8-1-600x600.jpg 600w, https:\/\/mouldking.store\/wp-content\/uploads\/2021\/10\/Quanguan-100134-Audi-R8-1-150x150.jpg 150w\" sizes=\"(max-width: 800px) 100vw, 800px\" \/><figcaption id=\"caption-attachment-26271\" class=\"wp-caption-text\">Quanguan 100134 Audi R8 med 362 stk<\/figcaption><\/figure>\n<figure id=\"attachment_26273\" aria-describedby=\"caption-attachment-26273\" style=\"width: 750px\" class=\"wp-caption aligncenter\"><img decoding=\"async\" class=\"wp-image-26273 size-full\" src=\"https:\/\/mouldking.store\/wp-content\/uploads\/2021\/10\/Quanguan-100134-Audi-R8-3.jpg\" alt=\"Quanguan 100134 Audi R8 with 362 pieces\" width=\"750\" height=\"869\" title=\"-\" srcset=\"https:\/\/mouldking.store\/wp-content\/uploads\/2021\/10\/Quanguan-100134-Audi-R8-3.jpg 750w, https:\/\/mouldking.store\/wp-content\/uploads\/2021\/10\/Quanguan-100134-Audi-R8-3-259x300.jpg 259w, https:\/\/mouldking.store\/wp-content\/uploads\/2021\/10\/Quanguan-100134-Audi-R8-3-300x348.jpg 300w, https:\/\/mouldking.store\/wp-content\/uploads\/2021\/10\/Quanguan-100134-Audi-R8-3-600x695.jpg 600w, https:\/\/mouldking.store\/wp-content\/uploads\/2021\/10\/Quanguan-100134-Audi-R8-3-129x150.jpg 129w\" sizes=\"(max-width: 750px) 100vw, 750px\" \/><figcaption id=\"caption-attachment-26273\" class=\"wp-caption-text\">Quanguan 100134 Audi R8 med 362 stk<\/figcaption><\/figure>\n<figure id=\"attachment_26274\" aria-describedby=\"caption-attachment-26274\" style=\"width: 699px\" class=\"wp-caption aligncenter\"><img decoding=\"async\" class=\"wp-image-26274 size-full\" src=\"https:\/\/mouldking.store\/wp-content\/uploads\/2021\/10\/Quanguan-100134-Audi-R8-4.jpg\" alt=\"Quanguan 100134 Audi R8 with 362 pieces\" width=\"699\" height=\"1023\" title=\"-\" srcset=\"https:\/\/mouldking.store\/wp-content\/uploads\/2021\/10\/Quanguan-100134-Audi-R8-4.jpg 699w, https:\/\/mouldking.store\/wp-content\/uploads\/2021\/10\/Quanguan-100134-Audi-R8-4-205x300.jpg 205w, https:\/\/mouldking.store\/wp-content\/uploads\/2021\/10\/Quanguan-100134-Audi-R8-4-300x439.jpg 300w, https:\/\/mouldking.store\/wp-content\/uploads\/2021\/10\/Quanguan-100134-Audi-R8-4-600x878.jpg 600w, https:\/\/mouldking.store\/wp-content\/uploads\/2021\/10\/Quanguan-100134-Audi-R8-4-102x150.jpg 102w\" sizes=\"(max-width: 699px) 100vw, 699px\" \/><figcaption id=\"caption-attachment-26274\" class=\"wp-caption-text\">Quanguan 100134 Audi R8 med 362 stk<\/figcaption><\/figure>\n<figure id=\"attachment_26272\" aria-describedby=\"caption-attachment-26272\" style=\"width: 750px\" class=\"wp-caption aligncenter\"><img loading=\"lazy\" decoding=\"async\" class=\"wp-image-26272 size-full\" src=\"https:\/\/mouldking.store\/wp-content\/uploads\/2021\/10\/Quanguan-100134-Audi-R8-2.jpg\" alt=\"Quanguan 100134 Audi R8 with 362 pieces\" width=\"750\" height=\"576\" title=\"-\" srcset=\"https:\/\/mouldking.store\/wp-content\/uploads\/2021\/10\/Quanguan-100134-Audi-R8-2.jpg 750w, https:\/\/mouldking.store\/wp-content\/uploads\/2021\/10\/Quanguan-100134-Audi-R8-2-300x230.jpg 300w, https:\/\/mouldking.store\/wp-content\/uploads\/2021\/10\/Quanguan-100134-Audi-R8-2-600x461.jpg 600w, https:\/\/mouldking.store\/wp-content\/uploads\/2021\/10\/Quanguan-100134-Audi-R8-2-150x115.jpg 150w\" sizes=\"(max-width: 750px) 100vw, 750px\" \/><figcaption id=\"caption-attachment-26272\" class=\"wp-caption-text\">Quanguan 100134 Audi R8 med 362 stk<\/figcaption><\/figure>","protected":false},"excerpt":{"rendered":"<p>Product information: Brand: Quanguan Gender: Unisex Name: Audi R8 Age Range: &gt; 6 years old Model Number: 100134 Classification: Assemblage Plastic Block Shape: Self-Locking Bricks Material: Plastic Plastic Type: ABS Bricks Blocks: 362 PCS Contains detailed assembly instructions. Notice: 1. Without an original box, but we guarantee our products have quality assurance and nice packaging. [&hellip;]<\/p>","protected":false},"featured_media":26271,"comment_status":"open","ping_status":"closed","template":"","meta":{"_acf_changed":false},"product_cat":[364],"product_tag":[2886,1845,2884,2290,2883,2882,2885,1846],"class_list":["product","first","instock","shipping-taxable","purchasable","product-type-simple"],"acf":[],"_links":{"self":[{"href":"https:\/\/mouldking.store\/nb\/wp-json\/wp\/v2\/product\/26270","targetHints":{"allow":["GET"]}}],"collection":[{"href":"https:\/\/mouldking.store\/nb\/wp-json\/wp\/v2\/product"}],"about":[{"href":"https:\/\/mouldking.store\/nb\/wp-json\/wp\/v2\/types\/product"}],"replies":[{"embeddable":true,"href":"https:\/\/mouldking.store\/nb\/wp-json\/wp\/v2\/comments?post=26270"}],"wp:featuredmedia":[{"embeddable":true,"href":"https:\/\/mouldking.store\/nb\/wp-json\/wp\/v2\/media\/26271"}],"wp:attachment":[{"href":"https:\/\/mouldking.store\/nb\/wp-json\/wp\/v2\/media?parent=26270"}],"wp:term":[{"taxonomy":"product_cat","embeddable":true,"href":"https:\/\/mouldking.store\/nb\/wp-json\/wp\/v2\/product_cat?post=26270"},{"taxonomy":"product_tag","embeddable":true,"href":"https:\/\/mouldking.store\/nb\/wp-json\/wp\/v2\/product_tag?post=26270"}],"curies":[{"name":"wp","href":"https:\/\/api.w.org\/{rel}","templated":true}]}}