{"id":26310,"date":"2021-10-29T15:19:00","date_gmt":"2021-10-29T15:19:00","guid":{"rendered":"https:\/\/mouldking.store\/?post_type=product&#038;p=26310"},"modified":"2021-12-23T09:40:54","modified_gmt":"2021-12-23T09:40:54","slug":"dk-3005-avatar-with-2986-pieces","status":"publish","type":"product","link":"https:\/\/mouldking.store\/nb\/shop\/dk-3005-avatar-with-2986-pieces\/","title":{"rendered":"DK 3005 AVATAR with 2986 pieces"},"content":{"rendered":"<p>Produktinformasjon:<\/p>\n<ol>\n<li>Merke: DK<\/li>\n<li>Kj\u00f8nn: Unisex<\/li>\n<li>Name: AVATAR<\/li>\n<li>Aldersgruppe: &gt; 6 \u00e5r gammel<\/li>\n<li>Model Number: 3005<\/li>\n<li>Klassifisering: Montering<\/li>\n<li>Plastblokkform: Selvl\u00e5sende murstein<\/li>\n<li>Materiale: Plast<\/li>\n<li>Plasttype: ABS<\/li>\n<li>Bricks Blocks: 2986 PCS<\/li>\n<li>Inneholder detaljerte monteringsanvisninger.<\/li>\n<\/ol>\n<p>Legge merke til:<br \/>\n1. Uten original eske, men vi garanterer at v\u00e5re produkter har kvalitetssikring og pen emballasje.<br \/>\n2. Som alle delene vi har sjekket f\u00f8r frakt, s\u00e5 hvis du finner noen deler savnet eller skadet, ikke bekymre deg og bare kontakt oss, s\u00e5 kan vi sende dem til deg p\u00e5 nytt umiddelbart gratis.<\/p>\n<figure id=\"attachment_26315\" aria-describedby=\"caption-attachment-26315\" style=\"width: 800px\" class=\"wp-caption aligncenter\"><img fetchpriority=\"high\" decoding=\"async\" class=\"wp-image-26315 size-full\" src=\"https:\/\/mouldking.store\/wp-content\/uploads\/2021\/10\/DK-3005-AVATAR-with-2986-pieces-1.jpg\" alt=\"DK 3005 AVATAR with 2986 pieces\" width=\"800\" height=\"800\" title=\"-\" srcset=\"https:\/\/mouldking.store\/wp-content\/uploads\/2021\/10\/DK-3005-AVATAR-with-2986-pieces-1.jpg 800w, https:\/\/mouldking.store\/wp-content\/uploads\/2021\/10\/DK-3005-AVATAR-with-2986-pieces-1-300x300.jpg 300w, https:\/\/mouldking.store\/wp-content\/uploads\/2021\/10\/DK-3005-AVATAR-with-2986-pieces-1-768x768.jpg 768w, https:\/\/mouldking.store\/wp-content\/uploads\/2021\/10\/DK-3005-AVATAR-with-2986-pieces-1-600x600.jpg 600w, https:\/\/mouldking.store\/wp-content\/uploads\/2021\/10\/DK-3005-AVATAR-with-2986-pieces-1-150x150.jpg 150w\" sizes=\"(max-width: 800px) 100vw, 800px\" \/><figcaption id=\"caption-attachment-26315\" class=\"wp-caption-text\">DK 3005 AVATAR with 2986 pieces<\/figcaption><\/figure>\n<figure id=\"attachment_26318\" aria-describedby=\"caption-attachment-26318\" style=\"width: 750px\" class=\"wp-caption aligncenter\"><img decoding=\"async\" class=\"wp-image-26318 size-full\" src=\"https:\/\/mouldking.store\/wp-content\/uploads\/2021\/10\/DK-3005-AVATAR-with-2986-pieces-4.jpg\" alt=\"DK 3005 AVATAR with 2986 pieces\" width=\"750\" height=\"931\" title=\"-\" srcset=\"https:\/\/mouldking.store\/wp-content\/uploads\/2021\/10\/DK-3005-AVATAR-with-2986-pieces-4.jpg 750w, https:\/\/mouldking.store\/wp-content\/uploads\/2021\/10\/DK-3005-AVATAR-with-2986-pieces-4-242x300.jpg 242w, https:\/\/mouldking.store\/wp-content\/uploads\/2021\/10\/DK-3005-AVATAR-with-2986-pieces-4-300x372.jpg 300w, https:\/\/mouldking.store\/wp-content\/uploads\/2021\/10\/DK-3005-AVATAR-with-2986-pieces-4-600x745.jpg 600w, https:\/\/mouldking.store\/wp-content\/uploads\/2021\/10\/DK-3005-AVATAR-with-2986-pieces-4-121x150.jpg 121w\" sizes=\"(max-width: 750px) 100vw, 750px\" \/><figcaption id=\"caption-attachment-26318\" class=\"wp-caption-text\">DK 3005 AVATAR with 2986 pieces<\/figcaption><\/figure>\n<figure id=\"attachment_26320\" aria-describedby=\"caption-attachment-26320\" style=\"width: 750px\" class=\"wp-caption aligncenter\"><img decoding=\"async\" class=\"wp-image-26320 size-full\" src=\"https:\/\/mouldking.store\/wp-content\/uploads\/2021\/10\/DK-3005-AVATAR-with-2986-pieces-6.jpg\" alt=\"DK 3005 AVATAR with 2986 pieces\" width=\"750\" height=\"892\" title=\"-\" srcset=\"https:\/\/mouldking.store\/wp-content\/uploads\/2021\/10\/DK-3005-AVATAR-with-2986-pieces-6.jpg 750w, https:\/\/mouldking.store\/wp-content\/uploads\/2021\/10\/DK-3005-AVATAR-with-2986-pieces-6-252x300.jpg 252w, https:\/\/mouldking.store\/wp-content\/uploads\/2021\/10\/DK-3005-AVATAR-with-2986-pieces-6-300x357.jpg 300w, https:\/\/mouldking.store\/wp-content\/uploads\/2021\/10\/DK-3005-AVATAR-with-2986-pieces-6-600x714.jpg 600w, https:\/\/mouldking.store\/wp-content\/uploads\/2021\/10\/DK-3005-AVATAR-with-2986-pieces-6-126x150.jpg 126w\" sizes=\"(max-width: 750px) 100vw, 750px\" \/><figcaption id=\"caption-attachment-26320\" class=\"wp-caption-text\">DK 3005 AVATAR with 2986 pieces<\/figcaption><\/figure>\n<figure id=\"attachment_26317\" aria-describedby=\"caption-attachment-26317\" style=\"width: 750px\" class=\"wp-caption aligncenter\"><img loading=\"lazy\" decoding=\"async\" class=\"wp-image-26317 size-full\" src=\"https:\/\/mouldking.store\/wp-content\/uploads\/2021\/10\/DK-3005-AVATAR-with-2986-pieces-3.jpg\" alt=\"DK 3005 AVATAR with 2986 pieces\" width=\"750\" height=\"513\" title=\"-\" srcset=\"https:\/\/mouldking.store\/wp-content\/uploads\/2021\/10\/DK-3005-AVATAR-with-2986-pieces-3.jpg 750w, https:\/\/mouldking.store\/wp-content\/uploads\/2021\/10\/DK-3005-AVATAR-with-2986-pieces-3-300x205.jpg 300w, https:\/\/mouldking.store\/wp-content\/uploads\/2021\/10\/DK-3005-AVATAR-with-2986-pieces-3-600x410.jpg 600w, https:\/\/mouldking.store\/wp-content\/uploads\/2021\/10\/DK-3005-AVATAR-with-2986-pieces-3-150x103.jpg 150w\" sizes=\"(max-width: 750px) 100vw, 750px\" \/><figcaption id=\"caption-attachment-26317\" class=\"wp-caption-text\">DK 3005 AVATAR with 2986 pieces<\/figcaption><\/figure>\n<figure id=\"attachment_26319\" aria-describedby=\"caption-attachment-26319\" style=\"width: 750px\" class=\"wp-caption aligncenter\"><img loading=\"lazy\" decoding=\"async\" class=\"wp-image-26319 size-full\" src=\"https:\/\/mouldking.store\/wp-content\/uploads\/2021\/10\/DK-3005-AVATAR-with-2986-pieces-5.jpg\" alt=\"DK 3005 AVATAR with 2986 pieces\" width=\"750\" height=\"297\" title=\"-\" srcset=\"https:\/\/mouldking.store\/wp-content\/uploads\/2021\/10\/DK-3005-AVATAR-with-2986-pieces-5.jpg 750w, https:\/\/mouldking.store\/wp-content\/uploads\/2021\/10\/DK-3005-AVATAR-with-2986-pieces-5-300x119.jpg 300w, https:\/\/mouldking.store\/wp-content\/uploads\/2021\/10\/DK-3005-AVATAR-with-2986-pieces-5-600x238.jpg 600w, https:\/\/mouldking.store\/wp-content\/uploads\/2021\/10\/DK-3005-AVATAR-with-2986-pieces-5-150x59.jpg 150w\" sizes=\"(max-width: 750px) 100vw, 750px\" \/><figcaption id=\"caption-attachment-26319\" class=\"wp-caption-text\">DK 3005 AVATAR with 2986 pieces<\/figcaption><\/figure>\n<figure id=\"attachment_26321\" aria-describedby=\"caption-attachment-26321\" style=\"width: 750px\" class=\"wp-caption aligncenter\"><img loading=\"lazy\" decoding=\"async\" class=\"wp-image-26321 size-full\" src=\"https:\/\/mouldking.store\/wp-content\/uploads\/2021\/10\/DK-3005-AVATAR-with-2986-pieces-7.jpg\" alt=\"DK 3005 AVATAR with 2986 pieces\" width=\"750\" height=\"580\" title=\"-\" srcset=\"https:\/\/mouldking.store\/wp-content\/uploads\/2021\/10\/DK-3005-AVATAR-with-2986-pieces-7.jpg 750w, https:\/\/mouldking.store\/wp-content\/uploads\/2021\/10\/DK-3005-AVATAR-with-2986-pieces-7-300x232.jpg 300w, https:\/\/mouldking.store\/wp-content\/uploads\/2021\/10\/DK-3005-AVATAR-with-2986-pieces-7-600x464.jpg 600w, https:\/\/mouldking.store\/wp-content\/uploads\/2021\/10\/DK-3005-AVATAR-with-2986-pieces-7-150x116.jpg 150w\" sizes=\"(max-width: 750px) 100vw, 750px\" \/><figcaption id=\"caption-attachment-26321\" class=\"wp-caption-text\">DK 3005 AVATAR with 2986 pieces<\/figcaption><\/figure>\n<figure id=\"attachment_26322\" aria-describedby=\"caption-attachment-26322\" style=\"width: 750px\" class=\"wp-caption aligncenter\"><img loading=\"lazy\" decoding=\"async\" class=\"wp-image-26322 size-full\" src=\"https:\/\/mouldking.store\/wp-content\/uploads\/2021\/10\/DK-3005-AVATAR-with-2986-pieces-8.jpg\" alt=\"DK 3005 AVATAR with 2986 pieces\" width=\"750\" height=\"1020\" title=\"-\" srcset=\"https:\/\/mouldking.store\/wp-content\/uploads\/2021\/10\/DK-3005-AVATAR-with-2986-pieces-8.jpg 750w, https:\/\/mouldking.store\/wp-content\/uploads\/2021\/10\/DK-3005-AVATAR-with-2986-pieces-8-221x300.jpg 221w, https:\/\/mouldking.store\/wp-content\/uploads\/2021\/10\/DK-3005-AVATAR-with-2986-pieces-8-300x408.jpg 300w, https:\/\/mouldking.store\/wp-content\/uploads\/2021\/10\/DK-3005-AVATAR-with-2986-pieces-8-600x816.jpg 600w, https:\/\/mouldking.store\/wp-content\/uploads\/2021\/10\/DK-3005-AVATAR-with-2986-pieces-8-110x150.jpg 110w\" sizes=\"(max-width: 750px) 100vw, 750px\" \/><figcaption id=\"caption-attachment-26322\" class=\"wp-caption-text\">DK 3005 AVATAR with 2986 pieces<\/figcaption><\/figure>\n<figure id=\"attachment_26316\" aria-describedby=\"caption-attachment-26316\" style=\"width: 750px\" class=\"wp-caption aligncenter\"><img loading=\"lazy\" decoding=\"async\" class=\"wp-image-26316 size-full\" src=\"https:\/\/mouldking.store\/wp-content\/uploads\/2021\/10\/DK-3005-AVATAR-with-2986-pieces-2.jpg\" alt=\"DK 3005 AVATAR with 2986 pieces\" width=\"750\" height=\"765\" title=\"-\" srcset=\"https:\/\/mouldking.store\/wp-content\/uploads\/2021\/10\/DK-3005-AVATAR-with-2986-pieces-2.jpg 750w, https:\/\/mouldking.store\/wp-content\/uploads\/2021\/10\/DK-3005-AVATAR-with-2986-pieces-2-294x300.jpg 294w, https:\/\/mouldking.store\/wp-content\/uploads\/2021\/10\/DK-3005-AVATAR-with-2986-pieces-2-300x306.jpg 300w, https:\/\/mouldking.store\/wp-content\/uploads\/2021\/10\/DK-3005-AVATAR-with-2986-pieces-2-600x612.jpg 600w, https:\/\/mouldking.store\/wp-content\/uploads\/2021\/10\/DK-3005-AVATAR-with-2986-pieces-2-147x150.jpg 147w\" sizes=\"(max-width: 750px) 100vw, 750px\" \/><figcaption id=\"caption-attachment-26316\" class=\"wp-caption-text\">DK 3005 AVATAR with 2986 pieces<\/figcaption><\/figure>","protected":false},"excerpt":{"rendered":"<p>Product information: Brand: DK Gender: Unisex Name: AVATAR Age Range: &gt; 6 years old Model Number: 3005 Classification: Assemblage Plastic Block Shape: Self-Locking Bricks Material: Plastic Plastic Type: ABS Bricks Blocks: 2986 PCS Contains detailed assembly instructions. Notice: 1. Without an original box, but we guarantee our products have quality assurance and nice packaging. 2. [&hellip;]<\/p>","protected":false},"featured_media":26315,"comment_status":"open","ping_status":"closed","template":"","meta":{"_acf_changed":false},"product_cat":[581],"product_tag":[2915,2913,2914,2912,2911],"class_list":["product","first","instock","shipping-taxable","purchasable","product-type-simple"],"acf":[],"_links":{"self":[{"href":"https:\/\/mouldking.store\/nb\/wp-json\/wp\/v2\/product\/26310","targetHints":{"allow":["GET"]}}],"collection":[{"href":"https:\/\/mouldking.store\/nb\/wp-json\/wp\/v2\/product"}],"about":[{"href":"https:\/\/mouldking.store\/nb\/wp-json\/wp\/v2\/types\/product"}],"replies":[{"embeddable":true,"href":"https:\/\/mouldking.store\/nb\/wp-json\/wp\/v2\/comments?post=26310"}],"wp:featuredmedia":[{"embeddable":true,"href":"https:\/\/mouldking.store\/nb\/wp-json\/wp\/v2\/media\/26315"}],"wp:attachment":[{"href":"https:\/\/mouldking.store\/nb\/wp-json\/wp\/v2\/media?parent=26310"}],"wp:term":[{"taxonomy":"product_cat","embeddable":true,"href":"https:\/\/mouldking.store\/nb\/wp-json\/wp\/v2\/product_cat?post=26310"},{"taxonomy":"product_tag","embeddable":true,"href":"https:\/\/mouldking.store\/nb\/wp-json\/wp\/v2\/product_tag?post=26310"}],"curies":[{"name":"wp","href":"https:\/\/api.w.org\/{rel}","templated":true}]}}