{"id":26323,"date":"2021-10-29T15:24:20","date_gmt":"2021-10-29T15:24:20","guid":{"rendered":"https:\/\/mouldking.store\/?post_type=product&#038;p=26323"},"modified":"2021-12-23T09:40:56","modified_gmt":"2021-12-23T09:40:56","slug":"mould-king-13060-pagani-zonda-r-with-2299-pieces","status":"publish","type":"product","link":"https:\/\/mouldking.store\/nb\/shop\/mould-king-13060-pagani-zonda-r-with-2299-pieces\/","title":{"rendered":"Mould King 13060 Pagani Zonda R with 2299 pieces"},"content":{"rendered":"<p>Produktinformasjon:<\/p>\n<ol>\n<li>Merke: Mold King<\/li>\n<li>Kj\u00f8nn: Unisex<\/li>\n<li>Name: Pagani Zonda R<\/li>\n<li>Aldersgruppe: &gt; 14 \u00e5r gammel<\/li>\n<li>Model Number: 13060<\/li>\n<li>Klassifisering: Montering<\/li>\n<li>Plastblokkform: Selvl\u00e5sende murstein<\/li>\n<li>Materiale: Plast<\/li>\n<li>Plasttype: ABS<\/li>\n<li>Bricks Blocks: 2299 PCS<\/li>\n<li>Inneholder detaljerte monteringsanvisninger.<\/li>\n<\/ol>\n<p>Legge merke til:<br \/>\n1. Uten original eske, men vi garanterer at v\u00e5re produkter har kvalitetssikring og pen emballasje.<br \/>\n2. Som alle delene vi har sjekket f\u00f8r frakt, s\u00e5 hvis du finner noen deler savnet eller skadet, ikke bekymre deg og bare kontakt oss, s\u00e5 kan vi sende dem til deg p\u00e5 nytt umiddelbart gratis.<\/p>\n<figure id=\"attachment_26324\" aria-describedby=\"caption-attachment-26324\" style=\"width: 800px\" class=\"wp-caption aligncenter\"><img fetchpriority=\"high\" decoding=\"async\" class=\"wp-image-26324 size-full\" src=\"https:\/\/mouldking.store\/wp-content\/uploads\/2021\/10\/Mould-King-13060-Pagani-Zonda-R-1.jpg\" alt=\"Mould King 13060 Pagani Zonda R with 2299 pieces\" width=\"800\" height=\"800\" title=\"-\" srcset=\"https:\/\/mouldking.store\/wp-content\/uploads\/2021\/10\/Mould-King-13060-Pagani-Zonda-R-1.jpg 800w, https:\/\/mouldking.store\/wp-content\/uploads\/2021\/10\/Mould-King-13060-Pagani-Zonda-R-1-300x300.jpg 300w, https:\/\/mouldking.store\/wp-content\/uploads\/2021\/10\/Mould-King-13060-Pagani-Zonda-R-1-768x768.jpg 768w, https:\/\/mouldking.store\/wp-content\/uploads\/2021\/10\/Mould-King-13060-Pagani-Zonda-R-1-600x600.jpg 600w, https:\/\/mouldking.store\/wp-content\/uploads\/2021\/10\/Mould-King-13060-Pagani-Zonda-R-1-150x150.jpg 150w\" sizes=\"(max-width: 800px) 100vw, 800px\" \/><figcaption id=\"caption-attachment-26324\" class=\"wp-caption-text\">Mould King 13060 Pagani Zonda R with 2299 pieces<\/figcaption><\/figure>\n<figure id=\"attachment_26327\" aria-describedby=\"caption-attachment-26327\" style=\"width: 616px\" class=\"wp-caption aligncenter\"><img decoding=\"async\" class=\"wp-image-26327 size-full\" src=\"https:\/\/mouldking.store\/wp-content\/uploads\/2021\/10\/Mould-King-13060-Pagani-Zonda-R-4.jpg\" alt=\"Mould King 13060 Pagani Zonda R with 2299 pieces\" width=\"616\" height=\"1024\" title=\"-\" srcset=\"https:\/\/mouldking.store\/wp-content\/uploads\/2021\/10\/Mould-King-13060-Pagani-Zonda-R-4.jpg 616w, https:\/\/mouldking.store\/wp-content\/uploads\/2021\/10\/Mould-King-13060-Pagani-Zonda-R-4-180x300.jpg 180w, https:\/\/mouldking.store\/wp-content\/uploads\/2021\/10\/Mould-King-13060-Pagani-Zonda-R-4-300x499.jpg 300w, https:\/\/mouldking.store\/wp-content\/uploads\/2021\/10\/Mould-King-13060-Pagani-Zonda-R-4-600x997.jpg 600w, https:\/\/mouldking.store\/wp-content\/uploads\/2021\/10\/Mould-King-13060-Pagani-Zonda-R-4-90x150.jpg 90w\" sizes=\"(max-width: 616px) 100vw, 616px\" \/><figcaption id=\"caption-attachment-26327\" class=\"wp-caption-text\">Mould King 13060 Pagani Zonda R with 2299 pieces<\/figcaption><\/figure>\n<figure id=\"attachment_26325\" aria-describedby=\"caption-attachment-26325\" style=\"width: 688px\" class=\"wp-caption aligncenter\"><img decoding=\"async\" class=\"wp-image-26325 size-full\" src=\"https:\/\/mouldking.store\/wp-content\/uploads\/2021\/10\/Mould-King-13060-Pagani-Zonda-R-2.jpg\" alt=\"Mould King 13060 Pagani Zonda R with 2299 pieces\" width=\"688\" height=\"1024\" title=\"-\" srcset=\"https:\/\/mouldking.store\/wp-content\/uploads\/2021\/10\/Mould-King-13060-Pagani-Zonda-R-2.jpg 688w, https:\/\/mouldking.store\/wp-content\/uploads\/2021\/10\/Mould-King-13060-Pagani-Zonda-R-2-202x300.jpg 202w, https:\/\/mouldking.store\/wp-content\/uploads\/2021\/10\/Mould-King-13060-Pagani-Zonda-R-2-300x447.jpg 300w, https:\/\/mouldking.store\/wp-content\/uploads\/2021\/10\/Mould-King-13060-Pagani-Zonda-R-2-600x893.jpg 600w, https:\/\/mouldking.store\/wp-content\/uploads\/2021\/10\/Mould-King-13060-Pagani-Zonda-R-2-101x150.jpg 101w\" sizes=\"(max-width: 688px) 100vw, 688px\" \/><figcaption id=\"caption-attachment-26325\" class=\"wp-caption-text\">Mould King 13060 Pagani Zonda R with 2299 pieces<\/figcaption><\/figure>\n<figure id=\"attachment_26326\" aria-describedby=\"caption-attachment-26326\" style=\"width: 790px\" class=\"wp-caption aligncenter\"><img loading=\"lazy\" decoding=\"async\" class=\"wp-image-26326 size-full\" src=\"https:\/\/mouldking.store\/wp-content\/uploads\/2021\/10\/Mould-King-13060-Pagani-Zonda-R-3.jpg\" alt=\"Mould King 13060 Pagani Zonda R with 2299 pieces\" width=\"790\" height=\"651\" title=\"-\" srcset=\"https:\/\/mouldking.store\/wp-content\/uploads\/2021\/10\/Mould-King-13060-Pagani-Zonda-R-3.jpg 790w, https:\/\/mouldking.store\/wp-content\/uploads\/2021\/10\/Mould-King-13060-Pagani-Zonda-R-3-300x247.jpg 300w, https:\/\/mouldking.store\/wp-content\/uploads\/2021\/10\/Mould-King-13060-Pagani-Zonda-R-3-768x633.jpg 768w, https:\/\/mouldking.store\/wp-content\/uploads\/2021\/10\/Mould-King-13060-Pagani-Zonda-R-3-600x494.jpg 600w, https:\/\/mouldking.store\/wp-content\/uploads\/2021\/10\/Mould-King-13060-Pagani-Zonda-R-3-150x124.jpg 150w\" sizes=\"(max-width: 790px) 100vw, 790px\" \/><figcaption id=\"caption-attachment-26326\" class=\"wp-caption-text\">Mould King 13060 Pagani Zonda R with 2299 pieces<\/figcaption><\/figure>","protected":false},"excerpt":{"rendered":"<p>Product information: Brand: Mould King Gender: Unisex Name: Pagani Zonda R Age Range: &gt; 14 years old Model Number: 13060 Classification: Assemblage Plastic Block Shape: Self-Locking Bricks Material: Plastic Plastic Type: ABS Bricks Blocks: 2299 PCS Contains detailed assembly instructions. Notice: 1. Without an original box, but we guarantee our products have quality assurance and [&hellip;]<\/p>","protected":false},"featured_media":26324,"comment_status":"open","ping_status":"closed","template":"","meta":{"_acf_changed":false},"product_cat":[364],"product_tag":[2920,615,2917,2916,2919,2918],"class_list":["product","first","instock","shipping-taxable","purchasable","product-type-variable"],"acf":[],"_links":{"self":[{"href":"https:\/\/mouldking.store\/nb\/wp-json\/wp\/v2\/product\/26323","targetHints":{"allow":["GET"]}}],"collection":[{"href":"https:\/\/mouldking.store\/nb\/wp-json\/wp\/v2\/product"}],"about":[{"href":"https:\/\/mouldking.store\/nb\/wp-json\/wp\/v2\/types\/product"}],"replies":[{"embeddable":true,"href":"https:\/\/mouldking.store\/nb\/wp-json\/wp\/v2\/comments?post=26323"}],"wp:featuredmedia":[{"embeddable":true,"href":"https:\/\/mouldking.store\/nb\/wp-json\/wp\/v2\/media\/26324"}],"wp:attachment":[{"href":"https:\/\/mouldking.store\/nb\/wp-json\/wp\/v2\/media?parent=26323"}],"wp:term":[{"taxonomy":"product_cat","embeddable":true,"href":"https:\/\/mouldking.store\/nb\/wp-json\/wp\/v2\/product_cat?post=26323"},{"taxonomy":"product_tag","embeddable":true,"href":"https:\/\/mouldking.store\/nb\/wp-json\/wp\/v2\/product_tag?post=26323"}],"curies":[{"name":"wp","href":"https:\/\/api.w.org\/{rel}","templated":true}]}}