{"id":26331,"date":"2021-10-29T15:28:30","date_gmt":"2021-10-29T15:28:30","guid":{"rendered":"https:\/\/mouldking.store\/?post_type=product&#038;p=26331"},"modified":"2024-10-30T14:46:27","modified_gmt":"2024-10-30T07:46:27","slug":"18k-k108-old-republic-escort-cruiser-with-1609-pieces","status":"publish","type":"product","link":"https:\/\/mouldking.store\/nb\/shop\/18k-k108-old-republic-escort-cruiser-with-1609-pieces\/","title":{"rendered":"18K K108 Old Republic Escort Cruiser med 1609 stk"},"content":{"rendered":"<p>Produktinformasjon:<\/p>\n<ol>\n<li>Merke: 18K<\/li>\n<li>Kj\u00f8nn: Unisex<\/li>\n<li>Name: Old Republic Escort Cruiser<\/li>\n<li>Aldersgruppe: &gt; 6 \u00e5r gammel<\/li>\n<li>Model Number: K108<\/li>\n<li>Klassifisering: Montering<\/li>\n<li>Plastblokkform: Selvl\u00e5sende murstein<\/li>\n<li>Materiale: Plast<\/li>\n<li>Plasttype: ABS<\/li>\n<li>Bricks Blocks: 1609 PCS<\/li>\n<li>Inneholder detaljerte monteringsanvisninger.<\/li>\n<\/ol>\n<p>Legge merke til:<br \/>\n1. Uten original eske, men vi garanterer at v\u00e5re produkter har kvalitetssikring og pen emballasje.<br \/>\n2. Som alle delene vi har sjekket f\u00f8r frakt, s\u00e5 hvis du finner noen deler savnet eller skadet, ikke bekymre deg og bare kontakt oss, s\u00e5 kan vi sende dem til deg p\u00e5 nytt umiddelbart gratis.<\/p>\n<figure id=\"attachment_26332\" aria-describedby=\"caption-attachment-26332\" style=\"width: 800px\" class=\"wp-caption aligncenter\"><img fetchpriority=\"high\" decoding=\"async\" class=\"wp-image-26332 size-full\" src=\"https:\/\/mouldking.store\/wp-content\/uploads\/2021\/10\/18K-K108-Old-Republic-Escort-Cruiser-with-1609-pieces-1.jpg\" alt=\"18K K108 Old Republic Escort Cruiser with 1609 pieces\" width=\"800\" height=\"800\" title=\"-\" srcset=\"https:\/\/mouldking.store\/wp-content\/uploads\/2021\/10\/18K-K108-Old-Republic-Escort-Cruiser-with-1609-pieces-1.jpg 800w, https:\/\/mouldking.store\/wp-content\/uploads\/2021\/10\/18K-K108-Old-Republic-Escort-Cruiser-with-1609-pieces-1-300x300.jpg 300w, https:\/\/mouldking.store\/wp-content\/uploads\/2021\/10\/18K-K108-Old-Republic-Escort-Cruiser-with-1609-pieces-1-768x768.jpg 768w, https:\/\/mouldking.store\/wp-content\/uploads\/2021\/10\/18K-K108-Old-Republic-Escort-Cruiser-with-1609-pieces-1-600x600.jpg 600w, https:\/\/mouldking.store\/wp-content\/uploads\/2021\/10\/18K-K108-Old-Republic-Escort-Cruiser-with-1609-pieces-1-150x150.jpg 150w\" sizes=\"(max-width: 800px) 100vw, 800px\" \/><figcaption id=\"caption-attachment-26332\" class=\"wp-caption-text\">18K K108 Old Republic Escort Cruiser med 1609 stk<\/figcaption><\/figure>\n<figure id=\"attachment_26336\" aria-describedby=\"caption-attachment-26336\" style=\"width: 800px\" class=\"wp-caption aligncenter\"><img decoding=\"async\" class=\"wp-image-26336\" src=\"https:\/\/mouldking.store\/wp-content\/uploads\/2021\/10\/18K-K108-Old-Republic-Escort-Cruiser-with-1609-pieces-5-300x300.jpg\" alt=\"18K K108 Old Republic Escort Cruiser with 1609 pieces\" width=\"800\" height=\"800\" title=\"-\" srcset=\"https:\/\/mouldking.store\/wp-content\/uploads\/2021\/10\/18K-K108-Old-Republic-Escort-Cruiser-with-1609-pieces-5-300x300.jpg 300w, https:\/\/mouldking.store\/wp-content\/uploads\/2021\/10\/18K-K108-Old-Republic-Escort-Cruiser-with-1609-pieces-5-768x768.jpg 768w, https:\/\/mouldking.store\/wp-content\/uploads\/2021\/10\/18K-K108-Old-Republic-Escort-Cruiser-with-1609-pieces-5-600x600.jpg 600w, https:\/\/mouldking.store\/wp-content\/uploads\/2021\/10\/18K-K108-Old-Republic-Escort-Cruiser-with-1609-pieces-5-150x150.jpg 150w, https:\/\/mouldking.store\/wp-content\/uploads\/2021\/10\/18K-K108-Old-Republic-Escort-Cruiser-with-1609-pieces-5.jpg 1024w\" sizes=\"(max-width: 800px) 100vw, 800px\" \/><figcaption id=\"caption-attachment-26336\" class=\"wp-caption-text\">18K K108 Old Republic Escort Cruiser med 1609 stk<\/figcaption><\/figure>\n<figure id=\"attachment_26335\" aria-describedby=\"caption-attachment-26335\" style=\"width: 800px\" class=\"wp-caption aligncenter\"><img decoding=\"async\" class=\"wp-image-26335\" src=\"https:\/\/mouldking.store\/wp-content\/uploads\/2021\/10\/18K-K108-Old-Republic-Escort-Cruiser-with-1609-pieces-4-300x300.jpg\" alt=\"18K K108 Old Republic Escort Cruiser with 1609 pieces\" width=\"800\" height=\"800\" title=\"-\" srcset=\"https:\/\/mouldking.store\/wp-content\/uploads\/2021\/10\/18K-K108-Old-Republic-Escort-Cruiser-with-1609-pieces-4-300x300.jpg 300w, https:\/\/mouldking.store\/wp-content\/uploads\/2021\/10\/18K-K108-Old-Republic-Escort-Cruiser-with-1609-pieces-4-768x768.jpg 768w, https:\/\/mouldking.store\/wp-content\/uploads\/2021\/10\/18K-K108-Old-Republic-Escort-Cruiser-with-1609-pieces-4-600x600.jpg 600w, https:\/\/mouldking.store\/wp-content\/uploads\/2021\/10\/18K-K108-Old-Republic-Escort-Cruiser-with-1609-pieces-4-150x150.jpg 150w, https:\/\/mouldking.store\/wp-content\/uploads\/2021\/10\/18K-K108-Old-Republic-Escort-Cruiser-with-1609-pieces-4.jpg 1024w\" sizes=\"(max-width: 800px) 100vw, 800px\" \/><figcaption id=\"caption-attachment-26335\" class=\"wp-caption-text\">18K K108 Old Republic Escort Cruiser med 1609 stk<\/figcaption><\/figure>\n<figure id=\"attachment_26334\" aria-describedby=\"caption-attachment-26334\" style=\"width: 538px\" class=\"wp-caption aligncenter\"><img loading=\"lazy\" decoding=\"async\" class=\"wp-image-26334 size-full\" src=\"https:\/\/mouldking.store\/wp-content\/uploads\/2021\/10\/18K-K108-Old-Republic-Escort-Cruiser-with-1609-pieces-3.jpg\" alt=\"18K K108 Old Republic Escort Cruiser with 1609 pieces\" width=\"538\" height=\"1024\" title=\"-\" srcset=\"https:\/\/mouldking.store\/wp-content\/uploads\/2021\/10\/18K-K108-Old-Republic-Escort-Cruiser-with-1609-pieces-3.jpg 538w, https:\/\/mouldking.store\/wp-content\/uploads\/2021\/10\/18K-K108-Old-Republic-Escort-Cruiser-with-1609-pieces-3-158x300.jpg 158w, https:\/\/mouldking.store\/wp-content\/uploads\/2021\/10\/18K-K108-Old-Republic-Escort-Cruiser-with-1609-pieces-3-300x571.jpg 300w, https:\/\/mouldking.store\/wp-content\/uploads\/2021\/10\/18K-K108-Old-Republic-Escort-Cruiser-with-1609-pieces-3-79x150.jpg 79w\" sizes=\"(max-width: 538px) 100vw, 538px\" \/><figcaption id=\"caption-attachment-26334\" class=\"wp-caption-text\">18K K108 Old Republic Escort Cruiser med 1609 stk<\/figcaption><\/figure>\n<figure id=\"attachment_26333\" aria-describedby=\"caption-attachment-26333\" style=\"width: 532px\" class=\"wp-caption aligncenter\"><img loading=\"lazy\" decoding=\"async\" class=\"wp-image-26333 size-full\" src=\"https:\/\/mouldking.store\/wp-content\/uploads\/2021\/10\/18K-K108-Old-Republic-Escort-Cruiser-with-1609-pieces-2.jpg\" alt=\"18K K108 Old Republic Escort Cruiser with 1609 pieces\" width=\"532\" height=\"1024\" title=\"-\" srcset=\"https:\/\/mouldking.store\/wp-content\/uploads\/2021\/10\/18K-K108-Old-Republic-Escort-Cruiser-with-1609-pieces-2.jpg 532w, https:\/\/mouldking.store\/wp-content\/uploads\/2021\/10\/18K-K108-Old-Republic-Escort-Cruiser-with-1609-pieces-2-156x300.jpg 156w, https:\/\/mouldking.store\/wp-content\/uploads\/2021\/10\/18K-K108-Old-Republic-Escort-Cruiser-with-1609-pieces-2-300x577.jpg 300w, https:\/\/mouldking.store\/wp-content\/uploads\/2021\/10\/18K-K108-Old-Republic-Escort-Cruiser-with-1609-pieces-2-78x150.jpg 78w\" sizes=\"(max-width: 532px) 100vw, 532px\" \/><figcaption id=\"caption-attachment-26333\" class=\"wp-caption-text\">18K K108 Old Republic Escort Cruiser med 1609 stk<\/figcaption><\/figure>","protected":false},"excerpt":{"rendered":"<p>Product information: Brand: 18K Gender: Unisex Name: Old Republic Escort Cruiser Age Range: &gt; 6 years old Model Number: K108 Classification: Assemblage Plastic Block Shape: Self-Locking Bricks Material: Plastic Plastic Type: ABS Bricks Blocks: 1609 PCS Contains detailed assembly instructions. Notice: 1. Without an original box, but we guarantee our products have quality assurance and [&hellip;]<\/p>","protected":false},"featured_media":26332,"comment_status":"open","ping_status":"closed","template":"","meta":{"_acf_changed":false},"product_cat":[415],"product_tag":[2922,2921,2923,1220],"class_list":["product","first","outofstock","shipping-taxable","purchasable","product-type-simple"],"acf":[],"_links":{"self":[{"href":"https:\/\/mouldking.store\/nb\/wp-json\/wp\/v2\/product\/26331","targetHints":{"allow":["GET"]}}],"collection":[{"href":"https:\/\/mouldking.store\/nb\/wp-json\/wp\/v2\/product"}],"about":[{"href":"https:\/\/mouldking.store\/nb\/wp-json\/wp\/v2\/types\/product"}],"replies":[{"embeddable":true,"href":"https:\/\/mouldking.store\/nb\/wp-json\/wp\/v2\/comments?post=26331"}],"wp:featuredmedia":[{"embeddable":true,"href":"https:\/\/mouldking.store\/nb\/wp-json\/wp\/v2\/media\/26332"}],"wp:attachment":[{"href":"https:\/\/mouldking.store\/nb\/wp-json\/wp\/v2\/media?parent=26331"}],"wp:term":[{"taxonomy":"product_cat","embeddable":true,"href":"https:\/\/mouldking.store\/nb\/wp-json\/wp\/v2\/product_cat?post=26331"},{"taxonomy":"product_tag","embeddable":true,"href":"https:\/\/mouldking.store\/nb\/wp-json\/wp\/v2\/product_tag?post=26331"}],"curies":[{"name":"wp","href":"https:\/\/api.w.org\/{rel}","templated":true}]}}