{"id":26358,"date":"2021-10-31T04:21:29","date_gmt":"2021-10-30T21:21:29","guid":{"rendered":"https:\/\/mouldking.store\/?post_type=product&#038;p=26358"},"modified":"2025-12-25T09:17:12","modified_gmt":"2025-12-25T02:17:12","slug":"moc-43872-the-orville-with-255-pieces","status":"publish","type":"product","link":"https:\/\/mouldking.store\/nb\/shop\/moc-43872-the-orville-with-255-pieces\/","title":{"rendered":"MOC-43872 The Orville with 255 pieces"},"content":{"rendered":"<p>Produktinformasjon:<\/p>\n<ol>\n<li>Merke: MOC<\/li>\n<li>Kj\u00f8nn: Unisex<\/li>\n<li>Name: The Orville<\/li>\n<li>Aldersgruppe: &gt; 6 \u00e5r gammel<\/li>\n<li>Model Number: MOC-43872<\/li>\n<li>Klassifisering: Montering<\/li>\n<li>Plastblokkform: Selvl\u00e5sende murstein<\/li>\n<li>Materiale: Plast<\/li>\n<li>Plasttype: ABS<\/li>\n<li>Bricks Blocks: 255 PCS<\/li>\n<li>Ordnetid: 30-50 dager (egendefinert vare)<\/li>\n<li>Inneholder detaljerte monteringsanvisninger.<\/li>\n<\/ol>\n<p>Legge merke til:<br \/>\n1. Uten original eske, men vi garanterer at v\u00e5re produkter har kvalitetssikring og pen emballasje.<br \/>\n2. Som alle delene vi har sjekket f\u00f8r frakt, s\u00e5 hvis du finner noen deler savnet eller skadet, ikke bekymre deg og bare kontakt oss, s\u00e5 kan vi sende dem til deg p\u00e5 nytt umiddelbart gratis.<\/p>\n<figure id=\"attachment_26359\" aria-describedby=\"caption-attachment-26359\" style=\"width: 1000px\" class=\"wp-caption aligncenter\"><img fetchpriority=\"high\" decoding=\"async\" class=\"size-full wp-image-26359\" title=\"MOC-43872 The Orville with 255 pieces\" src=\"https:\/\/mouldking.store\/wp-content\/uploads\/2021\/10\/moc-43872-the-orville-with-255-pieces.jpg\" alt=\"MOC-43872 The Orville with 255 pieces\" width=\"1000\" height=\"1000\" srcset=\"https:\/\/mouldking.store\/wp-content\/uploads\/2021\/10\/moc-43872-the-orville-with-255-pieces.jpg 1000w, https:\/\/mouldking.store\/wp-content\/uploads\/2021\/10\/moc-43872-the-orville-with-255-pieces-300x300.jpg 300w, https:\/\/mouldking.store\/wp-content\/uploads\/2021\/10\/moc-43872-the-orville-with-255-pieces-768x768.jpg 768w, https:\/\/mouldking.store\/wp-content\/uploads\/2021\/10\/moc-43872-the-orville-with-255-pieces-600x600.jpg 600w, https:\/\/mouldking.store\/wp-content\/uploads\/2021\/10\/moc-43872-the-orville-with-255-pieces-150x150.jpg 150w\" sizes=\"(max-width: 1000px) 100vw, 1000px\" \/><figcaption id=\"caption-attachment-26359\" class=\"wp-caption-text\">MOC-43872 The Orville with 255 pieces<\/figcaption><\/figure>\n<figure id=\"attachment_26360\" aria-describedby=\"caption-attachment-26360\" style=\"width: 1000px\" class=\"wp-caption aligncenter\"><img decoding=\"async\" class=\"size-full wp-image-26360\" title=\"MOC-43872 The Orville with 255 pieces\" src=\"https:\/\/mouldking.store\/wp-content\/uploads\/2021\/10\/moc-43872-the-orville-with-255-pieces-1.jpg\" alt=\"MOC-43872 The Orville with 255 pieces\" width=\"1000\" height=\"1000\" srcset=\"https:\/\/mouldking.store\/wp-content\/uploads\/2021\/10\/moc-43872-the-orville-with-255-pieces-1.jpg 1000w, https:\/\/mouldking.store\/wp-content\/uploads\/2021\/10\/moc-43872-the-orville-with-255-pieces-1-300x300.jpg 300w, https:\/\/mouldking.store\/wp-content\/uploads\/2021\/10\/moc-43872-the-orville-with-255-pieces-1-768x768.jpg 768w, https:\/\/mouldking.store\/wp-content\/uploads\/2021\/10\/moc-43872-the-orville-with-255-pieces-1-600x600.jpg 600w, https:\/\/mouldking.store\/wp-content\/uploads\/2021\/10\/moc-43872-the-orville-with-255-pieces-1-150x150.jpg 150w\" sizes=\"(max-width: 1000px) 100vw, 1000px\" \/><figcaption id=\"caption-attachment-26360\" class=\"wp-caption-text\">MOC-43872 The Orville with 255 pieces<\/figcaption><\/figure>","protected":false},"excerpt":{"rendered":"<p>Product information: Brand: MOC Gender: Unisex Name: The Orville Age Range: &gt; 6 years old Model Number: MOC-43872 Classification: Assemblage Plastic Block Shape: Self-Locking Bricks Material: Plastic Plastic Type: ABS Bricks Blocks: 255 PCS Arrange Time: 30-50 days (custom item) Contains detailed assembly instructions. Notice: 1. Without an original box, but we guarantee our products [&hellip;]<\/p>","protected":false},"featured_media":26361,"comment_status":"open","ping_status":"closed","template":"","meta":{"_acf_changed":false},"product_cat":[581],"product_tag":[2930,2931],"class_list":["product","first","outofstock","shipping-taxable","purchasable","product-type-simple"],"acf":[],"_links":{"self":[{"href":"https:\/\/mouldking.store\/nb\/wp-json\/wp\/v2\/product\/26358","targetHints":{"allow":["GET"]}}],"collection":[{"href":"https:\/\/mouldking.store\/nb\/wp-json\/wp\/v2\/product"}],"about":[{"href":"https:\/\/mouldking.store\/nb\/wp-json\/wp\/v2\/types\/product"}],"replies":[{"embeddable":true,"href":"https:\/\/mouldking.store\/nb\/wp-json\/wp\/v2\/comments?post=26358"}],"wp:featuredmedia":[{"embeddable":true,"href":"https:\/\/mouldking.store\/nb\/wp-json\/wp\/v2\/media\/26361"}],"wp:attachment":[{"href":"https:\/\/mouldking.store\/nb\/wp-json\/wp\/v2\/media?parent=26358"}],"wp:term":[{"taxonomy":"product_cat","embeddable":true,"href":"https:\/\/mouldking.store\/nb\/wp-json\/wp\/v2\/product_cat?post=26358"},{"taxonomy":"product_tag","embeddable":true,"href":"https:\/\/mouldking.store\/nb\/wp-json\/wp\/v2\/product_tag?post=26358"}],"curies":[{"name":"wp","href":"https:\/\/api.w.org\/{rel}","templated":true}]}}