{"id":26394,"date":"2021-11-01T02:45:42","date_gmt":"2021-11-01T02:45:42","guid":{"rendered":"https:\/\/mouldking.store\/?post_type=product&#038;p=26394"},"modified":"2021-12-23T09:40:53","modified_gmt":"2021-12-23T09:40:53","slug":"loz-1041-noel-murray-co-ltd-with-2864-pieces","status":"publish","type":"product","link":"https:\/\/mouldking.store\/nb\/shop\/loz-1041-noel-murray-co-ltd-with-2864-pieces\/","title":{"rendered":"LOZ 1041 Noel, Murray &amp; Co. Ltd. med 2864 stykker"},"content":{"rendered":"<p>Produktinformasjon:<\/p>\n<ol>\n<li>Merke: LOZ<\/li>\n<li>Kj\u00f8nn: Unisex<\/li>\n<li>Name: Noel, Murray &amp; Co. Ltd.<\/li>\n<li>Aldersgruppe: &gt; 6 \u00e5r gammel<\/li>\n<li>Model Number: 1041<\/li>\n<li>Klassifisering: Montering<\/li>\n<li>Plastblokkform: Selvl\u00e5sende murstein<\/li>\n<li>Materiale: Plast<\/li>\n<li>Plasttype: ABS<\/li>\n<li>Bricks Blocks: 2864 PCS<\/li>\n<li>Inneholder detaljerte monteringsanvisninger.<\/li>\n<\/ol>\n<p>Legge merke til:<br \/>\n1. Uten original eske, men vi garanterer at v\u00e5re produkter har kvalitetssikring og pen emballasje.<br \/>\n2. Som alle delene vi har sjekket f\u00f8r frakt, s\u00e5 hvis du finner noen deler savnet eller skadet, ikke bekymre deg og bare kontakt oss, s\u00e5 kan vi sende dem til deg p\u00e5 nytt umiddelbart gratis.<\/p>\n<figure id=\"attachment_26395\" aria-describedby=\"caption-attachment-26395\" style=\"width: 800px\" class=\"wp-caption aligncenter\"><img fetchpriority=\"high\" decoding=\"async\" class=\"wp-image-26395 size-full\" src=\"https:\/\/mouldking.store\/wp-content\/uploads\/2021\/11\/MODULAR-BUILDING-LOZ-1041-Noel-Murray-Co.-Ltd-1.jpg\" alt=\"LOZ 1041 Noel, Murray &amp; Co. Ltd. with 2864 pieces\" width=\"800\" height=\"800\" title=\"-\" srcset=\"https:\/\/mouldking.store\/wp-content\/uploads\/2021\/11\/MODULAR-BUILDING-LOZ-1041-Noel-Murray-Co.-Ltd-1.jpg 800w, https:\/\/mouldking.store\/wp-content\/uploads\/2021\/11\/MODULAR-BUILDING-LOZ-1041-Noel-Murray-Co.-Ltd-1-300x300.jpg 300w, https:\/\/mouldking.store\/wp-content\/uploads\/2021\/11\/MODULAR-BUILDING-LOZ-1041-Noel-Murray-Co.-Ltd-1-768x768.jpg 768w, https:\/\/mouldking.store\/wp-content\/uploads\/2021\/11\/MODULAR-BUILDING-LOZ-1041-Noel-Murray-Co.-Ltd-1-600x600.jpg 600w, https:\/\/mouldking.store\/wp-content\/uploads\/2021\/11\/MODULAR-BUILDING-LOZ-1041-Noel-Murray-Co.-Ltd-1-150x150.jpg 150w\" sizes=\"(max-width: 800px) 100vw, 800px\" \/><figcaption id=\"caption-attachment-26395\" class=\"wp-caption-text\">LOZ 1041 Noel, Murray &amp; Co. Ltd. med 2864 stykker<\/figcaption><\/figure>\n<figure id=\"attachment_26398\" aria-describedby=\"caption-attachment-26398\" style=\"width: 735px\" class=\"wp-caption aligncenter\"><img decoding=\"async\" class=\"wp-image-26398 size-full\" src=\"https:\/\/mouldking.store\/wp-content\/uploads\/2021\/11\/MODULAR-BUILDING-LOZ-1041-Noel-Murray-Co.-Ltd-4.jpg\" alt=\"LOZ 1041 Noel, Murray &amp; Co. Ltd. with 2864 pieces\" width=\"735\" height=\"1024\" title=\"-\" srcset=\"https:\/\/mouldking.store\/wp-content\/uploads\/2021\/11\/MODULAR-BUILDING-LOZ-1041-Noel-Murray-Co.-Ltd-4.jpg 735w, https:\/\/mouldking.store\/wp-content\/uploads\/2021\/11\/MODULAR-BUILDING-LOZ-1041-Noel-Murray-Co.-Ltd-4-215x300.jpg 215w, https:\/\/mouldking.store\/wp-content\/uploads\/2021\/11\/MODULAR-BUILDING-LOZ-1041-Noel-Murray-Co.-Ltd-4-300x418.jpg 300w, https:\/\/mouldking.store\/wp-content\/uploads\/2021\/11\/MODULAR-BUILDING-LOZ-1041-Noel-Murray-Co.-Ltd-4-600x836.jpg 600w, https:\/\/mouldking.store\/wp-content\/uploads\/2021\/11\/MODULAR-BUILDING-LOZ-1041-Noel-Murray-Co.-Ltd-4-108x150.jpg 108w\" sizes=\"(max-width: 735px) 100vw, 735px\" \/><figcaption id=\"caption-attachment-26398\" class=\"wp-caption-text\">LOZ 1041 Noel, Murray &amp; Co. Ltd. med 2864 stykker<\/figcaption><\/figure>\n<figure id=\"attachment_26399\" aria-describedby=\"caption-attachment-26399\" style=\"width: 710px\" class=\"wp-caption aligncenter\"><img decoding=\"async\" class=\"wp-image-26399 size-full\" src=\"https:\/\/mouldking.store\/wp-content\/uploads\/2021\/11\/MODULAR-BUILDING-LOZ-1041-Noel-Murray-Co.-Ltd-5.jpg\" alt=\"LOZ 1041 Noel, Murray &amp; Co. Ltd. with 2864 pieces\" width=\"710\" height=\"1024\" title=\"-\" srcset=\"https:\/\/mouldking.store\/wp-content\/uploads\/2021\/11\/MODULAR-BUILDING-LOZ-1041-Noel-Murray-Co.-Ltd-5.jpg 710w, https:\/\/mouldking.store\/wp-content\/uploads\/2021\/11\/MODULAR-BUILDING-LOZ-1041-Noel-Murray-Co.-Ltd-5-208x300.jpg 208w, https:\/\/mouldking.store\/wp-content\/uploads\/2021\/11\/MODULAR-BUILDING-LOZ-1041-Noel-Murray-Co.-Ltd-5-300x433.jpg 300w, https:\/\/mouldking.store\/wp-content\/uploads\/2021\/11\/MODULAR-BUILDING-LOZ-1041-Noel-Murray-Co.-Ltd-5-600x865.jpg 600w, https:\/\/mouldking.store\/wp-content\/uploads\/2021\/11\/MODULAR-BUILDING-LOZ-1041-Noel-Murray-Co.-Ltd-5-104x150.jpg 104w\" sizes=\"(max-width: 710px) 100vw, 710px\" \/><figcaption id=\"caption-attachment-26399\" class=\"wp-caption-text\">LOZ 1041 Noel, Murray &amp; Co. Ltd. med 2864 stykker<\/figcaption><\/figure>\n<figure id=\"attachment_26397\" aria-describedby=\"caption-attachment-26397\" style=\"width: 600px\" class=\"wp-caption aligncenter\"><img loading=\"lazy\" decoding=\"async\" class=\"wp-image-26397\" src=\"https:\/\/mouldking.store\/wp-content\/uploads\/2021\/11\/MODULAR-BUILDING-LOZ-1041-Noel-Murray-Co.-Ltd-3.jpg\" alt=\"LOZ 1041 Noel, Murray &amp; Co. Ltd. with 2864 pieces\" width=\"600\" height=\"1313\" title=\"-\" srcset=\"https:\/\/mouldking.store\/wp-content\/uploads\/2021\/11\/MODULAR-BUILDING-LOZ-1041-Noel-Murray-Co.-Ltd-3.jpg 468w, https:\/\/mouldking.store\/wp-content\/uploads\/2021\/11\/MODULAR-BUILDING-LOZ-1041-Noel-Murray-Co.-Ltd-3-137x300.jpg 137w, https:\/\/mouldking.store\/wp-content\/uploads\/2021\/11\/MODULAR-BUILDING-LOZ-1041-Noel-Murray-Co.-Ltd-3-300x656.jpg 300w, https:\/\/mouldking.store\/wp-content\/uploads\/2021\/11\/MODULAR-BUILDING-LOZ-1041-Noel-Murray-Co.-Ltd-3-69x150.jpg 69w\" sizes=\"(max-width: 600px) 100vw, 600px\" \/><figcaption id=\"caption-attachment-26397\" class=\"wp-caption-text\">LOZ 1041 Noel, Murray &amp; Co. Ltd. med 2864 stykker<\/figcaption><\/figure>\n<figure id=\"attachment_26396\" aria-describedby=\"caption-attachment-26396\" style=\"width: 634px\" class=\"wp-caption aligncenter\"><img loading=\"lazy\" decoding=\"async\" class=\"wp-image-26396 size-full\" src=\"https:\/\/mouldking.store\/wp-content\/uploads\/2021\/11\/MODULAR-BUILDING-LOZ-1041-Noel-Murray-Co.-Ltd-2.jpg\" alt=\"LOZ 1041 Noel, Murray &amp; Co. Ltd. with 2864 pieces\" width=\"634\" height=\"1024\" title=\"-\" srcset=\"https:\/\/mouldking.store\/wp-content\/uploads\/2021\/11\/MODULAR-BUILDING-LOZ-1041-Noel-Murray-Co.-Ltd-2.jpg 634w, https:\/\/mouldking.store\/wp-content\/uploads\/2021\/11\/MODULAR-BUILDING-LOZ-1041-Noel-Murray-Co.-Ltd-2-186x300.jpg 186w, https:\/\/mouldking.store\/wp-content\/uploads\/2021\/11\/MODULAR-BUILDING-LOZ-1041-Noel-Murray-Co.-Ltd-2-300x485.jpg 300w, https:\/\/mouldking.store\/wp-content\/uploads\/2021\/11\/MODULAR-BUILDING-LOZ-1041-Noel-Murray-Co.-Ltd-2-600x969.jpg 600w, https:\/\/mouldking.store\/wp-content\/uploads\/2021\/11\/MODULAR-BUILDING-LOZ-1041-Noel-Murray-Co.-Ltd-2-93x150.jpg 93w\" sizes=\"(max-width: 634px) 100vw, 634px\" \/><figcaption id=\"caption-attachment-26396\" class=\"wp-caption-text\">LOZ 1041 Noel, Murray &amp; Co. Ltd. med 2864 stykker<\/figcaption><\/figure>","protected":false},"excerpt":{"rendered":"<p>Product information: Brand: LOZ Gender: Unisex Name: Noel, Murray &amp; Co. Ltd. Age Range: &gt; 6 years old Model Number: 1041 Classification: Assemblage Plastic Block Shape: Self-Locking Bricks Material: Plastic Plastic Type: ABS Bricks Blocks: 2864 PCS Contains detailed assembly instructions. Notice: 1. Without an original box, but we guarantee our products have quality assurance [&hellip;]<\/p>","protected":false},"featured_media":26395,"comment_status":"open","ping_status":"closed","template":"","meta":{"_acf_changed":false},"product_cat":[390],"product_tag":[2957,2960,2202,2955,2952,2954,2959,2953,2958,2956],"class_list":["product","first","instock","shipping-taxable","purchasable","product-type-simple"],"acf":[],"_links":{"self":[{"href":"https:\/\/mouldking.store\/nb\/wp-json\/wp\/v2\/product\/26394","targetHints":{"allow":["GET"]}}],"collection":[{"href":"https:\/\/mouldking.store\/nb\/wp-json\/wp\/v2\/product"}],"about":[{"href":"https:\/\/mouldking.store\/nb\/wp-json\/wp\/v2\/types\/product"}],"replies":[{"embeddable":true,"href":"https:\/\/mouldking.store\/nb\/wp-json\/wp\/v2\/comments?post=26394"}],"wp:featuredmedia":[{"embeddable":true,"href":"https:\/\/mouldking.store\/nb\/wp-json\/wp\/v2\/media\/26395"}],"wp:attachment":[{"href":"https:\/\/mouldking.store\/nb\/wp-json\/wp\/v2\/media?parent=26394"}],"wp:term":[{"taxonomy":"product_cat","embeddable":true,"href":"https:\/\/mouldking.store\/nb\/wp-json\/wp\/v2\/product_cat?post=26394"},{"taxonomy":"product_tag","embeddable":true,"href":"https:\/\/mouldking.store\/nb\/wp-json\/wp\/v2\/product_tag?post=26394"}],"curies":[{"name":"wp","href":"https:\/\/api.w.org\/{rel}","templated":true}]}}