{"id":26406,"date":"2021-11-01T02:53:46","date_gmt":"2021-11-01T02:53:46","guid":{"rendered":"https:\/\/mouldking.store\/?post_type=product&#038;p=26406"},"modified":"2021-12-23T09:40:52","modified_gmt":"2021-12-23T09:40:52","slug":"k-box-10247-christmas-beetle-car-with-2870-pieces","status":"publish","type":"product","link":"https:\/\/mouldking.store\/nb\/shop\/k-box-10247-christmas-beetle-car-with-2870-pieces\/","title":{"rendered":"K-BOX 10247 Julebillebil med 2870 stk"},"content":{"rendered":"<p>Produktinformasjon:<\/p>\n<ol>\n<li>Merke: K-BOX<\/li>\n<li>Kj\u00f8nn: Unisex<\/li>\n<li>Navn: Julebillebil<\/li>\n<li>Aldersgruppe: &gt; 14 \u00e5r gammel<\/li>\n<li>Modellnummer: 10247<\/li>\n<li>Klassifisering: Montering<\/li>\n<li>Plastblokkform: Selvl\u00e5sende murstein<\/li>\n<li>Materiale: Plast<\/li>\n<li>Plasttype: ABS<\/li>\n<li>Mursteinsblokker: 2870 STK<\/li>\n<li>Inneholder detaljerte monteringsanvisninger.<\/li>\n<\/ol>\n<p>Legge merke til:<br \/>\n1. Uten original eske, men vi garanterer at v\u00e5re produkter har kvalitetssikring og pen emballasje.<br \/>\n2. Som alle delene vi har sjekket f\u00f8r frakt, s\u00e5 hvis du finner noen deler savnet eller skadet, ikke bekymre deg og bare kontakt oss, s\u00e5 kan vi sende dem til deg p\u00e5 nytt umiddelbart gratis.<\/p>\n<figure id=\"attachment_26407\" aria-describedby=\"caption-attachment-26407\" style=\"width: 800px\" class=\"wp-caption aligncenter\"><img fetchpriority=\"high\" decoding=\"async\" class=\"wp-image-26407 size-full\" src=\"https:\/\/mouldking.store\/wp-content\/uploads\/2021\/11\/TECHNICIAN-K-Box-10247-Christmas-Beetle-Volkswagen-1.jpg\" alt=\"K-BOX 10247 Christmas Beetle Car with 2870 pieces\" width=\"800\" height=\"800\" title=\"-\" srcset=\"https:\/\/mouldking.store\/wp-content\/uploads\/2021\/11\/TECHNICIAN-K-Box-10247-Christmas-Beetle-Volkswagen-1.jpg 800w, https:\/\/mouldking.store\/wp-content\/uploads\/2021\/11\/TECHNICIAN-K-Box-10247-Christmas-Beetle-Volkswagen-1-300x300.jpg 300w, https:\/\/mouldking.store\/wp-content\/uploads\/2021\/11\/TECHNICIAN-K-Box-10247-Christmas-Beetle-Volkswagen-1-768x768.jpg 768w, https:\/\/mouldking.store\/wp-content\/uploads\/2021\/11\/TECHNICIAN-K-Box-10247-Christmas-Beetle-Volkswagen-1-600x600.jpg 600w, https:\/\/mouldking.store\/wp-content\/uploads\/2021\/11\/TECHNICIAN-K-Box-10247-Christmas-Beetle-Volkswagen-1-150x150.jpg 150w\" sizes=\"(max-width: 800px) 100vw, 800px\" \/><figcaption id=\"caption-attachment-26407\" class=\"wp-caption-text\">K-BOX 10247 Julebillebil med 2870 stk<\/figcaption><\/figure>\n<figure id=\"attachment_26410\" aria-describedby=\"caption-attachment-26410\" style=\"width: 628px\" class=\"wp-caption aligncenter\"><img decoding=\"async\" class=\"wp-image-26410 size-full\" src=\"https:\/\/mouldking.store\/wp-content\/uploads\/2021\/11\/TECHNICIAN-K-Box-10247-Christmas-Beetle-Volkswagen-3.png\" alt=\"K-BOX 10247 Christmas Beetle Car with 2870 pieces\" width=\"628\" height=\"1024\" title=\"-\" srcset=\"https:\/\/mouldking.store\/wp-content\/uploads\/2021\/11\/TECHNICIAN-K-Box-10247-Christmas-Beetle-Volkswagen-3.png 628w, https:\/\/mouldking.store\/wp-content\/uploads\/2021\/11\/TECHNICIAN-K-Box-10247-Christmas-Beetle-Volkswagen-3-184x300.png 184w, https:\/\/mouldking.store\/wp-content\/uploads\/2021\/11\/TECHNICIAN-K-Box-10247-Christmas-Beetle-Volkswagen-3-300x489.png 300w, https:\/\/mouldking.store\/wp-content\/uploads\/2021\/11\/TECHNICIAN-K-Box-10247-Christmas-Beetle-Volkswagen-3-600x978.png 600w, https:\/\/mouldking.store\/wp-content\/uploads\/2021\/11\/TECHNICIAN-K-Box-10247-Christmas-Beetle-Volkswagen-3-92x150.png 92w\" sizes=\"(max-width: 628px) 100vw, 628px\" \/><figcaption id=\"caption-attachment-26410\" class=\"wp-caption-text\">K-BOX 10247 Julebillebil med 2870 stk<\/figcaption><\/figure>\n<figure id=\"attachment_26411\" aria-describedby=\"caption-attachment-26411\" style=\"width: 681px\" class=\"wp-caption aligncenter\"><img decoding=\"async\" class=\"wp-image-26411 size-full\" src=\"https:\/\/mouldking.store\/wp-content\/uploads\/2021\/11\/TECHNICIAN-K-Box-10247-Christmas-Beetle-Volkswagen-4.png\" alt=\"K-BOX 10247 Christmas Beetle Car with 2870 pieces\" width=\"681\" height=\"1024\" title=\"-\" srcset=\"https:\/\/mouldking.store\/wp-content\/uploads\/2021\/11\/TECHNICIAN-K-Box-10247-Christmas-Beetle-Volkswagen-4.png 681w, https:\/\/mouldking.store\/wp-content\/uploads\/2021\/11\/TECHNICIAN-K-Box-10247-Christmas-Beetle-Volkswagen-4-200x300.png 200w, https:\/\/mouldking.store\/wp-content\/uploads\/2021\/11\/TECHNICIAN-K-Box-10247-Christmas-Beetle-Volkswagen-4-300x451.png 300w, https:\/\/mouldking.store\/wp-content\/uploads\/2021\/11\/TECHNICIAN-K-Box-10247-Christmas-Beetle-Volkswagen-4-600x902.png 600w, https:\/\/mouldking.store\/wp-content\/uploads\/2021\/11\/TECHNICIAN-K-Box-10247-Christmas-Beetle-Volkswagen-4-100x150.png 100w\" sizes=\"(max-width: 681px) 100vw, 681px\" \/><figcaption id=\"caption-attachment-26411\" class=\"wp-caption-text\">K-BOX 10247 Julebillebil med 2870 stk<\/figcaption><\/figure>\n<figure id=\"attachment_26409\" aria-describedby=\"caption-attachment-26409\" style=\"width: 690px\" class=\"wp-caption aligncenter\"><img loading=\"lazy\" decoding=\"async\" class=\"wp-image-26409 size-full\" src=\"https:\/\/mouldking.store\/wp-content\/uploads\/2021\/11\/TECHNICIAN-K-Box-10247-Christmas-Beetle-Volkswagen-2.png\" alt=\"K-BOX 10247 Christmas Beetle Car with 2870 pieces\" width=\"690\" height=\"1024\" title=\"-\" srcset=\"https:\/\/mouldking.store\/wp-content\/uploads\/2021\/11\/TECHNICIAN-K-Box-10247-Christmas-Beetle-Volkswagen-2.png 690w, https:\/\/mouldking.store\/wp-content\/uploads\/2021\/11\/TECHNICIAN-K-Box-10247-Christmas-Beetle-Volkswagen-2-202x300.png 202w, https:\/\/mouldking.store\/wp-content\/uploads\/2021\/11\/TECHNICIAN-K-Box-10247-Christmas-Beetle-Volkswagen-2-300x445.png 300w, https:\/\/mouldking.store\/wp-content\/uploads\/2021\/11\/TECHNICIAN-K-Box-10247-Christmas-Beetle-Volkswagen-2-600x890.png 600w, https:\/\/mouldking.store\/wp-content\/uploads\/2021\/11\/TECHNICIAN-K-Box-10247-Christmas-Beetle-Volkswagen-2-101x150.png 101w\" sizes=\"(max-width: 690px) 100vw, 690px\" \/><figcaption id=\"caption-attachment-26409\" class=\"wp-caption-text\">K-BOX 10247 Julebillebil med 2870 stk<\/figcaption><\/figure>\n<figure id=\"attachment_26408\" aria-describedby=\"caption-attachment-26408\" style=\"width: 790px\" class=\"wp-caption aligncenter\"><img loading=\"lazy\" decoding=\"async\" class=\"wp-image-26408 size-full\" src=\"https:\/\/mouldking.store\/wp-content\/uploads\/2021\/11\/TECHNICIAN-K-Box-10247-Christmas-Beetle-Volkswagen-1.png\" alt=\"K-BOX 10247 Christmas Beetle Car with 2870 pieces\" width=\"790\" height=\"621\" title=\"-\" srcset=\"https:\/\/mouldking.store\/wp-content\/uploads\/2021\/11\/TECHNICIAN-K-Box-10247-Christmas-Beetle-Volkswagen-1.png 790w, https:\/\/mouldking.store\/wp-content\/uploads\/2021\/11\/TECHNICIAN-K-Box-10247-Christmas-Beetle-Volkswagen-1-300x236.png 300w, https:\/\/mouldking.store\/wp-content\/uploads\/2021\/11\/TECHNICIAN-K-Box-10247-Christmas-Beetle-Volkswagen-1-768x604.png 768w, https:\/\/mouldking.store\/wp-content\/uploads\/2021\/11\/TECHNICIAN-K-Box-10247-Christmas-Beetle-Volkswagen-1-600x472.png 600w, https:\/\/mouldking.store\/wp-content\/uploads\/2021\/11\/TECHNICIAN-K-Box-10247-Christmas-Beetle-Volkswagen-1-150x118.png 150w\" sizes=\"(max-width: 790px) 100vw, 790px\" \/><figcaption id=\"caption-attachment-26408\" class=\"wp-caption-text\">K-BOX 10247 Julebillebil med 2870 stk<\/figcaption><\/figure>","protected":false},"excerpt":{"rendered":"<p>Product information: Brand: K-BOX Gender: Unisex Name: Christmas Beetle Car Age Range: &gt; 14 years old Model Number: 10247 Classification: Assemblage Plastic Block Shape: Self-Locking Bricks Material: Plastic Plastic Type: ABS Bricks Blocks: 2870 PCS Contains detailed assembly instructions. Notice: 1. Without an original box, but we guarantee our products have quality assurance and nice [&hellip;]<\/p>","protected":false},"featured_media":26407,"comment_status":"open","ping_status":"closed","template":"","meta":{"_acf_changed":false},"product_cat":[364],"product_tag":[2970,2971,1066,2968,2969,2967,2966],"class_list":["product","first","instock","shipping-taxable","purchasable","product-type-simple"],"acf":[],"_links":{"self":[{"href":"https:\/\/mouldking.store\/nb\/wp-json\/wp\/v2\/product\/26406","targetHints":{"allow":["GET"]}}],"collection":[{"href":"https:\/\/mouldking.store\/nb\/wp-json\/wp\/v2\/product"}],"about":[{"href":"https:\/\/mouldking.store\/nb\/wp-json\/wp\/v2\/types\/product"}],"replies":[{"embeddable":true,"href":"https:\/\/mouldking.store\/nb\/wp-json\/wp\/v2\/comments?post=26406"}],"wp:featuredmedia":[{"embeddable":true,"href":"https:\/\/mouldking.store\/nb\/wp-json\/wp\/v2\/media\/26407"}],"wp:attachment":[{"href":"https:\/\/mouldking.store\/nb\/wp-json\/wp\/v2\/media?parent=26406"}],"wp:term":[{"taxonomy":"product_cat","embeddable":true,"href":"https:\/\/mouldking.store\/nb\/wp-json\/wp\/v2\/product_cat?post=26406"},{"taxonomy":"product_tag","embeddable":true,"href":"https:\/\/mouldking.store\/nb\/wp-json\/wp\/v2\/product_tag?post=26406"}],"curies":[{"name":"wp","href":"https:\/\/api.w.org\/{rel}","templated":true}]}}