{"id":26425,"date":"2021-11-01T03:10:41","date_gmt":"2021-11-01T03:10:41","guid":{"rendered":"https:\/\/mouldking.store\/?post_type=product&#038;p=26425"},"modified":"2021-12-23T09:40:52","modified_gmt":"2021-12-23T09:40:52","slug":"rael-50024-knuckle-chopper-with-451-pieces","status":"publish","type":"product","link":"https:\/\/mouldking.store\/nb\/shop\/rael-50024-knuckle-chopper-with-451-pieces\/","title":{"rendered":"RAEL 50024 Knokehakker med 451 stk"},"content":{"rendered":"<p>Produktinformasjon:<\/p>\n<ol>\n<li>Brand: RAEL<\/li>\n<li>Kj\u00f8nn: Unisex<\/li>\n<li>Name: Knuckle Chopper<\/li>\n<li>Aldersgruppe: &gt; 6 \u00e5r gammel<\/li>\n<li>Model Number: 50024<\/li>\n<li>Klassifisering: Montering<\/li>\n<li>Plastblokkform: Selvl\u00e5sende murstein<\/li>\n<li>Materiale: Plast<\/li>\n<li>Plasttype: ABS<\/li>\n<li>Bricks Blocks: 451 PCS<\/li>\n<li>Inneholder detaljerte monteringsanvisninger.<\/li>\n<\/ol>\n<p>Legge merke til:<br \/>\n1. Uten original eske, men vi garanterer at v\u00e5re produkter har kvalitetssikring og pen emballasje.<br \/>\n2. Som alle delene vi har sjekket f\u00f8r frakt, s\u00e5 hvis du finner noen deler savnet eller skadet, ikke bekymre deg og bare kontakt oss, s\u00e5 kan vi sende dem til deg p\u00e5 nytt umiddelbart gratis.<\/p>\n<figure id=\"attachment_26426\" aria-describedby=\"caption-attachment-26426\" style=\"width: 800px\" class=\"wp-caption aligncenter\"><img fetchpriority=\"high\" decoding=\"async\" class=\"wp-image-26426 size-full\" src=\"https:\/\/mouldking.store\/wp-content\/uploads\/2021\/11\/TECHNICIAN-RAEL-50024-Knuckle-Chopper-1.jpg\" alt=\"RAEL 50024 Knuckle Chopper with 451 pieces\" width=\"800\" height=\"800\" title=\"-\" srcset=\"https:\/\/mouldking.store\/wp-content\/uploads\/2021\/11\/TECHNICIAN-RAEL-50024-Knuckle-Chopper-1.jpg 800w, https:\/\/mouldking.store\/wp-content\/uploads\/2021\/11\/TECHNICIAN-RAEL-50024-Knuckle-Chopper-1-300x300.jpg 300w, https:\/\/mouldking.store\/wp-content\/uploads\/2021\/11\/TECHNICIAN-RAEL-50024-Knuckle-Chopper-1-768x768.jpg 768w, https:\/\/mouldking.store\/wp-content\/uploads\/2021\/11\/TECHNICIAN-RAEL-50024-Knuckle-Chopper-1-600x600.jpg 600w, https:\/\/mouldking.store\/wp-content\/uploads\/2021\/11\/TECHNICIAN-RAEL-50024-Knuckle-Chopper-1-150x150.jpg 150w\" sizes=\"(max-width: 800px) 100vw, 800px\" \/><figcaption id=\"caption-attachment-26426\" class=\"wp-caption-text\">RAEL 50024 Knokehakker med 451 stk<\/figcaption><\/figure>\n<figure id=\"attachment_26430\" aria-describedby=\"caption-attachment-26430\" style=\"width: 790px\" class=\"wp-caption aligncenter\"><img decoding=\"async\" class=\"wp-image-26430 size-full\" src=\"https:\/\/mouldking.store\/wp-content\/uploads\/2021\/11\/TECHNICIAN-RAEL-50024-Knuckle-Chopper-5.jpg\" alt=\"RAEL 50024 Knuckle Chopper with 451 pieces\" width=\"790\" height=\"886\" title=\"-\" srcset=\"https:\/\/mouldking.store\/wp-content\/uploads\/2021\/11\/TECHNICIAN-RAEL-50024-Knuckle-Chopper-5.jpg 790w, https:\/\/mouldking.store\/wp-content\/uploads\/2021\/11\/TECHNICIAN-RAEL-50024-Knuckle-Chopper-5-267x300.jpg 267w, https:\/\/mouldking.store\/wp-content\/uploads\/2021\/11\/TECHNICIAN-RAEL-50024-Knuckle-Chopper-5-768x861.jpg 768w, https:\/\/mouldking.store\/wp-content\/uploads\/2021\/11\/TECHNICIAN-RAEL-50024-Knuckle-Chopper-5-300x336.jpg 300w, https:\/\/mouldking.store\/wp-content\/uploads\/2021\/11\/TECHNICIAN-RAEL-50024-Knuckle-Chopper-5-600x673.jpg 600w, https:\/\/mouldking.store\/wp-content\/uploads\/2021\/11\/TECHNICIAN-RAEL-50024-Knuckle-Chopper-5-134x150.jpg 134w\" sizes=\"(max-width: 790px) 100vw, 790px\" \/><figcaption id=\"caption-attachment-26430\" class=\"wp-caption-text\">RAEL 50024 Knokehakker med 451 stk<\/figcaption><\/figure>\n<figure id=\"attachment_26429\" aria-describedby=\"caption-attachment-26429\" style=\"width: 790px\" class=\"wp-caption aligncenter\"><img decoding=\"async\" class=\"wp-image-26429 size-full\" src=\"https:\/\/mouldking.store\/wp-content\/uploads\/2021\/11\/TECHNICIAN-RAEL-50024-Knuckle-Chopper-4.jpg\" alt=\"RAEL 50024 Knuckle Chopper with 451 pieces\" width=\"790\" height=\"827\" title=\"-\" srcset=\"https:\/\/mouldking.store\/wp-content\/uploads\/2021\/11\/TECHNICIAN-RAEL-50024-Knuckle-Chopper-4.jpg 790w, https:\/\/mouldking.store\/wp-content\/uploads\/2021\/11\/TECHNICIAN-RAEL-50024-Knuckle-Chopper-4-287x300.jpg 287w, https:\/\/mouldking.store\/wp-content\/uploads\/2021\/11\/TECHNICIAN-RAEL-50024-Knuckle-Chopper-4-768x804.jpg 768w, https:\/\/mouldking.store\/wp-content\/uploads\/2021\/11\/TECHNICIAN-RAEL-50024-Knuckle-Chopper-4-300x314.jpg 300w, https:\/\/mouldking.store\/wp-content\/uploads\/2021\/11\/TECHNICIAN-RAEL-50024-Knuckle-Chopper-4-600x628.jpg 600w, https:\/\/mouldking.store\/wp-content\/uploads\/2021\/11\/TECHNICIAN-RAEL-50024-Knuckle-Chopper-4-143x150.jpg 143w\" sizes=\"(max-width: 790px) 100vw, 790px\" \/><figcaption id=\"caption-attachment-26429\" class=\"wp-caption-text\">RAEL 50024 Knokehakker med 451 stk<\/figcaption><\/figure>\n<figure id=\"attachment_26428\" aria-describedby=\"caption-attachment-26428\" style=\"width: 602px\" class=\"wp-caption aligncenter\"><img loading=\"lazy\" decoding=\"async\" class=\"wp-image-26428 size-full\" src=\"https:\/\/mouldking.store\/wp-content\/uploads\/2021\/11\/TECHNICIAN-RAEL-50024-Knuckle-Chopper-3.jpg\" alt=\"RAEL 50024 Knuckle Chopper with 451 pieces\" width=\"602\" height=\"1024\" title=\"-\" srcset=\"https:\/\/mouldking.store\/wp-content\/uploads\/2021\/11\/TECHNICIAN-RAEL-50024-Knuckle-Chopper-3.jpg 602w, https:\/\/mouldking.store\/wp-content\/uploads\/2021\/11\/TECHNICIAN-RAEL-50024-Knuckle-Chopper-3-176x300.jpg 176w, https:\/\/mouldking.store\/wp-content\/uploads\/2021\/11\/TECHNICIAN-RAEL-50024-Knuckle-Chopper-3-300x510.jpg 300w, https:\/\/mouldking.store\/wp-content\/uploads\/2021\/11\/TECHNICIAN-RAEL-50024-Knuckle-Chopper-3-600x1021.jpg 600w, https:\/\/mouldking.store\/wp-content\/uploads\/2021\/11\/TECHNICIAN-RAEL-50024-Knuckle-Chopper-3-88x150.jpg 88w\" sizes=\"(max-width: 602px) 100vw, 602px\" \/><figcaption id=\"caption-attachment-26428\" class=\"wp-caption-text\">RAEL 50024 Knokehakker med 451 stk<\/figcaption><\/figure>\n<figure id=\"attachment_26427\" aria-describedby=\"caption-attachment-26427\" style=\"width: 790px\" class=\"wp-caption aligncenter\"><img loading=\"lazy\" decoding=\"async\" class=\"wp-image-26427 size-full\" src=\"https:\/\/mouldking.store\/wp-content\/uploads\/2021\/11\/TECHNICIAN-RAEL-50024-Knuckle-Chopper-2.jpg\" alt=\"RAEL 50024 Knuckle Chopper with 451 pieces\" width=\"790\" height=\"863\" title=\"-\" srcset=\"https:\/\/mouldking.store\/wp-content\/uploads\/2021\/11\/TECHNICIAN-RAEL-50024-Knuckle-Chopper-2.jpg 790w, https:\/\/mouldking.store\/wp-content\/uploads\/2021\/11\/TECHNICIAN-RAEL-50024-Knuckle-Chopper-2-275x300.jpg 275w, https:\/\/mouldking.store\/wp-content\/uploads\/2021\/11\/TECHNICIAN-RAEL-50024-Knuckle-Chopper-2-768x839.jpg 768w, https:\/\/mouldking.store\/wp-content\/uploads\/2021\/11\/TECHNICIAN-RAEL-50024-Knuckle-Chopper-2-300x328.jpg 300w, https:\/\/mouldking.store\/wp-content\/uploads\/2021\/11\/TECHNICIAN-RAEL-50024-Knuckle-Chopper-2-600x655.jpg 600w, https:\/\/mouldking.store\/wp-content\/uploads\/2021\/11\/TECHNICIAN-RAEL-50024-Knuckle-Chopper-2-137x150.jpg 137w\" sizes=\"(max-width: 790px) 100vw, 790px\" \/><figcaption id=\"caption-attachment-26427\" class=\"wp-caption-text\">RAEL 50024 Knokehakker med 451 stk<\/figcaption><\/figure>","protected":false},"excerpt":{"rendered":"<p>Product information: Brand: RAEL Gender: Unisex Name: Knuckle Chopper Age Range: &gt; 6 years old Model Number: 50024 Classification: Assemblage Plastic Block Shape: Self-Locking Bricks Material: Plastic Plastic Type: ABS Bricks Blocks: 451 PCS Contains detailed assembly instructions. Notice: 1. Without an original box, but we guarantee our products have quality assurance and nice packaging. [&hellip;]<\/p>","protected":false},"featured_media":26426,"comment_status":"open","ping_status":"closed","template":"","meta":{"_acf_changed":false},"product_cat":[364],"product_tag":[2994,2489,2992,2985,2991,2990,2993],"class_list":["product","first","instock","shipping-taxable","purchasable","product-type-simple"],"acf":[],"_links":{"self":[{"href":"https:\/\/mouldking.store\/nb\/wp-json\/wp\/v2\/product\/26425","targetHints":{"allow":["GET"]}}],"collection":[{"href":"https:\/\/mouldking.store\/nb\/wp-json\/wp\/v2\/product"}],"about":[{"href":"https:\/\/mouldking.store\/nb\/wp-json\/wp\/v2\/types\/product"}],"replies":[{"embeddable":true,"href":"https:\/\/mouldking.store\/nb\/wp-json\/wp\/v2\/comments?post=26425"}],"wp:featuredmedia":[{"embeddable":true,"href":"https:\/\/mouldking.store\/nb\/wp-json\/wp\/v2\/media\/26426"}],"wp:attachment":[{"href":"https:\/\/mouldking.store\/nb\/wp-json\/wp\/v2\/media?parent=26425"}],"wp:term":[{"taxonomy":"product_cat","embeddable":true,"href":"https:\/\/mouldking.store\/nb\/wp-json\/wp\/v2\/product_cat?post=26425"},{"taxonomy":"product_tag","embeddable":true,"href":"https:\/\/mouldking.store\/nb\/wp-json\/wp\/v2\/product_tag?post=26425"}],"curies":[{"name":"wp","href":"https:\/\/api.w.org\/{rel}","templated":true}]}}