{"id":26474,"date":"2021-11-01T13:23:40","date_gmt":"2021-11-01T06:23:40","guid":{"rendered":"https:\/\/mouldking.store\/?post_type=product&#038;p=26474"},"modified":"2025-12-25T09:17:10","modified_gmt":"2025-12-25T02:17:10","slug":"moc-79493-riot-mar-starfighter-with-950-pieces","status":"publish","type":"product","link":"https:\/\/mouldking.store\/nb\/shop\/moc-79493-riot-mar-starfighter-with-950-pieces\/","title":{"rendered":"MOC-79493 RIOT MAR STARFIGHTER med 950 stk"},"content":{"rendered":"<p>Produktinformasjon:<\/p>\n<ol>\n<li>Merke: MOC<\/li>\n<li>Kj\u00f8nn: Unisex<\/li>\n<li>Name: RIOT MAR STARFIGHTER<\/li>\n<li>Aldersgruppe: &gt; 6 \u00e5r gammel<\/li>\n<li>Model Number: MOC-79493<\/li>\n<li>Klassifisering: Montering<\/li>\n<li>Plastblokkform: Selvl\u00e5sende murstein<\/li>\n<li>Materiale: Plast<\/li>\n<li>Plasttype: ABS<\/li>\n<li>Bricks Blocks: 950 PCS<\/li>\n<li>Inneholder detaljerte monteringsanvisninger.<\/li>\n<\/ol>\n<p>Legge merke til:<br \/>\n1. Uten original eske, men vi garanterer at v\u00e5re produkter har kvalitetssikring og pen emballasje.<br \/>\n2. Som alle delene vi har sjekket f\u00f8r frakt, s\u00e5 hvis du finner noen deler savnet eller skadet, ikke bekymre deg og bare kontakt oss, s\u00e5 kan vi sende dem til deg p\u00e5 nytt umiddelbart gratis.<\/p>\n<figure id=\"attachment_26476\" aria-describedby=\"caption-attachment-26476\" style=\"width: 1000px\" class=\"wp-caption aligncenter\"><img fetchpriority=\"high\" decoding=\"async\" class=\"size-full wp-image-26476\" title=\"MOC-79493 RIOT MAR STARFIGHTER med 950 stk\" src=\"https:\/\/mouldking.store\/wp-content\/uploads\/2021\/11\/moc-79493-riot-mar-starfighter-with-950-pieces.jpg\" alt=\"MOC-79493 RIOT MAR STARFIGHTER with 950 pieces\" width=\"1000\" height=\"1000\" srcset=\"https:\/\/mouldking.store\/wp-content\/uploads\/2021\/11\/moc-79493-riot-mar-starfighter-with-950-pieces.jpg 1000w, https:\/\/mouldking.store\/wp-content\/uploads\/2021\/11\/moc-79493-riot-mar-starfighter-with-950-pieces-300x300.jpg 300w, https:\/\/mouldking.store\/wp-content\/uploads\/2021\/11\/moc-79493-riot-mar-starfighter-with-950-pieces-768x768.jpg 768w, https:\/\/mouldking.store\/wp-content\/uploads\/2021\/11\/moc-79493-riot-mar-starfighter-with-950-pieces-600x600.jpg 600w, https:\/\/mouldking.store\/wp-content\/uploads\/2021\/11\/moc-79493-riot-mar-starfighter-with-950-pieces-150x150.jpg 150w\" sizes=\"(max-width: 1000px) 100vw, 1000px\" \/><figcaption id=\"caption-attachment-26476\" class=\"wp-caption-text\">MOC-79493 RIOT MAR STARFIGHTER med 950 stk<\/figcaption><\/figure>\n<figure id=\"attachment_26477\" aria-describedby=\"caption-attachment-26477\" style=\"width: 1000px\" class=\"wp-caption aligncenter\"><img decoding=\"async\" class=\"size-full wp-image-26477\" title=\"MOC-79493 RIOT MAR STARFIGHTER med 950 stk\" src=\"https:\/\/mouldking.store\/wp-content\/uploads\/2021\/11\/moc-79493-riot-mar-starfighter-with-950-pieces-1.jpg\" alt=\"MOC-79493 RIOT MAR STARFIGHTER with 950 pieces\" width=\"1000\" height=\"1000\" srcset=\"https:\/\/mouldking.store\/wp-content\/uploads\/2021\/11\/moc-79493-riot-mar-starfighter-with-950-pieces-1.jpg 1000w, https:\/\/mouldking.store\/wp-content\/uploads\/2021\/11\/moc-79493-riot-mar-starfighter-with-950-pieces-1-300x300.jpg 300w, https:\/\/mouldking.store\/wp-content\/uploads\/2021\/11\/moc-79493-riot-mar-starfighter-with-950-pieces-1-768x768.jpg 768w, https:\/\/mouldking.store\/wp-content\/uploads\/2021\/11\/moc-79493-riot-mar-starfighter-with-950-pieces-1-600x600.jpg 600w, https:\/\/mouldking.store\/wp-content\/uploads\/2021\/11\/moc-79493-riot-mar-starfighter-with-950-pieces-1-150x150.jpg 150w\" sizes=\"(max-width: 1000px) 100vw, 1000px\" \/><figcaption id=\"caption-attachment-26477\" class=\"wp-caption-text\">MOC-79493 RIOT MAR STARFIGHTER med 950 stk<\/figcaption><\/figure>","protected":false},"excerpt":{"rendered":"<p>Product information: Brand: MOC Gender: Unisex Name: RIOT MAR STARFIGHTER Age Range: &gt; 6 years old Model Number: MOC-79493 Classification: Assemblage Plastic Block Shape: Self-Locking Bricks Material: Plastic Plastic Type: ABS Bricks Blocks: 950 PCS Contains detailed assembly instructions. Notice: 1. Without an original box, but we guarantee our products have quality assurance and nice [&hellip;]<\/p>","protected":false},"author":104,"featured_media":26478,"comment_status":"open","ping_status":"closed","template":"","meta":{"_acf_changed":false},"product_cat":[415],"product_tag":[3026,3027],"class_list":["product","first","instock","shipping-taxable","purchasable","product-type-simple"],"acf":[],"_links":{"self":[{"href":"https:\/\/mouldking.store\/nb\/wp-json\/wp\/v2\/product\/26474","targetHints":{"allow":["GET"]}}],"collection":[{"href":"https:\/\/mouldking.store\/nb\/wp-json\/wp\/v2\/product"}],"about":[{"href":"https:\/\/mouldking.store\/nb\/wp-json\/wp\/v2\/types\/product"}],"author":[{"embeddable":true,"href":"https:\/\/mouldking.store\/nb\/wp-json\/wp\/v2\/users\/104"}],"replies":[{"embeddable":true,"href":"https:\/\/mouldking.store\/nb\/wp-json\/wp\/v2\/comments?post=26474"}],"wp:featuredmedia":[{"embeddable":true,"href":"https:\/\/mouldking.store\/nb\/wp-json\/wp\/v2\/media\/26478"}],"wp:attachment":[{"href":"https:\/\/mouldking.store\/nb\/wp-json\/wp\/v2\/media?parent=26474"}],"wp:term":[{"taxonomy":"product_cat","embeddable":true,"href":"https:\/\/mouldking.store\/nb\/wp-json\/wp\/v2\/product_cat?post=26474"},{"taxonomy":"product_tag","embeddable":true,"href":"https:\/\/mouldking.store\/nb\/wp-json\/wp\/v2\/product_tag?post=26474"}],"curies":[{"name":"wp","href":"https:\/\/api.w.org\/{rel}","templated":true}]}}