{"id":26565,"date":"2021-11-04T03:01:05","date_gmt":"2021-11-04T03:01:05","guid":{"rendered":"https:\/\/mouldking.store\/?post_type=product&#038;p=26565"},"modified":"2024-03-06T17:08:08","modified_gmt":"2024-03-06T10:08:08","slug":"jiestar-89113-fountain-mall-with-3420-pieces","status":"publish","type":"product","link":"https:\/\/mouldking.store\/nb\/shop\/jiestar-89113-fountain-mall-with-3420-pieces\/","title":{"rendered":"JIESTAR 89113 Fountain Mall med 3420 stykker"},"content":{"rendered":"<p>Produktinformasjon:<\/p>\n<ol>\n<li>Merke: JIESTAR<\/li>\n<li>Kj\u00f8nn: Unisex<\/li>\n<li>Name: Fountain Mall<\/li>\n<li>Aldersgruppe: &gt; 6 \u00e5r gammel<\/li>\n<li>Model Number: 89113<\/li>\n<li>Klassifisering: Montering<\/li>\n<li>Plastblokkform: Selvl\u00e5sende murstein<\/li>\n<li>Materiale: Plast<\/li>\n<li>Plasttype: ABS<\/li>\n<li>Bricks Blocks: 3420 PCS<\/li>\n<li>Inneholder detaljerte monteringsanvisninger.<\/li>\n<\/ol>\n<p>Legge merke til:<br \/>\n1. Uten original eske, men vi garanterer at v\u00e5re produkter har kvalitetssikring og pen emballasje.<br \/>\n2. Som alle delene vi har sjekket f\u00f8r frakt, s\u00e5 hvis du finner noen deler savnet eller skadet, ikke bekymre deg og bare kontakt oss, s\u00e5 kan vi sende dem til deg p\u00e5 nytt umiddelbart gratis.<\/p>\n<figure id=\"attachment_26573\" aria-describedby=\"caption-attachment-26573\" style=\"width: 800px\" class=\"wp-caption aligncenter\"><img fetchpriority=\"high\" decoding=\"async\" class=\"wp-image-26573 size-full\" src=\"https:\/\/mouldking.store\/wp-content\/uploads\/2021\/11\/JIESTAR-89113-Fountain-Mall-with-3420-pieces-1.jpg\" alt=\"JIESTAR 89113 Fountain Mall with 3420 pieces\" width=\"800\" height=\"800\" title=\"-\" srcset=\"https:\/\/mouldking.store\/wp-content\/uploads\/2021\/11\/JIESTAR-89113-Fountain-Mall-with-3420-pieces-1.jpg 800w, https:\/\/mouldking.store\/wp-content\/uploads\/2021\/11\/JIESTAR-89113-Fountain-Mall-with-3420-pieces-1-300x300.jpg 300w, https:\/\/mouldking.store\/wp-content\/uploads\/2021\/11\/JIESTAR-89113-Fountain-Mall-with-3420-pieces-1-768x768.jpg 768w, https:\/\/mouldking.store\/wp-content\/uploads\/2021\/11\/JIESTAR-89113-Fountain-Mall-with-3420-pieces-1-600x600.jpg 600w, https:\/\/mouldking.store\/wp-content\/uploads\/2021\/11\/JIESTAR-89113-Fountain-Mall-with-3420-pieces-1-150x150.jpg 150w\" sizes=\"(max-width: 800px) 100vw, 800px\" \/><figcaption id=\"caption-attachment-26573\" class=\"wp-caption-text\">JIESTAR 89113 Fountain Mall med 3420 stykker<\/figcaption><\/figure>\n<figure id=\"attachment_26578\" aria-describedby=\"caption-attachment-26578\" style=\"width: 750px\" class=\"wp-caption aligncenter\"><img decoding=\"async\" class=\"wp-image-26578 size-full\" src=\"https:\/\/mouldking.store\/wp-content\/uploads\/2021\/11\/JIESTAR-89113-Fountain-Mall-with-3420-pieces-6.jpg\" alt=\"JIESTAR 89113 Fountain Mall with 3420 pieces\" width=\"750\" height=\"630\" title=\"-\" srcset=\"https:\/\/mouldking.store\/wp-content\/uploads\/2021\/11\/JIESTAR-89113-Fountain-Mall-with-3420-pieces-6.jpg 750w, https:\/\/mouldking.store\/wp-content\/uploads\/2021\/11\/JIESTAR-89113-Fountain-Mall-with-3420-pieces-6-300x252.jpg 300w, https:\/\/mouldking.store\/wp-content\/uploads\/2021\/11\/JIESTAR-89113-Fountain-Mall-with-3420-pieces-6-600x504.jpg 600w, https:\/\/mouldking.store\/wp-content\/uploads\/2021\/11\/JIESTAR-89113-Fountain-Mall-with-3420-pieces-6-150x126.jpg 150w\" sizes=\"(max-width: 750px) 100vw, 750px\" \/><figcaption id=\"caption-attachment-26578\" class=\"wp-caption-text\">JIESTAR 89113 Fountain Mall med 3420 stykker<\/figcaption><\/figure>\n<figure id=\"attachment_26579\" aria-describedby=\"caption-attachment-26579\" style=\"width: 750px\" class=\"wp-caption aligncenter\"><img decoding=\"async\" class=\"wp-image-26579 size-full\" src=\"https:\/\/mouldking.store\/wp-content\/uploads\/2021\/11\/JIESTAR-89113-Fountain-Mall-with-3420-pieces-7.jpg\" alt=\"JIESTAR 89113 Fountain Mall with 3420 pieces\" width=\"750\" height=\"853\" title=\"-\" srcset=\"https:\/\/mouldking.store\/wp-content\/uploads\/2021\/11\/JIESTAR-89113-Fountain-Mall-with-3420-pieces-7.jpg 750w, https:\/\/mouldking.store\/wp-content\/uploads\/2021\/11\/JIESTAR-89113-Fountain-Mall-with-3420-pieces-7-264x300.jpg 264w, https:\/\/mouldking.store\/wp-content\/uploads\/2021\/11\/JIESTAR-89113-Fountain-Mall-with-3420-pieces-7-300x341.jpg 300w, https:\/\/mouldking.store\/wp-content\/uploads\/2021\/11\/JIESTAR-89113-Fountain-Mall-with-3420-pieces-7-600x682.jpg 600w, https:\/\/mouldking.store\/wp-content\/uploads\/2021\/11\/JIESTAR-89113-Fountain-Mall-with-3420-pieces-7-132x150.jpg 132w\" sizes=\"(max-width: 750px) 100vw, 750px\" \/><figcaption id=\"caption-attachment-26579\" class=\"wp-caption-text\">JIESTAR 89113 Fountain Mall med 3420 stykker<\/figcaption><\/figure>\n<figure id=\"attachment_26577\" aria-describedby=\"caption-attachment-26577\" style=\"width: 516px\" class=\"wp-caption aligncenter\"><img loading=\"lazy\" decoding=\"async\" class=\"wp-image-26577 size-full\" src=\"https:\/\/mouldking.store\/wp-content\/uploads\/2021\/11\/JIESTAR-89113-Fountain-Mall-with-3420-pieces-5.jpg\" alt=\"JIESTAR 89113 Fountain Mall with 3420 pieces\" width=\"516\" height=\"1024\" title=\"-\" srcset=\"https:\/\/mouldking.store\/wp-content\/uploads\/2021\/11\/JIESTAR-89113-Fountain-Mall-with-3420-pieces-5.jpg 516w, https:\/\/mouldking.store\/wp-content\/uploads\/2021\/11\/JIESTAR-89113-Fountain-Mall-with-3420-pieces-5-151x300.jpg 151w, https:\/\/mouldking.store\/wp-content\/uploads\/2021\/11\/JIESTAR-89113-Fountain-Mall-with-3420-pieces-5-300x595.jpg 300w, https:\/\/mouldking.store\/wp-content\/uploads\/2021\/11\/JIESTAR-89113-Fountain-Mall-with-3420-pieces-5-76x150.jpg 76w\" sizes=\"(max-width: 516px) 100vw, 516px\" \/><figcaption id=\"caption-attachment-26577\" class=\"wp-caption-text\">JIESTAR 89113 Fountain Mall med 3420 stykker<\/figcaption><\/figure>\n<figure id=\"attachment_26576\" aria-describedby=\"caption-attachment-26576\" style=\"width: 608px\" class=\"wp-caption aligncenter\"><img loading=\"lazy\" decoding=\"async\" class=\"wp-image-26576 size-full\" src=\"https:\/\/mouldking.store\/wp-content\/uploads\/2021\/11\/JIESTAR-89113-Fountain-Mall-with-3420-pieces-4.jpg\" alt=\"JIESTAR 89113 Fountain Mall with 3420 pieces\" width=\"608\" height=\"1024\" title=\"-\" srcset=\"https:\/\/mouldking.store\/wp-content\/uploads\/2021\/11\/JIESTAR-89113-Fountain-Mall-with-3420-pieces-4.jpg 608w, https:\/\/mouldking.store\/wp-content\/uploads\/2021\/11\/JIESTAR-89113-Fountain-Mall-with-3420-pieces-4-178x300.jpg 178w, https:\/\/mouldking.store\/wp-content\/uploads\/2021\/11\/JIESTAR-89113-Fountain-Mall-with-3420-pieces-4-300x505.jpg 300w, https:\/\/mouldking.store\/wp-content\/uploads\/2021\/11\/JIESTAR-89113-Fountain-Mall-with-3420-pieces-4-600x1011.jpg 600w, https:\/\/mouldking.store\/wp-content\/uploads\/2021\/11\/JIESTAR-89113-Fountain-Mall-with-3420-pieces-4-89x150.jpg 89w\" sizes=\"(max-width: 608px) 100vw, 608px\" \/><figcaption id=\"caption-attachment-26576\" class=\"wp-caption-text\">JIESTAR 89113 Fountain Mall med 3420 stykker<\/figcaption><\/figure>\n<figure id=\"attachment_26575\" aria-describedby=\"caption-attachment-26575\" style=\"width: 633px\" class=\"wp-caption aligncenter\"><img loading=\"lazy\" decoding=\"async\" class=\"wp-image-26575 size-full\" src=\"https:\/\/mouldking.store\/wp-content\/uploads\/2021\/11\/JIESTAR-89113-Fountain-Mall-with-3420-pieces-3.jpg\" alt=\"JIESTAR 89113 Fountain Mall with 3420 pieces\" width=\"633\" height=\"1024\" title=\"-\" srcset=\"https:\/\/mouldking.store\/wp-content\/uploads\/2021\/11\/JIESTAR-89113-Fountain-Mall-with-3420-pieces-3.jpg 633w, https:\/\/mouldking.store\/wp-content\/uploads\/2021\/11\/JIESTAR-89113-Fountain-Mall-with-3420-pieces-3-185x300.jpg 185w, https:\/\/mouldking.store\/wp-content\/uploads\/2021\/11\/JIESTAR-89113-Fountain-Mall-with-3420-pieces-3-300x485.jpg 300w, https:\/\/mouldking.store\/wp-content\/uploads\/2021\/11\/JIESTAR-89113-Fountain-Mall-with-3420-pieces-3-600x971.jpg 600w, https:\/\/mouldking.store\/wp-content\/uploads\/2021\/11\/JIESTAR-89113-Fountain-Mall-with-3420-pieces-3-93x150.jpg 93w\" sizes=\"(max-width: 633px) 100vw, 633px\" \/><figcaption id=\"caption-attachment-26575\" class=\"wp-caption-text\">JIESTAR 89113 Fountain Mall med 3420 stykker<\/figcaption><\/figure>\n<figure id=\"attachment_26574\" aria-describedby=\"caption-attachment-26574\" style=\"width: 750px\" class=\"wp-caption aligncenter\"><img loading=\"lazy\" decoding=\"async\" class=\"wp-image-26574 size-full\" src=\"https:\/\/mouldking.store\/wp-content\/uploads\/2021\/11\/JIESTAR-89113-Fountain-Mall-with-3420-pieces-2.jpg\" alt=\"JIESTAR 89113 Fountain Mall with 3420 pieces\" width=\"750\" height=\"842\" title=\"-\" srcset=\"https:\/\/mouldking.store\/wp-content\/uploads\/2021\/11\/JIESTAR-89113-Fountain-Mall-with-3420-pieces-2.jpg 750w, https:\/\/mouldking.store\/wp-content\/uploads\/2021\/11\/JIESTAR-89113-Fountain-Mall-with-3420-pieces-2-267x300.jpg 267w, https:\/\/mouldking.store\/wp-content\/uploads\/2021\/11\/JIESTAR-89113-Fountain-Mall-with-3420-pieces-2-300x337.jpg 300w, https:\/\/mouldking.store\/wp-content\/uploads\/2021\/11\/JIESTAR-89113-Fountain-Mall-with-3420-pieces-2-600x674.jpg 600w, https:\/\/mouldking.store\/wp-content\/uploads\/2021\/11\/JIESTAR-89113-Fountain-Mall-with-3420-pieces-2-134x150.jpg 134w\" sizes=\"(max-width: 750px) 100vw, 750px\" \/><figcaption id=\"caption-attachment-26574\" class=\"wp-caption-text\">JIESTAR 89113 Fountain Mall med 3420 stykker<\/figcaption><\/figure>","protected":false},"excerpt":{"rendered":"<p>Product information: Brand: JIESTAR Gender: Unisex Name: Fountain Mall Age Range: &gt; 6 years old Model Number: 89113 Classification: Assemblage Plastic Block Shape: Self-Locking Bricks Material: Plastic Plastic Type: ABS Bricks Blocks: 3420 PCS Contains detailed assembly instructions. Notice: 1. Without an original box, but we guarantee our products have quality assurance and nice packaging. [&hellip;]<\/p>","protected":false},"featured_media":26573,"comment_status":"open","ping_status":"closed","template":"","meta":{"_acf_changed":false},"product_cat":[390],"product_tag":[3076,3077,3073,3075,3072,3071,3074,3078],"class_list":["product","first","outofstock","shipping-taxable","purchasable","product-type-simple"],"acf":[],"_links":{"self":[{"href":"https:\/\/mouldking.store\/nb\/wp-json\/wp\/v2\/product\/26565","targetHints":{"allow":["GET"]}}],"collection":[{"href":"https:\/\/mouldking.store\/nb\/wp-json\/wp\/v2\/product"}],"about":[{"href":"https:\/\/mouldking.store\/nb\/wp-json\/wp\/v2\/types\/product"}],"replies":[{"embeddable":true,"href":"https:\/\/mouldking.store\/nb\/wp-json\/wp\/v2\/comments?post=26565"}],"wp:featuredmedia":[{"embeddable":true,"href":"https:\/\/mouldking.store\/nb\/wp-json\/wp\/v2\/media\/26573"}],"wp:attachment":[{"href":"https:\/\/mouldking.store\/nb\/wp-json\/wp\/v2\/media?parent=26565"}],"wp:term":[{"taxonomy":"product_cat","embeddable":true,"href":"https:\/\/mouldking.store\/nb\/wp-json\/wp\/v2\/product_cat?post=26565"},{"taxonomy":"product_tag","embeddable":true,"href":"https:\/\/mouldking.store\/nb\/wp-json\/wp\/v2\/product_tag?post=26565"}],"curies":[{"name":"wp","href":"https:\/\/api.w.org\/{rel}","templated":true}]}}