{"id":26627,"date":"2021-11-04T04:41:26","date_gmt":"2021-11-04T04:41:26","guid":{"rendered":"https:\/\/mouldking.store\/?post_type=product&#038;p=26627"},"modified":"2025-12-25T09:17:10","modified_gmt":"2025-12-25T02:17:10","slug":"moc-62755-thunderjaw-horizon-zero-dawn-with-577-pieces","status":"publish","type":"product","link":"https:\/\/mouldking.store\/nb\/shop\/moc-62755-thunderjaw-horizon-zero-dawn-with-577-pieces\/","title":{"rendered":"MOC-62755 Thunderjaw (Horizon Zero Dawn) med 577 deler"},"content":{"rendered":"<p>Produktinformasjon:<\/p>\n<ol>\n<li>Merke: MOC<\/li>\n<li>Kj\u00f8nn: Unisex<\/li>\n<li>Name: Thunderjaw (Horizon Zero Dawn)<\/li>\n<li>Aldersgruppe: &gt; 6 \u00e5r gammel<\/li>\n<li>Model Number: MOC-62755<\/li>\n<li>Klassifisering: Montering<\/li>\n<li>Plastblokkform: Selvl\u00e5sende murstein<\/li>\n<li>Materiale: Plast<\/li>\n<li>Plasttype: ABS<\/li>\n<li>Mursteinsblokker: 577 STK<\/li>\n<li>Inneholder detaljerte monteringsanvisninger.<\/li>\n<\/ol>\n<p>Legge merke til:<br \/>\n1. Uten original eske, men vi garanterer at v\u00e5re produkter har kvalitetssikring og pen emballasje.<br \/>\n2. Som alle delene vi har sjekket f\u00f8r frakt, s\u00e5 hvis du finner noen deler savnet eller skadet, ikke bekymre deg og bare kontakt oss, s\u00e5 kan vi sende dem til deg p\u00e5 nytt umiddelbart gratis.<\/p>\n<figure id=\"attachment_26628\" aria-describedby=\"caption-attachment-26628\" style=\"width: 1000px\" class=\"wp-caption aligncenter\"><img fetchpriority=\"high\" decoding=\"async\" class=\"size-full wp-image-26628\" title=\"MOC-62755 Thunderjaw (Horizon Zero Dawn) med 577 deler\" src=\"https:\/\/mouldking.store\/wp-content\/uploads\/2021\/11\/moc-62755-thunderjaw-horizon-zero-dawn-with-577-pieces.jpg\" alt=\"MOC-62755 Thunderjaw (Horizon Zero Dawn) with 577 pieces\" width=\"1000\" height=\"1000\" srcset=\"https:\/\/mouldking.store\/wp-content\/uploads\/2021\/11\/moc-62755-thunderjaw-horizon-zero-dawn-with-577-pieces.jpg 1000w, https:\/\/mouldking.store\/wp-content\/uploads\/2021\/11\/moc-62755-thunderjaw-horizon-zero-dawn-with-577-pieces-300x300.jpg 300w, https:\/\/mouldking.store\/wp-content\/uploads\/2021\/11\/moc-62755-thunderjaw-horizon-zero-dawn-with-577-pieces-768x768.jpg 768w, https:\/\/mouldking.store\/wp-content\/uploads\/2021\/11\/moc-62755-thunderjaw-horizon-zero-dawn-with-577-pieces-600x600.jpg 600w, https:\/\/mouldking.store\/wp-content\/uploads\/2021\/11\/moc-62755-thunderjaw-horizon-zero-dawn-with-577-pieces-150x150.jpg 150w\" sizes=\"(max-width: 1000px) 100vw, 1000px\" \/><figcaption id=\"caption-attachment-26628\" class=\"wp-caption-text\">MOC-62755 Thunderjaw (Horizon Zero Dawn) med 577 deler<\/figcaption><\/figure>\n<figure id=\"attachment_26629\" aria-describedby=\"caption-attachment-26629\" style=\"width: 1000px\" class=\"wp-caption aligncenter\"><img decoding=\"async\" class=\"size-full wp-image-26629\" title=\"MOC-62755 Thunderjaw (Horizon Zero Dawn) med 577 deler\" src=\"https:\/\/mouldking.store\/wp-content\/uploads\/2021\/11\/moc-62755-thunderjaw-horizon-zero-dawn-with-577-pieces-1.jpg\" alt=\"MOC-62755 Thunderjaw (Horizon Zero Dawn) with 577 pieces\" width=\"1000\" height=\"1000\" srcset=\"https:\/\/mouldking.store\/wp-content\/uploads\/2021\/11\/moc-62755-thunderjaw-horizon-zero-dawn-with-577-pieces-1.jpg 1000w, https:\/\/mouldking.store\/wp-content\/uploads\/2021\/11\/moc-62755-thunderjaw-horizon-zero-dawn-with-577-pieces-1-300x300.jpg 300w, https:\/\/mouldking.store\/wp-content\/uploads\/2021\/11\/moc-62755-thunderjaw-horizon-zero-dawn-with-577-pieces-1-768x768.jpg 768w, https:\/\/mouldking.store\/wp-content\/uploads\/2021\/11\/moc-62755-thunderjaw-horizon-zero-dawn-with-577-pieces-1-600x600.jpg 600w, https:\/\/mouldking.store\/wp-content\/uploads\/2021\/11\/moc-62755-thunderjaw-horizon-zero-dawn-with-577-pieces-1-150x150.jpg 150w\" sizes=\"(max-width: 1000px) 100vw, 1000px\" \/><figcaption id=\"caption-attachment-26629\" class=\"wp-caption-text\">MOC-62755 Thunderjaw (Horizon Zero Dawn) med 577 deler<\/figcaption><\/figure>\n<p>&nbsp;<\/p>","protected":false},"excerpt":{"rendered":"<p>Product information: Brand: MOC Gender: Unisex Name: Thunderjaw (Horizon Zero Dawn) Age Range: &gt; 6 years old Model Number: MOC-62755 Classification: Assemblage Plastic Block Shape: Self-Locking Bricks Material: Plastic Plastic Type: ABS Bricks Blocks: 577 PCS Contains detailed assembly instructions. Notice: 1. Without an original box, but we guarantee our products have quality assurance and [&hellip;]<\/p>","protected":false},"featured_media":26630,"comment_status":"open","ping_status":"closed","template":"","meta":{"_acf_changed":false},"product_cat":[581],"product_tag":[3102,3103],"class_list":["product","first","instock","shipping-taxable","purchasable","product-type-simple"],"acf":[],"_links":{"self":[{"href":"https:\/\/mouldking.store\/nb\/wp-json\/wp\/v2\/product\/26627","targetHints":{"allow":["GET"]}}],"collection":[{"href":"https:\/\/mouldking.store\/nb\/wp-json\/wp\/v2\/product"}],"about":[{"href":"https:\/\/mouldking.store\/nb\/wp-json\/wp\/v2\/types\/product"}],"replies":[{"embeddable":true,"href":"https:\/\/mouldking.store\/nb\/wp-json\/wp\/v2\/comments?post=26627"}],"wp:featuredmedia":[{"embeddable":true,"href":"https:\/\/mouldking.store\/nb\/wp-json\/wp\/v2\/media\/26630"}],"wp:attachment":[{"href":"https:\/\/mouldking.store\/nb\/wp-json\/wp\/v2\/media?parent=26627"}],"wp:term":[{"taxonomy":"product_cat","embeddable":true,"href":"https:\/\/mouldking.store\/nb\/wp-json\/wp\/v2\/product_cat?post=26627"},{"taxonomy":"product_tag","embeddable":true,"href":"https:\/\/mouldking.store\/nb\/wp-json\/wp\/v2\/product_tag?post=26627"}],"curies":[{"name":"wp","href":"https:\/\/api.w.org\/{rel}","templated":true}]}}