{"id":26655,"date":"2021-11-04T13:27:40","date_gmt":"2021-11-04T13:27:40","guid":{"rendered":"https:\/\/mouldking.store\/?post_type=product&#038;p=26655"},"modified":"2021-12-23T09:40:49","modified_gmt":"2021-12-23T09:40:49","slug":"panlos-632002-type-99-main-battle-tank-with-1600-pieces","status":"publish","type":"product","link":"https:\/\/mouldking.store\/nb\/shop\/panlos-632002-type-99-main-battle-tank-with-1600-pieces\/","title":{"rendered":"PANLOS 632002 Type 99 Main Battle Tank med 1600 stykker"},"content":{"rendered":"<p>Produktinformasjon:<\/p>\n<ol>\n<li>Merke: PANLOS<\/li>\n<li>Kj\u00f8nn: Unisex<\/li>\n<li>Navn: Type 99 Main Battle Tank<\/li>\n<li>Aldersgruppe: &gt; 6 \u00e5r gammel<\/li>\n<li>Modellnummer: 632002<\/li>\n<li>Klassifisering: Montering<\/li>\n<li>Plastblokkform: Selvl\u00e5sende murstein<\/li>\n<li>Materiale: Plast<\/li>\n<li>Plasttype: ABS<\/li>\n<li>Mursteinsblokker: 1600 STK<\/li>\n<li>Inneholder detaljerte monteringsanvisninger.<\/li>\n<\/ol>\n<p>Legge merke til:<br \/>\n1. Uten original eske, men vi garanterer at v\u00e5re produkter har kvalitetssikring og pen emballasje.<br \/>\n2. Som alle delene vi har sjekket f\u00f8r frakt, s\u00e5 hvis du finner noen deler savnet eller skadet, ikke bekymre deg og bare kontakt oss, s\u00e5 kan vi sende dem til deg p\u00e5 nytt umiddelbart gratis.<\/p>\n<figure id=\"attachment_26657\" aria-describedby=\"caption-attachment-26657\" style=\"width: 800px\" class=\"wp-caption aligncenter\"><img fetchpriority=\"high\" decoding=\"async\" class=\"wp-image-26657 size-full\" src=\"https:\/\/mouldking.store\/wp-content\/uploads\/2021\/11\/PANLOS-632002-Type-99-Main-Battle-Tank-with-1600-pieces-1.jpg\" alt=\"PANLOS 632002 Type 99 Main Battle Tank with 1600 pieces\" width=\"800\" height=\"800\" title=\"-\" srcset=\"https:\/\/mouldking.store\/wp-content\/uploads\/2021\/11\/PANLOS-632002-Type-99-Main-Battle-Tank-with-1600-pieces-1.jpg 800w, https:\/\/mouldking.store\/wp-content\/uploads\/2021\/11\/PANLOS-632002-Type-99-Main-Battle-Tank-with-1600-pieces-1-300x300.jpg 300w, https:\/\/mouldking.store\/wp-content\/uploads\/2021\/11\/PANLOS-632002-Type-99-Main-Battle-Tank-with-1600-pieces-1-768x768.jpg 768w, https:\/\/mouldking.store\/wp-content\/uploads\/2021\/11\/PANLOS-632002-Type-99-Main-Battle-Tank-with-1600-pieces-1-600x600.jpg 600w, https:\/\/mouldking.store\/wp-content\/uploads\/2021\/11\/PANLOS-632002-Type-99-Main-Battle-Tank-with-1600-pieces-1-150x150.jpg 150w\" sizes=\"(max-width: 800px) 100vw, 800px\" \/><figcaption id=\"caption-attachment-26657\" class=\"wp-caption-text\">PANLOS 632002 Type 99 Main Battle Tank med 1600 stykker<\/figcaption><\/figure>\n<figure id=\"attachment_26662\" aria-describedby=\"caption-attachment-26662\" style=\"width: 800px\" class=\"wp-caption aligncenter\"><img decoding=\"async\" class=\"wp-image-26662 size-full\" src=\"https:\/\/mouldking.store\/wp-content\/uploads\/2021\/11\/PANLOS-632002-Type-99-Main-Battle-Tank-with-1600-pieces-6.jpg\" alt=\"PANLOS 632002 Type 99 Main Battle Tank with 1600 pieces\" width=\"800\" height=\"800\" title=\"-\" srcset=\"https:\/\/mouldking.store\/wp-content\/uploads\/2021\/11\/PANLOS-632002-Type-99-Main-Battle-Tank-with-1600-pieces-6.jpg 800w, https:\/\/mouldking.store\/wp-content\/uploads\/2021\/11\/PANLOS-632002-Type-99-Main-Battle-Tank-with-1600-pieces-6-300x300.jpg 300w, https:\/\/mouldking.store\/wp-content\/uploads\/2021\/11\/PANLOS-632002-Type-99-Main-Battle-Tank-with-1600-pieces-6-768x768.jpg 768w, https:\/\/mouldking.store\/wp-content\/uploads\/2021\/11\/PANLOS-632002-Type-99-Main-Battle-Tank-with-1600-pieces-6-600x600.jpg 600w, https:\/\/mouldking.store\/wp-content\/uploads\/2021\/11\/PANLOS-632002-Type-99-Main-Battle-Tank-with-1600-pieces-6-150x150.jpg 150w\" sizes=\"(max-width: 800px) 100vw, 800px\" \/><figcaption id=\"caption-attachment-26662\" class=\"wp-caption-text\">PANLOS 632002 Type 99 Main Battle Tank med 1600 stykker<\/figcaption><\/figure>\n<figure id=\"attachment_26661\" aria-describedby=\"caption-attachment-26661\" style=\"width: 790px\" class=\"wp-caption aligncenter\"><img decoding=\"async\" class=\"wp-image-26661 size-full\" src=\"https:\/\/mouldking.store\/wp-content\/uploads\/2021\/11\/PANLOS-632002-Type-99-Main-Battle-Tank-with-1600-pieces-5.jpg\" alt=\"PANLOS 632002 Type 99 Main Battle Tank with 1600 pieces\" width=\"790\" height=\"773\" title=\"-\" srcset=\"https:\/\/mouldking.store\/wp-content\/uploads\/2021\/11\/PANLOS-632002-Type-99-Main-Battle-Tank-with-1600-pieces-5.jpg 790w, https:\/\/mouldking.store\/wp-content\/uploads\/2021\/11\/PANLOS-632002-Type-99-Main-Battle-Tank-with-1600-pieces-5-300x294.jpg 300w, https:\/\/mouldking.store\/wp-content\/uploads\/2021\/11\/PANLOS-632002-Type-99-Main-Battle-Tank-with-1600-pieces-5-768x751.jpg 768w, https:\/\/mouldking.store\/wp-content\/uploads\/2021\/11\/PANLOS-632002-Type-99-Main-Battle-Tank-with-1600-pieces-5-600x587.jpg 600w, https:\/\/mouldking.store\/wp-content\/uploads\/2021\/11\/PANLOS-632002-Type-99-Main-Battle-Tank-with-1600-pieces-5-150x147.jpg 150w\" sizes=\"(max-width: 790px) 100vw, 790px\" \/><figcaption id=\"caption-attachment-26661\" class=\"wp-caption-text\">PANLOS 632002 Type 99 Main Battle Tank med 1600 stykker<\/figcaption><\/figure>\n<figure id=\"attachment_26660\" aria-describedby=\"caption-attachment-26660\" style=\"width: 790px\" class=\"wp-caption aligncenter\"><img loading=\"lazy\" decoding=\"async\" class=\"wp-image-26660 size-full\" src=\"https:\/\/mouldking.store\/wp-content\/uploads\/2021\/11\/PANLOS-632002-Type-99-Main-Battle-Tank-with-1600-pieces-4.jpg\" alt=\"PANLOS 632002 Type 99 Main Battle Tank with 1600 pieces\" width=\"790\" height=\"878\" title=\"-\" srcset=\"https:\/\/mouldking.store\/wp-content\/uploads\/2021\/11\/PANLOS-632002-Type-99-Main-Battle-Tank-with-1600-pieces-4.jpg 790w, https:\/\/mouldking.store\/wp-content\/uploads\/2021\/11\/PANLOS-632002-Type-99-Main-Battle-Tank-with-1600-pieces-4-270x300.jpg 270w, https:\/\/mouldking.store\/wp-content\/uploads\/2021\/11\/PANLOS-632002-Type-99-Main-Battle-Tank-with-1600-pieces-4-768x854.jpg 768w, https:\/\/mouldking.store\/wp-content\/uploads\/2021\/11\/PANLOS-632002-Type-99-Main-Battle-Tank-with-1600-pieces-4-300x333.jpg 300w, https:\/\/mouldking.store\/wp-content\/uploads\/2021\/11\/PANLOS-632002-Type-99-Main-Battle-Tank-with-1600-pieces-4-600x667.jpg 600w, https:\/\/mouldking.store\/wp-content\/uploads\/2021\/11\/PANLOS-632002-Type-99-Main-Battle-Tank-with-1600-pieces-4-135x150.jpg 135w\" sizes=\"(max-width: 790px) 100vw, 790px\" \/><figcaption id=\"caption-attachment-26660\" class=\"wp-caption-text\">PANLOS 632002 Type 99 Main Battle Tank med 1600 stykker<\/figcaption><\/figure>\n<figure id=\"attachment_26659\" aria-describedby=\"caption-attachment-26659\" style=\"width: 790px\" class=\"wp-caption aligncenter\"><img loading=\"lazy\" decoding=\"async\" class=\"wp-image-26659 size-full\" src=\"https:\/\/mouldking.store\/wp-content\/uploads\/2021\/11\/PANLOS-632002-Type-99-Main-Battle-Tank-with-1600-pieces-3.jpg\" alt=\"PANLOS 632002 Type 99 Main Battle Tank with 1600 pieces\" width=\"790\" height=\"881\" title=\"-\" srcset=\"https:\/\/mouldking.store\/wp-content\/uploads\/2021\/11\/PANLOS-632002-Type-99-Main-Battle-Tank-with-1600-pieces-3.jpg 790w, https:\/\/mouldking.store\/wp-content\/uploads\/2021\/11\/PANLOS-632002-Type-99-Main-Battle-Tank-with-1600-pieces-3-269x300.jpg 269w, https:\/\/mouldking.store\/wp-content\/uploads\/2021\/11\/PANLOS-632002-Type-99-Main-Battle-Tank-with-1600-pieces-3-768x856.jpg 768w, https:\/\/mouldking.store\/wp-content\/uploads\/2021\/11\/PANLOS-632002-Type-99-Main-Battle-Tank-with-1600-pieces-3-300x335.jpg 300w, https:\/\/mouldking.store\/wp-content\/uploads\/2021\/11\/PANLOS-632002-Type-99-Main-Battle-Tank-with-1600-pieces-3-600x669.jpg 600w, https:\/\/mouldking.store\/wp-content\/uploads\/2021\/11\/PANLOS-632002-Type-99-Main-Battle-Tank-with-1600-pieces-3-135x150.jpg 135w\" sizes=\"(max-width: 790px) 100vw, 790px\" \/><figcaption id=\"caption-attachment-26659\" class=\"wp-caption-text\">PANLOS 632002 Type 99 Main Battle Tank med 1600 stykker<\/figcaption><\/figure>\n<figure id=\"attachment_26658\" aria-describedby=\"caption-attachment-26658\" style=\"width: 790px\" class=\"wp-caption aligncenter\"><img loading=\"lazy\" decoding=\"async\" class=\"wp-image-26658 size-full\" src=\"https:\/\/mouldking.store\/wp-content\/uploads\/2021\/11\/PANLOS-632002-Type-99-Main-Battle-Tank-with-1600-pieces-2.jpg\" alt=\"PANLOS 632002 Type 99 Main Battle Tank with 1600 pieces\" width=\"790\" height=\"745\" title=\"-\" srcset=\"https:\/\/mouldking.store\/wp-content\/uploads\/2021\/11\/PANLOS-632002-Type-99-Main-Battle-Tank-with-1600-pieces-2.jpg 790w, https:\/\/mouldking.store\/wp-content\/uploads\/2021\/11\/PANLOS-632002-Type-99-Main-Battle-Tank-with-1600-pieces-2-300x283.jpg 300w, https:\/\/mouldking.store\/wp-content\/uploads\/2021\/11\/PANLOS-632002-Type-99-Main-Battle-Tank-with-1600-pieces-2-768x724.jpg 768w, https:\/\/mouldking.store\/wp-content\/uploads\/2021\/11\/PANLOS-632002-Type-99-Main-Battle-Tank-with-1600-pieces-2-600x566.jpg 600w, https:\/\/mouldking.store\/wp-content\/uploads\/2021\/11\/PANLOS-632002-Type-99-Main-Battle-Tank-with-1600-pieces-2-150x141.jpg 150w\" sizes=\"(max-width: 790px) 100vw, 790px\" \/><figcaption id=\"caption-attachment-26658\" class=\"wp-caption-text\">PANLOS 632002 Type 99 Main Battle Tank med 1600 stykker<\/figcaption><\/figure>","protected":false},"excerpt":{"rendered":"<p>Product information: Brand: PANLOS Gender: Unisex Name: Type 99 Main Battle Tank Age Range: &gt; 6 years old Model Number: 632002 Classification: Assemblage Plastic Block Shape: Self-Locking Bricks Material: Plastic Plastic Type: ABS Bricks Blocks: 1600 PCS Contains detailed assembly instructions. Notice: 1. Without an original box, but we guarantee our products have quality assurance [&hellip;]<\/p>","protected":false},"featured_media":26657,"comment_status":"open","ping_status":"closed","template":"","meta":{"_acf_changed":false},"product_cat":[372],"product_tag":[3129,3128,2641,1851,3127,3126,485,2640,2644],"class_list":["product","first","instock","shipping-taxable","purchasable","product-type-simple"],"acf":[],"_links":{"self":[{"href":"https:\/\/mouldking.store\/nb\/wp-json\/wp\/v2\/product\/26655","targetHints":{"allow":["GET"]}}],"collection":[{"href":"https:\/\/mouldking.store\/nb\/wp-json\/wp\/v2\/product"}],"about":[{"href":"https:\/\/mouldking.store\/nb\/wp-json\/wp\/v2\/types\/product"}],"replies":[{"embeddable":true,"href":"https:\/\/mouldking.store\/nb\/wp-json\/wp\/v2\/comments?post=26655"}],"wp:featuredmedia":[{"embeddable":true,"href":"https:\/\/mouldking.store\/nb\/wp-json\/wp\/v2\/media\/26657"}],"wp:attachment":[{"href":"https:\/\/mouldking.store\/nb\/wp-json\/wp\/v2\/media?parent=26655"}],"wp:term":[{"taxonomy":"product_cat","embeddable":true,"href":"https:\/\/mouldking.store\/nb\/wp-json\/wp\/v2\/product_cat?post=26655"},{"taxonomy":"product_tag","embeddable":true,"href":"https:\/\/mouldking.store\/nb\/wp-json\/wp\/v2\/product_tag?post=26655"}],"curies":[{"name":"wp","href":"https:\/\/api.w.org\/{rel}","templated":true}]}}