{"id":26680,"date":"2021-11-04T15:43:39","date_gmt":"2021-11-04T08:43:39","guid":{"rendered":"https:\/\/mouldking.store\/?post_type=product&#038;p=26680"},"modified":"2025-12-25T09:17:09","modified_gmt":"2025-12-25T02:17:09","slug":"moc-45981-the-clogged-throne-with-1700-pieces","status":"publish","type":"product","link":"https:\/\/mouldking.store\/nb\/shop\/moc-45981-the-clogged-throne-with-1700-pieces\/","title":{"rendered":"MOC-45981 Den tilstoppede tronen med 1700 brikker"},"content":{"rendered":"<p>Produktinformasjon:<\/p>\n<ol>\n<li>Merke: MOC<\/li>\n<li>Kj\u00f8nn: Unisex<\/li>\n<li>Name: The Clogged Throne<\/li>\n<li>Aldersgruppe: &gt; 6 \u00e5r gammel<\/li>\n<li>Model Number: MOC-45981<\/li>\n<li>Klassifisering: Montering<\/li>\n<li>Plastblokkform: Selvl\u00e5sende murstein<\/li>\n<li>Materiale: Plast<\/li>\n<li>Plasttype: ABS<\/li>\n<li>Bricks Blocks: 1700 PCS<\/li>\n<li>Inneholder detaljerte monteringsanvisninger.<\/li>\n<\/ol>\n<p>Legge merke til:<br \/>\n1. Uten original eske, men vi garanterer at v\u00e5re produkter har kvalitetssikring og pen emballasje.<br \/>\n2. Som alle delene vi har sjekket f\u00f8r frakt, s\u00e5 hvis du finner noen deler savnet eller skadet, ikke bekymre deg og bare kontakt oss, s\u00e5 kan vi sende dem til deg p\u00e5 nytt umiddelbart gratis.<\/p>\n<figure id=\"attachment_26681\" aria-describedby=\"caption-attachment-26681\" style=\"width: 1024px\" class=\"wp-caption aligncenter\"><img fetchpriority=\"high\" decoding=\"async\" class=\"size-large wp-image-26681\" title=\"MOC-45981 Den tilstoppede tronen med 1700 brikker\" src=\"https:\/\/mouldking.store\/wp-content\/uploads\/2021\/11\/moc-45981-the-clogged-throne-with-1700-pieces-1024x1024.jpg\" alt=\"MOC-45981 The Clogged Throne with 1700 pieces\" width=\"1024\" height=\"1024\" srcset=\"https:\/\/mouldking.store\/wp-content\/uploads\/2021\/11\/moc-45981-the-clogged-throne-with-1700-pieces-1024x1024.jpg 1024w, https:\/\/mouldking.store\/wp-content\/uploads\/2021\/11\/moc-45981-the-clogged-throne-with-1700-pieces-300x300.jpg 300w, https:\/\/mouldking.store\/wp-content\/uploads\/2021\/11\/moc-45981-the-clogged-throne-with-1700-pieces-768x768.jpg 768w, https:\/\/mouldking.store\/wp-content\/uploads\/2021\/11\/moc-45981-the-clogged-throne-with-1700-pieces-600x600.jpg 600w, https:\/\/mouldking.store\/wp-content\/uploads\/2021\/11\/moc-45981-the-clogged-throne-with-1700-pieces-150x150.jpg 150w, https:\/\/mouldking.store\/wp-content\/uploads\/2021\/11\/moc-45981-the-clogged-throne-with-1700-pieces.jpg 1280w\" sizes=\"(max-width: 1024px) 100vw, 1024px\" \/><figcaption id=\"caption-attachment-26681\" class=\"wp-caption-text\">MOC-45981 Den tilstoppede tronen med 1700 brikker<\/figcaption><\/figure>\n<figure id=\"attachment_26682\" aria-describedby=\"caption-attachment-26682\" style=\"width: 1024px\" class=\"wp-caption aligncenter\"><img decoding=\"async\" class=\"size-large wp-image-26682\" title=\"MOC-45981 Den tilstoppede tronen med 1700 brikker\" src=\"https:\/\/mouldking.store\/wp-content\/uploads\/2021\/11\/moc-45981-the-clogged-throne-with-1700-pieces-1-1024x1024.jpg\" alt=\"MOC-45981 The Clogged Throne with 1700 pieces\" width=\"1024\" height=\"1024\" srcset=\"https:\/\/mouldking.store\/wp-content\/uploads\/2021\/11\/moc-45981-the-clogged-throne-with-1700-pieces-1-1024x1024.jpg 1024w, https:\/\/mouldking.store\/wp-content\/uploads\/2021\/11\/moc-45981-the-clogged-throne-with-1700-pieces-1-300x300.jpg 300w, https:\/\/mouldking.store\/wp-content\/uploads\/2021\/11\/moc-45981-the-clogged-throne-with-1700-pieces-1-768x768.jpg 768w, https:\/\/mouldking.store\/wp-content\/uploads\/2021\/11\/moc-45981-the-clogged-throne-with-1700-pieces-1-600x600.jpg 600w, https:\/\/mouldking.store\/wp-content\/uploads\/2021\/11\/moc-45981-the-clogged-throne-with-1700-pieces-1-150x150.jpg 150w, https:\/\/mouldking.store\/wp-content\/uploads\/2021\/11\/moc-45981-the-clogged-throne-with-1700-pieces-1.jpg 1280w\" sizes=\"(max-width: 1024px) 100vw, 1024px\" \/><figcaption id=\"caption-attachment-26682\" class=\"wp-caption-text\">MOC-45981 Den tilstoppede tronen med 1700 brikker<\/figcaption><\/figure>\n<figure id=\"attachment_26683\" aria-describedby=\"caption-attachment-26683\" style=\"width: 1024px\" class=\"wp-caption aligncenter\"><img decoding=\"async\" class=\"size-large wp-image-26683\" title=\"MOC-45981 Den tilstoppede tronen med 1700 brikker\" src=\"https:\/\/mouldking.store\/wp-content\/uploads\/2021\/11\/moc-45981-the-clogged-throne-with-1700-pieces-2-1024x1024.jpg\" alt=\"MOC-45981 The Clogged Throne with 1700 pieces\" width=\"1024\" height=\"1024\" srcset=\"https:\/\/mouldking.store\/wp-content\/uploads\/2021\/11\/moc-45981-the-clogged-throne-with-1700-pieces-2-1024x1024.jpg 1024w, https:\/\/mouldking.store\/wp-content\/uploads\/2021\/11\/moc-45981-the-clogged-throne-with-1700-pieces-2-300x300.jpg 300w, https:\/\/mouldking.store\/wp-content\/uploads\/2021\/11\/moc-45981-the-clogged-throne-with-1700-pieces-2-768x768.jpg 768w, https:\/\/mouldking.store\/wp-content\/uploads\/2021\/11\/moc-45981-the-clogged-throne-with-1700-pieces-2-600x600.jpg 600w, https:\/\/mouldking.store\/wp-content\/uploads\/2021\/11\/moc-45981-the-clogged-throne-with-1700-pieces-2-150x150.jpg 150w, https:\/\/mouldking.store\/wp-content\/uploads\/2021\/11\/moc-45981-the-clogged-throne-with-1700-pieces-2.jpg 1280w\" sizes=\"(max-width: 1024px) 100vw, 1024px\" \/><figcaption id=\"caption-attachment-26683\" class=\"wp-caption-text\">MOC-45981 Den tilstoppede tronen med 1700 brikker<\/figcaption><\/figure>\n<p>&nbsp;<\/p>","protected":false},"excerpt":{"rendered":"<p>Arrange Time:4-8 weeks<\/p>","protected":false},"featured_media":26684,"comment_status":"open","ping_status":"closed","template":"","meta":{"_acf_changed":false},"product_cat":[371],"product_tag":[3141,3142],"class_list":["product","first","instock","shipping-taxable","purchasable","product-type-simple"],"acf":[],"_links":{"self":[{"href":"https:\/\/mouldking.store\/nb\/wp-json\/wp\/v2\/product\/26680","targetHints":{"allow":["GET"]}}],"collection":[{"href":"https:\/\/mouldking.store\/nb\/wp-json\/wp\/v2\/product"}],"about":[{"href":"https:\/\/mouldking.store\/nb\/wp-json\/wp\/v2\/types\/product"}],"replies":[{"embeddable":true,"href":"https:\/\/mouldking.store\/nb\/wp-json\/wp\/v2\/comments?post=26680"}],"wp:featuredmedia":[{"embeddable":true,"href":"https:\/\/mouldking.store\/nb\/wp-json\/wp\/v2\/media\/26684"}],"wp:attachment":[{"href":"https:\/\/mouldking.store\/nb\/wp-json\/wp\/v2\/media?parent=26680"}],"wp:term":[{"taxonomy":"product_cat","embeddable":true,"href":"https:\/\/mouldking.store\/nb\/wp-json\/wp\/v2\/product_cat?post=26680"},{"taxonomy":"product_tag","embeddable":true,"href":"https:\/\/mouldking.store\/nb\/wp-json\/wp\/v2\/product_tag?post=26680"}],"curies":[{"name":"wp","href":"https:\/\/api.w.org\/{rel}","templated":true}]}}