{"id":26728,"date":"2021-11-05T00:40:53","date_gmt":"2021-11-05T00:40:53","guid":{"rendered":"https:\/\/mouldking.store\/?post_type=product&#038;p=26728"},"modified":"2021-12-23T09:40:49","modified_gmt":"2021-12-23T09:40:49","slug":"mould-king-17006-rc-bucket-wheel-excavator-with-4588-pieces","status":"publish","type":"product","link":"https:\/\/mouldking.store\/nb\/shop\/mould-king-17006-rc-bucket-wheel-excavator-with-4588-pieces\/","title":{"rendered":"Mold King 17006 RC Bucket Wheel Gravemaskin med 4588 stykker"},"content":{"rendered":"<p>Produktinformasjon:<\/p>\n<ol>\n<li>Merke: Mold King<\/li>\n<li>Kj\u00f8nn: Unisex<\/li>\n<li>Navn: RC Bucket Wheel Gravemaskin<\/li>\n<li>Aldersgruppe: &gt; 14 \u00e5r gammel<\/li>\n<li>Modellnummer: 17006<\/li>\n<li>Klassifisering: Montering<\/li>\n<li>Plastblokkform: Selvl\u00e5sende murstein<\/li>\n<li>Materiale: Plast<\/li>\n<li>Plasttype: ABS<\/li>\n<li>Mursteinsblokker: 4588 STK<\/li>\n<li>Inneholder detaljerte monteringsanvisninger.<\/li>\n<\/ol>\n<p>Legge merke til:<br \/>\n1. Uten original eske, men vi garanterer at v\u00e5re produkter har kvalitetssikring og pen emballasje.<br \/>\n2. Som alle delene vi har sjekket f\u00f8r frakt, s\u00e5 hvis du finner noen deler savnet eller skadet, ikke bekymre deg og bare kontakt oss, s\u00e5 kan vi sende dem til deg p\u00e5 nytt umiddelbart gratis.<\/p>\n<figure id=\"attachment_26729\" aria-describedby=\"caption-attachment-26729\" style=\"width: 800px\" class=\"wp-caption aligncenter\"><img fetchpriority=\"high\" decoding=\"async\" class=\"wp-image-26729 size-full\" src=\"https:\/\/mouldking.store\/wp-content\/uploads\/2021\/11\/Mould-King-17006-RC-Bucket-Wheel-Excavator-with-4588-pieces-1.jpg\" alt=\"Mould King 17006 RC Bucket Wheel Excavator with 4588 pieces\" width=\"800\" height=\"800\" title=\"-\" srcset=\"https:\/\/mouldking.store\/wp-content\/uploads\/2021\/11\/Mould-King-17006-RC-Bucket-Wheel-Excavator-with-4588-pieces-1.jpg 800w, https:\/\/mouldking.store\/wp-content\/uploads\/2021\/11\/Mould-King-17006-RC-Bucket-Wheel-Excavator-with-4588-pieces-1-300x300.jpg 300w, https:\/\/mouldking.store\/wp-content\/uploads\/2021\/11\/Mould-King-17006-RC-Bucket-Wheel-Excavator-with-4588-pieces-1-768x768.jpg 768w, https:\/\/mouldking.store\/wp-content\/uploads\/2021\/11\/Mould-King-17006-RC-Bucket-Wheel-Excavator-with-4588-pieces-1-600x600.jpg 600w, https:\/\/mouldking.store\/wp-content\/uploads\/2021\/11\/Mould-King-17006-RC-Bucket-Wheel-Excavator-with-4588-pieces-1-150x150.jpg 150w\" sizes=\"(max-width: 800px) 100vw, 800px\" \/><figcaption id=\"caption-attachment-26729\" class=\"wp-caption-text\">Mold King 17006 RC Bucket Wheel Gravemaskin med 4588 stykker<\/figcaption><\/figure>\n<figure id=\"attachment_26734\" aria-describedby=\"caption-attachment-26734\" style=\"width: 790px\" class=\"wp-caption aligncenter\"><img decoding=\"async\" class=\"wp-image-26734 size-full\" src=\"https:\/\/mouldking.store\/wp-content\/uploads\/2021\/11\/Mould-King-17006-RC-Bucket-Wheel-Excavator-with-4588-pieces-5.jpg\" alt=\"Mould King 17006 RC Bucket Wheel Excavator with 4588 pieces\" width=\"790\" height=\"686\" title=\"-\" srcset=\"https:\/\/mouldking.store\/wp-content\/uploads\/2021\/11\/Mould-King-17006-RC-Bucket-Wheel-Excavator-with-4588-pieces-5.jpg 790w, https:\/\/mouldking.store\/wp-content\/uploads\/2021\/11\/Mould-King-17006-RC-Bucket-Wheel-Excavator-with-4588-pieces-5-300x261.jpg 300w, https:\/\/mouldking.store\/wp-content\/uploads\/2021\/11\/Mould-King-17006-RC-Bucket-Wheel-Excavator-with-4588-pieces-5-768x667.jpg 768w, https:\/\/mouldking.store\/wp-content\/uploads\/2021\/11\/Mould-King-17006-RC-Bucket-Wheel-Excavator-with-4588-pieces-5-600x521.jpg 600w, https:\/\/mouldking.store\/wp-content\/uploads\/2021\/11\/Mould-King-17006-RC-Bucket-Wheel-Excavator-with-4588-pieces-5-150x130.jpg 150w\" sizes=\"(max-width: 790px) 100vw, 790px\" \/><figcaption id=\"caption-attachment-26734\" class=\"wp-caption-text\">Mold King 17006 RC Bucket Wheel Gravemaskin med 4588 stykker<\/figcaption><\/figure>\n<figure id=\"attachment_26733\" aria-describedby=\"caption-attachment-26733\" style=\"width: 789px\" class=\"wp-caption aligncenter\"><img decoding=\"async\" class=\"wp-image-26733 size-full\" src=\"https:\/\/mouldking.store\/wp-content\/uploads\/2021\/11\/Mould-King-17006-RC-Bucket-Wheel-Excavator-with-4588-pieces-4.jpg\" alt=\"Mould King 17006 RC Bucket Wheel Excavator with 4588 pieces\" width=\"789\" height=\"1024\" title=\"-\" srcset=\"https:\/\/mouldking.store\/wp-content\/uploads\/2021\/11\/Mould-King-17006-RC-Bucket-Wheel-Excavator-with-4588-pieces-4.jpg 789w, https:\/\/mouldking.store\/wp-content\/uploads\/2021\/11\/Mould-King-17006-RC-Bucket-Wheel-Excavator-with-4588-pieces-4-231x300.jpg 231w, https:\/\/mouldking.store\/wp-content\/uploads\/2021\/11\/Mould-King-17006-RC-Bucket-Wheel-Excavator-with-4588-pieces-4-768x997.jpg 768w, https:\/\/mouldking.store\/wp-content\/uploads\/2021\/11\/Mould-King-17006-RC-Bucket-Wheel-Excavator-with-4588-pieces-4-300x389.jpg 300w, https:\/\/mouldking.store\/wp-content\/uploads\/2021\/11\/Mould-King-17006-RC-Bucket-Wheel-Excavator-with-4588-pieces-4-600x779.jpg 600w, https:\/\/mouldking.store\/wp-content\/uploads\/2021\/11\/Mould-King-17006-RC-Bucket-Wheel-Excavator-with-4588-pieces-4-116x150.jpg 116w\" sizes=\"(max-width: 789px) 100vw, 789px\" \/><figcaption id=\"caption-attachment-26733\" class=\"wp-caption-text\">Mold King 17006 RC Bucket Wheel Gravemaskin med 4588 stykker<\/figcaption><\/figure>\n<figure id=\"attachment_26731\" aria-describedby=\"caption-attachment-26731\" style=\"width: 545px\" class=\"wp-caption aligncenter\"><img loading=\"lazy\" decoding=\"async\" class=\"wp-image-26731 size-full\" src=\"https:\/\/mouldking.store\/wp-content\/uploads\/2021\/11\/Mould-King-17006-RC-Bucket-Wheel-Excavator-with-4588-pieces-3.jpg\" alt=\"Mould King 17006 RC Bucket Wheel Excavator with 4588 pieces\" width=\"545\" height=\"1024\" title=\"-\" srcset=\"https:\/\/mouldking.store\/wp-content\/uploads\/2021\/11\/Mould-King-17006-RC-Bucket-Wheel-Excavator-with-4588-pieces-3.jpg 545w, https:\/\/mouldking.store\/wp-content\/uploads\/2021\/11\/Mould-King-17006-RC-Bucket-Wheel-Excavator-with-4588-pieces-3-160x300.jpg 160w, https:\/\/mouldking.store\/wp-content\/uploads\/2021\/11\/Mould-King-17006-RC-Bucket-Wheel-Excavator-with-4588-pieces-3-300x564.jpg 300w, https:\/\/mouldking.store\/wp-content\/uploads\/2021\/11\/Mould-King-17006-RC-Bucket-Wheel-Excavator-with-4588-pieces-3-80x150.jpg 80w\" sizes=\"(max-width: 545px) 100vw, 545px\" \/><figcaption id=\"caption-attachment-26731\" class=\"wp-caption-text\">Mold King 17006 RC Bucket Wheel Gravemaskin med 4588 stykker<\/figcaption><\/figure>\n<figure id=\"attachment_26730\" aria-describedby=\"caption-attachment-26730\" style=\"width: 790px\" class=\"wp-caption aligncenter\"><img loading=\"lazy\" decoding=\"async\" class=\"wp-image-26730 size-full\" src=\"https:\/\/mouldking.store\/wp-content\/uploads\/2021\/11\/Mould-King-17006-RC-Bucket-Wheel-Excavator-with-4588-pieces-2.jpg\" alt=\"Mould King 17006 RC Bucket Wheel Excavator with 4588 pieces\" width=\"790\" height=\"886\" title=\"-\" srcset=\"https:\/\/mouldking.store\/wp-content\/uploads\/2021\/11\/Mould-King-17006-RC-Bucket-Wheel-Excavator-with-4588-pieces-2.jpg 790w, https:\/\/mouldking.store\/wp-content\/uploads\/2021\/11\/Mould-King-17006-RC-Bucket-Wheel-Excavator-with-4588-pieces-2-267x300.jpg 267w, https:\/\/mouldking.store\/wp-content\/uploads\/2021\/11\/Mould-King-17006-RC-Bucket-Wheel-Excavator-with-4588-pieces-2-768x861.jpg 768w, https:\/\/mouldking.store\/wp-content\/uploads\/2021\/11\/Mould-King-17006-RC-Bucket-Wheel-Excavator-with-4588-pieces-2-300x336.jpg 300w, https:\/\/mouldking.store\/wp-content\/uploads\/2021\/11\/Mould-King-17006-RC-Bucket-Wheel-Excavator-with-4588-pieces-2-600x673.jpg 600w, https:\/\/mouldking.store\/wp-content\/uploads\/2021\/11\/Mould-King-17006-RC-Bucket-Wheel-Excavator-with-4588-pieces-2-134x150.jpg 134w\" sizes=\"(max-width: 790px) 100vw, 790px\" \/><figcaption id=\"caption-attachment-26730\" class=\"wp-caption-text\">Mold King 17006 RC Bucket Wheel Gravemaskin med 4588 stykker<\/figcaption><\/figure>","protected":false},"excerpt":{"rendered":"<p>Product information: Brand: Mould King Gender: Unisex Name: RC Bucket Wheel Excavator Age Range: &gt; 14 years old Model Number: 17006 Classification: Assemblage Plastic Block Shape: Self-Locking Bricks Material: Plastic Plastic Type: ABS Bricks Blocks: 4588 PCS Contains detailed assembly instructions. Notice: 1. Without an original box, but we guarantee our products have quality assurance [&hellip;]<\/p>","protected":false},"featured_media":26729,"comment_status":"open","ping_status":"closed","template":"","meta":{"_acf_changed":false},"product_cat":[364],"product_tag":[3186,3181,3180,3183,3185,3184,481,3182],"class_list":["product","first","instock","shipping-taxable","purchasable","product-type-simple"],"acf":[],"_links":{"self":[{"href":"https:\/\/mouldking.store\/nb\/wp-json\/wp\/v2\/product\/26728","targetHints":{"allow":["GET"]}}],"collection":[{"href":"https:\/\/mouldking.store\/nb\/wp-json\/wp\/v2\/product"}],"about":[{"href":"https:\/\/mouldking.store\/nb\/wp-json\/wp\/v2\/types\/product"}],"replies":[{"embeddable":true,"href":"https:\/\/mouldking.store\/nb\/wp-json\/wp\/v2\/comments?post=26728"}],"wp:featuredmedia":[{"embeddable":true,"href":"https:\/\/mouldking.store\/nb\/wp-json\/wp\/v2\/media\/26729"}],"wp:attachment":[{"href":"https:\/\/mouldking.store\/nb\/wp-json\/wp\/v2\/media?parent=26728"}],"wp:term":[{"taxonomy":"product_cat","embeddable":true,"href":"https:\/\/mouldking.store\/nb\/wp-json\/wp\/v2\/product_cat?post=26728"},{"taxonomy":"product_tag","embeddable":true,"href":"https:\/\/mouldking.store\/nb\/wp-json\/wp\/v2\/product_tag?post=26728"}],"curies":[{"name":"wp","href":"https:\/\/api.w.org\/{rel}","templated":true}]}}