{"id":26732,"date":"2021-11-05T00:45:24","date_gmt":"2021-11-05T00:45:24","guid":{"rendered":"https:\/\/mouldking.store\/?post_type=product&#038;p=26732"},"modified":"2021-12-23T09:40:49","modified_gmt":"2021-12-23T09:40:49","slug":"dk-80009-boeing-787-with-1353-pieces","status":"publish","type":"product","link":"https:\/\/mouldking.store\/nb\/shop\/dk-80009-boeing-787-with-1353-pieces\/","title":{"rendered":"DK 80009 BOEING 787 med 1353 stk"},"content":{"rendered":"<p>Produktinformasjon:<\/p>\n<ol>\n<li>Merke: DK<\/li>\n<li>Kj\u00f8nn: Unisex<\/li>\n<li>Name: BOEING 787<\/li>\n<li>Aldersgruppe: &gt; 6 \u00e5r gammel<\/li>\n<li>Modellnummer: 80009<\/li>\n<li>Klassifisering: Montering<\/li>\n<li>Plastblokkform: Selvl\u00e5sende murstein<\/li>\n<li>Materiale: Plast<\/li>\n<li>Plasttype: ABS<\/li>\n<li>Bricks Blocks: 1353 PCS<\/li>\n<li>Inneholder detaljerte monteringsanvisninger.<\/li>\n<\/ol>\n<p>Legge merke til:<br \/>\n1. Uten original eske, men vi garanterer at v\u00e5re produkter har kvalitetssikring og pen emballasje.<br \/>\n2. Som alle delene vi har sjekket f\u00f8r frakt, s\u00e5 hvis du finner noen deler savnet eller skadet, ikke bekymre deg og bare kontakt oss, s\u00e5 kan vi sende dem til deg p\u00e5 nytt umiddelbart gratis.<\/p>\n<figure id=\"attachment_26735\" aria-describedby=\"caption-attachment-26735\" style=\"width: 828px\" class=\"wp-caption aligncenter\"><img fetchpriority=\"high\" decoding=\"async\" class=\"wp-image-26735 size-full\" src=\"https:\/\/mouldking.store\/wp-content\/uploads\/2021\/11\/DK-80009-BOEING-787-with-1353-pieces-1.jpg\" alt=\"DK 80009 BOEING 787 with 1353 pieces\" width=\"828\" height=\"830\" title=\"-\" srcset=\"https:\/\/mouldking.store\/wp-content\/uploads\/2021\/11\/DK-80009-BOEING-787-with-1353-pieces-1.jpg 828w, https:\/\/mouldking.store\/wp-content\/uploads\/2021\/11\/DK-80009-BOEING-787-with-1353-pieces-1-300x301.jpg 300w, https:\/\/mouldking.store\/wp-content\/uploads\/2021\/11\/DK-80009-BOEING-787-with-1353-pieces-1-768x770.jpg 768w, https:\/\/mouldking.store\/wp-content\/uploads\/2021\/11\/DK-80009-BOEING-787-with-1353-pieces-1-600x601.jpg 600w, https:\/\/mouldking.store\/wp-content\/uploads\/2021\/11\/DK-80009-BOEING-787-with-1353-pieces-1-150x150.jpg 150w\" sizes=\"(max-width: 828px) 100vw, 828px\" \/><figcaption id=\"caption-attachment-26735\" class=\"wp-caption-text\">DK 80009 BOEING 787 med 1353 stk<\/figcaption><\/figure>\n<figure id=\"attachment_26738\" aria-describedby=\"caption-attachment-26738\" style=\"width: 828px\" class=\"wp-caption aligncenter\"><img decoding=\"async\" class=\"wp-image-26738 size-full\" src=\"https:\/\/mouldking.store\/wp-content\/uploads\/2021\/11\/DK-80009-BOEING-787-with-1353-pieces-4.jpg\" alt=\"DK 80009 BOEING 787 with 1353 pieces\" width=\"828\" height=\"831\" title=\"-\" srcset=\"https:\/\/mouldking.store\/wp-content\/uploads\/2021\/11\/DK-80009-BOEING-787-with-1353-pieces-4.jpg 828w, https:\/\/mouldking.store\/wp-content\/uploads\/2021\/11\/DK-80009-BOEING-787-with-1353-pieces-4-300x301.jpg 300w, https:\/\/mouldking.store\/wp-content\/uploads\/2021\/11\/DK-80009-BOEING-787-with-1353-pieces-4-768x771.jpg 768w, https:\/\/mouldking.store\/wp-content\/uploads\/2021\/11\/DK-80009-BOEING-787-with-1353-pieces-4-600x602.jpg 600w, https:\/\/mouldking.store\/wp-content\/uploads\/2021\/11\/DK-80009-BOEING-787-with-1353-pieces-4-150x150.jpg 150w\" sizes=\"(max-width: 828px) 100vw, 828px\" \/><figcaption id=\"caption-attachment-26738\" class=\"wp-caption-text\">DK 80009 BOEING 787 med 1353 stk<\/figcaption><\/figure>\n<figure id=\"attachment_26736\" aria-describedby=\"caption-attachment-26736\" style=\"width: 828px\" class=\"wp-caption aligncenter\"><img decoding=\"async\" class=\"wp-image-26736 size-full\" src=\"https:\/\/mouldking.store\/wp-content\/uploads\/2021\/11\/DK-80009-BOEING-787-with-1353-pieces-2.jpg\" alt=\"DK 80009 BOEING 787 with 1353 pieces\" width=\"828\" height=\"833\" title=\"-\" srcset=\"https:\/\/mouldking.store\/wp-content\/uploads\/2021\/11\/DK-80009-BOEING-787-with-1353-pieces-2.jpg 828w, https:\/\/mouldking.store\/wp-content\/uploads\/2021\/11\/DK-80009-BOEING-787-with-1353-pieces-2-298x300.jpg 298w, https:\/\/mouldking.store\/wp-content\/uploads\/2021\/11\/DK-80009-BOEING-787-with-1353-pieces-2-768x773.jpg 768w, https:\/\/mouldking.store\/wp-content\/uploads\/2021\/11\/DK-80009-BOEING-787-with-1353-pieces-2-300x302.jpg 300w, https:\/\/mouldking.store\/wp-content\/uploads\/2021\/11\/DK-80009-BOEING-787-with-1353-pieces-2-600x604.jpg 600w, https:\/\/mouldking.store\/wp-content\/uploads\/2021\/11\/DK-80009-BOEING-787-with-1353-pieces-2-150x150.jpg 150w\" sizes=\"(max-width: 828px) 100vw, 828px\" \/><figcaption id=\"caption-attachment-26736\" class=\"wp-caption-text\">DK 80009 BOEING 787 med 1353 stk<\/figcaption><\/figure>\n<figure id=\"attachment_26737\" aria-describedby=\"caption-attachment-26737\" style=\"width: 828px\" class=\"wp-caption aligncenter\"><img loading=\"lazy\" decoding=\"async\" class=\"wp-image-26737 size-full\" src=\"https:\/\/mouldking.store\/wp-content\/uploads\/2021\/11\/DK-80009-BOEING-787-with-1353-pieces-3.jpg\" alt=\"DK 80009 BOEING 787 with 1353 pieces\" width=\"828\" height=\"827\" title=\"-\" srcset=\"https:\/\/mouldking.store\/wp-content\/uploads\/2021\/11\/DK-80009-BOEING-787-with-1353-pieces-3.jpg 828w, https:\/\/mouldking.store\/wp-content\/uploads\/2021\/11\/DK-80009-BOEING-787-with-1353-pieces-3-300x300.jpg 300w, https:\/\/mouldking.store\/wp-content\/uploads\/2021\/11\/DK-80009-BOEING-787-with-1353-pieces-3-768x767.jpg 768w, https:\/\/mouldking.store\/wp-content\/uploads\/2021\/11\/DK-80009-BOEING-787-with-1353-pieces-3-600x599.jpg 600w, https:\/\/mouldking.store\/wp-content\/uploads\/2021\/11\/DK-80009-BOEING-787-with-1353-pieces-3-150x150.jpg 150w\" sizes=\"(max-width: 828px) 100vw, 828px\" \/><figcaption id=\"caption-attachment-26737\" class=\"wp-caption-text\">DK 80009 BOEING 787 med 1353 stk<\/figcaption><\/figure>","protected":false},"excerpt":{"rendered":"<p>Product information: Brand: DK Gender: Unisex Name: BOEING 787 Age Range: &gt; 6 years old Model Number: 80009 Classification: Assemblage Plastic Block Shape: Self-Locking Bricks Material: Plastic Plastic Type: ABS Bricks Blocks: 1353 PCS Contains detailed assembly instructions. Notice: 1. Without an original box, but we guarantee our products have quality assurance and nice packaging. [&hellip;]<\/p>","protected":false},"featured_media":26735,"comment_status":"open","ping_status":"closed","template":"","meta":{"_acf_changed":false},"product_cat":[364],"product_tag":[3192,3190,3191,3189,2914,3188,3187,3194,3193],"class_list":["product","first","instock","shipping-taxable","purchasable","product-type-simple"],"acf":[],"_links":{"self":[{"href":"https:\/\/mouldking.store\/nb\/wp-json\/wp\/v2\/product\/26732","targetHints":{"allow":["GET"]}}],"collection":[{"href":"https:\/\/mouldking.store\/nb\/wp-json\/wp\/v2\/product"}],"about":[{"href":"https:\/\/mouldking.store\/nb\/wp-json\/wp\/v2\/types\/product"}],"replies":[{"embeddable":true,"href":"https:\/\/mouldking.store\/nb\/wp-json\/wp\/v2\/comments?post=26732"}],"wp:featuredmedia":[{"embeddable":true,"href":"https:\/\/mouldking.store\/nb\/wp-json\/wp\/v2\/media\/26735"}],"wp:attachment":[{"href":"https:\/\/mouldking.store\/nb\/wp-json\/wp\/v2\/media?parent=26732"}],"wp:term":[{"taxonomy":"product_cat","embeddable":true,"href":"https:\/\/mouldking.store\/nb\/wp-json\/wp\/v2\/product_cat?post=26732"},{"taxonomy":"product_tag","embeddable":true,"href":"https:\/\/mouldking.store\/nb\/wp-json\/wp\/v2\/product_tag?post=26732"}],"curies":[{"name":"wp","href":"https:\/\/api.w.org\/{rel}","templated":true}]}}