{"id":26739,"date":"2021-11-05T00:49:20","date_gmt":"2021-11-05T00:49:20","guid":{"rendered":"https:\/\/mouldking.store\/?post_type=product&#038;p=26739"},"modified":"2021-12-23T09:40:49","modified_gmt":"2021-12-23T09:40:49","slug":"mould-king-16039-quick-pitch-supplies-with-lights-with-3033-pieces","status":"publish","type":"product","link":"https:\/\/mouldking.store\/nb\/shop\/mould-king-16039-quick-pitch-supplies-with-lights-with-3033-pieces\/","title":{"rendered":"Mold King 16039 Quick Pitch Supplies med lys med 3033 stykker"},"content":{"rendered":"<p>Produktinformasjon:<\/p>\n<ol>\n<li>Merke: Mold King<\/li>\n<li>Kj\u00f8nn: Unisex<\/li>\n<li>Name: Quick Pitch Supplies with Lights<\/li>\n<li>Aldersgruppe: &gt; 14 \u00e5r gammel<\/li>\n<li>Model Number: 16039<\/li>\n<li>Klassifisering: Montering<\/li>\n<li>Plastblokkform: Selvl\u00e5sende murstein<\/li>\n<li>Materiale: Plast<\/li>\n<li>Plasttype: ABS<\/li>\n<li>Bricks Blocks: 3033 PCS<\/li>\n<li>Inneholder detaljerte monteringsanvisninger.<\/li>\n<\/ol>\n<p>Legge merke til:<br \/>\n1. Uten original eske, men vi garanterer at v\u00e5re produkter har kvalitetssikring og pen emballasje.<br \/>\n2. Som alle delene vi har sjekket f\u00f8r frakt, s\u00e5 hvis du finner noen deler savnet eller skadet, ikke bekymre deg og bare kontakt oss, s\u00e5 kan vi sende dem til deg p\u00e5 nytt umiddelbart gratis.<\/p>\n<figure id=\"attachment_26740\" aria-describedby=\"caption-attachment-26740\" style=\"width: 800px\" class=\"wp-caption aligncenter\"><img fetchpriority=\"high\" decoding=\"async\" class=\"wp-image-26740 size-full\" src=\"https:\/\/mouldking.store\/wp-content\/uploads\/2021\/11\/Mould-King-16039-Quick-Pitch-Supplies-with-Lights-with-3033-pieces-1.jpg\" alt=\"Mould King 16039 Quick Pitch Supplies with Lights with 3033 pieces\" width=\"800\" height=\"800\" title=\"-\" srcset=\"https:\/\/mouldking.store\/wp-content\/uploads\/2021\/11\/Mould-King-16039-Quick-Pitch-Supplies-with-Lights-with-3033-pieces-1.jpg 800w, https:\/\/mouldking.store\/wp-content\/uploads\/2021\/11\/Mould-King-16039-Quick-Pitch-Supplies-with-Lights-with-3033-pieces-1-300x300.jpg 300w, https:\/\/mouldking.store\/wp-content\/uploads\/2021\/11\/Mould-King-16039-Quick-Pitch-Supplies-with-Lights-with-3033-pieces-1-768x768.jpg 768w, https:\/\/mouldking.store\/wp-content\/uploads\/2021\/11\/Mould-King-16039-Quick-Pitch-Supplies-with-Lights-with-3033-pieces-1-600x600.jpg 600w, https:\/\/mouldking.store\/wp-content\/uploads\/2021\/11\/Mould-King-16039-Quick-Pitch-Supplies-with-Lights-with-3033-pieces-1-150x150.jpg 150w\" sizes=\"(max-width: 800px) 100vw, 800px\" \/><figcaption id=\"caption-attachment-26740\" class=\"wp-caption-text\">Mold King 16039 Quick Pitch Supplies med lys med 3033 stykker<\/figcaption><\/figure>\n<figure id=\"attachment_26744\" aria-describedby=\"caption-attachment-26744\" style=\"width: 790px\" class=\"wp-caption aligncenter\"><img decoding=\"async\" class=\"wp-image-26744 size-full\" src=\"https:\/\/mouldking.store\/wp-content\/uploads\/2021\/11\/Mould-King-16039-Quick-Pitch-Supplies-with-Lights-with-3033-pieces-5.jpg\" alt=\"Mould King 16039 Quick Pitch Supplies with Lights with 3033 pieces\" width=\"790\" height=\"862\" title=\"-\" srcset=\"https:\/\/mouldking.store\/wp-content\/uploads\/2021\/11\/Mould-King-16039-Quick-Pitch-Supplies-with-Lights-with-3033-pieces-5.jpg 790w, https:\/\/mouldking.store\/wp-content\/uploads\/2021\/11\/Mould-King-16039-Quick-Pitch-Supplies-with-Lights-with-3033-pieces-5-275x300.jpg 275w, https:\/\/mouldking.store\/wp-content\/uploads\/2021\/11\/Mould-King-16039-Quick-Pitch-Supplies-with-Lights-with-3033-pieces-5-768x838.jpg 768w, https:\/\/mouldking.store\/wp-content\/uploads\/2021\/11\/Mould-King-16039-Quick-Pitch-Supplies-with-Lights-with-3033-pieces-5-300x327.jpg 300w, https:\/\/mouldking.store\/wp-content\/uploads\/2021\/11\/Mould-King-16039-Quick-Pitch-Supplies-with-Lights-with-3033-pieces-5-600x655.jpg 600w, https:\/\/mouldking.store\/wp-content\/uploads\/2021\/11\/Mould-King-16039-Quick-Pitch-Supplies-with-Lights-with-3033-pieces-5-137x150.jpg 137w\" sizes=\"(max-width: 790px) 100vw, 790px\" \/><figcaption id=\"caption-attachment-26744\" class=\"wp-caption-text\">Mold King 16039 Quick Pitch Supplies med lys med 3033 stykker<\/figcaption><\/figure>\n<figure id=\"attachment_26743\" aria-describedby=\"caption-attachment-26743\" style=\"width: 800px\" class=\"wp-caption aligncenter\"><img decoding=\"async\" class=\"wp-image-26743 size-full\" src=\"https:\/\/mouldking.store\/wp-content\/uploads\/2021\/11\/Mould-King-16039-Quick-Pitch-Supplies-with-Lights-with-3033-pieces-4.jpg\" alt=\"Mould King 16039 Quick Pitch Supplies with Lights with 3033 pieces\" width=\"800\" height=\"800\" title=\"-\" srcset=\"https:\/\/mouldking.store\/wp-content\/uploads\/2021\/11\/Mould-King-16039-Quick-Pitch-Supplies-with-Lights-with-3033-pieces-4.jpg 800w, https:\/\/mouldking.store\/wp-content\/uploads\/2021\/11\/Mould-King-16039-Quick-Pitch-Supplies-with-Lights-with-3033-pieces-4-300x300.jpg 300w, https:\/\/mouldking.store\/wp-content\/uploads\/2021\/11\/Mould-King-16039-Quick-Pitch-Supplies-with-Lights-with-3033-pieces-4-768x768.jpg 768w, https:\/\/mouldking.store\/wp-content\/uploads\/2021\/11\/Mould-King-16039-Quick-Pitch-Supplies-with-Lights-with-3033-pieces-4-600x600.jpg 600w, https:\/\/mouldking.store\/wp-content\/uploads\/2021\/11\/Mould-King-16039-Quick-Pitch-Supplies-with-Lights-with-3033-pieces-4-150x150.jpg 150w\" sizes=\"(max-width: 800px) 100vw, 800px\" \/><figcaption id=\"caption-attachment-26743\" class=\"wp-caption-text\">Mold King 16039 Quick Pitch Supplies med lys med 3033 stykker<\/figcaption><\/figure>\n<figure id=\"attachment_26742\" aria-describedby=\"caption-attachment-26742\" style=\"width: 800px\" class=\"wp-caption aligncenter\"><img loading=\"lazy\" decoding=\"async\" class=\"wp-image-26742 size-full\" src=\"https:\/\/mouldking.store\/wp-content\/uploads\/2021\/11\/Mould-King-16039-Quick-Pitch-Supplies-with-Lights-with-3033-pieces-3.jpg\" alt=\"Mould King 16039 Quick Pitch Supplies with Lights with 3033 pieces\" width=\"800\" height=\"800\" title=\"-\" srcset=\"https:\/\/mouldking.store\/wp-content\/uploads\/2021\/11\/Mould-King-16039-Quick-Pitch-Supplies-with-Lights-with-3033-pieces-3.jpg 800w, https:\/\/mouldking.store\/wp-content\/uploads\/2021\/11\/Mould-King-16039-Quick-Pitch-Supplies-with-Lights-with-3033-pieces-3-300x300.jpg 300w, https:\/\/mouldking.store\/wp-content\/uploads\/2021\/11\/Mould-King-16039-Quick-Pitch-Supplies-with-Lights-with-3033-pieces-3-768x768.jpg 768w, https:\/\/mouldking.store\/wp-content\/uploads\/2021\/11\/Mould-King-16039-Quick-Pitch-Supplies-with-Lights-with-3033-pieces-3-600x600.jpg 600w, https:\/\/mouldking.store\/wp-content\/uploads\/2021\/11\/Mould-King-16039-Quick-Pitch-Supplies-with-Lights-with-3033-pieces-3-150x150.jpg 150w\" sizes=\"(max-width: 800px) 100vw, 800px\" \/><figcaption id=\"caption-attachment-26742\" class=\"wp-caption-text\">Mold King 16039 Quick Pitch Supplies med lys med 3033 stykker<\/figcaption><\/figure>\n<figure id=\"attachment_26741\" aria-describedby=\"caption-attachment-26741\" style=\"width: 800px\" class=\"wp-caption aligncenter\"><img loading=\"lazy\" decoding=\"async\" class=\"wp-image-26741 size-full\" src=\"https:\/\/mouldking.store\/wp-content\/uploads\/2021\/11\/Mould-King-16039-Quick-Pitch-Supplies-with-Lights-with-3033-pieces-2.jpg\" alt=\"Mould King 16039 Quick Pitch Supplies with Lights with 3033 pieces\" width=\"800\" height=\"800\" title=\"-\" srcset=\"https:\/\/mouldking.store\/wp-content\/uploads\/2021\/11\/Mould-King-16039-Quick-Pitch-Supplies-with-Lights-with-3033-pieces-2.jpg 800w, https:\/\/mouldking.store\/wp-content\/uploads\/2021\/11\/Mould-King-16039-Quick-Pitch-Supplies-with-Lights-with-3033-pieces-2-300x300.jpg 300w, https:\/\/mouldking.store\/wp-content\/uploads\/2021\/11\/Mould-King-16039-Quick-Pitch-Supplies-with-Lights-with-3033-pieces-2-768x768.jpg 768w, https:\/\/mouldking.store\/wp-content\/uploads\/2021\/11\/Mould-King-16039-Quick-Pitch-Supplies-with-Lights-with-3033-pieces-2-600x600.jpg 600w, https:\/\/mouldking.store\/wp-content\/uploads\/2021\/11\/Mould-King-16039-Quick-Pitch-Supplies-with-Lights-with-3033-pieces-2-150x150.jpg 150w\" sizes=\"(max-width: 800px) 100vw, 800px\" \/><figcaption id=\"caption-attachment-26741\" class=\"wp-caption-text\">Mold King 16039 Quick Pitch Supplies med lys med 3033 stykker<\/figcaption><\/figure>","protected":false},"excerpt":{"rendered":"<p>Product information: Brand: Mould King Gender: Unisex Name: Quick Pitch Supplies with Lights Age Range: &gt; 14 years old Model Number: 16039 Classification: Assemblage Plastic Block Shape: Self-Locking Bricks Material: Plastic Plastic Type: ABS Bricks Blocks: 3033 PCS Contains detailed assembly instructions. Notice: 1. Without an original box, but we guarantee our products have quality [&hellip;]<\/p>","protected":false},"featured_media":26740,"comment_status":"open","ping_status":"closed","template":"","meta":{"_acf_changed":false},"product_cat":[390],"product_tag":[3196,3198,3195,3200,3201,3199,3197],"class_list":["product","first","instock","shipping-taxable","purchasable","product-type-simple"],"acf":[],"_links":{"self":[{"href":"https:\/\/mouldking.store\/nb\/wp-json\/wp\/v2\/product\/26739","targetHints":{"allow":["GET"]}}],"collection":[{"href":"https:\/\/mouldking.store\/nb\/wp-json\/wp\/v2\/product"}],"about":[{"href":"https:\/\/mouldking.store\/nb\/wp-json\/wp\/v2\/types\/product"}],"replies":[{"embeddable":true,"href":"https:\/\/mouldking.store\/nb\/wp-json\/wp\/v2\/comments?post=26739"}],"wp:featuredmedia":[{"embeddable":true,"href":"https:\/\/mouldking.store\/nb\/wp-json\/wp\/v2\/media\/26740"}],"wp:attachment":[{"href":"https:\/\/mouldking.store\/nb\/wp-json\/wp\/v2\/media?parent=26739"}],"wp:term":[{"taxonomy":"product_cat","embeddable":true,"href":"https:\/\/mouldking.store\/nb\/wp-json\/wp\/v2\/product_cat?post=26739"},{"taxonomy":"product_tag","embeddable":true,"href":"https:\/\/mouldking.store\/nb\/wp-json\/wp\/v2\/product_tag?post=26739"}],"curies":[{"name":"wp","href":"https:\/\/api.w.org\/{rel}","templated":true}]}}