{"id":26746,"date":"2021-11-05T01:27:52","date_gmt":"2021-11-05T01:27:52","guid":{"rendered":"https:\/\/mouldking.store\/?post_type=product&#038;p=26746"},"modified":"2021-12-23T09:40:49","modified_gmt":"2021-12-23T09:40:49","slug":"moyu-88002-trail-blazers-with-2939-pieces","status":"publish","type":"product","link":"https:\/\/mouldking.store\/nb\/shop\/moyu-88002-trail-blazers-with-2939-pieces\/","title":{"rendered":"MOYU 88002 Trail Blazers med 2939 deler"},"content":{"rendered":"<p>Produktinformasjon:<\/p>\n<ol>\n<li>Merke: MOYU<\/li>\n<li>Kj\u00f8nn: Unisex<\/li>\n<li>Name: Trail Blazers<\/li>\n<li>Aldersgruppe: &gt; 6 \u00e5r gammel<\/li>\n<li>Model Number: 88002<\/li>\n<li>Klassifisering: Montering<\/li>\n<li>Plastblokkform: Selvl\u00e5sende murstein<\/li>\n<li>Materiale: Plast<\/li>\n<li>Plasttype: ABS<\/li>\n<li>Bricks Blocks: 2939 PCS<\/li>\n<li>Inneholder detaljerte monteringsanvisninger.<\/li>\n<\/ol>\n<p>Legge merke til:<br \/>\n1. Uten original eske, men vi garanterer at v\u00e5re produkter har kvalitetssikring og pen emballasje.<br \/>\n2. Som alle delene vi har sjekket f\u00f8r frakt, s\u00e5 hvis du finner noen deler savnet eller skadet, ikke bekymre deg og bare kontakt oss, s\u00e5 kan vi sende dem til deg p\u00e5 nytt umiddelbart gratis.<\/p>\n<figure id=\"attachment_26752\" aria-describedby=\"caption-attachment-26752\" style=\"width: 800px\" class=\"wp-caption aligncenter\"><img fetchpriority=\"high\" decoding=\"async\" class=\"wp-image-26752 size-full\" src=\"https:\/\/mouldking.store\/wp-content\/uploads\/2021\/11\/MOYU-88002-Trail-Blazers-with-2939-pieces-1.jpg\" alt=\"MOYU 88002 Trail Blazers with 2939 pieces\" width=\"800\" height=\"800\" title=\"-\" srcset=\"https:\/\/mouldking.store\/wp-content\/uploads\/2021\/11\/MOYU-88002-Trail-Blazers-with-2939-pieces-1.jpg 800w, https:\/\/mouldking.store\/wp-content\/uploads\/2021\/11\/MOYU-88002-Trail-Blazers-with-2939-pieces-1-300x300.jpg 300w, https:\/\/mouldking.store\/wp-content\/uploads\/2021\/11\/MOYU-88002-Trail-Blazers-with-2939-pieces-1-768x768.jpg 768w, https:\/\/mouldking.store\/wp-content\/uploads\/2021\/11\/MOYU-88002-Trail-Blazers-with-2939-pieces-1-600x600.jpg 600w, https:\/\/mouldking.store\/wp-content\/uploads\/2021\/11\/MOYU-88002-Trail-Blazers-with-2939-pieces-1-150x150.jpg 150w\" sizes=\"(max-width: 800px) 100vw, 800px\" \/><figcaption id=\"caption-attachment-26752\" class=\"wp-caption-text\">MOYU 88002 Trail Blazers med 2939 deler<\/figcaption><\/figure>\n<figure id=\"attachment_26762\" aria-describedby=\"caption-attachment-26762\" style=\"width: 696px\" class=\"wp-caption aligncenter\"><img decoding=\"async\" class=\"wp-image-26762 size-full\" src=\"https:\/\/mouldking.store\/wp-content\/uploads\/2021\/11\/MOYU-88002-Trail-Blazers-with-2939-pieces-10.jpg\" alt=\"MOYU 88002 Trail Blazers with 2939 pieces\" width=\"696\" height=\"1024\" title=\"-\" srcset=\"https:\/\/mouldking.store\/wp-content\/uploads\/2021\/11\/MOYU-88002-Trail-Blazers-with-2939-pieces-10.jpg 696w, https:\/\/mouldking.store\/wp-content\/uploads\/2021\/11\/MOYU-88002-Trail-Blazers-with-2939-pieces-10-204x300.jpg 204w, https:\/\/mouldking.store\/wp-content\/uploads\/2021\/11\/MOYU-88002-Trail-Blazers-with-2939-pieces-10-300x441.jpg 300w, https:\/\/mouldking.store\/wp-content\/uploads\/2021\/11\/MOYU-88002-Trail-Blazers-with-2939-pieces-10-600x883.jpg 600w, https:\/\/mouldking.store\/wp-content\/uploads\/2021\/11\/MOYU-88002-Trail-Blazers-with-2939-pieces-10-102x150.jpg 102w\" sizes=\"(max-width: 696px) 100vw, 696px\" \/><figcaption id=\"caption-attachment-26762\" class=\"wp-caption-text\">MOYU 88002 Trail Blazers med 2939 deler<\/figcaption><\/figure>\n<figure id=\"attachment_26763\" aria-describedby=\"caption-attachment-26763\" style=\"width: 695px\" class=\"wp-caption aligncenter\"><img decoding=\"async\" class=\"wp-image-26763 size-full\" src=\"https:\/\/mouldking.store\/wp-content\/uploads\/2021\/11\/MOYU-88002-Trail-Blazers-with-2939-pieces-11.jpg\" alt=\"MOYU 88002 Trail Blazers with 2939 pieces\" width=\"695\" height=\"1024\" title=\"-\" srcset=\"https:\/\/mouldking.store\/wp-content\/uploads\/2021\/11\/MOYU-88002-Trail-Blazers-with-2939-pieces-11.jpg 695w, https:\/\/mouldking.store\/wp-content\/uploads\/2021\/11\/MOYU-88002-Trail-Blazers-with-2939-pieces-11-204x300.jpg 204w, https:\/\/mouldking.store\/wp-content\/uploads\/2021\/11\/MOYU-88002-Trail-Blazers-with-2939-pieces-11-300x442.jpg 300w, https:\/\/mouldking.store\/wp-content\/uploads\/2021\/11\/MOYU-88002-Trail-Blazers-with-2939-pieces-11-600x884.jpg 600w, https:\/\/mouldking.store\/wp-content\/uploads\/2021\/11\/MOYU-88002-Trail-Blazers-with-2939-pieces-11-102x150.jpg 102w\" sizes=\"(max-width: 695px) 100vw, 695px\" \/><figcaption id=\"caption-attachment-26763\" class=\"wp-caption-text\">MOYU 88002 Trail Blazers med 2939 deler<\/figcaption><\/figure>\n<figure id=\"attachment_26761\" aria-describedby=\"caption-attachment-26761\" style=\"width: 695px\" class=\"wp-caption aligncenter\"><img loading=\"lazy\" decoding=\"async\" class=\"wp-image-26761 size-full\" src=\"https:\/\/mouldking.store\/wp-content\/uploads\/2021\/11\/MOYU-88002-Trail-Blazers-with-2939-pieces-9.jpg\" alt=\"MOYU 88002 Trail Blazers with 2939 pieces\" width=\"695\" height=\"1024\" title=\"-\" srcset=\"https:\/\/mouldking.store\/wp-content\/uploads\/2021\/11\/MOYU-88002-Trail-Blazers-with-2939-pieces-9.jpg 695w, https:\/\/mouldking.store\/wp-content\/uploads\/2021\/11\/MOYU-88002-Trail-Blazers-with-2939-pieces-9-204x300.jpg 204w, https:\/\/mouldking.store\/wp-content\/uploads\/2021\/11\/MOYU-88002-Trail-Blazers-with-2939-pieces-9-300x442.jpg 300w, https:\/\/mouldking.store\/wp-content\/uploads\/2021\/11\/MOYU-88002-Trail-Blazers-with-2939-pieces-9-600x884.jpg 600w, https:\/\/mouldking.store\/wp-content\/uploads\/2021\/11\/MOYU-88002-Trail-Blazers-with-2939-pieces-9-102x150.jpg 102w\" sizes=\"(max-width: 695px) 100vw, 695px\" \/><figcaption id=\"caption-attachment-26761\" class=\"wp-caption-text\">MOYU 88002 Trail Blazers med 2939 deler<\/figcaption><\/figure>\n<figure id=\"attachment_26760\" aria-describedby=\"caption-attachment-26760\" style=\"width: 695px\" class=\"wp-caption aligncenter\"><img loading=\"lazy\" decoding=\"async\" class=\"wp-image-26760 size-full\" src=\"https:\/\/mouldking.store\/wp-content\/uploads\/2021\/11\/MOYU-88002-Trail-Blazers-with-2939-pieces-8.jpg\" alt=\"MOYU 88002 Trail Blazers with 2939 pieces\" width=\"695\" height=\"1024\" title=\"-\" srcset=\"https:\/\/mouldking.store\/wp-content\/uploads\/2021\/11\/MOYU-88002-Trail-Blazers-with-2939-pieces-8.jpg 695w, https:\/\/mouldking.store\/wp-content\/uploads\/2021\/11\/MOYU-88002-Trail-Blazers-with-2939-pieces-8-204x300.jpg 204w, https:\/\/mouldking.store\/wp-content\/uploads\/2021\/11\/MOYU-88002-Trail-Blazers-with-2939-pieces-8-300x442.jpg 300w, https:\/\/mouldking.store\/wp-content\/uploads\/2021\/11\/MOYU-88002-Trail-Blazers-with-2939-pieces-8-600x884.jpg 600w, https:\/\/mouldking.store\/wp-content\/uploads\/2021\/11\/MOYU-88002-Trail-Blazers-with-2939-pieces-8-102x150.jpg 102w\" sizes=\"(max-width: 695px) 100vw, 695px\" \/><figcaption id=\"caption-attachment-26760\" class=\"wp-caption-text\">MOYU 88002 Trail Blazers med 2939 deler<\/figcaption><\/figure>\n<figure id=\"attachment_26759\" aria-describedby=\"caption-attachment-26759\" style=\"width: 698px\" class=\"wp-caption aligncenter\"><img loading=\"lazy\" decoding=\"async\" class=\"wp-image-26759 size-full\" src=\"https:\/\/mouldking.store\/wp-content\/uploads\/2021\/11\/MOYU-88002-Trail-Blazers-with-2939-pieces-7.jpg\" alt=\"MOYU 88002 Trail Blazers with 2939 pieces\" width=\"698\" height=\"1024\" title=\"-\" srcset=\"https:\/\/mouldking.store\/wp-content\/uploads\/2021\/11\/MOYU-88002-Trail-Blazers-with-2939-pieces-7.jpg 698w, https:\/\/mouldking.store\/wp-content\/uploads\/2021\/11\/MOYU-88002-Trail-Blazers-with-2939-pieces-7-204x300.jpg 204w, https:\/\/mouldking.store\/wp-content\/uploads\/2021\/11\/MOYU-88002-Trail-Blazers-with-2939-pieces-7-300x440.jpg 300w, https:\/\/mouldking.store\/wp-content\/uploads\/2021\/11\/MOYU-88002-Trail-Blazers-with-2939-pieces-7-600x880.jpg 600w, https:\/\/mouldking.store\/wp-content\/uploads\/2021\/11\/MOYU-88002-Trail-Blazers-with-2939-pieces-7-102x150.jpg 102w\" sizes=\"(max-width: 698px) 100vw, 698px\" \/><figcaption id=\"caption-attachment-26759\" class=\"wp-caption-text\">MOYU 88002 Trail Blazers med 2939 deler<\/figcaption><\/figure>\n<figure id=\"attachment_26758\" aria-describedby=\"caption-attachment-26758\" style=\"width: 812px\" class=\"wp-caption aligncenter\"><img loading=\"lazy\" decoding=\"async\" class=\"wp-image-26758 size-full\" src=\"https:\/\/mouldking.store\/wp-content\/uploads\/2021\/11\/MOYU-88002-Trail-Blazers-with-2939-pieces-6.jpg\" alt=\"MOYU 88002 Trail Blazers with 2939 pieces\" width=\"812\" height=\"1024\" title=\"-\" srcset=\"https:\/\/mouldking.store\/wp-content\/uploads\/2021\/11\/MOYU-88002-Trail-Blazers-with-2939-pieces-6.jpg 812w, https:\/\/mouldking.store\/wp-content\/uploads\/2021\/11\/MOYU-88002-Trail-Blazers-with-2939-pieces-6-238x300.jpg 238w, https:\/\/mouldking.store\/wp-content\/uploads\/2021\/11\/MOYU-88002-Trail-Blazers-with-2939-pieces-6-768x969.jpg 768w, https:\/\/mouldking.store\/wp-content\/uploads\/2021\/11\/MOYU-88002-Trail-Blazers-with-2939-pieces-6-300x378.jpg 300w, https:\/\/mouldking.store\/wp-content\/uploads\/2021\/11\/MOYU-88002-Trail-Blazers-with-2939-pieces-6-600x757.jpg 600w, https:\/\/mouldking.store\/wp-content\/uploads\/2021\/11\/MOYU-88002-Trail-Blazers-with-2939-pieces-6-119x150.jpg 119w\" sizes=\"(max-width: 812px) 100vw, 812px\" \/><figcaption id=\"caption-attachment-26758\" class=\"wp-caption-text\">MOYU 88002 Trail Blazers med 2939 deler<\/figcaption><\/figure>\n<figure id=\"attachment_26757\" aria-describedby=\"caption-attachment-26757\" style=\"width: 812px\" class=\"wp-caption aligncenter\"><img loading=\"lazy\" decoding=\"async\" class=\"wp-image-26757 size-full\" src=\"https:\/\/mouldking.store\/wp-content\/uploads\/2021\/11\/MOYU-88002-Trail-Blazers-with-2939-pieces-5.jpg\" alt=\"MOYU 88002 Trail Blazers with 2939 pieces\" width=\"812\" height=\"1024\" title=\"-\" srcset=\"https:\/\/mouldking.store\/wp-content\/uploads\/2021\/11\/MOYU-88002-Trail-Blazers-with-2939-pieces-5.jpg 812w, https:\/\/mouldking.store\/wp-content\/uploads\/2021\/11\/MOYU-88002-Trail-Blazers-with-2939-pieces-5-238x300.jpg 238w, https:\/\/mouldking.store\/wp-content\/uploads\/2021\/11\/MOYU-88002-Trail-Blazers-with-2939-pieces-5-768x969.jpg 768w, https:\/\/mouldking.store\/wp-content\/uploads\/2021\/11\/MOYU-88002-Trail-Blazers-with-2939-pieces-5-300x378.jpg 300w, https:\/\/mouldking.store\/wp-content\/uploads\/2021\/11\/MOYU-88002-Trail-Blazers-with-2939-pieces-5-600x757.jpg 600w, https:\/\/mouldking.store\/wp-content\/uploads\/2021\/11\/MOYU-88002-Trail-Blazers-with-2939-pieces-5-119x150.jpg 119w\" sizes=\"(max-width: 812px) 100vw, 812px\" \/><figcaption id=\"caption-attachment-26757\" class=\"wp-caption-text\">MOYU 88002 Trail Blazers med 2939 deler<\/figcaption><\/figure>\n<figure id=\"attachment_26755\" aria-describedby=\"caption-attachment-26755\" style=\"width: 811px\" class=\"wp-caption aligncenter\"><img loading=\"lazy\" decoding=\"async\" class=\"wp-image-26755 size-full\" src=\"https:\/\/mouldking.store\/wp-content\/uploads\/2021\/11\/MOYU-88002-Trail-Blazers-with-2939-pieces-4.jpg\" alt=\"MOYU 88002 Trail Blazers with 2939 pieces\" width=\"811\" height=\"1024\" title=\"-\" srcset=\"https:\/\/mouldking.store\/wp-content\/uploads\/2021\/11\/MOYU-88002-Trail-Blazers-with-2939-pieces-4.jpg 811w, https:\/\/mouldking.store\/wp-content\/uploads\/2021\/11\/MOYU-88002-Trail-Blazers-with-2939-pieces-4-238x300.jpg 238w, https:\/\/mouldking.store\/wp-content\/uploads\/2021\/11\/MOYU-88002-Trail-Blazers-with-2939-pieces-4-768x970.jpg 768w, https:\/\/mouldking.store\/wp-content\/uploads\/2021\/11\/MOYU-88002-Trail-Blazers-with-2939-pieces-4-300x379.jpg 300w, https:\/\/mouldking.store\/wp-content\/uploads\/2021\/11\/MOYU-88002-Trail-Blazers-with-2939-pieces-4-600x758.jpg 600w, https:\/\/mouldking.store\/wp-content\/uploads\/2021\/11\/MOYU-88002-Trail-Blazers-with-2939-pieces-4-119x150.jpg 119w\" sizes=\"(max-width: 811px) 100vw, 811px\" \/><figcaption id=\"caption-attachment-26755\" class=\"wp-caption-text\">MOYU 88002 Trail Blazers med 2939 deler<\/figcaption><\/figure>\n<figure id=\"attachment_26754\" aria-describedby=\"caption-attachment-26754\" style=\"width: 811px\" class=\"wp-caption aligncenter\"><img loading=\"lazy\" decoding=\"async\" class=\"wp-image-26754 size-full\" src=\"https:\/\/mouldking.store\/wp-content\/uploads\/2021\/11\/MOYU-88002-Trail-Blazers-with-2939-pieces-3.jpg\" alt=\"MOYU 88002 Trail Blazers with 2939 pieces\" width=\"811\" height=\"1024\" title=\"-\" srcset=\"https:\/\/mouldking.store\/wp-content\/uploads\/2021\/11\/MOYU-88002-Trail-Blazers-with-2939-pieces-3.jpg 811w, https:\/\/mouldking.store\/wp-content\/uploads\/2021\/11\/MOYU-88002-Trail-Blazers-with-2939-pieces-3-238x300.jpg 238w, https:\/\/mouldking.store\/wp-content\/uploads\/2021\/11\/MOYU-88002-Trail-Blazers-with-2939-pieces-3-768x970.jpg 768w, https:\/\/mouldking.store\/wp-content\/uploads\/2021\/11\/MOYU-88002-Trail-Blazers-with-2939-pieces-3-300x379.jpg 300w, https:\/\/mouldking.store\/wp-content\/uploads\/2021\/11\/MOYU-88002-Trail-Blazers-with-2939-pieces-3-600x758.jpg 600w, https:\/\/mouldking.store\/wp-content\/uploads\/2021\/11\/MOYU-88002-Trail-Blazers-with-2939-pieces-3-119x150.jpg 119w\" sizes=\"(max-width: 811px) 100vw, 811px\" \/><figcaption id=\"caption-attachment-26754\" class=\"wp-caption-text\">MOYU 88002 Trail Blazers med 2939 deler<\/figcaption><\/figure>\n<figure id=\"attachment_26753\" aria-describedby=\"caption-attachment-26753\" style=\"width: 828px\" class=\"wp-caption aligncenter\"><img loading=\"lazy\" decoding=\"async\" class=\"wp-image-26753 size-full\" src=\"https:\/\/mouldking.store\/wp-content\/uploads\/2021\/11\/MOYU-88002-Trail-Blazers-with-2939-pieces-2.jpg\" alt=\"MOYU 88002 Trail Blazers with 2939 pieces\" width=\"828\" height=\"942\" title=\"-\" srcset=\"https:\/\/mouldking.store\/wp-content\/uploads\/2021\/11\/MOYU-88002-Trail-Blazers-with-2939-pieces-2.jpg 828w, https:\/\/mouldking.store\/wp-content\/uploads\/2021\/11\/MOYU-88002-Trail-Blazers-with-2939-pieces-2-264x300.jpg 264w, https:\/\/mouldking.store\/wp-content\/uploads\/2021\/11\/MOYU-88002-Trail-Blazers-with-2939-pieces-2-768x874.jpg 768w, https:\/\/mouldking.store\/wp-content\/uploads\/2021\/11\/MOYU-88002-Trail-Blazers-with-2939-pieces-2-300x341.jpg 300w, https:\/\/mouldking.store\/wp-content\/uploads\/2021\/11\/MOYU-88002-Trail-Blazers-with-2939-pieces-2-600x683.jpg 600w, https:\/\/mouldking.store\/wp-content\/uploads\/2021\/11\/MOYU-88002-Trail-Blazers-with-2939-pieces-2-132x150.jpg 132w\" sizes=\"(max-width: 828px) 100vw, 828px\" \/><figcaption id=\"caption-attachment-26753\" class=\"wp-caption-text\">MOYU 88002 Trail Blazers med 2939 deler<\/figcaption><\/figure>","protected":false},"excerpt":{"rendered":"<p>Product information: Brand: MOYU Gender: Unisex Name: Trail Blazers Age Range: &gt; 6 years old Model Number: 88002 Classification: Assemblage Plastic Block Shape: Self-Locking Bricks Material: Plastic Plastic Type: ABS Bricks Blocks: 2939 PCS Contains detailed assembly instructions. Notice: 1. Without an original box, but we guarantee our products have quality assurance and nice packaging. [&hellip;]<\/p>","protected":false},"featured_media":26752,"comment_status":"open","ping_status":"closed","template":"","meta":{"_acf_changed":false},"product_cat":[364],"product_tag":[3209,3208,3211,3210],"class_list":["product","first","instock","shipping-taxable","purchasable","product-type-simple"],"acf":[],"_links":{"self":[{"href":"https:\/\/mouldking.store\/nb\/wp-json\/wp\/v2\/product\/26746","targetHints":{"allow":["GET"]}}],"collection":[{"href":"https:\/\/mouldking.store\/nb\/wp-json\/wp\/v2\/product"}],"about":[{"href":"https:\/\/mouldking.store\/nb\/wp-json\/wp\/v2\/types\/product"}],"replies":[{"embeddable":true,"href":"https:\/\/mouldking.store\/nb\/wp-json\/wp\/v2\/comments?post=26746"}],"wp:featuredmedia":[{"embeddable":true,"href":"https:\/\/mouldking.store\/nb\/wp-json\/wp\/v2\/media\/26752"}],"wp:attachment":[{"href":"https:\/\/mouldking.store\/nb\/wp-json\/wp\/v2\/media?parent=26746"}],"wp:term":[{"taxonomy":"product_cat","embeddable":true,"href":"https:\/\/mouldking.store\/nb\/wp-json\/wp\/v2\/product_cat?post=26746"},{"taxonomy":"product_tag","embeddable":true,"href":"https:\/\/mouldking.store\/nb\/wp-json\/wp\/v2\/product_tag?post=26746"}],"curies":[{"name":"wp","href":"https:\/\/api.w.org\/{rel}","templated":true}]}}