{"id":26811,"date":"2021-11-05T02:20:19","date_gmt":"2021-11-05T02:20:19","guid":{"rendered":"https:\/\/mouldking.store\/?post_type=product&#038;p=26811"},"modified":"2021-12-23T09:40:46","modified_gmt":"2021-12-23T09:40:46","slug":"jie-star-89126-the-post-office-with-4560-pieces","status":"publish","type":"product","link":"https:\/\/mouldking.store\/nb\/shop\/jie-star-89126-the-post-office-with-4560-pieces\/","title":{"rendered":"JIE STAR 89126 Postkontoret med 4560 stk"},"content":{"rendered":"<p>Produktinformasjon:<\/p>\n<ol>\n<li>Merke: JIE STAR<\/li>\n<li>Kj\u00f8nn: Unisex<\/li>\n<li>Name: The Post Office<\/li>\n<li>Aldersgruppe: &gt; 6 \u00e5r gammel<\/li>\n<li>Modellnummer: 89126<\/li>\n<li>Klassifisering: Montering<\/li>\n<li>Plastblokkform: Selvl\u00e5sende murstein<\/li>\n<li>Materiale: Plast<\/li>\n<li>Plasttype: ABS<\/li>\n<li>Bricks Blocks: 4560 PCS<\/li>\n<li>Inneholder detaljerte monteringsanvisninger.<\/li>\n<\/ol>\n<p>Legge merke til:<br \/>\n1. Uten original eske, men vi garanterer at v\u00e5re produkter har kvalitetssikring og pen emballasje.<br \/>\n2. Som alle delene vi har sjekket f\u00f8r frakt, s\u00e5 hvis du finner noen deler savnet eller skadet, ikke bekymre deg og bare kontakt oss, s\u00e5 kan vi sende dem til deg p\u00e5 nytt umiddelbart gratis.<\/p>\n<figure id=\"attachment_26812\" aria-describedby=\"caption-attachment-26812\" style=\"width: 800px\" class=\"wp-caption aligncenter\"><img fetchpriority=\"high\" decoding=\"async\" class=\"wp-image-26812 size-full\" src=\"https:\/\/mouldking.store\/wp-content\/uploads\/2021\/11\/JIE-STAR-89126-The-Post-Office-with-4560-pieces-1.jpg\" alt=\"JIE STAR 89126 The Post Office with 4560 pieces\" width=\"800\" height=\"800\" title=\"-\" srcset=\"https:\/\/mouldking.store\/wp-content\/uploads\/2021\/11\/JIE-STAR-89126-The-Post-Office-with-4560-pieces-1.jpg 800w, https:\/\/mouldking.store\/wp-content\/uploads\/2021\/11\/JIE-STAR-89126-The-Post-Office-with-4560-pieces-1-300x300.jpg 300w, https:\/\/mouldking.store\/wp-content\/uploads\/2021\/11\/JIE-STAR-89126-The-Post-Office-with-4560-pieces-1-768x768.jpg 768w, https:\/\/mouldking.store\/wp-content\/uploads\/2021\/11\/JIE-STAR-89126-The-Post-Office-with-4560-pieces-1-600x600.jpg 600w, https:\/\/mouldking.store\/wp-content\/uploads\/2021\/11\/JIE-STAR-89126-The-Post-Office-with-4560-pieces-1-150x150.jpg 150w\" sizes=\"(max-width: 800px) 100vw, 800px\" \/><figcaption id=\"caption-attachment-26812\" class=\"wp-caption-text\">JIE STAR 89126 Postkontoret med 4560 stk<\/figcaption><\/figure>\n<figure id=\"attachment_26817\" aria-describedby=\"caption-attachment-26817\" style=\"width: 707px\" class=\"wp-caption aligncenter\"><img decoding=\"async\" class=\"wp-image-26817 size-full\" src=\"https:\/\/mouldking.store\/wp-content\/uploads\/2021\/11\/JIE-STAR-89126-The-Post-Office-with-4560-pieces-6.jpg\" alt=\"JIE STAR 89126 The Post Office with 4560 pieces\" width=\"707\" height=\"1024\" title=\"-\" srcset=\"https:\/\/mouldking.store\/wp-content\/uploads\/2021\/11\/JIE-STAR-89126-The-Post-Office-with-4560-pieces-6.jpg 707w, https:\/\/mouldking.store\/wp-content\/uploads\/2021\/11\/JIE-STAR-89126-The-Post-Office-with-4560-pieces-6-207x300.jpg 207w, https:\/\/mouldking.store\/wp-content\/uploads\/2021\/11\/JIE-STAR-89126-The-Post-Office-with-4560-pieces-6-300x435.jpg 300w, https:\/\/mouldking.store\/wp-content\/uploads\/2021\/11\/JIE-STAR-89126-The-Post-Office-with-4560-pieces-6-600x869.jpg 600w, https:\/\/mouldking.store\/wp-content\/uploads\/2021\/11\/JIE-STAR-89126-The-Post-Office-with-4560-pieces-6-104x150.jpg 104w\" sizes=\"(max-width: 707px) 100vw, 707px\" \/><figcaption id=\"caption-attachment-26817\" class=\"wp-caption-text\">JIE STAR 89126 Postkontoret med 4560 stk<\/figcaption><\/figure>\n<figure id=\"attachment_26814\" aria-describedby=\"caption-attachment-26814\" style=\"width: 557px\" class=\"wp-caption aligncenter\"><img decoding=\"async\" class=\"wp-image-26814 size-full\" src=\"https:\/\/mouldking.store\/wp-content\/uploads\/2021\/11\/JIE-STAR-89126-The-Post-Office-with-4560-pieces-3.jpg\" alt=\"JIE STAR 89126 The Post Office with 4560 pieces\" width=\"557\" height=\"1024\" title=\"-\" srcset=\"https:\/\/mouldking.store\/wp-content\/uploads\/2021\/11\/JIE-STAR-89126-The-Post-Office-with-4560-pieces-3.jpg 557w, https:\/\/mouldking.store\/wp-content\/uploads\/2021\/11\/JIE-STAR-89126-The-Post-Office-with-4560-pieces-3-163x300.jpg 163w, https:\/\/mouldking.store\/wp-content\/uploads\/2021\/11\/JIE-STAR-89126-The-Post-Office-with-4560-pieces-3-300x552.jpg 300w, https:\/\/mouldking.store\/wp-content\/uploads\/2021\/11\/JIE-STAR-89126-The-Post-Office-with-4560-pieces-3-82x150.jpg 82w\" sizes=\"(max-width: 557px) 100vw, 557px\" \/><figcaption id=\"caption-attachment-26814\" class=\"wp-caption-text\">JIE STAR 89126 Postkontoret med 4560 stk<\/figcaption><\/figure>\n<figure id=\"attachment_26816\" aria-describedby=\"caption-attachment-26816\" style=\"width: 800px\" class=\"wp-caption aligncenter\"><img loading=\"lazy\" decoding=\"async\" class=\"wp-image-26816 size-full\" src=\"https:\/\/mouldking.store\/wp-content\/uploads\/2021\/11\/JIE-STAR-89126-The-Post-Office-with-4560-pieces-5.jpg\" alt=\"JIE STAR 89126 The Post Office with 4560 pieces\" width=\"800\" height=\"800\" title=\"-\" srcset=\"https:\/\/mouldking.store\/wp-content\/uploads\/2021\/11\/JIE-STAR-89126-The-Post-Office-with-4560-pieces-5.jpg 800w, https:\/\/mouldking.store\/wp-content\/uploads\/2021\/11\/JIE-STAR-89126-The-Post-Office-with-4560-pieces-5-300x300.jpg 300w, https:\/\/mouldking.store\/wp-content\/uploads\/2021\/11\/JIE-STAR-89126-The-Post-Office-with-4560-pieces-5-768x768.jpg 768w, https:\/\/mouldking.store\/wp-content\/uploads\/2021\/11\/JIE-STAR-89126-The-Post-Office-with-4560-pieces-5-600x600.jpg 600w, https:\/\/mouldking.store\/wp-content\/uploads\/2021\/11\/JIE-STAR-89126-The-Post-Office-with-4560-pieces-5-150x150.jpg 150w\" sizes=\"(max-width: 800px) 100vw, 800px\" \/><figcaption id=\"caption-attachment-26816\" class=\"wp-caption-text\">JIE STAR 89126 Postkontoret med 4560 stk<\/figcaption><\/figure>\n<figure id=\"attachment_26815\" aria-describedby=\"caption-attachment-26815\" style=\"width: 481px\" class=\"wp-caption aligncenter\"><img loading=\"lazy\" decoding=\"async\" class=\"wp-image-26815 size-full\" src=\"https:\/\/mouldking.store\/wp-content\/uploads\/2021\/11\/JIE-STAR-89126-The-Post-Office-with-4560-pieces-4.jpg\" alt=\"JIE STAR 89126 The Post Office with 4560 pieces\" width=\"481\" height=\"1023\" title=\"-\" srcset=\"https:\/\/mouldking.store\/wp-content\/uploads\/2021\/11\/JIE-STAR-89126-The-Post-Office-with-4560-pieces-4.jpg 481w, https:\/\/mouldking.store\/wp-content\/uploads\/2021\/11\/JIE-STAR-89126-The-Post-Office-with-4560-pieces-4-141x300.jpg 141w, https:\/\/mouldking.store\/wp-content\/uploads\/2021\/11\/JIE-STAR-89126-The-Post-Office-with-4560-pieces-4-300x638.jpg 300w, https:\/\/mouldking.store\/wp-content\/uploads\/2021\/11\/JIE-STAR-89126-The-Post-Office-with-4560-pieces-4-71x150.jpg 71w\" sizes=\"(max-width: 481px) 100vw, 481px\" \/><figcaption id=\"caption-attachment-26815\" class=\"wp-caption-text\">JIE STAR 89126 Postkontoret med 4560 stk<\/figcaption><\/figure>\n<figure id=\"attachment_26813\" aria-describedby=\"caption-attachment-26813\" style=\"width: 493px\" class=\"wp-caption aligncenter\"><img loading=\"lazy\" decoding=\"async\" class=\"wp-image-26813 size-full\" src=\"https:\/\/mouldking.store\/wp-content\/uploads\/2021\/11\/JIE-STAR-89126-The-Post-Office-with-4560-pieces-2.jpg\" alt=\"JIE STAR 89126 The Post Office with 4560 pieces\" width=\"493\" height=\"1024\" title=\"-\" srcset=\"https:\/\/mouldking.store\/wp-content\/uploads\/2021\/11\/JIE-STAR-89126-The-Post-Office-with-4560-pieces-2.jpg 493w, https:\/\/mouldking.store\/wp-content\/uploads\/2021\/11\/JIE-STAR-89126-The-Post-Office-with-4560-pieces-2-144x300.jpg 144w, https:\/\/mouldking.store\/wp-content\/uploads\/2021\/11\/JIE-STAR-89126-The-Post-Office-with-4560-pieces-2-300x623.jpg 300w, https:\/\/mouldking.store\/wp-content\/uploads\/2021\/11\/JIE-STAR-89126-The-Post-Office-with-4560-pieces-2-72x150.jpg 72w\" sizes=\"(max-width: 493px) 100vw, 493px\" \/><figcaption id=\"caption-attachment-26813\" class=\"wp-caption-text\">JIE STAR 89126 Postkontoret med 4560 stk<\/figcaption><\/figure>","protected":false},"excerpt":{"rendered":"<p>Product information: Brand: JIE STAR Gender: Unisex Name: The Post Office Age Range: &gt; 6 years old Model Number: 89126 Classification: Assemblage Plastic Block Shape: Self-Locking Bricks Material: Plastic Plastic Type: ABS Bricks Blocks: 4560 PCS Contains detailed assembly instructions. Notice: 1. Without an original box, but we guarantee our products have quality assurance and [&hellip;]<\/p>","protected":false},"featured_media":26812,"comment_status":"open","ping_status":"closed","template":"","meta":{"_acf_changed":false},"product_cat":[390],"product_tag":[3246,3248,3245,3250,3249,3251,769,3247],"class_list":["product","first","instock","shipping-taxable","purchasable","product-type-simple"],"acf":[],"_links":{"self":[{"href":"https:\/\/mouldking.store\/nb\/wp-json\/wp\/v2\/product\/26811","targetHints":{"allow":["GET"]}}],"collection":[{"href":"https:\/\/mouldking.store\/nb\/wp-json\/wp\/v2\/product"}],"about":[{"href":"https:\/\/mouldking.store\/nb\/wp-json\/wp\/v2\/types\/product"}],"replies":[{"embeddable":true,"href":"https:\/\/mouldking.store\/nb\/wp-json\/wp\/v2\/comments?post=26811"}],"wp:featuredmedia":[{"embeddable":true,"href":"https:\/\/mouldking.store\/nb\/wp-json\/wp\/v2\/media\/26812"}],"wp:attachment":[{"href":"https:\/\/mouldking.store\/nb\/wp-json\/wp\/v2\/media?parent=26811"}],"wp:term":[{"taxonomy":"product_cat","embeddable":true,"href":"https:\/\/mouldking.store\/nb\/wp-json\/wp\/v2\/product_cat?post=26811"},{"taxonomy":"product_tag","embeddable":true,"href":"https:\/\/mouldking.store\/nb\/wp-json\/wp\/v2\/product_tag?post=26811"}],"curies":[{"name":"wp","href":"https:\/\/api.w.org\/{rel}","templated":true}]}}