{"id":26818,"date":"2021-11-05T02:26:02","date_gmt":"2021-11-04T19:26:02","guid":{"rendered":"https:\/\/mouldking.store\/?post_type=product&#038;p=26818"},"modified":"2025-12-25T09:17:09","modified_gmt":"2025-12-25T02:17:09","slug":"moc-37124-iron-man-base-with-5026-pieces","status":"publish","type":"product","link":"https:\/\/mouldking.store\/nb\/shop\/moc-37124-iron-man-base-with-5026-pieces\/","title":{"rendered":"MOC-37124 Iron Man Base med 5026 deler"},"content":{"rendered":"<p>Produktinformasjon:<\/p>\n<ol>\n<li>Merke: MOC<\/li>\n<li>Kj\u00f8nn: Unisex<\/li>\n<li>Navn: Iron Man Base<\/li>\n<li>Aldersgruppe: &gt; 6 \u00e5r gammel<\/li>\n<li>Modellnummer: 37124<\/li>\n<li>Klassifisering: Montering<\/li>\n<li>Plastblokkform: Selvl\u00e5sende murstein<\/li>\n<li>Materiale: Plast<\/li>\n<li>Plasttype: ABS<\/li>\n<li>Mursteinsblokker: 5026 STK<\/li>\n<li>Inneholder detaljerte monteringsanvisninger.<\/li>\n<\/ol>\n<p>Legge merke til:<br \/>\n1. Uten original eske, men vi garanterer at v\u00e5re produkter har kvalitetssikring og pen emballasje.<br \/>\n2. Som alle delene vi har sjekket f\u00f8r frakt, s\u00e5 hvis du finner noen deler savnet eller skadet, ikke bekymre deg og bare kontakt oss, s\u00e5 kan vi sende dem til deg p\u00e5 nytt umiddelbart gratis.<\/p>\n<figure id=\"attachment_26820\" aria-describedby=\"caption-attachment-26820\" style=\"width: 800px\" class=\"wp-caption aligncenter\"><img fetchpriority=\"high\" decoding=\"async\" class=\"wp-image-26820 size-full\" src=\"https:\/\/mouldking.store\/wp-content\/uploads\/2021\/11\/MOC-37124-Iron-Man-Base-with-5026-pieces-1.jpg\" alt=\"MOC-37124 Iron Man Base with 5026 pieces\" width=\"800\" height=\"800\" title=\"-\" srcset=\"https:\/\/mouldking.store\/wp-content\/uploads\/2021\/11\/MOC-37124-Iron-Man-Base-with-5026-pieces-1.jpg 800w, https:\/\/mouldking.store\/wp-content\/uploads\/2021\/11\/MOC-37124-Iron-Man-Base-with-5026-pieces-1-300x300.jpg 300w, https:\/\/mouldking.store\/wp-content\/uploads\/2021\/11\/MOC-37124-Iron-Man-Base-with-5026-pieces-1-768x768.jpg 768w, https:\/\/mouldking.store\/wp-content\/uploads\/2021\/11\/MOC-37124-Iron-Man-Base-with-5026-pieces-1-600x600.jpg 600w, https:\/\/mouldking.store\/wp-content\/uploads\/2021\/11\/MOC-37124-Iron-Man-Base-with-5026-pieces-1-150x150.jpg 150w\" sizes=\"(max-width: 800px) 100vw, 800px\" \/><figcaption id=\"caption-attachment-26820\" class=\"wp-caption-text\">MOC-37124 Iron Man Base med 5026 deler<\/figcaption><\/figure>\n<figure id=\"attachment_26821\" aria-describedby=\"caption-attachment-26821\" style=\"width: 768px\" class=\"wp-caption aligncenter\"><img decoding=\"async\" class=\"wp-image-26821 size-full\" src=\"https:\/\/mouldking.store\/wp-content\/uploads\/2021\/11\/MOC-37124-Iron-Man-Base-with-5026-pieces-2.jpg\" alt=\"MOC-37124 Iron Man Base with 5026 pieces\" width=\"768\" height=\"768\" title=\"-\" srcset=\"https:\/\/mouldking.store\/wp-content\/uploads\/2021\/11\/MOC-37124-Iron-Man-Base-with-5026-pieces-2.jpg 768w, https:\/\/mouldking.store\/wp-content\/uploads\/2021\/11\/MOC-37124-Iron-Man-Base-with-5026-pieces-2-300x300.jpg 300w, https:\/\/mouldking.store\/wp-content\/uploads\/2021\/11\/MOC-37124-Iron-Man-Base-with-5026-pieces-2-600x600.jpg 600w, https:\/\/mouldking.store\/wp-content\/uploads\/2021\/11\/MOC-37124-Iron-Man-Base-with-5026-pieces-2-150x150.jpg 150w\" sizes=\"(max-width: 768px) 100vw, 768px\" \/><figcaption id=\"caption-attachment-26821\" class=\"wp-caption-text\">MOC-37124 Iron Man Base med 5026 deler<\/figcaption><\/figure>","protected":false},"excerpt":{"rendered":"<p>Product information: Brand: MOC Gender: Unisex Name: Iron Man Base Age Range: &gt; 6 years old Model Number: 37124 Classification: Assemblage Plastic Block Shape: Self-Locking Bricks Material: Plastic Plastic Type: ABS Bricks Blocks: 5026 PCS Contains detailed assembly instructions. Notice: 1. Without an original box, but we guarantee our products have quality assurance and nice [&hellip;]<\/p>","protected":false},"featured_media":26820,"comment_status":"open","ping_status":"closed","template":"","meta":{"_acf_changed":false},"product_cat":[390],"product_tag":[3255,1856,3254,3253,3252],"class_list":["product","first","instock","shipping-taxable","purchasable","product-type-simple"],"acf":[],"_links":{"self":[{"href":"https:\/\/mouldking.store\/nb\/wp-json\/wp\/v2\/product\/26818","targetHints":{"allow":["GET"]}}],"collection":[{"href":"https:\/\/mouldking.store\/nb\/wp-json\/wp\/v2\/product"}],"about":[{"href":"https:\/\/mouldking.store\/nb\/wp-json\/wp\/v2\/types\/product"}],"replies":[{"embeddable":true,"href":"https:\/\/mouldking.store\/nb\/wp-json\/wp\/v2\/comments?post=26818"}],"wp:featuredmedia":[{"embeddable":true,"href":"https:\/\/mouldking.store\/nb\/wp-json\/wp\/v2\/media\/26820"}],"wp:attachment":[{"href":"https:\/\/mouldking.store\/nb\/wp-json\/wp\/v2\/media?parent=26818"}],"wp:term":[{"taxonomy":"product_cat","embeddable":true,"href":"https:\/\/mouldking.store\/nb\/wp-json\/wp\/v2\/product_cat?post=26818"},{"taxonomy":"product_tag","embeddable":true,"href":"https:\/\/mouldking.store\/nb\/wp-json\/wp\/v2\/product_tag?post=26818"}],"curies":[{"name":"wp","href":"https:\/\/api.w.org\/{rel}","templated":true}]}}