{"id":26841,"date":"2021-11-05T14:59:52","date_gmt":"2021-11-05T07:59:52","guid":{"rendered":"https:\/\/mouldking.store\/?post_type=product&#038;p=26841"},"modified":"2025-12-25T09:17:09","modified_gmt":"2025-12-25T02:17:09","slug":"moc-51141-iron-truss-railway-bridge-with-1224-pieces","status":"publish","type":"product","link":"https:\/\/mouldking.store\/nb\/shop\/moc-51141-iron-truss-railway-bridge-with-1224-pieces\/","title":{"rendered":"MOC-51141 Iron Truss Railway Bridge med 1224 stykker"},"content":{"rendered":"<p>Produktinformasjon:<\/p>\n<ol>\n<li>Merke: MOC<\/li>\n<li>Kj\u00f8nn: Unisex<\/li>\n<li>Name: Iron Truss Railway Bridge<\/li>\n<li>Aldersgruppe: &gt; 6 \u00e5r gammel<\/li>\n<li>Model Number: MOC-51141<\/li>\n<li>Klassifisering: Montering<\/li>\n<li>Plastblokkform: Selvl\u00e5sende murstein<\/li>\n<li>Materiale: Plast<\/li>\n<li>Plasttype: ABS<\/li>\n<li>Mursteinsblokker: 1224 STK<\/li>\n<li>Inneholder detaljerte monteringsanvisninger.<\/li>\n<li>Arrange Time: 30-50 days<\/li>\n<\/ol>\n<p>Legge merke til:<br \/>\n1. Uten original eske, men vi garanterer at v\u00e5re produkter har kvalitetssikring og pen emballasje.<br \/>\n2. Som alle delene vi har sjekket f\u00f8r frakt, s\u00e5 hvis du finner noen deler savnet eller skadet, ikke bekymre deg og bare kontakt oss, s\u00e5 kan vi sende dem til deg p\u00e5 nytt umiddelbart gratis.<\/p>\n<figure id=\"attachment_26842\" aria-describedby=\"caption-attachment-26842\" style=\"width: 1000px\" class=\"wp-caption aligncenter\"><img fetchpriority=\"high\" decoding=\"async\" class=\"size-full wp-image-26842\" title=\"MOC-51141 Iron Truss Railway Bridge med 1224 stykker\" src=\"https:\/\/mouldking.store\/wp-content\/uploads\/2021\/11\/moc-51141-iron-truss-railway-bridge-with-1224-pieces.jpg\" alt=\"MOC-51141 Iron Truss Railway Bridge with 1224 pieces\" width=\"1000\" height=\"1000\" srcset=\"https:\/\/mouldking.store\/wp-content\/uploads\/2021\/11\/moc-51141-iron-truss-railway-bridge-with-1224-pieces.jpg 1000w, https:\/\/mouldking.store\/wp-content\/uploads\/2021\/11\/moc-51141-iron-truss-railway-bridge-with-1224-pieces-300x300.jpg 300w, https:\/\/mouldking.store\/wp-content\/uploads\/2021\/11\/moc-51141-iron-truss-railway-bridge-with-1224-pieces-768x768.jpg 768w, https:\/\/mouldking.store\/wp-content\/uploads\/2021\/11\/moc-51141-iron-truss-railway-bridge-with-1224-pieces-600x600.jpg 600w, https:\/\/mouldking.store\/wp-content\/uploads\/2021\/11\/moc-51141-iron-truss-railway-bridge-with-1224-pieces-150x150.jpg 150w\" sizes=\"(max-width: 1000px) 100vw, 1000px\" \/><figcaption id=\"caption-attachment-26842\" class=\"wp-caption-text\">MOC-51141 Iron Truss Railway Bridge med 1224 stykker<\/figcaption><\/figure>\n<figure id=\"attachment_26843\" aria-describedby=\"caption-attachment-26843\" style=\"width: 1000px\" class=\"wp-caption aligncenter\"><img decoding=\"async\" class=\"size-full wp-image-26843\" title=\"MOC-51141 Iron Truss Railway Bridge med 1224 stykker\" src=\"https:\/\/mouldking.store\/wp-content\/uploads\/2021\/11\/moc-51141-iron-truss-railway-bridge-with-1224-pieces-1.jpg\" alt=\"MOC-51141 Iron Truss Railway Bridge with 1224 pieces\" width=\"1000\" height=\"1000\" srcset=\"https:\/\/mouldking.store\/wp-content\/uploads\/2021\/11\/moc-51141-iron-truss-railway-bridge-with-1224-pieces-1.jpg 1000w, https:\/\/mouldking.store\/wp-content\/uploads\/2021\/11\/moc-51141-iron-truss-railway-bridge-with-1224-pieces-1-300x300.jpg 300w, https:\/\/mouldking.store\/wp-content\/uploads\/2021\/11\/moc-51141-iron-truss-railway-bridge-with-1224-pieces-1-768x768.jpg 768w, https:\/\/mouldking.store\/wp-content\/uploads\/2021\/11\/moc-51141-iron-truss-railway-bridge-with-1224-pieces-1-600x600.jpg 600w, https:\/\/mouldking.store\/wp-content\/uploads\/2021\/11\/moc-51141-iron-truss-railway-bridge-with-1224-pieces-1-150x150.jpg 150w\" sizes=\"(max-width: 1000px) 100vw, 1000px\" \/><figcaption id=\"caption-attachment-26843\" class=\"wp-caption-text\">MOC-51141 Iron Truss Railway Bridge med 1224 stykker<\/figcaption><\/figure>\n<p>&nbsp;<\/p>","protected":false},"excerpt":{"rendered":"<p>Product information: Brand: MOC Gender: Unisex Name: Iron Truss Railway Bridge Age Range: &gt; 6 years old Model Number: MOC-51141 Classification: Assemblage Plastic Block Shape: Self-Locking Bricks Material: Plastic Plastic Type: ABS Bricks Blocks: 1224 PCS Contains detailed assembly instructions. Arrange Time: 30-50 days Notice: 1. Without an original box, but we guarantee our products [&hellip;]<\/p>","protected":false},"featured_media":26844,"comment_status":"open","ping_status":"closed","template":"","meta":{"_acf_changed":false},"product_cat":[390],"product_tag":[3265,3264],"class_list":["product","first","instock","shipping-taxable","purchasable","product-type-simple"],"acf":[],"_links":{"self":[{"href":"https:\/\/mouldking.store\/nb\/wp-json\/wp\/v2\/product\/26841","targetHints":{"allow":["GET"]}}],"collection":[{"href":"https:\/\/mouldking.store\/nb\/wp-json\/wp\/v2\/product"}],"about":[{"href":"https:\/\/mouldking.store\/nb\/wp-json\/wp\/v2\/types\/product"}],"replies":[{"embeddable":true,"href":"https:\/\/mouldking.store\/nb\/wp-json\/wp\/v2\/comments?post=26841"}],"wp:featuredmedia":[{"embeddable":true,"href":"https:\/\/mouldking.store\/nb\/wp-json\/wp\/v2\/media\/26844"}],"wp:attachment":[{"href":"https:\/\/mouldking.store\/nb\/wp-json\/wp\/v2\/media?parent=26841"}],"wp:term":[{"taxonomy":"product_cat","embeddable":true,"href":"https:\/\/mouldking.store\/nb\/wp-json\/wp\/v2\/product_cat?post=26841"},{"taxonomy":"product_tag","embeddable":true,"href":"https:\/\/mouldking.store\/nb\/wp-json\/wp\/v2\/product_tag?post=26841"}],"curies":[{"name":"wp","href":"https:\/\/api.w.org\/{rel}","templated":true}]}}