{"id":26970,"date":"2021-11-09T11:04:43","date_gmt":"2021-11-09T04:04:43","guid":{"rendered":"https:\/\/mouldking.store\/?post_type=product&#038;p=26970"},"modified":"2025-12-25T09:17:08","modified_gmt":"2025-12-25T02:17:08","slug":"moc-12902-eas-agamemnon-from-babylon-5-with-4720-pieces","status":"publish","type":"product","link":"https:\/\/mouldking.store\/nb\/shop\/moc-12902-eas-agamemnon-from-babylon-5-with-4720-pieces\/","title":{"rendered":"MOC-12902 EAS Agamemnon fra Babylon 5 med 4720 stykker"},"content":{"rendered":"<p>Produktinformasjon:<\/p>\n<ol>\n<li>Merke: MOC<\/li>\n<li>Kj\u00f8nn: Unisex<\/li>\n<li>Navn: EAS Agamemnon fra Babylon 5<\/li>\n<li>Aldersgruppe: &gt; 6 \u00e5r gammel<\/li>\n<li>Modellnummer: 12902<\/li>\n<li>Klassifisering: Montering<\/li>\n<li>Plastblokkform: Selvl\u00e5sende murstein<\/li>\n<li>Materiale: Plast<\/li>\n<li>Plasttype: ABS<\/li>\n<li>Mursteinsblokker: 4720 STK<\/li>\n<li>Inneholder detaljerte monteringsanvisninger.<\/li>\n<\/ol>\n<p>Legge merke til:<br \/>\n1. Uten original eske, men vi garanterer at v\u00e5re produkter har kvalitetssikring og pen emballasje.<br \/>\n2. Som alle delene vi har sjekket f\u00f8r frakt, s\u00e5 hvis du finner noen deler savnet eller skadet, ikke bekymre deg og bare kontakt oss, s\u00e5 kan vi sende dem til deg p\u00e5 nytt umiddelbart gratis.<\/p>\n<figure id=\"attachment_26971\" aria-describedby=\"caption-attachment-26971\" style=\"width: 800px\" class=\"wp-caption aligncenter\"><img fetchpriority=\"high\" decoding=\"async\" class=\"wp-image-26971 size-full\" src=\"https:\/\/mouldking.store\/wp-content\/uploads\/2021\/11\/MOC-12902-EAS-Agamemnon-from-Babylon-5-with-4720-pieces-1.jpg\" alt=\"MOC-12902 EAS Agamemnon from Babylon 5 with 4720 pieces\" width=\"800\" height=\"800\" title=\"-\" srcset=\"https:\/\/mouldking.store\/wp-content\/uploads\/2021\/11\/MOC-12902-EAS-Agamemnon-from-Babylon-5-with-4720-pieces-1.jpg 800w, https:\/\/mouldking.store\/wp-content\/uploads\/2021\/11\/MOC-12902-EAS-Agamemnon-from-Babylon-5-with-4720-pieces-1-300x300.jpg 300w, https:\/\/mouldking.store\/wp-content\/uploads\/2021\/11\/MOC-12902-EAS-Agamemnon-from-Babylon-5-with-4720-pieces-1-768x768.jpg 768w, https:\/\/mouldking.store\/wp-content\/uploads\/2021\/11\/MOC-12902-EAS-Agamemnon-from-Babylon-5-with-4720-pieces-1-600x600.jpg 600w, https:\/\/mouldking.store\/wp-content\/uploads\/2021\/11\/MOC-12902-EAS-Agamemnon-from-Babylon-5-with-4720-pieces-1-150x150.jpg 150w\" sizes=\"(max-width: 800px) 100vw, 800px\" \/><figcaption id=\"caption-attachment-26971\" class=\"wp-caption-text\">MOC-12902 EAS Agamemnon fra Babylon 5 med 4720 stykker<\/figcaption><\/figure>\n<figure id=\"attachment_26972\" aria-describedby=\"caption-attachment-26972\" style=\"width: 800px\" class=\"wp-caption aligncenter\"><img decoding=\"async\" class=\"wp-image-26972 size-full\" src=\"https:\/\/mouldking.store\/wp-content\/uploads\/2021\/11\/MOC-12902-EAS-Agamemnon-from-Babylon-5-with-4720-pieces-2.jpg\" alt=\"MOC-12902 EAS Agamemnon from Babylon 5 with 4720 pieces\" width=\"800\" height=\"800\" title=\"-\" srcset=\"https:\/\/mouldking.store\/wp-content\/uploads\/2021\/11\/MOC-12902-EAS-Agamemnon-from-Babylon-5-with-4720-pieces-2.jpg 800w, https:\/\/mouldking.store\/wp-content\/uploads\/2021\/11\/MOC-12902-EAS-Agamemnon-from-Babylon-5-with-4720-pieces-2-300x300.jpg 300w, https:\/\/mouldking.store\/wp-content\/uploads\/2021\/11\/MOC-12902-EAS-Agamemnon-from-Babylon-5-with-4720-pieces-2-768x768.jpg 768w, https:\/\/mouldking.store\/wp-content\/uploads\/2021\/11\/MOC-12902-EAS-Agamemnon-from-Babylon-5-with-4720-pieces-2-600x600.jpg 600w, https:\/\/mouldking.store\/wp-content\/uploads\/2021\/11\/MOC-12902-EAS-Agamemnon-from-Babylon-5-with-4720-pieces-2-150x150.jpg 150w\" sizes=\"(max-width: 800px) 100vw, 800px\" \/><figcaption id=\"caption-attachment-26972\" class=\"wp-caption-text\">MOC-12902 EAS Agamemnon fra Babylon 5 med 4720 stykker<\/figcaption><\/figure>","protected":false},"excerpt":{"rendered":"<p>Product information: Brand: MOC Gender: Unisex Name: EAS Agamemnon from Babylon 5 Age Range: &gt; 6 years old Model Number: 12902 Classification: Assemblage Plastic Block Shape: Self-Locking Bricks Material: Plastic Plastic Type: ABS Bricks Blocks: 4720 PCS Contains detailed assembly instructions. Notice: 1. Without an original box, but we guarantee our products have quality assurance [&hellip;]<\/p>","protected":false},"featured_media":26971,"comment_status":"open","ping_status":"closed","template":"","meta":{"_acf_changed":false},"product_cat":[581],"product_tag":[3339,3336,3338,3337,3334,3333,3335,3332,3331],"class_list":["product","first","instock","shipping-taxable","purchasable","product-type-simple"],"acf":[],"_links":{"self":[{"href":"https:\/\/mouldking.store\/nb\/wp-json\/wp\/v2\/product\/26970","targetHints":{"allow":["GET"]}}],"collection":[{"href":"https:\/\/mouldking.store\/nb\/wp-json\/wp\/v2\/product"}],"about":[{"href":"https:\/\/mouldking.store\/nb\/wp-json\/wp\/v2\/types\/product"}],"replies":[{"embeddable":true,"href":"https:\/\/mouldking.store\/nb\/wp-json\/wp\/v2\/comments?post=26970"}],"wp:featuredmedia":[{"embeddable":true,"href":"https:\/\/mouldking.store\/nb\/wp-json\/wp\/v2\/media\/26971"}],"wp:attachment":[{"href":"https:\/\/mouldking.store\/nb\/wp-json\/wp\/v2\/media?parent=26970"}],"wp:term":[{"taxonomy":"product_cat","embeddable":true,"href":"https:\/\/mouldking.store\/nb\/wp-json\/wp\/v2\/product_cat?post=26970"},{"taxonomy":"product_tag","embeddable":true,"href":"https:\/\/mouldking.store\/nb\/wp-json\/wp\/v2\/product_tag?post=26970"}],"curies":[{"name":"wp","href":"https:\/\/api.w.org\/{rel}","templated":true}]}}