{"id":26973,"date":"2021-11-09T11:08:46","date_gmt":"2021-11-09T11:08:46","guid":{"rendered":"https:\/\/mouldking.store\/?post_type=product&#038;p=26973"},"modified":"2021-12-23T09:40:45","modified_gmt":"2021-12-23T09:40:45","slug":"zhegao-00844-nekan-fy2a-lr129-digital-camera-with-627-pieces","status":"publish","type":"product","link":"https:\/\/mouldking.store\/nb\/shop\/zhegao-00844-nekan-fy2a-lr129-digital-camera-with-627-pieces\/","title":{"rendered":"ZHEGAO 00844 Nekan FY2A LR129 Digital Camera with 627 pieces"},"content":{"rendered":"<p>Produktinformasjon:<\/p>\n<ol>\n<li>Merke: ZHEGAO<\/li>\n<li>Kj\u00f8nn: Unisex<\/li>\n<li>Name: Nekan FY2A LR129 Digital Camera<\/li>\n<li>Aldersgruppe: &gt; 6 \u00e5r gammel<\/li>\n<li>Model Number: 00844<\/li>\n<li>Klassifisering: Montering<\/li>\n<li>Plastblokkform: Selvl\u00e5sende murstein<\/li>\n<li>Materiale: Plast<\/li>\n<li>Plasttype: ABS<\/li>\n<li>Bricks Blocks: 627 PCS<\/li>\n<li>Inneholder detaljerte monteringsanvisninger.<\/li>\n<\/ol>\n<p>Legge merke til:<br \/>\n1. Uten original eske, men vi garanterer at v\u00e5re produkter har kvalitetssikring og pen emballasje.<br \/>\n2. Som alle delene vi har sjekket f\u00f8r frakt, s\u00e5 hvis du finner noen deler savnet eller skadet, ikke bekymre deg og bare kontakt oss, s\u00e5 kan vi sende dem til deg p\u00e5 nytt umiddelbart gratis.<\/p>\n<figure id=\"attachment_26974\" aria-describedby=\"caption-attachment-26974\" style=\"width: 800px\" class=\"wp-caption aligncenter\"><img fetchpriority=\"high\" decoding=\"async\" class=\"wp-image-26974 size-full\" src=\"https:\/\/mouldking.store\/wp-content\/uploads\/2021\/11\/ZHEGAO-00844-Nekan-FY2A-LR129-Digital-Camera-with-627-pieces-1.jpg\" alt=\"ZHEGAO 00844 Nekan FY2A LR129 Digital Camera with 627 pieces\" width=\"800\" height=\"800\" title=\"-\" srcset=\"https:\/\/mouldking.store\/wp-content\/uploads\/2021\/11\/ZHEGAO-00844-Nekan-FY2A-LR129-Digital-Camera-with-627-pieces-1.jpg 800w, https:\/\/mouldking.store\/wp-content\/uploads\/2021\/11\/ZHEGAO-00844-Nekan-FY2A-LR129-Digital-Camera-with-627-pieces-1-300x300.jpg 300w, https:\/\/mouldking.store\/wp-content\/uploads\/2021\/11\/ZHEGAO-00844-Nekan-FY2A-LR129-Digital-Camera-with-627-pieces-1-768x768.jpg 768w, https:\/\/mouldking.store\/wp-content\/uploads\/2021\/11\/ZHEGAO-00844-Nekan-FY2A-LR129-Digital-Camera-with-627-pieces-1-600x600.jpg 600w, https:\/\/mouldking.store\/wp-content\/uploads\/2021\/11\/ZHEGAO-00844-Nekan-FY2A-LR129-Digital-Camera-with-627-pieces-1-150x150.jpg 150w\" sizes=\"(max-width: 800px) 100vw, 800px\" \/><figcaption id=\"caption-attachment-26974\" class=\"wp-caption-text\">ZHEGAO 00844 Nekan FY2A LR129 Digital Camera with 627 pieces<\/figcaption><\/figure>\n<figure id=\"attachment_26978\" aria-describedby=\"caption-attachment-26978\" style=\"width: 800px\" class=\"wp-caption aligncenter\"><img decoding=\"async\" class=\"wp-image-26978\" src=\"https:\/\/mouldking.store\/wp-content\/uploads\/2021\/11\/ZHEGAO-00844-Nekan-FY2A-LR129-Digital-Camera-with-627-pieces-5-300x300.jpg\" alt=\"ZHEGAO 00844 Nekan FY2A LR129 Digital Camera with 627 pieces\" width=\"800\" height=\"800\" title=\"-\" srcset=\"https:\/\/mouldking.store\/wp-content\/uploads\/2021\/11\/ZHEGAO-00844-Nekan-FY2A-LR129-Digital-Camera-with-627-pieces-5-300x300.jpg 300w, https:\/\/mouldking.store\/wp-content\/uploads\/2021\/11\/ZHEGAO-00844-Nekan-FY2A-LR129-Digital-Camera-with-627-pieces-5-768x768.jpg 768w, https:\/\/mouldking.store\/wp-content\/uploads\/2021\/11\/ZHEGAO-00844-Nekan-FY2A-LR129-Digital-Camera-with-627-pieces-5-600x600.jpg 600w, https:\/\/mouldking.store\/wp-content\/uploads\/2021\/11\/ZHEGAO-00844-Nekan-FY2A-LR129-Digital-Camera-with-627-pieces-5-150x150.jpg 150w, https:\/\/mouldking.store\/wp-content\/uploads\/2021\/11\/ZHEGAO-00844-Nekan-FY2A-LR129-Digital-Camera-with-627-pieces-5.jpg 1024w\" sizes=\"(max-width: 800px) 100vw, 800px\" \/><figcaption id=\"caption-attachment-26978\" class=\"wp-caption-text\">ZHEGAO 00844 Nekan FY2A LR129 Digital Camera with 627 pieces<\/figcaption><\/figure>\n<figure id=\"attachment_26977\" aria-describedby=\"caption-attachment-26977\" style=\"width: 800px\" class=\"wp-caption aligncenter\"><img decoding=\"async\" class=\"wp-image-26977\" src=\"https:\/\/mouldking.store\/wp-content\/uploads\/2021\/11\/ZHEGAO-00844-Nekan-FY2A-LR129-Digital-Camera-with-627-pieces-4-300x300.jpg\" alt=\"ZHEGAO 00844 Nekan FY2A LR129 Digital Camera with 627 pieces\" width=\"800\" height=\"800\" title=\"-\" srcset=\"https:\/\/mouldking.store\/wp-content\/uploads\/2021\/11\/ZHEGAO-00844-Nekan-FY2A-LR129-Digital-Camera-with-627-pieces-4-300x300.jpg 300w, https:\/\/mouldking.store\/wp-content\/uploads\/2021\/11\/ZHEGAO-00844-Nekan-FY2A-LR129-Digital-Camera-with-627-pieces-4-768x768.jpg 768w, https:\/\/mouldking.store\/wp-content\/uploads\/2021\/11\/ZHEGAO-00844-Nekan-FY2A-LR129-Digital-Camera-with-627-pieces-4-600x600.jpg 600w, https:\/\/mouldking.store\/wp-content\/uploads\/2021\/11\/ZHEGAO-00844-Nekan-FY2A-LR129-Digital-Camera-with-627-pieces-4-150x150.jpg 150w, https:\/\/mouldking.store\/wp-content\/uploads\/2021\/11\/ZHEGAO-00844-Nekan-FY2A-LR129-Digital-Camera-with-627-pieces-4.jpg 1024w\" sizes=\"(max-width: 800px) 100vw, 800px\" \/><figcaption id=\"caption-attachment-26977\" class=\"wp-caption-text\">ZHEGAO 00844 Nekan FY2A LR129 Digital Camera with 627 pieces<\/figcaption><\/figure>\n<figure id=\"attachment_26976\" aria-describedby=\"caption-attachment-26976\" style=\"width: 800px\" class=\"wp-caption aligncenter\"><img loading=\"lazy\" decoding=\"async\" class=\"wp-image-26976\" src=\"https:\/\/mouldking.store\/wp-content\/uploads\/2021\/11\/ZHEGAO-00844-Nekan-FY2A-LR129-Digital-Camera-with-627-pieces-3-300x300.jpg\" alt=\"ZHEGAO 00844 Nekan FY2A LR129 Digital Camera with 627 pieces\" width=\"800\" height=\"800\" title=\"-\" srcset=\"https:\/\/mouldking.store\/wp-content\/uploads\/2021\/11\/ZHEGAO-00844-Nekan-FY2A-LR129-Digital-Camera-with-627-pieces-3-300x300.jpg 300w, https:\/\/mouldking.store\/wp-content\/uploads\/2021\/11\/ZHEGAO-00844-Nekan-FY2A-LR129-Digital-Camera-with-627-pieces-3-768x768.jpg 768w, https:\/\/mouldking.store\/wp-content\/uploads\/2021\/11\/ZHEGAO-00844-Nekan-FY2A-LR129-Digital-Camera-with-627-pieces-3-600x600.jpg 600w, https:\/\/mouldking.store\/wp-content\/uploads\/2021\/11\/ZHEGAO-00844-Nekan-FY2A-LR129-Digital-Camera-with-627-pieces-3-150x150.jpg 150w, https:\/\/mouldking.store\/wp-content\/uploads\/2021\/11\/ZHEGAO-00844-Nekan-FY2A-LR129-Digital-Camera-with-627-pieces-3.jpg 1024w\" sizes=\"(max-width: 800px) 100vw, 800px\" \/><figcaption id=\"caption-attachment-26976\" class=\"wp-caption-text\">ZHEGAO 00844 Nekan FY2A LR129 Digital Camera with 627 pieces<\/figcaption><\/figure>\n<figure id=\"attachment_26975\" aria-describedby=\"caption-attachment-26975\" style=\"width: 800px\" class=\"wp-caption aligncenter\"><img loading=\"lazy\" decoding=\"async\" class=\"wp-image-26975\" src=\"https:\/\/mouldking.store\/wp-content\/uploads\/2021\/11\/ZHEGAO-00844-Nekan-FY2A-LR129-Digital-Camera-with-627-pieces-2-300x300.jpg\" alt=\"ZHEGAO 00844 Nekan FY2A LR129 Digital Camera with 627 pieces\" width=\"800\" height=\"800\" title=\"-\" srcset=\"https:\/\/mouldking.store\/wp-content\/uploads\/2021\/11\/ZHEGAO-00844-Nekan-FY2A-LR129-Digital-Camera-with-627-pieces-2-300x300.jpg 300w, https:\/\/mouldking.store\/wp-content\/uploads\/2021\/11\/ZHEGAO-00844-Nekan-FY2A-LR129-Digital-Camera-with-627-pieces-2-768x768.jpg 768w, https:\/\/mouldking.store\/wp-content\/uploads\/2021\/11\/ZHEGAO-00844-Nekan-FY2A-LR129-Digital-Camera-with-627-pieces-2-600x600.jpg 600w, https:\/\/mouldking.store\/wp-content\/uploads\/2021\/11\/ZHEGAO-00844-Nekan-FY2A-LR129-Digital-Camera-with-627-pieces-2-150x150.jpg 150w, https:\/\/mouldking.store\/wp-content\/uploads\/2021\/11\/ZHEGAO-00844-Nekan-FY2A-LR129-Digital-Camera-with-627-pieces-2.jpg 1024w\" sizes=\"(max-width: 800px) 100vw, 800px\" \/><figcaption id=\"caption-attachment-26975\" class=\"wp-caption-text\">ZHEGAO 00844 Nekan FY2A LR129 Digital Camera with 627 pieces<\/figcaption><\/figure>","protected":false},"excerpt":{"rendered":"<p>Product information: Brand: ZHEGAO Gender: Unisex Name: Nekan FY2A LR129 Digital Camera Age Range: &gt; 6 years old Model Number: 00844 Classification: Assemblage Plastic Block Shape: Self-Locking Bricks Material: Plastic Plastic Type: ABS Bricks Blocks: 627 PCS Contains detailed assembly instructions. Notice: 1. Without an original box, but we guarantee our products have quality assurance [&hellip;]<\/p>","protected":false},"featured_media":26974,"comment_status":"open","ping_status":"closed","template":"","meta":{"_acf_changed":false},"product_cat":[371],"product_tag":[3346,3347,3345,3343,3342,3341,3340,3344],"class_list":["product","first","instock","shipping-taxable","purchasable","product-type-simple"],"acf":[],"_links":{"self":[{"href":"https:\/\/mouldking.store\/nb\/wp-json\/wp\/v2\/product\/26973","targetHints":{"allow":["GET"]}}],"collection":[{"href":"https:\/\/mouldking.store\/nb\/wp-json\/wp\/v2\/product"}],"about":[{"href":"https:\/\/mouldking.store\/nb\/wp-json\/wp\/v2\/types\/product"}],"replies":[{"embeddable":true,"href":"https:\/\/mouldking.store\/nb\/wp-json\/wp\/v2\/comments?post=26973"}],"wp:featuredmedia":[{"embeddable":true,"href":"https:\/\/mouldking.store\/nb\/wp-json\/wp\/v2\/media\/26974"}],"wp:attachment":[{"href":"https:\/\/mouldking.store\/nb\/wp-json\/wp\/v2\/media?parent=26973"}],"wp:term":[{"taxonomy":"product_cat","embeddable":true,"href":"https:\/\/mouldking.store\/nb\/wp-json\/wp\/v2\/product_cat?post=26973"},{"taxonomy":"product_tag","embeddable":true,"href":"https:\/\/mouldking.store\/nb\/wp-json\/wp\/v2\/product_tag?post=26973"}],"curies":[{"name":"wp","href":"https:\/\/api.w.org\/{rel}","templated":true}]}}