{"id":27002,"date":"2021-11-09T11:24:06","date_gmt":"2021-11-09T11:24:06","guid":{"rendered":"https:\/\/mouldking.store\/?post_type=product&#038;p=27002"},"modified":"2021-12-23T09:40:45","modified_gmt":"2021-12-23T09:40:45","slug":"k-box-10224-violin-with-1840-pieces","status":"publish","type":"product","link":"https:\/\/mouldking.store\/nb\/shop\/k-box-10224-violin-with-1840-pieces\/","title":{"rendered":"K-BOX 10224 Fiolin med 1840 stk"},"content":{"rendered":"<p>Produktinformasjon:<\/p>\n<ol>\n<li>Merke: K-BOX<\/li>\n<li>Kj\u00f8nn: Unisex<\/li>\n<li>Name: Violin<\/li>\n<li>Aldersgruppe: &gt; 6 \u00e5r gammel<\/li>\n<li>Model Number: 10224<\/li>\n<li>Klassifisering: Montering<\/li>\n<li>Plastblokkform: Selvl\u00e5sende murstein<\/li>\n<li>Materiale: Plast<\/li>\n<li>Plasttype: ABS<\/li>\n<li>Bricks Blocks: 1840 PCS<\/li>\n<li>Inneholder detaljerte monteringsanvisninger.<\/li>\n<\/ol>\n<p>Legge merke til:<br \/>\n1. Uten original eske, men vi garanterer at v\u00e5re produkter har kvalitetssikring og pen emballasje.<br \/>\n2. Som alle delene vi har sjekket f\u00f8r frakt, s\u00e5 hvis du finner noen deler savnet eller skadet, ikke bekymre deg og bare kontakt oss, s\u00e5 kan vi sende dem til deg p\u00e5 nytt umiddelbart gratis.<\/p>\n<figure id=\"attachment_27003\" aria-describedby=\"caption-attachment-27003\" style=\"width: 800px\" class=\"wp-caption aligncenter\"><img fetchpriority=\"high\" decoding=\"async\" class=\"wp-image-27003 size-full\" src=\"https:\/\/mouldking.store\/wp-content\/uploads\/2021\/11\/K-BOX-10224-Violin-with-1840-pieces-1.jpg\" alt=\"K-BOX 10224 Violin with 1840 pieces\" width=\"800\" height=\"800\" title=\"-\" srcset=\"https:\/\/mouldking.store\/wp-content\/uploads\/2021\/11\/K-BOX-10224-Violin-with-1840-pieces-1.jpg 800w, https:\/\/mouldking.store\/wp-content\/uploads\/2021\/11\/K-BOX-10224-Violin-with-1840-pieces-1-300x300.jpg 300w, https:\/\/mouldking.store\/wp-content\/uploads\/2021\/11\/K-BOX-10224-Violin-with-1840-pieces-1-768x768.jpg 768w, https:\/\/mouldking.store\/wp-content\/uploads\/2021\/11\/K-BOX-10224-Violin-with-1840-pieces-1-600x600.jpg 600w, https:\/\/mouldking.store\/wp-content\/uploads\/2021\/11\/K-BOX-10224-Violin-with-1840-pieces-1-150x150.jpg 150w\" sizes=\"(max-width: 800px) 100vw, 800px\" \/><figcaption id=\"caption-attachment-27003\" class=\"wp-caption-text\">K-BOX 10224 Fiolin med 1840 stk<\/figcaption><\/figure>\n<figure id=\"attachment_27006\" aria-describedby=\"caption-attachment-27006\" style=\"width: 750px\" class=\"wp-caption aligncenter\"><img decoding=\"async\" class=\"wp-image-27006 size-full\" src=\"https:\/\/mouldking.store\/wp-content\/uploads\/2021\/11\/K-BOX-10224-Violin-with-1840-pieces-4.jpg\" alt=\"K-BOX 10224 Violin with 1840 pieces\" width=\"750\" height=\"1000\" title=\"-\" srcset=\"https:\/\/mouldking.store\/wp-content\/uploads\/2021\/11\/K-BOX-10224-Violin-with-1840-pieces-4.jpg 750w, https:\/\/mouldking.store\/wp-content\/uploads\/2021\/11\/K-BOX-10224-Violin-with-1840-pieces-4-225x300.jpg 225w, https:\/\/mouldking.store\/wp-content\/uploads\/2021\/11\/K-BOX-10224-Violin-with-1840-pieces-4-300x400.jpg 300w, https:\/\/mouldking.store\/wp-content\/uploads\/2021\/11\/K-BOX-10224-Violin-with-1840-pieces-4-600x800.jpg 600w, https:\/\/mouldking.store\/wp-content\/uploads\/2021\/11\/K-BOX-10224-Violin-with-1840-pieces-4-113x150.jpg 113w\" sizes=\"(max-width: 750px) 100vw, 750px\" \/><figcaption id=\"caption-attachment-27006\" class=\"wp-caption-text\">K-BOX 10224 Fiolin med 1840 stk<\/figcaption><\/figure>\n<figure id=\"attachment_27011\" aria-describedby=\"caption-attachment-27011\" style=\"width: 750px\" class=\"wp-caption aligncenter\"><img decoding=\"async\" class=\"wp-image-27011 size-full\" src=\"https:\/\/mouldking.store\/wp-content\/uploads\/2021\/11\/K-BOX-10224-Violin-with-1840-pieces-9.jpg\" alt=\"K-BOX 10224 Violin with 1840 pieces\" width=\"750\" height=\"1000\" title=\"-\" srcset=\"https:\/\/mouldking.store\/wp-content\/uploads\/2021\/11\/K-BOX-10224-Violin-with-1840-pieces-9.jpg 750w, https:\/\/mouldking.store\/wp-content\/uploads\/2021\/11\/K-BOX-10224-Violin-with-1840-pieces-9-225x300.jpg 225w, https:\/\/mouldking.store\/wp-content\/uploads\/2021\/11\/K-BOX-10224-Violin-with-1840-pieces-9-300x400.jpg 300w, https:\/\/mouldking.store\/wp-content\/uploads\/2021\/11\/K-BOX-10224-Violin-with-1840-pieces-9-600x800.jpg 600w, https:\/\/mouldking.store\/wp-content\/uploads\/2021\/11\/K-BOX-10224-Violin-with-1840-pieces-9-113x150.jpg 113w\" sizes=\"(max-width: 750px) 100vw, 750px\" \/><figcaption id=\"caption-attachment-27011\" class=\"wp-caption-text\">K-BOX 10224 Fiolin med 1840 stk<\/figcaption><\/figure>\n<figure id=\"attachment_27010\" aria-describedby=\"caption-attachment-27010\" style=\"width: 800px\" class=\"wp-caption aligncenter\"><img loading=\"lazy\" decoding=\"async\" class=\"wp-image-27010 size-full\" src=\"https:\/\/mouldking.store\/wp-content\/uploads\/2021\/11\/K-BOX-10224-Violin-with-1840-pieces-8.jpg\" alt=\"K-BOX 10224 Violin with 1840 pieces\" width=\"800\" height=\"800\" title=\"-\" srcset=\"https:\/\/mouldking.store\/wp-content\/uploads\/2021\/11\/K-BOX-10224-Violin-with-1840-pieces-8.jpg 800w, https:\/\/mouldking.store\/wp-content\/uploads\/2021\/11\/K-BOX-10224-Violin-with-1840-pieces-8-300x300.jpg 300w, https:\/\/mouldking.store\/wp-content\/uploads\/2021\/11\/K-BOX-10224-Violin-with-1840-pieces-8-768x768.jpg 768w, https:\/\/mouldking.store\/wp-content\/uploads\/2021\/11\/K-BOX-10224-Violin-with-1840-pieces-8-600x600.jpg 600w, https:\/\/mouldking.store\/wp-content\/uploads\/2021\/11\/K-BOX-10224-Violin-with-1840-pieces-8-150x150.jpg 150w\" sizes=\"(max-width: 800px) 100vw, 800px\" \/><figcaption id=\"caption-attachment-27010\" class=\"wp-caption-text\">K-BOX 10224 Fiolin med 1840 stk<\/figcaption><\/figure>\n<figure id=\"attachment_27004\" aria-describedby=\"caption-attachment-27004\" style=\"width: 750px\" class=\"wp-caption aligncenter\"><img loading=\"lazy\" decoding=\"async\" class=\"wp-image-27004 size-full\" src=\"https:\/\/mouldking.store\/wp-content\/uploads\/2021\/11\/K-BOX-10224-Violin-with-1840-pieces-2.jpg\" alt=\"K-BOX 10224 Violin with 1840 pieces\" width=\"750\" height=\"800\" title=\"-\" srcset=\"https:\/\/mouldking.store\/wp-content\/uploads\/2021\/11\/K-BOX-10224-Violin-with-1840-pieces-2.jpg 750w, https:\/\/mouldking.store\/wp-content\/uploads\/2021\/11\/K-BOX-10224-Violin-with-1840-pieces-2-281x300.jpg 281w, https:\/\/mouldking.store\/wp-content\/uploads\/2021\/11\/K-BOX-10224-Violin-with-1840-pieces-2-300x320.jpg 300w, https:\/\/mouldking.store\/wp-content\/uploads\/2021\/11\/K-BOX-10224-Violin-with-1840-pieces-2-600x640.jpg 600w, https:\/\/mouldking.store\/wp-content\/uploads\/2021\/11\/K-BOX-10224-Violin-with-1840-pieces-2-141x150.jpg 141w\" sizes=\"(max-width: 750px) 100vw, 750px\" \/><figcaption id=\"caption-attachment-27004\" class=\"wp-caption-text\">K-BOX 10224 Fiolin med 1840 stk<\/figcaption><\/figure>\n<figure id=\"attachment_27005\" aria-describedby=\"caption-attachment-27005\" style=\"width: 756px\" class=\"wp-caption aligncenter\"><img loading=\"lazy\" decoding=\"async\" class=\"wp-image-27005 size-full\" src=\"https:\/\/mouldking.store\/wp-content\/uploads\/2021\/11\/K-BOX-10224-Violin-with-1840-pieces-3.jpg\" alt=\"K-BOX 10224 Violin with 1840 pieces\" width=\"756\" height=\"756\" title=\"-\" srcset=\"https:\/\/mouldking.store\/wp-content\/uploads\/2021\/11\/K-BOX-10224-Violin-with-1840-pieces-3.jpg 756w, https:\/\/mouldking.store\/wp-content\/uploads\/2021\/11\/K-BOX-10224-Violin-with-1840-pieces-3-300x300.jpg 300w, https:\/\/mouldking.store\/wp-content\/uploads\/2021\/11\/K-BOX-10224-Violin-with-1840-pieces-3-600x600.jpg 600w, https:\/\/mouldking.store\/wp-content\/uploads\/2021\/11\/K-BOX-10224-Violin-with-1840-pieces-3-150x150.jpg 150w\" sizes=\"(max-width: 756px) 100vw, 756px\" \/><figcaption id=\"caption-attachment-27005\" class=\"wp-caption-text\">K-BOX 10224 Fiolin med 1840 stk<\/figcaption><\/figure>\n<figure id=\"attachment_27009\" aria-describedby=\"caption-attachment-27009\" style=\"width: 750px\" class=\"wp-caption aligncenter\"><img loading=\"lazy\" decoding=\"async\" class=\"wp-image-27009 size-full\" src=\"https:\/\/mouldking.store\/wp-content\/uploads\/2021\/11\/K-BOX-10224-Violin-with-1840-pieces-7.jpg\" alt=\"K-BOX 10224 Violin with 1840 pieces\" width=\"750\" height=\"1000\" title=\"-\" srcset=\"https:\/\/mouldking.store\/wp-content\/uploads\/2021\/11\/K-BOX-10224-Violin-with-1840-pieces-7.jpg 750w, https:\/\/mouldking.store\/wp-content\/uploads\/2021\/11\/K-BOX-10224-Violin-with-1840-pieces-7-225x300.jpg 225w, https:\/\/mouldking.store\/wp-content\/uploads\/2021\/11\/K-BOX-10224-Violin-with-1840-pieces-7-300x400.jpg 300w, https:\/\/mouldking.store\/wp-content\/uploads\/2021\/11\/K-BOX-10224-Violin-with-1840-pieces-7-600x800.jpg 600w, https:\/\/mouldking.store\/wp-content\/uploads\/2021\/11\/K-BOX-10224-Violin-with-1840-pieces-7-113x150.jpg 113w\" sizes=\"(max-width: 750px) 100vw, 750px\" \/><figcaption id=\"caption-attachment-27009\" class=\"wp-caption-text\">K-BOX 10224 Fiolin med 1840 stk<\/figcaption><\/figure>\n<figure id=\"attachment_27008\" aria-describedby=\"caption-attachment-27008\" style=\"width: 750px\" class=\"wp-caption aligncenter\"><img loading=\"lazy\" decoding=\"async\" class=\"wp-image-27008 size-full\" src=\"https:\/\/mouldking.store\/wp-content\/uploads\/2021\/11\/K-BOX-10224-Violin-with-1840-pieces-6.jpg\" alt=\"K-BOX 10224 Violin with 1840 pieces\" width=\"750\" height=\"1000\" title=\"-\" srcset=\"https:\/\/mouldking.store\/wp-content\/uploads\/2021\/11\/K-BOX-10224-Violin-with-1840-pieces-6.jpg 750w, https:\/\/mouldking.store\/wp-content\/uploads\/2021\/11\/K-BOX-10224-Violin-with-1840-pieces-6-225x300.jpg 225w, https:\/\/mouldking.store\/wp-content\/uploads\/2021\/11\/K-BOX-10224-Violin-with-1840-pieces-6-300x400.jpg 300w, https:\/\/mouldking.store\/wp-content\/uploads\/2021\/11\/K-BOX-10224-Violin-with-1840-pieces-6-600x800.jpg 600w, https:\/\/mouldking.store\/wp-content\/uploads\/2021\/11\/K-BOX-10224-Violin-with-1840-pieces-6-113x150.jpg 113w\" sizes=\"(max-width: 750px) 100vw, 750px\" \/><figcaption id=\"caption-attachment-27008\" class=\"wp-caption-text\">K-BOX 10224 Fiolin med 1840 stk<\/figcaption><\/figure>\n<figure id=\"attachment_27007\" aria-describedby=\"caption-attachment-27007\" style=\"width: 828px\" class=\"wp-caption aligncenter\"><img loading=\"lazy\" decoding=\"async\" class=\"wp-image-27007 size-full\" src=\"https:\/\/mouldking.store\/wp-content\/uploads\/2021\/11\/K-BOX-10224-Violin-with-1840-pieces-5.jpg\" alt=\"K-BOX 10224 Violin with 1840 pieces\" width=\"828\" height=\"828\" title=\"-\" srcset=\"https:\/\/mouldking.store\/wp-content\/uploads\/2021\/11\/K-BOX-10224-Violin-with-1840-pieces-5.jpg 828w, https:\/\/mouldking.store\/wp-content\/uploads\/2021\/11\/K-BOX-10224-Violin-with-1840-pieces-5-300x300.jpg 300w, https:\/\/mouldking.store\/wp-content\/uploads\/2021\/11\/K-BOX-10224-Violin-with-1840-pieces-5-768x768.jpg 768w, https:\/\/mouldking.store\/wp-content\/uploads\/2021\/11\/K-BOX-10224-Violin-with-1840-pieces-5-600x600.jpg 600w, https:\/\/mouldking.store\/wp-content\/uploads\/2021\/11\/K-BOX-10224-Violin-with-1840-pieces-5-150x150.jpg 150w\" sizes=\"(max-width: 828px) 100vw, 828px\" \/><figcaption id=\"caption-attachment-27007\" class=\"wp-caption-text\">K-BOX 10224 Fiolin med 1840 stk<\/figcaption><\/figure>","protected":false},"excerpt":{"rendered":"<p>Product information: Brand: K-BOX Gender: Unisex Name: Violin Age Range: &gt; 6 years old Model Number: 10224 Classification: Assemblage Plastic Block Shape: Self-Locking Bricks Material: Plastic Plastic Type: ABS Bricks Blocks: 1840 PCS Contains detailed assembly instructions. Notice: 1. Without an original box, but we guarantee our products have quality assurance and nice packaging. 2. [&hellip;]<\/p>","protected":false},"featured_media":27003,"comment_status":"open","ping_status":"closed","template":"","meta":{"_acf_changed":false},"product_cat":[371],"product_tag":[3365,2969,3363,3361,3360,3362,3364],"class_list":["product","first","instock","shipping-taxable","purchasable","product-type-simple"],"acf":[],"_links":{"self":[{"href":"https:\/\/mouldking.store\/nb\/wp-json\/wp\/v2\/product\/27002","targetHints":{"allow":["GET"]}}],"collection":[{"href":"https:\/\/mouldking.store\/nb\/wp-json\/wp\/v2\/product"}],"about":[{"href":"https:\/\/mouldking.store\/nb\/wp-json\/wp\/v2\/types\/product"}],"replies":[{"embeddable":true,"href":"https:\/\/mouldking.store\/nb\/wp-json\/wp\/v2\/comments?post=27002"}],"wp:featuredmedia":[{"embeddable":true,"href":"https:\/\/mouldking.store\/nb\/wp-json\/wp\/v2\/media\/27003"}],"wp:attachment":[{"href":"https:\/\/mouldking.store\/nb\/wp-json\/wp\/v2\/media?parent=27002"}],"wp:term":[{"taxonomy":"product_cat","embeddable":true,"href":"https:\/\/mouldking.store\/nb\/wp-json\/wp\/v2\/product_cat?post=27002"},{"taxonomy":"product_tag","embeddable":true,"href":"https:\/\/mouldking.store\/nb\/wp-json\/wp\/v2\/product_tag?post=27002"}],"curies":[{"name":"wp","href":"https:\/\/api.w.org\/{rel}","templated":true}]}}