{"id":27103,"date":"2021-11-12T01:57:00","date_gmt":"2021-11-12T01:57:00","guid":{"rendered":"https:\/\/mouldking.store\/?post_type=product&#038;p=27103"},"modified":"2021-12-23T09:40:43","modified_gmt":"2021-12-23T09:40:43","slug":"mould-king-19006-rc-pneumatic-forest-machine-with-938-pieces","status":"publish","type":"product","link":"https:\/\/mouldking.store\/nb\/shop\/mould-king-19006-rc-pneumatic-forest-machine-with-938-pieces\/","title":{"rendered":"Mold King 19006 RC Pneumatisk skogsmaskin med 938 stk"},"content":{"rendered":"<p>Produktinformasjon:<\/p>\n<ol>\n<li>Merke: Mold King<\/li>\n<li>Kj\u00f8nn: Unisex<\/li>\n<li>Name: RC Pneumatic Forest Machine<\/li>\n<li>Aldersgruppe: &gt; 14 \u00e5r gammel<\/li>\n<li>Model Number: 19006<\/li>\n<li>Klassifisering: Montering<\/li>\n<li>Plastblokkform: Selvl\u00e5sende murstein<\/li>\n<li>Materiale: Plast<\/li>\n<li>Plasttype: ABS<\/li>\n<li>Bricks Blocks: 938 PCS<\/li>\n<li>Inneholder detaljerte monteringsanvisninger.<\/li>\n<\/ol>\n<p>Legge merke til:<br \/>\n1. Uten original eske, men vi garanterer at v\u00e5re produkter har kvalitetssikring og pen emballasje.<br \/>\n2. Som alle delene vi har sjekket f\u00f8r frakt, s\u00e5 hvis du finner noen deler savnet eller skadet, ikke bekymre deg og bare kontakt oss, s\u00e5 kan vi sende dem til deg p\u00e5 nytt umiddelbart gratis.<\/p>\n<figure id=\"attachment_27104\" aria-describedby=\"caption-attachment-27104\" style=\"width: 800px\" class=\"wp-caption aligncenter\"><img fetchpriority=\"high\" decoding=\"async\" class=\"wp-image-27104 size-full\" src=\"https:\/\/mouldking.store\/wp-content\/uploads\/2021\/11\/Mould-King-19006-RC-Pneumatic-Forest-Machine-with-938-pieces-1.jpg\" alt=\"Mould King 19006 RC Pneumatic Forest Machine with 938 pieces\" width=\"800\" height=\"800\" title=\"-\" srcset=\"https:\/\/mouldking.store\/wp-content\/uploads\/2021\/11\/Mould-King-19006-RC-Pneumatic-Forest-Machine-with-938-pieces-1.jpg 800w, https:\/\/mouldking.store\/wp-content\/uploads\/2021\/11\/Mould-King-19006-RC-Pneumatic-Forest-Machine-with-938-pieces-1-300x300.jpg 300w, https:\/\/mouldking.store\/wp-content\/uploads\/2021\/11\/Mould-King-19006-RC-Pneumatic-Forest-Machine-with-938-pieces-1-768x768.jpg 768w, https:\/\/mouldking.store\/wp-content\/uploads\/2021\/11\/Mould-King-19006-RC-Pneumatic-Forest-Machine-with-938-pieces-1-600x600.jpg 600w, https:\/\/mouldking.store\/wp-content\/uploads\/2021\/11\/Mould-King-19006-RC-Pneumatic-Forest-Machine-with-938-pieces-1-150x150.jpg 150w\" sizes=\"(max-width: 800px) 100vw, 800px\" \/><figcaption id=\"caption-attachment-27104\" class=\"wp-caption-text\">Mold King 19006 RC Pneumatisk skogsmaskin med 938 stk<\/figcaption><\/figure>\n<figure id=\"attachment_27114\" aria-describedby=\"caption-attachment-27114\" style=\"width: 719px\" class=\"wp-caption aligncenter\"><img decoding=\"async\" class=\"wp-image-27114 size-full\" src=\"https:\/\/mouldking.store\/wp-content\/uploads\/2021\/11\/Mould-King-19006-RC-Pneumatic-Forest-Machine-with-938-pieces-11.jpg\" alt=\"Mould King 19006 RC Pneumatic Forest Machine with 938 pieces\" width=\"719\" height=\"661\" title=\"-\" srcset=\"https:\/\/mouldking.store\/wp-content\/uploads\/2021\/11\/Mould-King-19006-RC-Pneumatic-Forest-Machine-with-938-pieces-11.jpg 719w, https:\/\/mouldking.store\/wp-content\/uploads\/2021\/11\/Mould-King-19006-RC-Pneumatic-Forest-Machine-with-938-pieces-11-300x276.jpg 300w, https:\/\/mouldking.store\/wp-content\/uploads\/2021\/11\/Mould-King-19006-RC-Pneumatic-Forest-Machine-with-938-pieces-11-600x552.jpg 600w, https:\/\/mouldking.store\/wp-content\/uploads\/2021\/11\/Mould-King-19006-RC-Pneumatic-Forest-Machine-with-938-pieces-11-150x138.jpg 150w\" sizes=\"(max-width: 719px) 100vw, 719px\" \/><figcaption id=\"caption-attachment-27114\" class=\"wp-caption-text\">Mold King 19006 RC Pneumatisk skogsmaskin med 938 stk<\/figcaption><\/figure>\n<figure id=\"attachment_27113\" aria-describedby=\"caption-attachment-27113\" style=\"width: 719px\" class=\"wp-caption aligncenter\"><img decoding=\"async\" class=\"wp-image-27113 size-full\" src=\"https:\/\/mouldking.store\/wp-content\/uploads\/2021\/11\/Mould-King-19006-RC-Pneumatic-Forest-Machine-with-938-pieces-10.jpg\" alt=\"Mould King 19006 RC Pneumatic Forest Machine with 938 pieces\" width=\"719\" height=\"505\" title=\"-\" srcset=\"https:\/\/mouldking.store\/wp-content\/uploads\/2021\/11\/Mould-King-19006-RC-Pneumatic-Forest-Machine-with-938-pieces-10.jpg 719w, https:\/\/mouldking.store\/wp-content\/uploads\/2021\/11\/Mould-King-19006-RC-Pneumatic-Forest-Machine-with-938-pieces-10-300x211.jpg 300w, https:\/\/mouldking.store\/wp-content\/uploads\/2021\/11\/Mould-King-19006-RC-Pneumatic-Forest-Machine-with-938-pieces-10-600x421.jpg 600w, https:\/\/mouldking.store\/wp-content\/uploads\/2021\/11\/Mould-King-19006-RC-Pneumatic-Forest-Machine-with-938-pieces-10-150x105.jpg 150w\" sizes=\"(max-width: 719px) 100vw, 719px\" \/><figcaption id=\"caption-attachment-27113\" class=\"wp-caption-text\">Mold King 19006 RC Pneumatisk skogsmaskin med 938 stk<\/figcaption><\/figure>\n<figure id=\"attachment_27112\" aria-describedby=\"caption-attachment-27112\" style=\"width: 719px\" class=\"wp-caption aligncenter\"><img loading=\"lazy\" decoding=\"async\" class=\"wp-image-27112 size-full\" src=\"https:\/\/mouldking.store\/wp-content\/uploads\/2021\/11\/Mould-King-19006-RC-Pneumatic-Forest-Machine-with-938-pieces-9.jpg\" alt=\"Mould King 19006 RC Pneumatic Forest Machine with 938 pieces\" width=\"719\" height=\"687\" title=\"-\" srcset=\"https:\/\/mouldking.store\/wp-content\/uploads\/2021\/11\/Mould-King-19006-RC-Pneumatic-Forest-Machine-with-938-pieces-9.jpg 719w, https:\/\/mouldking.store\/wp-content\/uploads\/2021\/11\/Mould-King-19006-RC-Pneumatic-Forest-Machine-with-938-pieces-9-300x287.jpg 300w, https:\/\/mouldking.store\/wp-content\/uploads\/2021\/11\/Mould-King-19006-RC-Pneumatic-Forest-Machine-with-938-pieces-9-600x573.jpg 600w, https:\/\/mouldking.store\/wp-content\/uploads\/2021\/11\/Mould-King-19006-RC-Pneumatic-Forest-Machine-with-938-pieces-9-150x143.jpg 150w\" sizes=\"(max-width: 719px) 100vw, 719px\" \/><figcaption id=\"caption-attachment-27112\" class=\"wp-caption-text\">Mold King 19006 RC Pneumatisk skogsmaskin med 938 stk<\/figcaption><\/figure>\n<figure id=\"attachment_27111\" aria-describedby=\"caption-attachment-27111\" style=\"width: 719px\" class=\"wp-caption aligncenter\"><img loading=\"lazy\" decoding=\"async\" class=\"wp-image-27111 size-full\" src=\"https:\/\/mouldking.store\/wp-content\/uploads\/2021\/11\/Mould-King-19006-RC-Pneumatic-Forest-Machine-with-938-pieces-8.jpg\" alt=\"Mould King 19006 RC Pneumatic Forest Machine with 938 pieces\" width=\"719\" height=\"630\" title=\"-\" srcset=\"https:\/\/mouldking.store\/wp-content\/uploads\/2021\/11\/Mould-King-19006-RC-Pneumatic-Forest-Machine-with-938-pieces-8.jpg 719w, https:\/\/mouldking.store\/wp-content\/uploads\/2021\/11\/Mould-King-19006-RC-Pneumatic-Forest-Machine-with-938-pieces-8-300x263.jpg 300w, https:\/\/mouldking.store\/wp-content\/uploads\/2021\/11\/Mould-King-19006-RC-Pneumatic-Forest-Machine-with-938-pieces-8-600x526.jpg 600w, https:\/\/mouldking.store\/wp-content\/uploads\/2021\/11\/Mould-King-19006-RC-Pneumatic-Forest-Machine-with-938-pieces-8-150x131.jpg 150w\" sizes=\"(max-width: 719px) 100vw, 719px\" \/><figcaption id=\"caption-attachment-27111\" class=\"wp-caption-text\">Mold King 19006 RC Pneumatisk skogsmaskin med 938 stk<\/figcaption><\/figure>\n<figure id=\"attachment_27110\" aria-describedby=\"caption-attachment-27110\" style=\"width: 719px\" class=\"wp-caption aligncenter\"><img loading=\"lazy\" decoding=\"async\" class=\"wp-image-27110 size-full\" src=\"https:\/\/mouldking.store\/wp-content\/uploads\/2021\/11\/Mould-King-19006-RC-Pneumatic-Forest-Machine-with-938-pieces-7.jpg\" alt=\"Mould King 19006 RC Pneumatic Forest Machine with 938 pieces\" width=\"719\" height=\"629\" title=\"-\" srcset=\"https:\/\/mouldking.store\/wp-content\/uploads\/2021\/11\/Mould-King-19006-RC-Pneumatic-Forest-Machine-with-938-pieces-7.jpg 719w, https:\/\/mouldking.store\/wp-content\/uploads\/2021\/11\/Mould-King-19006-RC-Pneumatic-Forest-Machine-with-938-pieces-7-300x262.jpg 300w, https:\/\/mouldking.store\/wp-content\/uploads\/2021\/11\/Mould-King-19006-RC-Pneumatic-Forest-Machine-with-938-pieces-7-600x525.jpg 600w, https:\/\/mouldking.store\/wp-content\/uploads\/2021\/11\/Mould-King-19006-RC-Pneumatic-Forest-Machine-with-938-pieces-7-150x131.jpg 150w\" sizes=\"(max-width: 719px) 100vw, 719px\" \/><figcaption id=\"caption-attachment-27110\" class=\"wp-caption-text\">Mold King 19006 RC Pneumatisk skogsmaskin med 938 stk<\/figcaption><\/figure>\n<figure id=\"attachment_27109\" aria-describedby=\"caption-attachment-27109\" style=\"width: 719px\" class=\"wp-caption aligncenter\"><img loading=\"lazy\" decoding=\"async\" class=\"wp-image-27109 size-full\" src=\"https:\/\/mouldking.store\/wp-content\/uploads\/2021\/11\/Mould-King-19006-RC-Pneumatic-Forest-Machine-with-938-pieces-6.jpg\" alt=\"Mould King 19006 RC Pneumatic Forest Machine with 938 pieces\" width=\"719\" height=\"631\" title=\"-\" srcset=\"https:\/\/mouldking.store\/wp-content\/uploads\/2021\/11\/Mould-King-19006-RC-Pneumatic-Forest-Machine-with-938-pieces-6.jpg 719w, https:\/\/mouldking.store\/wp-content\/uploads\/2021\/11\/Mould-King-19006-RC-Pneumatic-Forest-Machine-with-938-pieces-6-300x263.jpg 300w, https:\/\/mouldking.store\/wp-content\/uploads\/2021\/11\/Mould-King-19006-RC-Pneumatic-Forest-Machine-with-938-pieces-6-600x527.jpg 600w, https:\/\/mouldking.store\/wp-content\/uploads\/2021\/11\/Mould-King-19006-RC-Pneumatic-Forest-Machine-with-938-pieces-6-150x132.jpg 150w\" sizes=\"(max-width: 719px) 100vw, 719px\" \/><figcaption id=\"caption-attachment-27109\" class=\"wp-caption-text\">Mold King 19006 RC Pneumatisk skogsmaskin med 938 stk<\/figcaption><\/figure>\n<figure id=\"attachment_27108\" aria-describedby=\"caption-attachment-27108\" style=\"width: 719px\" class=\"wp-caption aligncenter\"><img loading=\"lazy\" decoding=\"async\" class=\"wp-image-27108 size-full\" src=\"https:\/\/mouldking.store\/wp-content\/uploads\/2021\/11\/Mould-King-19006-RC-Pneumatic-Forest-Machine-with-938-pieces-5.jpg\" alt=\"Mould King 19006 RC Pneumatic Forest Machine with 938 pieces\" width=\"719\" height=\"630\" title=\"-\" srcset=\"https:\/\/mouldking.store\/wp-content\/uploads\/2021\/11\/Mould-King-19006-RC-Pneumatic-Forest-Machine-with-938-pieces-5.jpg 719w, https:\/\/mouldking.store\/wp-content\/uploads\/2021\/11\/Mould-King-19006-RC-Pneumatic-Forest-Machine-with-938-pieces-5-300x263.jpg 300w, https:\/\/mouldking.store\/wp-content\/uploads\/2021\/11\/Mould-King-19006-RC-Pneumatic-Forest-Machine-with-938-pieces-5-600x526.jpg 600w, https:\/\/mouldking.store\/wp-content\/uploads\/2021\/11\/Mould-King-19006-RC-Pneumatic-Forest-Machine-with-938-pieces-5-150x131.jpg 150w\" sizes=\"(max-width: 719px) 100vw, 719px\" \/><figcaption id=\"caption-attachment-27108\" class=\"wp-caption-text\">Mold King 19006 RC Pneumatisk skogsmaskin med 938 stk<\/figcaption><\/figure>\n<figure id=\"attachment_27107\" aria-describedby=\"caption-attachment-27107\" style=\"width: 719px\" class=\"wp-caption aligncenter\"><img loading=\"lazy\" decoding=\"async\" class=\"wp-image-27107 size-full\" src=\"https:\/\/mouldking.store\/wp-content\/uploads\/2021\/11\/Mould-King-19006-RC-Pneumatic-Forest-Machine-with-938-pieces-4.jpg\" alt=\"Mould King 19006 RC Pneumatic Forest Machine with 938 pieces\" width=\"719\" height=\"383\" title=\"-\" srcset=\"https:\/\/mouldking.store\/wp-content\/uploads\/2021\/11\/Mould-King-19006-RC-Pneumatic-Forest-Machine-with-938-pieces-4.jpg 719w, https:\/\/mouldking.store\/wp-content\/uploads\/2021\/11\/Mould-King-19006-RC-Pneumatic-Forest-Machine-with-938-pieces-4-300x160.jpg 300w, https:\/\/mouldking.store\/wp-content\/uploads\/2021\/11\/Mould-King-19006-RC-Pneumatic-Forest-Machine-with-938-pieces-4-600x320.jpg 600w, https:\/\/mouldking.store\/wp-content\/uploads\/2021\/11\/Mould-King-19006-RC-Pneumatic-Forest-Machine-with-938-pieces-4-150x80.jpg 150w\" sizes=\"(max-width: 719px) 100vw, 719px\" \/><figcaption id=\"caption-attachment-27107\" class=\"wp-caption-text\">Mold King 19006 RC Pneumatisk skogsmaskin med 938 stk<\/figcaption><\/figure>\n<figure id=\"attachment_27106\" aria-describedby=\"caption-attachment-27106\" style=\"width: 719px\" class=\"wp-caption aligncenter\"><img loading=\"lazy\" decoding=\"async\" class=\"wp-image-27106 size-full\" src=\"https:\/\/mouldking.store\/wp-content\/uploads\/2021\/11\/Mould-King-19006-RC-Pneumatic-Forest-Machine-with-938-pieces-3.jpg\" alt=\"Mould King 19006 RC Pneumatic Forest Machine with 938 pieces\" width=\"719\" height=\"740\" title=\"-\" srcset=\"https:\/\/mouldking.store\/wp-content\/uploads\/2021\/11\/Mould-King-19006-RC-Pneumatic-Forest-Machine-with-938-pieces-3.jpg 719w, https:\/\/mouldking.store\/wp-content\/uploads\/2021\/11\/Mould-King-19006-RC-Pneumatic-Forest-Machine-with-938-pieces-3-291x300.jpg 291w, https:\/\/mouldking.store\/wp-content\/uploads\/2021\/11\/Mould-King-19006-RC-Pneumatic-Forest-Machine-with-938-pieces-3-300x309.jpg 300w, https:\/\/mouldking.store\/wp-content\/uploads\/2021\/11\/Mould-King-19006-RC-Pneumatic-Forest-Machine-with-938-pieces-3-600x618.jpg 600w, https:\/\/mouldking.store\/wp-content\/uploads\/2021\/11\/Mould-King-19006-RC-Pneumatic-Forest-Machine-with-938-pieces-3-146x150.jpg 146w\" sizes=\"(max-width: 719px) 100vw, 719px\" \/><figcaption id=\"caption-attachment-27106\" class=\"wp-caption-text\">Mold King 19006 RC Pneumatisk skogsmaskin med 938 stk<\/figcaption><\/figure>\n<figure id=\"attachment_27105\" aria-describedby=\"caption-attachment-27105\" style=\"width: 719px\" class=\"wp-caption aligncenter\"><img loading=\"lazy\" decoding=\"async\" class=\"wp-image-27105 size-full\" src=\"https:\/\/mouldking.store\/wp-content\/uploads\/2021\/11\/Mould-King-19006-RC-Pneumatic-Forest-Machine-with-938-pieces-2.jpg\" alt=\"Mould King 19006 RC Pneumatic Forest Machine with 938 pieces\" width=\"719\" height=\"273\" title=\"-\" srcset=\"https:\/\/mouldking.store\/wp-content\/uploads\/2021\/11\/Mould-King-19006-RC-Pneumatic-Forest-Machine-with-938-pieces-2.jpg 719w, https:\/\/mouldking.store\/wp-content\/uploads\/2021\/11\/Mould-King-19006-RC-Pneumatic-Forest-Machine-with-938-pieces-2-300x114.jpg 300w, https:\/\/mouldking.store\/wp-content\/uploads\/2021\/11\/Mould-King-19006-RC-Pneumatic-Forest-Machine-with-938-pieces-2-600x228.jpg 600w, https:\/\/mouldking.store\/wp-content\/uploads\/2021\/11\/Mould-King-19006-RC-Pneumatic-Forest-Machine-with-938-pieces-2-150x57.jpg 150w\" sizes=\"(max-width: 719px) 100vw, 719px\" \/><figcaption id=\"caption-attachment-27105\" class=\"wp-caption-text\">Mold King 19006 RC Pneumatisk skogsmaskin med 938 stk<\/figcaption><\/figure>","protected":false},"excerpt":{"rendered":"<p>Product information: Brand: Mould King Gender: Unisex Name: RC Pneumatic Forest Machine Age Range: &gt; 14 years old Model Number: 19006 Classification: Assemblage Plastic Block Shape: Self-Locking Bricks Material: Plastic Plastic Type: ABS Bricks Blocks: 938 PCS Contains detailed assembly instructions. Notice: 1. Without an original box, but we guarantee our products have quality assurance [&hellip;]<\/p>","protected":false},"featured_media":27104,"comment_status":"open","ping_status":"closed","template":"","meta":{"_acf_changed":false},"product_cat":[364],"product_tag":[3403,3402,3407,3405,3406,481,3404],"class_list":["product","first","instock","shipping-taxable","purchasable","product-type-simple"],"acf":[],"_links":{"self":[{"href":"https:\/\/mouldking.store\/nb\/wp-json\/wp\/v2\/product\/27103","targetHints":{"allow":["GET"]}}],"collection":[{"href":"https:\/\/mouldking.store\/nb\/wp-json\/wp\/v2\/product"}],"about":[{"href":"https:\/\/mouldking.store\/nb\/wp-json\/wp\/v2\/types\/product"}],"replies":[{"embeddable":true,"href":"https:\/\/mouldking.store\/nb\/wp-json\/wp\/v2\/comments?post=27103"}],"wp:featuredmedia":[{"embeddable":true,"href":"https:\/\/mouldking.store\/nb\/wp-json\/wp\/v2\/media\/27104"}],"wp:attachment":[{"href":"https:\/\/mouldking.store\/nb\/wp-json\/wp\/v2\/media?parent=27103"}],"wp:term":[{"taxonomy":"product_cat","embeddable":true,"href":"https:\/\/mouldking.store\/nb\/wp-json\/wp\/v2\/product_cat?post=27103"},{"taxonomy":"product_tag","embeddable":true,"href":"https:\/\/mouldking.store\/nb\/wp-json\/wp\/v2\/product_tag?post=27103"}],"curies":[{"name":"wp","href":"https:\/\/api.w.org\/{rel}","templated":true}]}}