{"id":27115,"date":"2021-11-12T02:06:00","date_gmt":"2021-11-12T02:06:00","guid":{"rendered":"https:\/\/mouldking.store\/?post_type=product&#038;p=27115"},"modified":"2023-02-07T13:58:29","modified_gmt":"2023-02-07T06:58:29","slug":"cada-c61036-18-humvee-with-3935-pieces","status":"publish","type":"product","link":"https:\/\/mouldking.store\/nb\/shop\/cada-c61036-18-humvee-with-3935-pieces\/","title":{"rendered":"CADA C61036 1:8 HUMVEE med 3935 stk"},"content":{"rendered":"<p>Produktinformasjon:<\/p>\n<ol>\n<li>Merke: CADA<\/li>\n<li>Kj\u00f8nn: Unisex<\/li>\n<li>Navn: 1:8 HUMVEE<\/li>\n<li>Aldersgruppe: &gt; 6 \u00e5r gammel<\/li>\n<li>Modellnummer: C61036<\/li>\n<li>Klassifisering: Montering<\/li>\n<li>Plastblokkform: Selvl\u00e5sende murstein<\/li>\n<li>Materiale: Plast<\/li>\n<li>Plasttype: ABS<\/li>\n<li>Mursteinsblokker: 3935 STK<\/li>\n<li>Inneholder detaljerte monteringsanvisninger.<\/li>\n<\/ol>\n<p>Legge merke til:<br \/>\n1. Uten original eske, men vi garanterer at v\u00e5re produkter har kvalitetssikring og pen emballasje.<br \/>\n2. Som alle delene vi har sjekket f\u00f8r frakt, s\u00e5 hvis du finner noen deler savnet eller skadet, ikke bekymre deg og bare kontakt oss, s\u00e5 kan vi sende dem til deg p\u00e5 nytt umiddelbart gratis.<\/p>\n<figure id=\"attachment_27116\" aria-describedby=\"caption-attachment-27116\" style=\"width: 800px\" class=\"wp-caption aligncenter\"><img fetchpriority=\"high\" decoding=\"async\" class=\"wp-image-27116 size-full\" src=\"https:\/\/mouldking.store\/wp-content\/uploads\/2021\/11\/CADA-C61036-18-HUMVEE-with-3935-pieces-13.jpg\" alt=\"CADA C61036 1:8 HUMVEE with 3935 pieces\" width=\"800\" height=\"800\" title=\"-\" srcset=\"https:\/\/mouldking.store\/wp-content\/uploads\/2021\/11\/CADA-C61036-18-HUMVEE-with-3935-pieces-13.jpg 800w, https:\/\/mouldking.store\/wp-content\/uploads\/2021\/11\/CADA-C61036-18-HUMVEE-with-3935-pieces-13-300x300.jpg 300w, https:\/\/mouldking.store\/wp-content\/uploads\/2021\/11\/CADA-C61036-18-HUMVEE-with-3935-pieces-13-768x768.jpg 768w, https:\/\/mouldking.store\/wp-content\/uploads\/2021\/11\/CADA-C61036-18-HUMVEE-with-3935-pieces-13-600x600.jpg 600w, https:\/\/mouldking.store\/wp-content\/uploads\/2021\/11\/CADA-C61036-18-HUMVEE-with-3935-pieces-13-150x150.jpg 150w\" sizes=\"(max-width: 800px) 100vw, 800px\" \/><figcaption id=\"caption-attachment-27116\" class=\"wp-caption-text\">CADA C61036 1:8 HUMVEE med 3935 stk<\/figcaption><\/figure>\n<figure id=\"attachment_27117\" aria-describedby=\"caption-attachment-27117\" style=\"width: 800px\" class=\"wp-caption aligncenter\"><img decoding=\"async\" class=\"wp-image-27117 size-full\" src=\"https:\/\/mouldking.store\/wp-content\/uploads\/2021\/11\/CADA-C61036-18-HUMVEE-with-3935-pieces-1.jpg\" alt=\"CADA C61036 1:8 HUMVEE with 3935 pieces\" width=\"800\" height=\"800\" title=\"-\" srcset=\"https:\/\/mouldking.store\/wp-content\/uploads\/2021\/11\/CADA-C61036-18-HUMVEE-with-3935-pieces-1.jpg 800w, https:\/\/mouldking.store\/wp-content\/uploads\/2021\/11\/CADA-C61036-18-HUMVEE-with-3935-pieces-1-300x300.jpg 300w, https:\/\/mouldking.store\/wp-content\/uploads\/2021\/11\/CADA-C61036-18-HUMVEE-with-3935-pieces-1-768x768.jpg 768w, https:\/\/mouldking.store\/wp-content\/uploads\/2021\/11\/CADA-C61036-18-HUMVEE-with-3935-pieces-1-600x600.jpg 600w, https:\/\/mouldking.store\/wp-content\/uploads\/2021\/11\/CADA-C61036-18-HUMVEE-with-3935-pieces-1-150x150.jpg 150w\" sizes=\"(max-width: 800px) 100vw, 800px\" \/><figcaption id=\"caption-attachment-27117\" class=\"wp-caption-text\">CADA C61036 1:8 HUMVEE med 3935 stk<\/figcaption><\/figure>\n<figure id=\"attachment_27118\" aria-describedby=\"caption-attachment-27118\" style=\"width: 800px\" class=\"wp-caption aligncenter\"><img decoding=\"async\" class=\"wp-image-27118\" src=\"https:\/\/mouldking.store\/wp-content\/uploads\/2021\/11\/CADA-C61036-18-HUMVEE-with-3935-pieces-2.jpg\" alt=\"CADA C61036 1:8 HUMVEE with 3935 pieces\" width=\"800\" height=\"632\" title=\"-\" srcset=\"https:\/\/mouldking.store\/wp-content\/uploads\/2021\/11\/CADA-C61036-18-HUMVEE-with-3935-pieces-2.jpg 1024w, https:\/\/mouldking.store\/wp-content\/uploads\/2021\/11\/CADA-C61036-18-HUMVEE-with-3935-pieces-2-300x237.jpg 300w, https:\/\/mouldking.store\/wp-content\/uploads\/2021\/11\/CADA-C61036-18-HUMVEE-with-3935-pieces-2-768x607.jpg 768w, https:\/\/mouldking.store\/wp-content\/uploads\/2021\/11\/CADA-C61036-18-HUMVEE-with-3935-pieces-2-600x474.jpg 600w, https:\/\/mouldking.store\/wp-content\/uploads\/2021\/11\/CADA-C61036-18-HUMVEE-with-3935-pieces-2-150x119.jpg 150w\" sizes=\"(max-width: 800px) 100vw, 800px\" \/><figcaption id=\"caption-attachment-27118\" class=\"wp-caption-text\">CADA C61036 1:8 HUMVEE med 3935 stk<\/figcaption><\/figure>\n<figure id=\"attachment_27119\" aria-describedby=\"caption-attachment-27119\" style=\"width: 800px\" class=\"wp-caption aligncenter\"><img loading=\"lazy\" decoding=\"async\" class=\"wp-image-27119\" src=\"https:\/\/mouldking.store\/wp-content\/uploads\/2021\/11\/CADA-C61036-18-HUMVEE-with-3935-pieces-3-300x225.jpg\" alt=\"CADA C61036 1:8 HUMVEE with 3935 pieces\" width=\"800\" height=\"599\" title=\"-\" srcset=\"https:\/\/mouldking.store\/wp-content\/uploads\/2021\/11\/CADA-C61036-18-HUMVEE-with-3935-pieces-3-300x225.jpg 300w, https:\/\/mouldking.store\/wp-content\/uploads\/2021\/11\/CADA-C61036-18-HUMVEE-with-3935-pieces-3-768x575.jpg 768w, https:\/\/mouldking.store\/wp-content\/uploads\/2021\/11\/CADA-C61036-18-HUMVEE-with-3935-pieces-3-600x449.jpg 600w, https:\/\/mouldking.store\/wp-content\/uploads\/2021\/11\/CADA-C61036-18-HUMVEE-with-3935-pieces-3-150x112.jpg 150w, https:\/\/mouldking.store\/wp-content\/uploads\/2021\/11\/CADA-C61036-18-HUMVEE-with-3935-pieces-3.jpg 1024w\" sizes=\"(max-width: 800px) 100vw, 800px\" \/><figcaption id=\"caption-attachment-27119\" class=\"wp-caption-text\">CADA C61036 1:8 HUMVEE med 3935 stk<\/figcaption><\/figure>\n<figure id=\"attachment_27120\" aria-describedby=\"caption-attachment-27120\" style=\"width: 800px\" class=\"wp-caption aligncenter\"><img loading=\"lazy\" decoding=\"async\" class=\"wp-image-27120\" src=\"https:\/\/mouldking.store\/wp-content\/uploads\/2021\/11\/CADA-C61036-18-HUMVEE-with-3935-pieces-4-300x169.jpg\" alt=\"CADA C61036 1:8 HUMVEE with 3935 pieces\" width=\"800\" height=\"450\" title=\"-\" srcset=\"https:\/\/mouldking.store\/wp-content\/uploads\/2021\/11\/CADA-C61036-18-HUMVEE-with-3935-pieces-4-300x169.jpg 300w, https:\/\/mouldking.store\/wp-content\/uploads\/2021\/11\/CADA-C61036-18-HUMVEE-with-3935-pieces-4-768x432.jpg 768w, https:\/\/mouldking.store\/wp-content\/uploads\/2021\/11\/CADA-C61036-18-HUMVEE-with-3935-pieces-4-600x338.jpg 600w, https:\/\/mouldking.store\/wp-content\/uploads\/2021\/11\/CADA-C61036-18-HUMVEE-with-3935-pieces-4-150x84.jpg 150w, https:\/\/mouldking.store\/wp-content\/uploads\/2021\/11\/CADA-C61036-18-HUMVEE-with-3935-pieces-4.jpg 1023w\" sizes=\"(max-width: 800px) 100vw, 800px\" \/><figcaption id=\"caption-attachment-27120\" class=\"wp-caption-text\">CADA C61036 1:8 HUMVEE med 3935 stk<\/figcaption><\/figure>\n<figure id=\"attachment_27121\" aria-describedby=\"caption-attachment-27121\" style=\"width: 800px\" class=\"wp-caption aligncenter\"><img loading=\"lazy\" decoding=\"async\" class=\"wp-image-27121\" src=\"https:\/\/mouldking.store\/wp-content\/uploads\/2021\/11\/CADA-C61036-18-HUMVEE-with-3935-pieces-5-300x186.jpg\" alt=\"CADA C61036 1:8 HUMVEE with 3935 pieces\" width=\"800\" height=\"496\" title=\"-\" srcset=\"https:\/\/mouldking.store\/wp-content\/uploads\/2021\/11\/CADA-C61036-18-HUMVEE-with-3935-pieces-5-300x186.jpg 300w, https:\/\/mouldking.store\/wp-content\/uploads\/2021\/11\/CADA-C61036-18-HUMVEE-with-3935-pieces-5-768x476.jpg 768w, https:\/\/mouldking.store\/wp-content\/uploads\/2021\/11\/CADA-C61036-18-HUMVEE-with-3935-pieces-5-600x372.jpg 600w, https:\/\/mouldking.store\/wp-content\/uploads\/2021\/11\/CADA-C61036-18-HUMVEE-with-3935-pieces-5-150x93.jpg 150w, https:\/\/mouldking.store\/wp-content\/uploads\/2021\/11\/CADA-C61036-18-HUMVEE-with-3935-pieces-5.jpg 1024w\" sizes=\"(max-width: 800px) 100vw, 800px\" \/><figcaption id=\"caption-attachment-27121\" class=\"wp-caption-text\">CADA C61036 1:8 HUMVEE med 3935 stk<\/figcaption><\/figure>\n<figure id=\"attachment_27122\" aria-describedby=\"caption-attachment-27122\" style=\"width: 800px\" class=\"wp-caption aligncenter\"><img loading=\"lazy\" decoding=\"async\" class=\"wp-image-27122\" src=\"https:\/\/mouldking.store\/wp-content\/uploads\/2021\/11\/CADA-C61036-18-HUMVEE-with-3935-pieces-6-300x225.jpg\" alt=\"CADA C61036 1:8 HUMVEE with 3935 pieces\" width=\"800\" height=\"600\" title=\"-\" srcset=\"https:\/\/mouldking.store\/wp-content\/uploads\/2021\/11\/CADA-C61036-18-HUMVEE-with-3935-pieces-6-300x225.jpg 300w, https:\/\/mouldking.store\/wp-content\/uploads\/2021\/11\/CADA-C61036-18-HUMVEE-with-3935-pieces-6-768x576.jpg 768w, https:\/\/mouldking.store\/wp-content\/uploads\/2021\/11\/CADA-C61036-18-HUMVEE-with-3935-pieces-6-600x450.jpg 600w, https:\/\/mouldking.store\/wp-content\/uploads\/2021\/11\/CADA-C61036-18-HUMVEE-with-3935-pieces-6-150x113.jpg 150w, https:\/\/mouldking.store\/wp-content\/uploads\/2021\/11\/CADA-C61036-18-HUMVEE-with-3935-pieces-6.jpg 1024w\" sizes=\"(max-width: 800px) 100vw, 800px\" \/><figcaption id=\"caption-attachment-27122\" class=\"wp-caption-text\">CADA C61036 1:8 HUMVEE med 3935 stk<\/figcaption><\/figure>\n<figure id=\"attachment_27123\" aria-describedby=\"caption-attachment-27123\" style=\"width: 800px\" class=\"wp-caption aligncenter\"><img loading=\"lazy\" decoding=\"async\" class=\"wp-image-27123\" src=\"https:\/\/mouldking.store\/wp-content\/uploads\/2021\/11\/CADA-C61036-18-HUMVEE-with-3935-pieces-7-300x169.jpg\" alt=\"CADA C61036 1:8 HUMVEE with 3935 pieces\" width=\"800\" height=\"450\" title=\"-\" srcset=\"https:\/\/mouldking.store\/wp-content\/uploads\/2021\/11\/CADA-C61036-18-HUMVEE-with-3935-pieces-7-300x169.jpg 300w, https:\/\/mouldking.store\/wp-content\/uploads\/2021\/11\/CADA-C61036-18-HUMVEE-with-3935-pieces-7-768x432.jpg 768w, https:\/\/mouldking.store\/wp-content\/uploads\/2021\/11\/CADA-C61036-18-HUMVEE-with-3935-pieces-7-600x338.jpg 600w, https:\/\/mouldking.store\/wp-content\/uploads\/2021\/11\/CADA-C61036-18-HUMVEE-with-3935-pieces-7-150x84.jpg 150w, https:\/\/mouldking.store\/wp-content\/uploads\/2021\/11\/CADA-C61036-18-HUMVEE-with-3935-pieces-7.jpg 1024w\" sizes=\"(max-width: 800px) 100vw, 800px\" \/><figcaption id=\"caption-attachment-27123\" class=\"wp-caption-text\">CADA C61036 1:8 HUMVEE med 3935 stk<\/figcaption><\/figure>\n<figure id=\"attachment_27126\" aria-describedby=\"caption-attachment-27126\" style=\"width: 800px\" class=\"wp-caption aligncenter\"><img loading=\"lazy\" decoding=\"async\" class=\"wp-image-27126 size-full\" src=\"https:\/\/mouldking.store\/wp-content\/uploads\/2021\/11\/CADA-C61036-18-HUMVEE-with-3935-pieces-10.jpg\" alt=\"CADA C61036 1:8 HUMVEE with 3935 pieces\" width=\"800\" height=\"800\" title=\"-\" srcset=\"https:\/\/mouldking.store\/wp-content\/uploads\/2021\/11\/CADA-C61036-18-HUMVEE-with-3935-pieces-10.jpg 800w, https:\/\/mouldking.store\/wp-content\/uploads\/2021\/11\/CADA-C61036-18-HUMVEE-with-3935-pieces-10-300x300.jpg 300w, https:\/\/mouldking.store\/wp-content\/uploads\/2021\/11\/CADA-C61036-18-HUMVEE-with-3935-pieces-10-768x768.jpg 768w, https:\/\/mouldking.store\/wp-content\/uploads\/2021\/11\/CADA-C61036-18-HUMVEE-with-3935-pieces-10-600x600.jpg 600w, https:\/\/mouldking.store\/wp-content\/uploads\/2021\/11\/CADA-C61036-18-HUMVEE-with-3935-pieces-10-150x150.jpg 150w\" sizes=\"(max-width: 800px) 100vw, 800px\" \/><figcaption id=\"caption-attachment-27126\" class=\"wp-caption-text\">CADA C61036 1:8 HUMVEE med 3935 stk<\/figcaption><\/figure>\n<figure id=\"attachment_27127\" aria-describedby=\"caption-attachment-27127\" style=\"width: 800px\" class=\"wp-caption aligncenter\"><img loading=\"lazy\" decoding=\"async\" class=\"wp-image-27127 size-full\" src=\"https:\/\/mouldking.store\/wp-content\/uploads\/2021\/11\/CADA-C61036-18-HUMVEE-with-3935-pieces-11.jpg\" alt=\"CADA C61036 1:8 HUMVEE with 3935 pieces\" width=\"800\" height=\"800\" title=\"-\" srcset=\"https:\/\/mouldking.store\/wp-content\/uploads\/2021\/11\/CADA-C61036-18-HUMVEE-with-3935-pieces-11.jpg 800w, https:\/\/mouldking.store\/wp-content\/uploads\/2021\/11\/CADA-C61036-18-HUMVEE-with-3935-pieces-11-300x300.jpg 300w, https:\/\/mouldking.store\/wp-content\/uploads\/2021\/11\/CADA-C61036-18-HUMVEE-with-3935-pieces-11-768x768.jpg 768w, https:\/\/mouldking.store\/wp-content\/uploads\/2021\/11\/CADA-C61036-18-HUMVEE-with-3935-pieces-11-600x600.jpg 600w, https:\/\/mouldking.store\/wp-content\/uploads\/2021\/11\/CADA-C61036-18-HUMVEE-with-3935-pieces-11-150x150.jpg 150w\" sizes=\"(max-width: 800px) 100vw, 800px\" \/><figcaption id=\"caption-attachment-27127\" class=\"wp-caption-text\">CADA C61036 1:8 HUMVEE med 3935 stk<\/figcaption><\/figure>\n<figure id=\"attachment_27128\" aria-describedby=\"caption-attachment-27128\" style=\"width: 800px\" class=\"wp-caption aligncenter\"><img loading=\"lazy\" decoding=\"async\" class=\"wp-image-27128 size-full\" src=\"https:\/\/mouldking.store\/wp-content\/uploads\/2021\/11\/CADA-C61036-18-HUMVEE-with-3935-pieces-12.jpg\" alt=\"CADA C61036 1:8 HUMVEE with 3935 pieces\" width=\"800\" height=\"800\" title=\"-\" srcset=\"https:\/\/mouldking.store\/wp-content\/uploads\/2021\/11\/CADA-C61036-18-HUMVEE-with-3935-pieces-12.jpg 800w, https:\/\/mouldking.store\/wp-content\/uploads\/2021\/11\/CADA-C61036-18-HUMVEE-with-3935-pieces-12-300x300.jpg 300w, https:\/\/mouldking.store\/wp-content\/uploads\/2021\/11\/CADA-C61036-18-HUMVEE-with-3935-pieces-12-768x768.jpg 768w, https:\/\/mouldking.store\/wp-content\/uploads\/2021\/11\/CADA-C61036-18-HUMVEE-with-3935-pieces-12-600x600.jpg 600w, https:\/\/mouldking.store\/wp-content\/uploads\/2021\/11\/CADA-C61036-18-HUMVEE-with-3935-pieces-12-150x150.jpg 150w\" sizes=\"(max-width: 800px) 100vw, 800px\" \/><figcaption id=\"caption-attachment-27128\" class=\"wp-caption-text\">CADA C61036 1:8 HUMVEE med 3935 stk<\/figcaption><\/figure>\n<figure id=\"attachment_27125\" aria-describedby=\"caption-attachment-27125\" style=\"width: 800px\" class=\"wp-caption aligncenter\"><img loading=\"lazy\" decoding=\"async\" class=\"wp-image-27125 size-full\" src=\"https:\/\/mouldking.store\/wp-content\/uploads\/2021\/11\/CADA-C61036-18-HUMVEE-with-3935-pieces-9.jpg\" alt=\"CADA C61036 1:8 HUMVEE with 3935 pieces\" width=\"800\" height=\"800\" title=\"-\" srcset=\"https:\/\/mouldking.store\/wp-content\/uploads\/2021\/11\/CADA-C61036-18-HUMVEE-with-3935-pieces-9.jpg 800w, https:\/\/mouldking.store\/wp-content\/uploads\/2021\/11\/CADA-C61036-18-HUMVEE-with-3935-pieces-9-300x300.jpg 300w, https:\/\/mouldking.store\/wp-content\/uploads\/2021\/11\/CADA-C61036-18-HUMVEE-with-3935-pieces-9-768x768.jpg 768w, https:\/\/mouldking.store\/wp-content\/uploads\/2021\/11\/CADA-C61036-18-HUMVEE-with-3935-pieces-9-600x600.jpg 600w, https:\/\/mouldking.store\/wp-content\/uploads\/2021\/11\/CADA-C61036-18-HUMVEE-with-3935-pieces-9-150x150.jpg 150w\" sizes=\"(max-width: 800px) 100vw, 800px\" \/><figcaption id=\"caption-attachment-27125\" class=\"wp-caption-text\">CADA C61036 1:8 HUMVEE med 3935 stk<\/figcaption><\/figure>\n<figure id=\"attachment_27124\" aria-describedby=\"caption-attachment-27124\" style=\"width: 800px\" class=\"wp-caption aligncenter\"><img loading=\"lazy\" decoding=\"async\" class=\"wp-image-27124 size-full\" src=\"https:\/\/mouldking.store\/wp-content\/uploads\/2021\/11\/CADA-C61036-18-HUMVEE-with-3935-pieces-8.jpg\" alt=\"CADA C61036 1:8 HUMVEE with 3935 pieces\" width=\"800\" height=\"800\" title=\"-\" srcset=\"https:\/\/mouldking.store\/wp-content\/uploads\/2021\/11\/CADA-C61036-18-HUMVEE-with-3935-pieces-8.jpg 800w, https:\/\/mouldking.store\/wp-content\/uploads\/2021\/11\/CADA-C61036-18-HUMVEE-with-3935-pieces-8-300x300.jpg 300w, https:\/\/mouldking.store\/wp-content\/uploads\/2021\/11\/CADA-C61036-18-HUMVEE-with-3935-pieces-8-768x768.jpg 768w, https:\/\/mouldking.store\/wp-content\/uploads\/2021\/11\/CADA-C61036-18-HUMVEE-with-3935-pieces-8-600x600.jpg 600w, https:\/\/mouldking.store\/wp-content\/uploads\/2021\/11\/CADA-C61036-18-HUMVEE-with-3935-pieces-8-150x150.jpg 150w\" sizes=\"(max-width: 800px) 100vw, 800px\" \/><figcaption id=\"caption-attachment-27124\" class=\"wp-caption-text\">CADA C61036 1:8 HUMVEE med 3935 stk<\/figcaption><\/figure>","protected":false},"excerpt":{"rendered":"<p>Product information: Brand: CADA Gender: Unisex Name: 1:8 HUMVEE Age Range: &gt; 6 years old Model Number: C61036 Classification: Assemblage Plastic Block Shape: Self-Locking Bricks Material: Plastic Plastic Type: ABS Bricks Blocks: 3935 PCS Contains detailed assembly instructions. Notice: 1. Without an original box, but we guarantee our products have quality assurance and nice packaging. [&hellip;]<\/p>","protected":false},"featured_media":27116,"comment_status":"open","ping_status":"closed","template":"","meta":{"_acf_changed":false},"product_cat":[364],"product_tag":[3411,3413,1916,3412,3410,3409,3408,3414],"class_list":["product","first","instock","shipping-taxable","purchasable","product-type-variable"],"acf":[],"_links":{"self":[{"href":"https:\/\/mouldking.store\/nb\/wp-json\/wp\/v2\/product\/27115","targetHints":{"allow":["GET"]}}],"collection":[{"href":"https:\/\/mouldking.store\/nb\/wp-json\/wp\/v2\/product"}],"about":[{"href":"https:\/\/mouldking.store\/nb\/wp-json\/wp\/v2\/types\/product"}],"replies":[{"embeddable":true,"href":"https:\/\/mouldking.store\/nb\/wp-json\/wp\/v2\/comments?post=27115"}],"wp:featuredmedia":[{"embeddable":true,"href":"https:\/\/mouldking.store\/nb\/wp-json\/wp\/v2\/media\/27116"}],"wp:attachment":[{"href":"https:\/\/mouldking.store\/nb\/wp-json\/wp\/v2\/media?parent=27115"}],"wp:term":[{"taxonomy":"product_cat","embeddable":true,"href":"https:\/\/mouldking.store\/nb\/wp-json\/wp\/v2\/product_cat?post=27115"},{"taxonomy":"product_tag","embeddable":true,"href":"https:\/\/mouldking.store\/nb\/wp-json\/wp\/v2\/product_tag?post=27115"}],"curies":[{"name":"wp","href":"https:\/\/api.w.org\/{rel}","templated":true}]}}