{"id":27131,"date":"2021-11-12T02:14:52","date_gmt":"2021-11-12T02:14:52","guid":{"rendered":"https:\/\/mouldking.store\/?post_type=product&#038;p=27131"},"modified":"2021-12-23T09:40:44","modified_gmt":"2021-12-23T09:40:44","slug":"k-box-10221-nissan-gt-r-with-2389-pieces","status":"publish","type":"product","link":"https:\/\/mouldking.store\/nb\/shop\/k-box-10221-nissan-gt-r-with-2389-pieces\/","title":{"rendered":"K-BOX 10221 Nissan GT-R med 2389 stk"},"content":{"rendered":"<p>Produktinformasjon:<\/p>\n<ol>\n<li>Merke: K-BOX<\/li>\n<li>Kj\u00f8nn: Unisex<\/li>\n<li>Name: Nissan GT-R<\/li>\n<li>Aldersgruppe: &gt; 6 \u00e5r gammel<\/li>\n<li>Model Number: 10221<\/li>\n<li>Klassifisering: Montering<\/li>\n<li>Plastblokkform: Selvl\u00e5sende murstein<\/li>\n<li>Materiale: Plast<\/li>\n<li>Plasttype: ABS<\/li>\n<li>Bricks Blocks: 2389 PCS<\/li>\n<li>Inneholder detaljerte monteringsanvisninger.<\/li>\n<\/ol>\n<p>Legge merke til:<br \/>\n1. Uten original eske, men vi garanterer at v\u00e5re produkter har kvalitetssikring og pen emballasje.<br \/>\n2. Som alle delene vi har sjekket f\u00f8r frakt, s\u00e5 hvis du finner noen deler savnet eller skadet, ikke bekymre deg og bare kontakt oss, s\u00e5 kan vi sende dem til deg p\u00e5 nytt umiddelbart gratis.<\/p>\n<figure id=\"attachment_27132\" aria-describedby=\"caption-attachment-27132\" style=\"width: 750px\" class=\"wp-caption aligncenter\"><img fetchpriority=\"high\" decoding=\"async\" class=\"wp-image-27132 size-full\" src=\"https:\/\/mouldking.store\/wp-content\/uploads\/2021\/11\/K-BOX-10221-Nissan-GT-R-with-2389-pieces-13.jpg\" alt=\"K-BOX 10221 Nissan GT-R with 2389 pieces\" width=\"750\" height=\"750\" title=\"-\" srcset=\"https:\/\/mouldking.store\/wp-content\/uploads\/2021\/11\/K-BOX-10221-Nissan-GT-R-with-2389-pieces-13.jpg 750w, https:\/\/mouldking.store\/wp-content\/uploads\/2021\/11\/K-BOX-10221-Nissan-GT-R-with-2389-pieces-13-300x300.jpg 300w, https:\/\/mouldking.store\/wp-content\/uploads\/2021\/11\/K-BOX-10221-Nissan-GT-R-with-2389-pieces-13-600x600.jpg 600w, https:\/\/mouldking.store\/wp-content\/uploads\/2021\/11\/K-BOX-10221-Nissan-GT-R-with-2389-pieces-13-150x150.jpg 150w\" sizes=\"(max-width: 750px) 100vw, 750px\" \/><figcaption id=\"caption-attachment-27132\" class=\"wp-caption-text\">K-BOX 10221 Nissan GT-R med 2389 stk<\/figcaption><\/figure>\n<figure id=\"attachment_27133\" aria-describedby=\"caption-attachment-27133\" style=\"width: 800px\" class=\"wp-caption aligncenter\"><img decoding=\"async\" class=\"wp-image-27133 size-full\" src=\"https:\/\/mouldking.store\/wp-content\/uploads\/2021\/11\/K-BOX-10221-Nissan-GT-R-with-2389-pieces-1.jpg\" alt=\"K-BOX 10221 Nissan GT-R with 2389 pieces\" width=\"800\" height=\"800\" title=\"-\" srcset=\"https:\/\/mouldking.store\/wp-content\/uploads\/2021\/11\/K-BOX-10221-Nissan-GT-R-with-2389-pieces-1.jpg 800w, https:\/\/mouldking.store\/wp-content\/uploads\/2021\/11\/K-BOX-10221-Nissan-GT-R-with-2389-pieces-1-300x300.jpg 300w, https:\/\/mouldking.store\/wp-content\/uploads\/2021\/11\/K-BOX-10221-Nissan-GT-R-with-2389-pieces-1-768x768.jpg 768w, https:\/\/mouldking.store\/wp-content\/uploads\/2021\/11\/K-BOX-10221-Nissan-GT-R-with-2389-pieces-1-600x600.jpg 600w, https:\/\/mouldking.store\/wp-content\/uploads\/2021\/11\/K-BOX-10221-Nissan-GT-R-with-2389-pieces-1-150x150.jpg 150w\" sizes=\"(max-width: 800px) 100vw, 800px\" \/><figcaption id=\"caption-attachment-27133\" class=\"wp-caption-text\">K-BOX 10221 Nissan GT-R med 2389 stk<\/figcaption><\/figure>\n<figure id=\"attachment_27140\" aria-describedby=\"caption-attachment-27140\" style=\"width: 800px\" class=\"wp-caption aligncenter\"><img decoding=\"async\" class=\"wp-image-27140 size-full\" src=\"https:\/\/mouldking.store\/wp-content\/uploads\/2021\/11\/K-BOX-10221-Nissan-GT-R-with-2389-pieces-8.jpg\" alt=\"K-BOX 10221 Nissan GT-R with 2389 pieces\" width=\"800\" height=\"800\" title=\"-\" srcset=\"https:\/\/mouldking.store\/wp-content\/uploads\/2021\/11\/K-BOX-10221-Nissan-GT-R-with-2389-pieces-8.jpg 800w, https:\/\/mouldking.store\/wp-content\/uploads\/2021\/11\/K-BOX-10221-Nissan-GT-R-with-2389-pieces-8-300x300.jpg 300w, https:\/\/mouldking.store\/wp-content\/uploads\/2021\/11\/K-BOX-10221-Nissan-GT-R-with-2389-pieces-8-768x768.jpg 768w, https:\/\/mouldking.store\/wp-content\/uploads\/2021\/11\/K-BOX-10221-Nissan-GT-R-with-2389-pieces-8-600x600.jpg 600w, https:\/\/mouldking.store\/wp-content\/uploads\/2021\/11\/K-BOX-10221-Nissan-GT-R-with-2389-pieces-8-150x150.jpg 150w\" sizes=\"(max-width: 800px) 100vw, 800px\" \/><figcaption id=\"caption-attachment-27140\" class=\"wp-caption-text\">K-BOX 10221 Nissan GT-R med 2389 stk<\/figcaption><\/figure>\n<figure id=\"attachment_27141\" aria-describedby=\"caption-attachment-27141\" style=\"width: 800px\" class=\"wp-caption aligncenter\"><img loading=\"lazy\" decoding=\"async\" class=\"wp-image-27141 size-full\" src=\"https:\/\/mouldking.store\/wp-content\/uploads\/2021\/11\/K-BOX-10221-Nissan-GT-R-with-2389-pieces-9.jpg\" alt=\"K-BOX 10221 Nissan GT-R with 2389 pieces\" width=\"800\" height=\"800\" title=\"-\" srcset=\"https:\/\/mouldking.store\/wp-content\/uploads\/2021\/11\/K-BOX-10221-Nissan-GT-R-with-2389-pieces-9.jpg 800w, https:\/\/mouldking.store\/wp-content\/uploads\/2021\/11\/K-BOX-10221-Nissan-GT-R-with-2389-pieces-9-300x300.jpg 300w, https:\/\/mouldking.store\/wp-content\/uploads\/2021\/11\/K-BOX-10221-Nissan-GT-R-with-2389-pieces-9-768x768.jpg 768w, https:\/\/mouldking.store\/wp-content\/uploads\/2021\/11\/K-BOX-10221-Nissan-GT-R-with-2389-pieces-9-600x600.jpg 600w, https:\/\/mouldking.store\/wp-content\/uploads\/2021\/11\/K-BOX-10221-Nissan-GT-R-with-2389-pieces-9-150x150.jpg 150w\" sizes=\"(max-width: 800px) 100vw, 800px\" \/><figcaption id=\"caption-attachment-27141\" class=\"wp-caption-text\">K-BOX 10221 Nissan GT-R med 2389 stk<\/figcaption><\/figure>\n<figure id=\"attachment_27142\" aria-describedby=\"caption-attachment-27142\" style=\"width: 800px\" class=\"wp-caption aligncenter\"><img loading=\"lazy\" decoding=\"async\" class=\"wp-image-27142 size-full\" src=\"https:\/\/mouldking.store\/wp-content\/uploads\/2021\/11\/K-BOX-10221-Nissan-GT-R-with-2389-pieces-10.jpg\" alt=\"K-BOX 10221 Nissan GT-R with 2389 pieces\" width=\"800\" height=\"800\" title=\"-\" srcset=\"https:\/\/mouldking.store\/wp-content\/uploads\/2021\/11\/K-BOX-10221-Nissan-GT-R-with-2389-pieces-10.jpg 800w, https:\/\/mouldking.store\/wp-content\/uploads\/2021\/11\/K-BOX-10221-Nissan-GT-R-with-2389-pieces-10-300x300.jpg 300w, https:\/\/mouldking.store\/wp-content\/uploads\/2021\/11\/K-BOX-10221-Nissan-GT-R-with-2389-pieces-10-768x768.jpg 768w, https:\/\/mouldking.store\/wp-content\/uploads\/2021\/11\/K-BOX-10221-Nissan-GT-R-with-2389-pieces-10-600x600.jpg 600w, https:\/\/mouldking.store\/wp-content\/uploads\/2021\/11\/K-BOX-10221-Nissan-GT-R-with-2389-pieces-10-150x150.jpg 150w\" sizes=\"(max-width: 800px) 100vw, 800px\" \/><figcaption id=\"caption-attachment-27142\" class=\"wp-caption-text\">K-BOX 10221 Nissan GT-R med 2389 stk<\/figcaption><\/figure>\n<figure id=\"attachment_27143\" aria-describedby=\"caption-attachment-27143\" style=\"width: 800px\" class=\"wp-caption aligncenter\"><img loading=\"lazy\" decoding=\"async\" class=\"wp-image-27143 size-full\" src=\"https:\/\/mouldking.store\/wp-content\/uploads\/2021\/11\/K-BOX-10221-Nissan-GT-R-with-2389-pieces-11.jpg\" alt=\"K-BOX 10221 Nissan GT-R with 2389 pieces\" width=\"800\" height=\"800\" title=\"-\" srcset=\"https:\/\/mouldking.store\/wp-content\/uploads\/2021\/11\/K-BOX-10221-Nissan-GT-R-with-2389-pieces-11.jpg 800w, https:\/\/mouldking.store\/wp-content\/uploads\/2021\/11\/K-BOX-10221-Nissan-GT-R-with-2389-pieces-11-300x300.jpg 300w, https:\/\/mouldking.store\/wp-content\/uploads\/2021\/11\/K-BOX-10221-Nissan-GT-R-with-2389-pieces-11-768x768.jpg 768w, https:\/\/mouldking.store\/wp-content\/uploads\/2021\/11\/K-BOX-10221-Nissan-GT-R-with-2389-pieces-11-600x600.jpg 600w, https:\/\/mouldking.store\/wp-content\/uploads\/2021\/11\/K-BOX-10221-Nissan-GT-R-with-2389-pieces-11-150x150.jpg 150w\" sizes=\"(max-width: 800px) 100vw, 800px\" \/><figcaption id=\"caption-attachment-27143\" class=\"wp-caption-text\">K-BOX 10221 Nissan GT-R med 2389 stk<\/figcaption><\/figure>\n<figure id=\"attachment_27144\" aria-describedby=\"caption-attachment-27144\" style=\"width: 800px\" class=\"wp-caption aligncenter\"><img loading=\"lazy\" decoding=\"async\" class=\"wp-image-27144 size-full\" src=\"https:\/\/mouldking.store\/wp-content\/uploads\/2021\/11\/K-BOX-10221-Nissan-GT-R-with-2389-pieces-12.jpg\" alt=\"K-BOX 10221 Nissan GT-R with 2389 pieces\" width=\"800\" height=\"800\" title=\"-\" srcset=\"https:\/\/mouldking.store\/wp-content\/uploads\/2021\/11\/K-BOX-10221-Nissan-GT-R-with-2389-pieces-12.jpg 800w, https:\/\/mouldking.store\/wp-content\/uploads\/2021\/11\/K-BOX-10221-Nissan-GT-R-with-2389-pieces-12-300x300.jpg 300w, https:\/\/mouldking.store\/wp-content\/uploads\/2021\/11\/K-BOX-10221-Nissan-GT-R-with-2389-pieces-12-768x768.jpg 768w, https:\/\/mouldking.store\/wp-content\/uploads\/2021\/11\/K-BOX-10221-Nissan-GT-R-with-2389-pieces-12-600x600.jpg 600w, https:\/\/mouldking.store\/wp-content\/uploads\/2021\/11\/K-BOX-10221-Nissan-GT-R-with-2389-pieces-12-150x150.jpg 150w\" sizes=\"(max-width: 800px) 100vw, 800px\" \/><figcaption id=\"caption-attachment-27144\" class=\"wp-caption-text\">K-BOX 10221 Nissan GT-R med 2389 stk<\/figcaption><\/figure>\n<figure id=\"attachment_27134\" aria-describedby=\"caption-attachment-27134\" style=\"width: 800px\" class=\"wp-caption aligncenter\"><img loading=\"lazy\" decoding=\"async\" class=\"wp-image-27134 size-full\" src=\"https:\/\/mouldking.store\/wp-content\/uploads\/2021\/11\/K-BOX-10221-Nissan-GT-R-with-2389-pieces-2.jpg\" alt=\"K-BOX 10221 Nissan GT-R with 2389 pieces\" width=\"800\" height=\"800\" title=\"-\" srcset=\"https:\/\/mouldking.store\/wp-content\/uploads\/2021\/11\/K-BOX-10221-Nissan-GT-R-with-2389-pieces-2.jpg 800w, https:\/\/mouldking.store\/wp-content\/uploads\/2021\/11\/K-BOX-10221-Nissan-GT-R-with-2389-pieces-2-300x300.jpg 300w, https:\/\/mouldking.store\/wp-content\/uploads\/2021\/11\/K-BOX-10221-Nissan-GT-R-with-2389-pieces-2-768x768.jpg 768w, https:\/\/mouldking.store\/wp-content\/uploads\/2021\/11\/K-BOX-10221-Nissan-GT-R-with-2389-pieces-2-600x600.jpg 600w, https:\/\/mouldking.store\/wp-content\/uploads\/2021\/11\/K-BOX-10221-Nissan-GT-R-with-2389-pieces-2-150x150.jpg 150w\" sizes=\"(max-width: 800px) 100vw, 800px\" \/><figcaption id=\"caption-attachment-27134\" class=\"wp-caption-text\">K-BOX 10221 Nissan GT-R med 2389 stk<\/figcaption><\/figure>\n<figure id=\"attachment_27135\" aria-describedby=\"caption-attachment-27135\" style=\"width: 800px\" class=\"wp-caption aligncenter\"><img loading=\"lazy\" decoding=\"async\" class=\"wp-image-27135 size-full\" src=\"https:\/\/mouldking.store\/wp-content\/uploads\/2021\/11\/K-BOX-10221-Nissan-GT-R-with-2389-pieces-3.jpg\" alt=\"K-BOX 10221 Nissan GT-R with 2389 pieces\" width=\"800\" height=\"800\" title=\"-\" srcset=\"https:\/\/mouldking.store\/wp-content\/uploads\/2021\/11\/K-BOX-10221-Nissan-GT-R-with-2389-pieces-3.jpg 800w, https:\/\/mouldking.store\/wp-content\/uploads\/2021\/11\/K-BOX-10221-Nissan-GT-R-with-2389-pieces-3-300x300.jpg 300w, https:\/\/mouldking.store\/wp-content\/uploads\/2021\/11\/K-BOX-10221-Nissan-GT-R-with-2389-pieces-3-768x768.jpg 768w, https:\/\/mouldking.store\/wp-content\/uploads\/2021\/11\/K-BOX-10221-Nissan-GT-R-with-2389-pieces-3-600x600.jpg 600w, https:\/\/mouldking.store\/wp-content\/uploads\/2021\/11\/K-BOX-10221-Nissan-GT-R-with-2389-pieces-3-150x150.jpg 150w\" sizes=\"(max-width: 800px) 100vw, 800px\" \/><figcaption id=\"caption-attachment-27135\" class=\"wp-caption-text\">K-BOX 10221 Nissan GT-R med 2389 stk<\/figcaption><\/figure>\n<figure id=\"attachment_27136\" aria-describedby=\"caption-attachment-27136\" style=\"width: 800px\" class=\"wp-caption aligncenter\"><img loading=\"lazy\" decoding=\"async\" class=\"wp-image-27136 size-full\" src=\"https:\/\/mouldking.store\/wp-content\/uploads\/2021\/11\/K-BOX-10221-Nissan-GT-R-with-2389-pieces-4.jpg\" alt=\"K-BOX 10221 Nissan GT-R with 2389 pieces\" width=\"800\" height=\"800\" title=\"-\" srcset=\"https:\/\/mouldking.store\/wp-content\/uploads\/2021\/11\/K-BOX-10221-Nissan-GT-R-with-2389-pieces-4.jpg 800w, https:\/\/mouldking.store\/wp-content\/uploads\/2021\/11\/K-BOX-10221-Nissan-GT-R-with-2389-pieces-4-300x300.jpg 300w, https:\/\/mouldking.store\/wp-content\/uploads\/2021\/11\/K-BOX-10221-Nissan-GT-R-with-2389-pieces-4-768x768.jpg 768w, https:\/\/mouldking.store\/wp-content\/uploads\/2021\/11\/K-BOX-10221-Nissan-GT-R-with-2389-pieces-4-600x600.jpg 600w, https:\/\/mouldking.store\/wp-content\/uploads\/2021\/11\/K-BOX-10221-Nissan-GT-R-with-2389-pieces-4-150x150.jpg 150w\" sizes=\"(max-width: 800px) 100vw, 800px\" \/><figcaption id=\"caption-attachment-27136\" class=\"wp-caption-text\">K-BOX 10221 Nissan GT-R med 2389 stk<\/figcaption><\/figure>\n<figure id=\"attachment_27138\" aria-describedby=\"caption-attachment-27138\" style=\"width: 800px\" class=\"wp-caption aligncenter\"><img loading=\"lazy\" decoding=\"async\" class=\"wp-image-27138 size-full\" src=\"https:\/\/mouldking.store\/wp-content\/uploads\/2021\/11\/K-BOX-10221-Nissan-GT-R-with-2389-pieces-6.jpg\" alt=\"K-BOX 10221 Nissan GT-R with 2389 pieces\" width=\"800\" height=\"800\" title=\"-\" srcset=\"https:\/\/mouldking.store\/wp-content\/uploads\/2021\/11\/K-BOX-10221-Nissan-GT-R-with-2389-pieces-6.jpg 800w, https:\/\/mouldking.store\/wp-content\/uploads\/2021\/11\/K-BOX-10221-Nissan-GT-R-with-2389-pieces-6-300x300.jpg 300w, https:\/\/mouldking.store\/wp-content\/uploads\/2021\/11\/K-BOX-10221-Nissan-GT-R-with-2389-pieces-6-768x768.jpg 768w, https:\/\/mouldking.store\/wp-content\/uploads\/2021\/11\/K-BOX-10221-Nissan-GT-R-with-2389-pieces-6-600x600.jpg 600w, https:\/\/mouldking.store\/wp-content\/uploads\/2021\/11\/K-BOX-10221-Nissan-GT-R-with-2389-pieces-6-150x150.jpg 150w\" sizes=\"(max-width: 800px) 100vw, 800px\" \/><figcaption id=\"caption-attachment-27138\" class=\"wp-caption-text\">K-BOX 10221 Nissan GT-R med 2389 stk<\/figcaption><\/figure>\n<figure id=\"attachment_27139\" aria-describedby=\"caption-attachment-27139\" style=\"width: 800px\" class=\"wp-caption aligncenter\"><img loading=\"lazy\" decoding=\"async\" class=\"wp-image-27139 size-full\" src=\"https:\/\/mouldking.store\/wp-content\/uploads\/2021\/11\/K-BOX-10221-Nissan-GT-R-with-2389-pieces-7.jpg\" alt=\"K-BOX 10221 Nissan GT-R with 2389 pieces\" width=\"800\" height=\"927\" title=\"-\" srcset=\"https:\/\/mouldking.store\/wp-content\/uploads\/2021\/11\/K-BOX-10221-Nissan-GT-R-with-2389-pieces-7.jpg 800w, https:\/\/mouldking.store\/wp-content\/uploads\/2021\/11\/K-BOX-10221-Nissan-GT-R-with-2389-pieces-7-259x300.jpg 259w, https:\/\/mouldking.store\/wp-content\/uploads\/2021\/11\/K-BOX-10221-Nissan-GT-R-with-2389-pieces-7-768x890.jpg 768w, https:\/\/mouldking.store\/wp-content\/uploads\/2021\/11\/K-BOX-10221-Nissan-GT-R-with-2389-pieces-7-300x348.jpg 300w, https:\/\/mouldking.store\/wp-content\/uploads\/2021\/11\/K-BOX-10221-Nissan-GT-R-with-2389-pieces-7-600x695.jpg 600w, https:\/\/mouldking.store\/wp-content\/uploads\/2021\/11\/K-BOX-10221-Nissan-GT-R-with-2389-pieces-7-129x150.jpg 129w\" sizes=\"(max-width: 800px) 100vw, 800px\" \/><figcaption id=\"caption-attachment-27139\" class=\"wp-caption-text\">K-BOX 10221 Nissan GT-R med 2389 stk<\/figcaption><\/figure>\n<figure id=\"attachment_27137\" aria-describedby=\"caption-attachment-27137\" style=\"width: 800px\" class=\"wp-caption aligncenter\"><img loading=\"lazy\" decoding=\"async\" class=\"wp-image-27137 size-full\" src=\"https:\/\/mouldking.store\/wp-content\/uploads\/2021\/11\/K-BOX-10221-Nissan-GT-R-with-2389-pieces-5.jpg\" alt=\"K-BOX 10221 Nissan GT-R with 2389 pieces\" width=\"800\" height=\"800\" title=\"-\" srcset=\"https:\/\/mouldking.store\/wp-content\/uploads\/2021\/11\/K-BOX-10221-Nissan-GT-R-with-2389-pieces-5.jpg 800w, https:\/\/mouldking.store\/wp-content\/uploads\/2021\/11\/K-BOX-10221-Nissan-GT-R-with-2389-pieces-5-300x300.jpg 300w, https:\/\/mouldking.store\/wp-content\/uploads\/2021\/11\/K-BOX-10221-Nissan-GT-R-with-2389-pieces-5-768x768.jpg 768w, https:\/\/mouldking.store\/wp-content\/uploads\/2021\/11\/K-BOX-10221-Nissan-GT-R-with-2389-pieces-5-600x600.jpg 600w, https:\/\/mouldking.store\/wp-content\/uploads\/2021\/11\/K-BOX-10221-Nissan-GT-R-with-2389-pieces-5-150x150.jpg 150w\" sizes=\"(max-width: 800px) 100vw, 800px\" \/><figcaption id=\"caption-attachment-27137\" class=\"wp-caption-text\">K-BOX 10221 Nissan GT-R med 2389 stk<\/figcaption><\/figure>","protected":false},"excerpt":{"rendered":"<p>Product information: Brand: K-BOX Gender: Unisex Name: Nissan GT-R Age Range: &gt; 6 years old Model Number: 10221 Classification: Assemblage Plastic Block Shape: Self-Locking Bricks Material: Plastic Plastic Type: ABS Bricks Blocks: 2389 PCS Contains detailed assembly instructions. Notice: 1. Without an original box, but we guarantee our products have quality assurance and nice packaging. [&hellip;]<\/p>","protected":false},"featured_media":27132,"comment_status":"open","ping_status":"closed","template":"","meta":{"_acf_changed":false},"product_cat":[364],"product_tag":[3419,3420,2969,3417,3416,3415,3418,2693,694],"class_list":["product","first","instock","shipping-taxable","purchasable","product-type-variable"],"acf":[],"_links":{"self":[{"href":"https:\/\/mouldking.store\/nb\/wp-json\/wp\/v2\/product\/27131","targetHints":{"allow":["GET"]}}],"collection":[{"href":"https:\/\/mouldking.store\/nb\/wp-json\/wp\/v2\/product"}],"about":[{"href":"https:\/\/mouldking.store\/nb\/wp-json\/wp\/v2\/types\/product"}],"replies":[{"embeddable":true,"href":"https:\/\/mouldking.store\/nb\/wp-json\/wp\/v2\/comments?post=27131"}],"wp:featuredmedia":[{"embeddable":true,"href":"https:\/\/mouldking.store\/nb\/wp-json\/wp\/v2\/media\/27132"}],"wp:attachment":[{"href":"https:\/\/mouldking.store\/nb\/wp-json\/wp\/v2\/media?parent=27131"}],"wp:term":[{"taxonomy":"product_cat","embeddable":true,"href":"https:\/\/mouldking.store\/nb\/wp-json\/wp\/v2\/product_cat?post=27131"},{"taxonomy":"product_tag","embeddable":true,"href":"https:\/\/mouldking.store\/nb\/wp-json\/wp\/v2\/product_tag?post=27131"}],"curies":[{"name":"wp","href":"https:\/\/api.w.org\/{rel}","templated":true}]}}