{"id":27154,"date":"2021-11-12T02:23:47","date_gmt":"2021-11-11T19:23:47","guid":{"rendered":"https:\/\/mouldking.store\/?post_type=product&#038;p=27154"},"modified":"2025-12-25T09:17:07","modified_gmt":"2025-12-25T02:17:07","slug":"18k-k106-moc-58723-victory-star-destroyer-with-891-pieces","status":"publish","type":"product","link":"https:\/\/mouldking.store\/nb\/shop\/18k-k106-moc-58723-victory-star-destroyer-with-891-pieces\/","title":{"rendered":"18K K106  MOC-58723 Victory Star Destroyer with 891 pieces"},"content":{"rendered":"<p>Produktinformasjon:<\/p>\n<ol>\n<li>Merke: 18K<\/li>\n<li>Kj\u00f8nn: Unisex<\/li>\n<li>Navn: Victory Star Destroyer<\/li>\n<li>Aldersgruppe: &gt; 6 \u00e5r gammel<\/li>\n<li>Modellnummer: K106<\/li>\n<li>Klassifisering: Montering<\/li>\n<li>Plastblokkform: Selvl\u00e5sende murstein<\/li>\n<li>Materiale: Plast<\/li>\n<li>Plasttype: ABS<\/li>\n<li>Mursteinsblokker: 891 STK<\/li>\n<li>Inneholder detaljerte monteringsanvisninger.<\/li>\n<\/ol>\n<p>Legge merke til:<br \/>\n1. Uten original eske, men vi garanterer at v\u00e5re produkter har kvalitetssikring og pen emballasje.<br \/>\n2. Som alle delene vi har sjekket f\u00f8r frakt, s\u00e5 hvis du finner noen deler savnet eller skadet, ikke bekymre deg og bare kontakt oss, s\u00e5 kan vi sende dem til deg p\u00e5 nytt umiddelbart gratis.<\/p>\n<figure id=\"attachment_27155\" aria-describedby=\"caption-attachment-27155\" style=\"width: 800px\" class=\"wp-caption aligncenter\"><img fetchpriority=\"high\" decoding=\"async\" class=\"wp-image-27155 size-full\" src=\"https:\/\/mouldking.store\/wp-content\/uploads\/2021\/11\/18K-K106-Victory-Star-Destroyer-with-891-pieces-1.jpg\" alt=\"18K K106 Victory Star Destroyer with 891 pieces\" width=\"800\" height=\"800\" title=\"-\" srcset=\"https:\/\/mouldking.store\/wp-content\/uploads\/2021\/11\/18K-K106-Victory-Star-Destroyer-with-891-pieces-1.jpg 800w, https:\/\/mouldking.store\/wp-content\/uploads\/2021\/11\/18K-K106-Victory-Star-Destroyer-with-891-pieces-1-300x300.jpg 300w, https:\/\/mouldking.store\/wp-content\/uploads\/2021\/11\/18K-K106-Victory-Star-Destroyer-with-891-pieces-1-768x768.jpg 768w, https:\/\/mouldking.store\/wp-content\/uploads\/2021\/11\/18K-K106-Victory-Star-Destroyer-with-891-pieces-1-600x600.jpg 600w, https:\/\/mouldking.store\/wp-content\/uploads\/2021\/11\/18K-K106-Victory-Star-Destroyer-with-891-pieces-1-150x150.jpg 150w\" sizes=\"(max-width: 800px) 100vw, 800px\" \/><figcaption id=\"caption-attachment-27155\" class=\"wp-caption-text\">18K K106 Victory Star Destroyer med 891 deler<\/figcaption><\/figure>\n<figure id=\"attachment_27160\" aria-describedby=\"caption-attachment-27160\" style=\"width: 828px\" class=\"wp-caption aligncenter\"><img decoding=\"async\" class=\"wp-image-27160 size-full\" src=\"https:\/\/mouldking.store\/wp-content\/uploads\/2021\/11\/18K-K106-Victory-Star-Destroyer-with-891-pieces-6.jpg\" alt=\"18K K106 Victory Star Destroyer with 891 pieces\" width=\"828\" height=\"1024\" title=\"-\" srcset=\"https:\/\/mouldking.store\/wp-content\/uploads\/2021\/11\/18K-K106-Victory-Star-Destroyer-with-891-pieces-6.jpg 828w, https:\/\/mouldking.store\/wp-content\/uploads\/2021\/11\/18K-K106-Victory-Star-Destroyer-with-891-pieces-6-243x300.jpg 243w, https:\/\/mouldking.store\/wp-content\/uploads\/2021\/11\/18K-K106-Victory-Star-Destroyer-with-891-pieces-6-768x950.jpg 768w, https:\/\/mouldking.store\/wp-content\/uploads\/2021\/11\/18K-K106-Victory-Star-Destroyer-with-891-pieces-6-300x371.jpg 300w, https:\/\/mouldking.store\/wp-content\/uploads\/2021\/11\/18K-K106-Victory-Star-Destroyer-with-891-pieces-6-600x742.jpg 600w, https:\/\/mouldking.store\/wp-content\/uploads\/2021\/11\/18K-K106-Victory-Star-Destroyer-with-891-pieces-6-121x150.jpg 121w\" sizes=\"(max-width: 828px) 100vw, 828px\" \/><figcaption id=\"caption-attachment-27160\" class=\"wp-caption-text\">18K K106 Victory Star Destroyer med 891 deler<\/figcaption><\/figure>\n<figure id=\"attachment_27159\" aria-describedby=\"caption-attachment-27159\" style=\"width: 686px\" class=\"wp-caption aligncenter\"><img decoding=\"async\" class=\"wp-image-27159 size-full\" src=\"https:\/\/mouldking.store\/wp-content\/uploads\/2021\/11\/18K-K106-Victory-Star-Destroyer-with-891-pieces-5.jpg\" alt=\"18K K106 Victory Star Destroyer with 891 pieces\" width=\"686\" height=\"1023\" title=\"-\" srcset=\"https:\/\/mouldking.store\/wp-content\/uploads\/2021\/11\/18K-K106-Victory-Star-Destroyer-with-891-pieces-5.jpg 686w, https:\/\/mouldking.store\/wp-content\/uploads\/2021\/11\/18K-K106-Victory-Star-Destroyer-with-891-pieces-5-201x300.jpg 201w, https:\/\/mouldking.store\/wp-content\/uploads\/2021\/11\/18K-K106-Victory-Star-Destroyer-with-891-pieces-5-300x447.jpg 300w, https:\/\/mouldking.store\/wp-content\/uploads\/2021\/11\/18K-K106-Victory-Star-Destroyer-with-891-pieces-5-600x895.jpg 600w, https:\/\/mouldking.store\/wp-content\/uploads\/2021\/11\/18K-K106-Victory-Star-Destroyer-with-891-pieces-5-101x150.jpg 101w\" sizes=\"(max-width: 686px) 100vw, 686px\" \/><figcaption id=\"caption-attachment-27159\" class=\"wp-caption-text\">18K K106 Victory Star Destroyer med 891 deler<\/figcaption><\/figure>\n<figure id=\"attachment_27158\" aria-describedby=\"caption-attachment-27158\" style=\"width: 775px\" class=\"wp-caption aligncenter\"><img loading=\"lazy\" decoding=\"async\" class=\"wp-image-27158 size-full\" src=\"https:\/\/mouldking.store\/wp-content\/uploads\/2021\/11\/18K-K106-Victory-Star-Destroyer-with-891-pieces-4.jpg\" alt=\"18K K106 Victory Star Destroyer with 891 pieces\" width=\"775\" height=\"1024\" title=\"-\" srcset=\"https:\/\/mouldking.store\/wp-content\/uploads\/2021\/11\/18K-K106-Victory-Star-Destroyer-with-891-pieces-4.jpg 775w, https:\/\/mouldking.store\/wp-content\/uploads\/2021\/11\/18K-K106-Victory-Star-Destroyer-with-891-pieces-4-227x300.jpg 227w, https:\/\/mouldking.store\/wp-content\/uploads\/2021\/11\/18K-K106-Victory-Star-Destroyer-with-891-pieces-4-768x1015.jpg 768w, https:\/\/mouldking.store\/wp-content\/uploads\/2021\/11\/18K-K106-Victory-Star-Destroyer-with-891-pieces-4-300x396.jpg 300w, https:\/\/mouldking.store\/wp-content\/uploads\/2021\/11\/18K-K106-Victory-Star-Destroyer-with-891-pieces-4-600x793.jpg 600w, https:\/\/mouldking.store\/wp-content\/uploads\/2021\/11\/18K-K106-Victory-Star-Destroyer-with-891-pieces-4-114x150.jpg 114w\" sizes=\"(max-width: 775px) 100vw, 775px\" \/><figcaption id=\"caption-attachment-27158\" class=\"wp-caption-text\">18K K106 Victory Star Destroyer med 891 deler<\/figcaption><\/figure>\n<figure id=\"attachment_27157\" aria-describedby=\"caption-attachment-27157\" style=\"width: 800px\" class=\"wp-caption aligncenter\"><img loading=\"lazy\" decoding=\"async\" class=\"wp-image-27157\" src=\"https:\/\/mouldking.store\/wp-content\/uploads\/2021\/11\/18K-K106-Victory-Star-Destroyer-with-891-pieces-3-300x269.jpg\" alt=\"18K K106 Victory Star Destroyer with 891 pieces\" width=\"800\" height=\"716\" title=\"-\" srcset=\"https:\/\/mouldking.store\/wp-content\/uploads\/2021\/11\/18K-K106-Victory-Star-Destroyer-with-891-pieces-3-300x269.jpg 300w, https:\/\/mouldking.store\/wp-content\/uploads\/2021\/11\/18K-K106-Victory-Star-Destroyer-with-891-pieces-3-768x688.jpg 768w, https:\/\/mouldking.store\/wp-content\/uploads\/2021\/11\/18K-K106-Victory-Star-Destroyer-with-891-pieces-3-600x537.jpg 600w, https:\/\/mouldking.store\/wp-content\/uploads\/2021\/11\/18K-K106-Victory-Star-Destroyer-with-891-pieces-3-150x134.jpg 150w, https:\/\/mouldking.store\/wp-content\/uploads\/2021\/11\/18K-K106-Victory-Star-Destroyer-with-891-pieces-3.jpg 1024w\" sizes=\"(max-width: 800px) 100vw, 800px\" \/><figcaption id=\"caption-attachment-27157\" class=\"wp-caption-text\">18K K106 Victory Star Destroyer med 891 deler<\/figcaption><\/figure>\n<figure id=\"attachment_27156\" aria-describedby=\"caption-attachment-27156\" style=\"width: 800px\" class=\"wp-caption aligncenter\"><img loading=\"lazy\" decoding=\"async\" class=\"wp-image-27156\" src=\"https:\/\/mouldking.store\/wp-content\/uploads\/2021\/11\/18K-K106-Victory-Star-Destroyer-with-891-pieces-2.jpg\" alt=\"18K K106 Victory Star Destroyer with 891 pieces\" width=\"800\" height=\"821\" title=\"-\" srcset=\"https:\/\/mouldking.store\/wp-content\/uploads\/2021\/11\/18K-K106-Victory-Star-Destroyer-with-891-pieces-2.jpg 998w, https:\/\/mouldking.store\/wp-content\/uploads\/2021\/11\/18K-K106-Victory-Star-Destroyer-with-891-pieces-2-292x300.jpg 292w, https:\/\/mouldking.store\/wp-content\/uploads\/2021\/11\/18K-K106-Victory-Star-Destroyer-with-891-pieces-2-768x788.jpg 768w, https:\/\/mouldking.store\/wp-content\/uploads\/2021\/11\/18K-K106-Victory-Star-Destroyer-with-891-pieces-2-300x308.jpg 300w, https:\/\/mouldking.store\/wp-content\/uploads\/2021\/11\/18K-K106-Victory-Star-Destroyer-with-891-pieces-2-600x616.jpg 600w, https:\/\/mouldking.store\/wp-content\/uploads\/2021\/11\/18K-K106-Victory-Star-Destroyer-with-891-pieces-2-146x150.jpg 146w\" sizes=\"(max-width: 800px) 100vw, 800px\" \/><figcaption id=\"caption-attachment-27156\" class=\"wp-caption-text\">18K K106 Victory Star Destroyer med 891 deler<\/figcaption><\/figure>","protected":false},"excerpt":{"rendered":"<p>Product information: Brand: 18K Gender: Unisex Name: Victory Star Destroyer Age Range: &gt; 6 years old Model Number: K106 Classification: Assemblage Plastic Block Shape: Self-Locking Bricks Material: Plastic Plastic Type: ABS Bricks Blocks: 891 PCS Contains detailed assembly instructions. Notice: 1. Without an original box, but we guarantee our products have quality assurance and nice [&hellip;]<\/p>","protected":false},"featured_media":27155,"comment_status":"open","ping_status":"closed","template":"","meta":{"_acf_changed":false},"product_cat":[415],"product_tag":[1770,3431,3430,3429,3433,682,3435,3427,3434,3436,3432],"class_list":["product","first","instock","shipping-taxable","purchasable","product-type-simple"],"acf":[],"_links":{"self":[{"href":"https:\/\/mouldking.store\/nb\/wp-json\/wp\/v2\/product\/27154","targetHints":{"allow":["GET"]}}],"collection":[{"href":"https:\/\/mouldking.store\/nb\/wp-json\/wp\/v2\/product"}],"about":[{"href":"https:\/\/mouldking.store\/nb\/wp-json\/wp\/v2\/types\/product"}],"replies":[{"embeddable":true,"href":"https:\/\/mouldking.store\/nb\/wp-json\/wp\/v2\/comments?post=27154"}],"wp:featuredmedia":[{"embeddable":true,"href":"https:\/\/mouldking.store\/nb\/wp-json\/wp\/v2\/media\/27155"}],"wp:attachment":[{"href":"https:\/\/mouldking.store\/nb\/wp-json\/wp\/v2\/media?parent=27154"}],"wp:term":[{"taxonomy":"product_cat","embeddable":true,"href":"https:\/\/mouldking.store\/nb\/wp-json\/wp\/v2\/product_cat?post=27154"},{"taxonomy":"product_tag","embeddable":true,"href":"https:\/\/mouldking.store\/nb\/wp-json\/wp\/v2\/product_tag?post=27154"}],"curies":[{"name":"wp","href":"https:\/\/api.w.org\/{rel}","templated":true}]}}