{"id":27178,"date":"2021-11-12T02:37:40","date_gmt":"2021-11-12T02:37:40","guid":{"rendered":"https:\/\/mouldking.store\/?post_type=product&#038;p=27178"},"modified":"2021-12-23T09:40:43","modified_gmt":"2021-12-23T09:40:43","slug":"tgl-t4002-rc-front-loader-with-1608-pieces","status":"publish","type":"product","link":"https:\/\/mouldking.store\/nb\/shop\/tgl-t4002-rc-front-loader-with-1608-pieces\/","title":{"rendered":"TGL T4002 RC frontlaster med 1608 stk"},"content":{"rendered":"<p>Produktinformasjon:<\/p>\n<ol>\n<li>Merke: TGL<\/li>\n<li>Kj\u00f8nn: Unisex<\/li>\n<li>Name: RC Front Loader<\/li>\n<li>Aldersgruppe: &gt; 6 \u00e5r gammel<\/li>\n<li>Model Number: T4002<\/li>\n<li>Klassifisering: Montering<\/li>\n<li>Plastblokkform: Selvl\u00e5sende murstein<\/li>\n<li>Materiale: Plast<\/li>\n<li>Plasttype: ABS<\/li>\n<li>Bricks Blocks: 1608 PCS<\/li>\n<li>Inneholder detaljerte monteringsanvisninger.<\/li>\n<\/ol>\n<p>Legge merke til:<br \/>\n1. Uten original eske, men vi garanterer at v\u00e5re produkter har kvalitetssikring og pen emballasje.<br \/>\n2. Som alle delene vi har sjekket f\u00f8r frakt, s\u00e5 hvis du finner noen deler savnet eller skadet, ikke bekymre deg og bare kontakt oss, s\u00e5 kan vi sende dem til deg p\u00e5 nytt umiddelbart gratis.<\/p>\n<figure id=\"attachment_27179\" aria-describedby=\"caption-attachment-27179\" style=\"width: 800px\" class=\"wp-caption aligncenter\"><img fetchpriority=\"high\" decoding=\"async\" class=\"wp-image-27179 size-full\" src=\"https:\/\/mouldking.store\/wp-content\/uploads\/2021\/11\/TGL-T4002-RC-Front-Loader-with-1608-pieces-1.jpg\" alt=\"TGL T4002 RC Front Loader with 1608 pieces\" width=\"800\" height=\"800\" title=\"-\" srcset=\"https:\/\/mouldking.store\/wp-content\/uploads\/2021\/11\/TGL-T4002-RC-Front-Loader-with-1608-pieces-1.jpg 800w, https:\/\/mouldking.store\/wp-content\/uploads\/2021\/11\/TGL-T4002-RC-Front-Loader-with-1608-pieces-1-300x300.jpg 300w, https:\/\/mouldking.store\/wp-content\/uploads\/2021\/11\/TGL-T4002-RC-Front-Loader-with-1608-pieces-1-768x768.jpg 768w, https:\/\/mouldking.store\/wp-content\/uploads\/2021\/11\/TGL-T4002-RC-Front-Loader-with-1608-pieces-1-600x600.jpg 600w, https:\/\/mouldking.store\/wp-content\/uploads\/2021\/11\/TGL-T4002-RC-Front-Loader-with-1608-pieces-1-150x150.jpg 150w\" sizes=\"(max-width: 800px) 100vw, 800px\" \/><figcaption id=\"caption-attachment-27179\" class=\"wp-caption-text\">TGL T4002 RC frontlaster med 1608 stk<\/figcaption><\/figure>\n<figure id=\"attachment_27183\" aria-describedby=\"caption-attachment-27183\" style=\"width: 800px\" class=\"wp-caption aligncenter\"><img decoding=\"async\" class=\"wp-image-27183 size-full\" src=\"https:\/\/mouldking.store\/wp-content\/uploads\/2021\/11\/TGL-T4002-RC-Front-Loader-with-1608-pieces-5.jpg\" alt=\"TGL T4002 RC Front Loader with 1608 pieces\" width=\"800\" height=\"800\" title=\"-\" srcset=\"https:\/\/mouldking.store\/wp-content\/uploads\/2021\/11\/TGL-T4002-RC-Front-Loader-with-1608-pieces-5.jpg 800w, https:\/\/mouldking.store\/wp-content\/uploads\/2021\/11\/TGL-T4002-RC-Front-Loader-with-1608-pieces-5-300x300.jpg 300w, https:\/\/mouldking.store\/wp-content\/uploads\/2021\/11\/TGL-T4002-RC-Front-Loader-with-1608-pieces-5-768x768.jpg 768w, https:\/\/mouldking.store\/wp-content\/uploads\/2021\/11\/TGL-T4002-RC-Front-Loader-with-1608-pieces-5-600x600.jpg 600w, https:\/\/mouldking.store\/wp-content\/uploads\/2021\/11\/TGL-T4002-RC-Front-Loader-with-1608-pieces-5-150x150.jpg 150w\" sizes=\"(max-width: 800px) 100vw, 800px\" \/><figcaption id=\"caption-attachment-27183\" class=\"wp-caption-text\">TGL T4002 RC frontlaster med 1608 stk<\/figcaption><\/figure>\n<figure id=\"attachment_27182\" aria-describedby=\"caption-attachment-27182\" style=\"width: 555px\" class=\"wp-caption aligncenter\"><img decoding=\"async\" class=\"wp-image-27182 size-full\" src=\"https:\/\/mouldking.store\/wp-content\/uploads\/2021\/11\/TGL-T4002-RC-Front-Loader-with-1608-pieces-4.jpg\" alt=\"TGL T4002 RC Front Loader with 1608 pieces\" width=\"555\" height=\"1024\" title=\"-\" srcset=\"https:\/\/mouldking.store\/wp-content\/uploads\/2021\/11\/TGL-T4002-RC-Front-Loader-with-1608-pieces-4.jpg 555w, https:\/\/mouldking.store\/wp-content\/uploads\/2021\/11\/TGL-T4002-RC-Front-Loader-with-1608-pieces-4-163x300.jpg 163w, https:\/\/mouldking.store\/wp-content\/uploads\/2021\/11\/TGL-T4002-RC-Front-Loader-with-1608-pieces-4-300x554.jpg 300w, https:\/\/mouldking.store\/wp-content\/uploads\/2021\/11\/TGL-T4002-RC-Front-Loader-with-1608-pieces-4-81x150.jpg 81w\" sizes=\"(max-width: 555px) 100vw, 555px\" \/><figcaption id=\"caption-attachment-27182\" class=\"wp-caption-text\">TGL T4002 RC frontlaster med 1608 stk<\/figcaption><\/figure>\n<figure id=\"attachment_27181\" aria-describedby=\"caption-attachment-27181\" style=\"width: 726px\" class=\"wp-caption aligncenter\"><img loading=\"lazy\" decoding=\"async\" class=\"wp-image-27181 size-full\" src=\"https:\/\/mouldking.store\/wp-content\/uploads\/2021\/11\/TGL-T4002-RC-Front-Loader-with-1608-pieces-3.jpg\" alt=\"TGL T4002 RC Front Loader with 1608 pieces\" width=\"726\" height=\"859\" title=\"-\" srcset=\"https:\/\/mouldking.store\/wp-content\/uploads\/2021\/11\/TGL-T4002-RC-Front-Loader-with-1608-pieces-3.jpg 726w, https:\/\/mouldking.store\/wp-content\/uploads\/2021\/11\/TGL-T4002-RC-Front-Loader-with-1608-pieces-3-254x300.jpg 254w, https:\/\/mouldking.store\/wp-content\/uploads\/2021\/11\/TGL-T4002-RC-Front-Loader-with-1608-pieces-3-300x355.jpg 300w, https:\/\/mouldking.store\/wp-content\/uploads\/2021\/11\/TGL-T4002-RC-Front-Loader-with-1608-pieces-3-600x710.jpg 600w, https:\/\/mouldking.store\/wp-content\/uploads\/2021\/11\/TGL-T4002-RC-Front-Loader-with-1608-pieces-3-127x150.jpg 127w\" sizes=\"(max-width: 726px) 100vw, 726px\" \/><figcaption id=\"caption-attachment-27181\" class=\"wp-caption-text\">TGL T4002 RC frontlaster med 1608 stk<\/figcaption><\/figure>\n<figure id=\"attachment_27180\" aria-describedby=\"caption-attachment-27180\" style=\"width: 726px\" class=\"wp-caption aligncenter\"><img loading=\"lazy\" decoding=\"async\" class=\"wp-image-27180 size-full\" src=\"https:\/\/mouldking.store\/wp-content\/uploads\/2021\/11\/TGL-T4002-RC-Front-Loader-with-1608-pieces-2.jpg\" alt=\"TGL T4002 RC Front Loader with 1608 pieces\" width=\"726\" height=\"372\" title=\"-\" srcset=\"https:\/\/mouldking.store\/wp-content\/uploads\/2021\/11\/TGL-T4002-RC-Front-Loader-with-1608-pieces-2.jpg 726w, https:\/\/mouldking.store\/wp-content\/uploads\/2021\/11\/TGL-T4002-RC-Front-Loader-with-1608-pieces-2-300x154.jpg 300w, https:\/\/mouldking.store\/wp-content\/uploads\/2021\/11\/TGL-T4002-RC-Front-Loader-with-1608-pieces-2-600x307.jpg 600w, https:\/\/mouldking.store\/wp-content\/uploads\/2021\/11\/TGL-T4002-RC-Front-Loader-with-1608-pieces-2-150x77.jpg 150w\" sizes=\"(max-width: 726px) 100vw, 726px\" \/><figcaption id=\"caption-attachment-27180\" class=\"wp-caption-text\">TGL T4002 RC frontlaster med 1608 stk<\/figcaption><\/figure>","protected":false},"excerpt":{"rendered":"<p>Product information: Brand: TGL Gender: Unisex Name: RC Front Loader Age Range: &gt; 6 years old Model Number: T4002 Classification: Assemblage Plastic Block Shape: Self-Locking Bricks Material: Plastic Plastic Type: ABS Bricks Blocks: 1608 PCS Contains detailed assembly instructions. Notice: 1. Without an original box, but we guarantee our products have quality assurance and nice [&hellip;]<\/p>","protected":false},"featured_media":27179,"comment_status":"open","ping_status":"closed","template":"","meta":{"_acf_changed":false},"product_cat":[364],"product_tag":[3457,481,3455,3458,2739,3456,3454,3453,3452],"class_list":["product","first","instock","shipping-taxable","purchasable","product-type-simple"],"acf":[],"_links":{"self":[{"href":"https:\/\/mouldking.store\/nb\/wp-json\/wp\/v2\/product\/27178","targetHints":{"allow":["GET"]}}],"collection":[{"href":"https:\/\/mouldking.store\/nb\/wp-json\/wp\/v2\/product"}],"about":[{"href":"https:\/\/mouldking.store\/nb\/wp-json\/wp\/v2\/types\/product"}],"replies":[{"embeddable":true,"href":"https:\/\/mouldking.store\/nb\/wp-json\/wp\/v2\/comments?post=27178"}],"wp:featuredmedia":[{"embeddable":true,"href":"https:\/\/mouldking.store\/nb\/wp-json\/wp\/v2\/media\/27179"}],"wp:attachment":[{"href":"https:\/\/mouldking.store\/nb\/wp-json\/wp\/v2\/media?parent=27178"}],"wp:term":[{"taxonomy":"product_cat","embeddable":true,"href":"https:\/\/mouldking.store\/nb\/wp-json\/wp\/v2\/product_cat?post=27178"},{"taxonomy":"product_tag","embeddable":true,"href":"https:\/\/mouldking.store\/nb\/wp-json\/wp\/v2\/product_tag?post=27178"}],"curies":[{"name":"wp","href":"https:\/\/api.w.org\/{rel}","templated":true}]}}