{"id":27230,"date":"2021-11-12T10:29:56","date_gmt":"2021-11-12T10:29:56","guid":{"rendered":"https:\/\/mouldking.store\/?post_type=product&#038;p=27230"},"modified":"2025-12-25T09:17:07","modified_gmt":"2025-12-25T02:17:07","slug":"moc-42955-ben-franklins-locker-with-241-pieces","status":"publish","type":"product","link":"https:\/\/mouldking.store\/nb\/shop\/moc-42955-ben-franklins-locker-with-241-pieces\/","title":{"rendered":"MOC-42955 Ben Franklins skap med 241 deler"},"content":{"rendered":"<p>Produktinformasjon:<\/p>\n<ol>\n<li>Merke: MOC<\/li>\n<li>Kj\u00f8nn: Unisex<\/li>\n<li>Navn: Ben Franklins skap<\/li>\n<li>Aldersgruppe: &gt; 6 \u00e5r gammel<\/li>\n<li>Modellnummer: MOC-42955<\/li>\n<li>Klassifisering: Montering<\/li>\n<li>Plastblokkform: Selvl\u00e5sende murstein<\/li>\n<li>Materiale: Plast<\/li>\n<li>Plasttype: ABS<\/li>\n<li>Mursteinsblokker: 241 STK<\/li>\n<li>Inneholder detaljerte monteringsanvisninger.<\/li>\n<\/ol>\n<p>Legge merke til:<br \/>\n1. Uten original eske, men vi garanterer at v\u00e5re produkter har kvalitetssikring og pen emballasje.<br \/>\n2. Som alle delene vi har sjekket f\u00f8r frakt, s\u00e5 hvis du finner noen deler savnet eller skadet, ikke bekymre deg og bare kontakt oss, s\u00e5 kan vi sende dem til deg p\u00e5 nytt umiddelbart gratis.<\/p>\n<figure id=\"attachment_27231\" aria-describedby=\"caption-attachment-27231\" style=\"width: 1000px\" class=\"wp-caption aligncenter\"><img fetchpriority=\"high\" decoding=\"async\" class=\"size-full wp-image-27231\" title=\"MOC-42955 Ben Franklins skap med 241 deler\" src=\"https:\/\/mouldking.store\/wp-content\/uploads\/2021\/11\/moc-42955-ben-franklins-locker-with-241-pieces.jpg\" alt=\"MOC-42955 Ben Franklin's Locker with 241 pieces\" width=\"1000\" height=\"1000\" srcset=\"https:\/\/mouldking.store\/wp-content\/uploads\/2021\/11\/moc-42955-ben-franklins-locker-with-241-pieces.jpg 1000w, https:\/\/mouldking.store\/wp-content\/uploads\/2021\/11\/moc-42955-ben-franklins-locker-with-241-pieces-300x300.jpg 300w, https:\/\/mouldking.store\/wp-content\/uploads\/2021\/11\/moc-42955-ben-franklins-locker-with-241-pieces-768x768.jpg 768w, https:\/\/mouldking.store\/wp-content\/uploads\/2021\/11\/moc-42955-ben-franklins-locker-with-241-pieces-600x600.jpg 600w, https:\/\/mouldking.store\/wp-content\/uploads\/2021\/11\/moc-42955-ben-franklins-locker-with-241-pieces-150x150.jpg 150w\" sizes=\"(max-width: 1000px) 100vw, 1000px\" \/><figcaption id=\"caption-attachment-27231\" class=\"wp-caption-text\">MOC-42955 Ben Franklins skap med 241 deler<\/figcaption><\/figure>\n<figure id=\"attachment_27232\" aria-describedby=\"caption-attachment-27232\" style=\"width: 1000px\" class=\"wp-caption aligncenter\"><img decoding=\"async\" class=\"size-full wp-image-27232\" title=\"MOC-42955 Ben Franklins skap med 241 deler\" src=\"https:\/\/mouldking.store\/wp-content\/uploads\/2021\/11\/moc-42955-ben-franklins-locker-with-241-pieces-1.jpg\" alt=\"MOC-42955 Ben Franklin's Locker with 241 pieces\" width=\"1000\" height=\"1000\" srcset=\"https:\/\/mouldking.store\/wp-content\/uploads\/2021\/11\/moc-42955-ben-franklins-locker-with-241-pieces-1.jpg 1000w, https:\/\/mouldking.store\/wp-content\/uploads\/2021\/11\/moc-42955-ben-franklins-locker-with-241-pieces-1-300x300.jpg 300w, https:\/\/mouldking.store\/wp-content\/uploads\/2021\/11\/moc-42955-ben-franklins-locker-with-241-pieces-1-768x768.jpg 768w, https:\/\/mouldking.store\/wp-content\/uploads\/2021\/11\/moc-42955-ben-franklins-locker-with-241-pieces-1-600x600.jpg 600w, https:\/\/mouldking.store\/wp-content\/uploads\/2021\/11\/moc-42955-ben-franklins-locker-with-241-pieces-1-150x150.jpg 150w\" sizes=\"(max-width: 1000px) 100vw, 1000px\" \/><figcaption id=\"caption-attachment-27232\" class=\"wp-caption-text\">MOC-42955 Ben Franklins skap med 241 deler<\/figcaption><\/figure>\n<figure id=\"attachment_27233\" aria-describedby=\"caption-attachment-27233\" style=\"width: 1000px\" class=\"wp-caption aligncenter\"><img decoding=\"async\" class=\"size-full wp-image-27233\" title=\"MOC-42955 Ben Franklins skap med 241 deler\" src=\"https:\/\/mouldking.store\/wp-content\/uploads\/2021\/11\/moc-42955-ben-franklins-locker-with-241-pieces-2.jpg\" alt=\"MOC-42955 Ben Franklin's Locker with 241 pieces\" width=\"1000\" height=\"1000\" srcset=\"https:\/\/mouldking.store\/wp-content\/uploads\/2021\/11\/moc-42955-ben-franklins-locker-with-241-pieces-2.jpg 1000w, https:\/\/mouldking.store\/wp-content\/uploads\/2021\/11\/moc-42955-ben-franklins-locker-with-241-pieces-2-300x300.jpg 300w, https:\/\/mouldking.store\/wp-content\/uploads\/2021\/11\/moc-42955-ben-franklins-locker-with-241-pieces-2-768x768.jpg 768w, https:\/\/mouldking.store\/wp-content\/uploads\/2021\/11\/moc-42955-ben-franklins-locker-with-241-pieces-2-600x600.jpg 600w, https:\/\/mouldking.store\/wp-content\/uploads\/2021\/11\/moc-42955-ben-franklins-locker-with-241-pieces-2-150x150.jpg 150w\" sizes=\"(max-width: 1000px) 100vw, 1000px\" \/><figcaption id=\"caption-attachment-27233\" class=\"wp-caption-text\">MOC-42955 Ben Franklins skap med 241 deler<\/figcaption><\/figure>","protected":false},"excerpt":{"rendered":"<p>Product information: Brand: MOC Gender: Unisex Name: Ben Franklin&#8217;s Locker Age Range: &gt; 6 years old Model Number: MOC-42955 Classification: Assemblage Plastic Block Shape: Self-Locking Bricks Material: Plastic Plastic Type: ABS Bricks Blocks: 241 PCS Contains detailed assembly instructions. Notice: 1. Without an original box, but we guarantee our products have quality assurance and nice [&hellip;]<\/p>","protected":false},"featured_media":27234,"comment_status":"open","ping_status":"closed","template":"","meta":{"_acf_changed":false},"product_cat":[371],"product_tag":[3484,3483],"class_list":["product","first","instock","shipping-taxable","purchasable","product-type-simple"],"acf":[],"_links":{"self":[{"href":"https:\/\/mouldking.store\/nb\/wp-json\/wp\/v2\/product\/27230","targetHints":{"allow":["GET"]}}],"collection":[{"href":"https:\/\/mouldking.store\/nb\/wp-json\/wp\/v2\/product"}],"about":[{"href":"https:\/\/mouldking.store\/nb\/wp-json\/wp\/v2\/types\/product"}],"replies":[{"embeddable":true,"href":"https:\/\/mouldking.store\/nb\/wp-json\/wp\/v2\/comments?post=27230"}],"wp:featuredmedia":[{"embeddable":true,"href":"https:\/\/mouldking.store\/nb\/wp-json\/wp\/v2\/media\/27234"}],"wp:attachment":[{"href":"https:\/\/mouldking.store\/nb\/wp-json\/wp\/v2\/media?parent=27230"}],"wp:term":[{"taxonomy":"product_cat","embeddable":true,"href":"https:\/\/mouldking.store\/nb\/wp-json\/wp\/v2\/product_cat?post=27230"},{"taxonomy":"product_tag","embeddable":true,"href":"https:\/\/mouldking.store\/nb\/wp-json\/wp\/v2\/product_tag?post=27230"}],"curies":[{"name":"wp","href":"https:\/\/api.w.org\/{rel}","templated":true}]}}