{"id":27296,"date":"2021-11-13T10:17:54","date_gmt":"2021-11-13T03:17:54","guid":{"rendered":"https:\/\/mouldking.store\/?post_type=product&#038;p=27296"},"modified":"2025-12-25T09:17:05","modified_gmt":"2025-12-25T02:17:05","slug":"moc-7698-vortex-class-scout-cruiser-with-927-pieces","status":"publish","type":"product","link":"https:\/\/mouldking.store\/nb\/shop\/moc-7698-vortex-class-scout-cruiser-with-927-pieces\/","title":{"rendered":"MOC-7698 Vortex Class Scout Cruiser med 927 stk"},"content":{"rendered":"<p>Produktinformasjon:<\/p>\n<ol>\n<li>Merke: MOC<\/li>\n<li>Kj\u00f8nn: Unisex<\/li>\n<li>Navn: Vortex Class Scout Cruiser<\/li>\n<li>Aldersgruppe: &gt; 6 \u00e5r gammel<\/li>\n<li>Modellnummer: MOC-7698<\/li>\n<li>Klassifisering: Montering<\/li>\n<li>Plastblokkform: Selvl\u00e5sende murstein<\/li>\n<li>Materiale: Plast<\/li>\n<li>Plasttype: ABS<\/li>\n<li>Mursteinsblokker: 927 STK<\/li>\n<li>M\u00e5l: 32 x 20 x 14 cm<\/li>\n<li>Vekt: 0,72 kg<\/li>\n<li>Ordnetid: 30-50 dager (egendefinert vare)<\/li>\n<li>Inneholder detaljerte monteringsanvisninger.<\/li>\n<\/ol>\n<p>Legge merke til:<br \/>\n1. Uten original eske, men vi garanterer at v\u00e5re produkter har kvalitetssikring og pen emballasje.<br \/>\n2. Som alle delene vi har sjekket f\u00f8r frakt, s\u00e5 hvis du finner noen deler savnet eller skadet, ikke bekymre deg og bare kontakt oss, s\u00e5 kan vi sende dem til deg p\u00e5 nytt umiddelbart gratis.<\/p>\n<figure id=\"attachment_27297\" aria-describedby=\"caption-attachment-27297\" style=\"width: 1000px\" class=\"wp-caption aligncenter\"><img fetchpriority=\"high\" decoding=\"async\" class=\"size-full wp-image-27297\" title=\"MOC-7698 Vortex Class Scout Cruiser med 927 stk\" src=\"https:\/\/mouldking.store\/wp-content\/uploads\/2021\/11\/moc-7698-vortex-class-scout-cruiser-with-927-pieces.jpg\" alt=\"MOC-7698 Vortex Class Scout Cruiser with 927 pieces\" width=\"1000\" height=\"1000\" srcset=\"https:\/\/mouldking.store\/wp-content\/uploads\/2021\/11\/moc-7698-vortex-class-scout-cruiser-with-927-pieces.jpg 1000w, https:\/\/mouldking.store\/wp-content\/uploads\/2021\/11\/moc-7698-vortex-class-scout-cruiser-with-927-pieces-300x300.jpg 300w, https:\/\/mouldking.store\/wp-content\/uploads\/2021\/11\/moc-7698-vortex-class-scout-cruiser-with-927-pieces-768x768.jpg 768w, https:\/\/mouldking.store\/wp-content\/uploads\/2021\/11\/moc-7698-vortex-class-scout-cruiser-with-927-pieces-600x600.jpg 600w, https:\/\/mouldking.store\/wp-content\/uploads\/2021\/11\/moc-7698-vortex-class-scout-cruiser-with-927-pieces-150x150.jpg 150w\" sizes=\"(max-width: 1000px) 100vw, 1000px\" \/><figcaption id=\"caption-attachment-27297\" class=\"wp-caption-text\">MOC-7698 Vortex Class Scout Cruiser med 927 stk<\/figcaption><\/figure>\n<figure id=\"attachment_27298\" aria-describedby=\"caption-attachment-27298\" style=\"width: 1000px\" class=\"wp-caption aligncenter\"><img decoding=\"async\" class=\"size-full wp-image-27298\" title=\"MOC-7698 Vortex Class Scout Cruiser med 927 stk\" src=\"https:\/\/mouldking.store\/wp-content\/uploads\/2021\/11\/moc-7698-vortex-class-scout-cruiser-with-927-pieces-1.jpg\" alt=\"MOC-7698 Vortex Class Scout Cruiser with 927 pieces\" width=\"1000\" height=\"1000\" srcset=\"https:\/\/mouldking.store\/wp-content\/uploads\/2021\/11\/moc-7698-vortex-class-scout-cruiser-with-927-pieces-1.jpg 1000w, https:\/\/mouldking.store\/wp-content\/uploads\/2021\/11\/moc-7698-vortex-class-scout-cruiser-with-927-pieces-1-300x300.jpg 300w, https:\/\/mouldking.store\/wp-content\/uploads\/2021\/11\/moc-7698-vortex-class-scout-cruiser-with-927-pieces-1-768x768.jpg 768w, https:\/\/mouldking.store\/wp-content\/uploads\/2021\/11\/moc-7698-vortex-class-scout-cruiser-with-927-pieces-1-600x600.jpg 600w, https:\/\/mouldking.store\/wp-content\/uploads\/2021\/11\/moc-7698-vortex-class-scout-cruiser-with-927-pieces-1-150x150.jpg 150w\" sizes=\"(max-width: 1000px) 100vw, 1000px\" \/><figcaption id=\"caption-attachment-27298\" class=\"wp-caption-text\">MOC-7698 Vortex Class Scout Cruiser med 927 stk<\/figcaption><\/figure>\n<figure id=\"attachment_27299\" aria-describedby=\"caption-attachment-27299\" style=\"width: 1000px\" class=\"wp-caption aligncenter\"><img decoding=\"async\" class=\"size-full wp-image-27299\" title=\"MOC-7698 Vortex Class Scout Cruiser med 927 stk\" src=\"https:\/\/mouldking.store\/wp-content\/uploads\/2021\/11\/moc-7698-vortex-class-scout-cruiser-with-927-pieces-2.jpg\" alt=\"MOC-7698 Vortex Class Scout Cruiser with 927 pieces\" width=\"1000\" height=\"1000\" srcset=\"https:\/\/mouldking.store\/wp-content\/uploads\/2021\/11\/moc-7698-vortex-class-scout-cruiser-with-927-pieces-2.jpg 1000w, https:\/\/mouldking.store\/wp-content\/uploads\/2021\/11\/moc-7698-vortex-class-scout-cruiser-with-927-pieces-2-300x300.jpg 300w, https:\/\/mouldking.store\/wp-content\/uploads\/2021\/11\/moc-7698-vortex-class-scout-cruiser-with-927-pieces-2-768x768.jpg 768w, https:\/\/mouldking.store\/wp-content\/uploads\/2021\/11\/moc-7698-vortex-class-scout-cruiser-with-927-pieces-2-600x600.jpg 600w, https:\/\/mouldking.store\/wp-content\/uploads\/2021\/11\/moc-7698-vortex-class-scout-cruiser-with-927-pieces-2-150x150.jpg 150w\" sizes=\"(max-width: 1000px) 100vw, 1000px\" \/><figcaption id=\"caption-attachment-27299\" class=\"wp-caption-text\">MOC-7698 Vortex Class Scout Cruiser med 927 stk<\/figcaption><\/figure>\n<p>&nbsp;<\/p>","protected":false},"excerpt":{"rendered":"<p>Product information: Brand: MOC Gender: Unisex Name: Vortex Class Scout Cruiser Age Range: &gt; 6 years old Model Number: MOC-7698 Classification: Assemblage Plastic Block Shape: Self-Locking Bricks Material: Plastic Plastic Type: ABS Bricks Blocks: 927 PCS Dimensions: 32 x 20 x 14 cm Weight: 0.72 kg Arrange Time: 30-50 days (custom item) Contains detailed assembly [&hellip;]<\/p>","protected":false},"featured_media":27300,"comment_status":"open","ping_status":"closed","template":"","meta":{"_acf_changed":false},"product_cat":[364],"product_tag":[3513,3514],"class_list":["product","first","instock","shipping-taxable","purchasable","product-type-simple"],"acf":[],"_links":{"self":[{"href":"https:\/\/mouldking.store\/nb\/wp-json\/wp\/v2\/product\/27296","targetHints":{"allow":["GET"]}}],"collection":[{"href":"https:\/\/mouldking.store\/nb\/wp-json\/wp\/v2\/product"}],"about":[{"href":"https:\/\/mouldking.store\/nb\/wp-json\/wp\/v2\/types\/product"}],"replies":[{"embeddable":true,"href":"https:\/\/mouldking.store\/nb\/wp-json\/wp\/v2\/comments?post=27296"}],"wp:featuredmedia":[{"embeddable":true,"href":"https:\/\/mouldking.store\/nb\/wp-json\/wp\/v2\/media\/27300"}],"wp:attachment":[{"href":"https:\/\/mouldking.store\/nb\/wp-json\/wp\/v2\/media?parent=27296"}],"wp:term":[{"taxonomy":"product_cat","embeddable":true,"href":"https:\/\/mouldking.store\/nb\/wp-json\/wp\/v2\/product_cat?post=27296"},{"taxonomy":"product_tag","embeddable":true,"href":"https:\/\/mouldking.store\/nb\/wp-json\/wp\/v2\/product_tag?post=27296"}],"curies":[{"name":"wp","href":"https:\/\/api.w.org\/{rel}","templated":true}]}}