{"id":27341,"date":"2021-11-15T14:15:23","date_gmt":"2021-11-15T14:15:23","guid":{"rendered":"https:\/\/mouldking.store\/?post_type=product&#038;p=27341"},"modified":"2025-12-25T09:17:05","modified_gmt":"2025-12-25T02:17:05","slug":"moc-50074-anakin-jedi-interceptor-stand-with-62-pieces","status":"publish","type":"product","link":"https:\/\/mouldking.store\/nb\/shop\/moc-50074-anakin-jedi-interceptor-stand-with-62-pieces\/","title":{"rendered":"MOC-50074 Anakin Jedi Interceptor Stand med 62 stk"},"content":{"rendered":"<p>Produktinformasjon:<\/p>\n<ol>\n<li>Merke: MOC<\/li>\n<li>Kj\u00f8nn: Unisex<\/li>\n<li>Navn: Anakin Jedi Interceptor Stand<\/li>\n<li>Aldersgruppe: &gt; 6 \u00e5r gammel<\/li>\n<li>Modellnummer: MOC-50074<\/li>\n<li>Klassifisering: Montering<\/li>\n<li>Plastblokkform: Selvl\u00e5sende murstein<\/li>\n<li>Materiale: Plast<\/li>\n<li>Plasttype: ABS<\/li>\n<li>Mursteinsblokker: 62 STK<\/li>\n<li>Inneholder detaljerte monteringsanvisninger.<\/li>\n<\/ol>\n<p>Legge merke til:<br \/>\n1. Uten original eske, men vi garanterer at v\u00e5re produkter har kvalitetssikring og pen emballasje.<br \/>\n2. Som alle delene vi har sjekket f\u00f8r frakt, s\u00e5 hvis du finner noen deler savnet eller skadet, ikke bekymre deg og bare kontakt oss, s\u00e5 kan vi sende dem til deg p\u00e5 nytt umiddelbart gratis.<\/p>\n<figure id=\"attachment_27342\" aria-describedby=\"caption-attachment-27342\" style=\"width: 1000px\" class=\"wp-caption aligncenter\"><img fetchpriority=\"high\" decoding=\"async\" class=\"size-full wp-image-27342\" title=\"MOC-50074 Anakin Jedi Interceptor Stand med 62 stk\" src=\"https:\/\/mouldking.store\/wp-content\/uploads\/2021\/11\/moc-50074-anakin-jedi-interceptor-stand-with-62-pieces.jpg\" alt=\"MOC-50074 Anakin Jedi Interceptor Stand with 62 pieces\" width=\"1000\" height=\"1000\" srcset=\"https:\/\/mouldking.store\/wp-content\/uploads\/2021\/11\/moc-50074-anakin-jedi-interceptor-stand-with-62-pieces.jpg 1000w, https:\/\/mouldking.store\/wp-content\/uploads\/2021\/11\/moc-50074-anakin-jedi-interceptor-stand-with-62-pieces-300x300.jpg 300w, https:\/\/mouldking.store\/wp-content\/uploads\/2021\/11\/moc-50074-anakin-jedi-interceptor-stand-with-62-pieces-768x768.jpg 768w, https:\/\/mouldking.store\/wp-content\/uploads\/2021\/11\/moc-50074-anakin-jedi-interceptor-stand-with-62-pieces-600x600.jpg 600w, https:\/\/mouldking.store\/wp-content\/uploads\/2021\/11\/moc-50074-anakin-jedi-interceptor-stand-with-62-pieces-150x150.jpg 150w\" sizes=\"(max-width: 1000px) 100vw, 1000px\" \/><figcaption id=\"caption-attachment-27342\" class=\"wp-caption-text\">MOC-50074 Anakin Jedi Interceptor Stand med 62 stk<\/figcaption><\/figure>\n<figure id=\"attachment_27343\" aria-describedby=\"caption-attachment-27343\" style=\"width: 1000px\" class=\"wp-caption aligncenter\"><img decoding=\"async\" class=\"size-full wp-image-27343\" title=\"MOC-50074 Anakin Jedi Interceptor Stand med 62 stk\" src=\"https:\/\/mouldking.store\/wp-content\/uploads\/2021\/11\/moc-50074-anakin-jedi-interceptor-stand-with-62-pieces-1.jpg\" alt=\"MOC-50074 Anakin Jedi Interceptor Stand with 62 pieces\" width=\"1000\" height=\"1000\" srcset=\"https:\/\/mouldking.store\/wp-content\/uploads\/2021\/11\/moc-50074-anakin-jedi-interceptor-stand-with-62-pieces-1.jpg 1000w, https:\/\/mouldking.store\/wp-content\/uploads\/2021\/11\/moc-50074-anakin-jedi-interceptor-stand-with-62-pieces-1-300x300.jpg 300w, https:\/\/mouldking.store\/wp-content\/uploads\/2021\/11\/moc-50074-anakin-jedi-interceptor-stand-with-62-pieces-1-768x768.jpg 768w, https:\/\/mouldking.store\/wp-content\/uploads\/2021\/11\/moc-50074-anakin-jedi-interceptor-stand-with-62-pieces-1-600x600.jpg 600w, https:\/\/mouldking.store\/wp-content\/uploads\/2021\/11\/moc-50074-anakin-jedi-interceptor-stand-with-62-pieces-1-150x150.jpg 150w\" sizes=\"(max-width: 1000px) 100vw, 1000px\" \/><figcaption id=\"caption-attachment-27343\" class=\"wp-caption-text\">MOC-50074 Anakin Jedi Interceptor Stand med 62 stk<\/figcaption><\/figure>","protected":false},"excerpt":{"rendered":"<p>Tidsbestemt: 4-8 uker<\/p>","protected":false},"featured_media":27344,"comment_status":"open","ping_status":"closed","template":"","meta":{"_acf_changed":false},"product_cat":[415],"product_tag":[3529,3528],"class_list":["product","first","instock","shipping-taxable","purchasable","product-type-simple"],"acf":[],"_links":{"self":[{"href":"https:\/\/mouldking.store\/nb\/wp-json\/wp\/v2\/product\/27341","targetHints":{"allow":["GET"]}}],"collection":[{"href":"https:\/\/mouldking.store\/nb\/wp-json\/wp\/v2\/product"}],"about":[{"href":"https:\/\/mouldking.store\/nb\/wp-json\/wp\/v2\/types\/product"}],"replies":[{"embeddable":true,"href":"https:\/\/mouldking.store\/nb\/wp-json\/wp\/v2\/comments?post=27341"}],"wp:featuredmedia":[{"embeddable":true,"href":"https:\/\/mouldking.store\/nb\/wp-json\/wp\/v2\/media\/27344"}],"wp:attachment":[{"href":"https:\/\/mouldking.store\/nb\/wp-json\/wp\/v2\/media?parent=27341"}],"wp:term":[{"taxonomy":"product_cat","embeddable":true,"href":"https:\/\/mouldking.store\/nb\/wp-json\/wp\/v2\/product_cat?post=27341"},{"taxonomy":"product_tag","embeddable":true,"href":"https:\/\/mouldking.store\/nb\/wp-json\/wp\/v2\/product_tag?post=27341"}],"curies":[{"name":"wp","href":"https:\/\/api.w.org\/{rel}","templated":true}]}}