{"id":27371,"date":"2021-11-16T09:29:32","date_gmt":"2021-11-16T09:29:32","guid":{"rendered":"https:\/\/mouldking.store\/?post_type=product&#038;p=27371"},"modified":"2023-02-08T07:08:08","modified_gmt":"2023-02-08T00:08:08","slug":"decool-71001-godzilla-movie-with-1199-pieces","status":"publish","type":"product","link":"https:\/\/mouldking.store\/nb\/shop\/decool-71001-godzilla-movie-with-1199-pieces\/","title":{"rendered":"DECOOL 71001 Godzilla-film med 1199 stykker"},"content":{"rendered":"<p>Produktinformasjon:<\/p>\n<ol>\n<li>Merke: DECOOL<\/li>\n<li>Kj\u00f8nn: Unisex<\/li>\n<li>Name: Godzilla Movie<\/li>\n<li>Aldersgruppe: &gt; 6 \u00e5r gammel<\/li>\n<li>Model Number: 71001<\/li>\n<li>Klassifisering: Montering<\/li>\n<li>Plastblokkform: Selvl\u00e5sende murstein<\/li>\n<li>Materiale: Plast<\/li>\n<li>Plasttype: ABS<\/li>\n<li>Bricks Blocks: 1199 PCS<\/li>\n<li>Inneholder detaljerte monteringsanvisninger.<\/li>\n<\/ol>\n<p>Legge merke til:<br \/>\n1. Uten original eske, men vi garanterer at v\u00e5re produkter har kvalitetssikring og pen emballasje.<br \/>\n2. Som alle delene vi har sjekket f\u00f8r frakt, s\u00e5 hvis du finner noen deler savnet eller skadet, ikke bekymre deg og bare kontakt oss, s\u00e5 kan vi sende dem til deg p\u00e5 nytt umiddelbart gratis.<\/p>\n<figure id=\"attachment_27372\" aria-describedby=\"caption-attachment-27372\" style=\"width: 800px\" class=\"wp-caption aligncenter\"><img fetchpriority=\"high\" decoding=\"async\" class=\"wp-image-27372 size-full\" src=\"https:\/\/mouldking.store\/wp-content\/uploads\/2021\/11\/DECOOL-71001-Godzilla-Movie-with-1199-pieces-1.jpg\" alt=\"DECOOL 71001 Godzilla Movie with 1199 pieces\" width=\"800\" height=\"800\" title=\"-\" srcset=\"https:\/\/mouldking.store\/wp-content\/uploads\/2021\/11\/DECOOL-71001-Godzilla-Movie-with-1199-pieces-1.jpg 800w, https:\/\/mouldking.store\/wp-content\/uploads\/2021\/11\/DECOOL-71001-Godzilla-Movie-with-1199-pieces-1-300x300.jpg 300w, https:\/\/mouldking.store\/wp-content\/uploads\/2021\/11\/DECOOL-71001-Godzilla-Movie-with-1199-pieces-1-768x768.jpg 768w, https:\/\/mouldking.store\/wp-content\/uploads\/2021\/11\/DECOOL-71001-Godzilla-Movie-with-1199-pieces-1-600x600.jpg 600w, https:\/\/mouldking.store\/wp-content\/uploads\/2021\/11\/DECOOL-71001-Godzilla-Movie-with-1199-pieces-1-150x150.jpg 150w\" sizes=\"(max-width: 800px) 100vw, 800px\" \/><figcaption id=\"caption-attachment-27372\" class=\"wp-caption-text\">DECOOL 71001 Godzilla-film med 1199 stykker<\/figcaption><\/figure>\n<figure id=\"attachment_27380\" aria-describedby=\"caption-attachment-27380\" style=\"width: 886px\" class=\"wp-caption aligncenter\"><img decoding=\"async\" class=\"wp-image-27380 size-full\" src=\"https:\/\/mouldking.store\/wp-content\/uploads\/2021\/11\/DECOOL-71001-Godzilla-Movie-with-1199-pieces-9.jpg\" alt=\"DECOOL 71001 Godzilla Movie with 1199 pieces\" width=\"886\" height=\"730\" title=\"-\" srcset=\"https:\/\/mouldking.store\/wp-content\/uploads\/2021\/11\/DECOOL-71001-Godzilla-Movie-with-1199-pieces-9.jpg 886w, https:\/\/mouldking.store\/wp-content\/uploads\/2021\/11\/DECOOL-71001-Godzilla-Movie-with-1199-pieces-9-300x247.jpg 300w, https:\/\/mouldking.store\/wp-content\/uploads\/2021\/11\/DECOOL-71001-Godzilla-Movie-with-1199-pieces-9-768x633.jpg 768w, https:\/\/mouldking.store\/wp-content\/uploads\/2021\/11\/DECOOL-71001-Godzilla-Movie-with-1199-pieces-9-600x494.jpg 600w, https:\/\/mouldking.store\/wp-content\/uploads\/2021\/11\/DECOOL-71001-Godzilla-Movie-with-1199-pieces-9-150x124.jpg 150w\" sizes=\"(max-width: 886px) 100vw, 886px\" \/><figcaption id=\"caption-attachment-27380\" class=\"wp-caption-text\">DECOOL 71001 Godzilla-film med 1199 stykker<\/figcaption><\/figure>\n<figure id=\"attachment_27374\" aria-describedby=\"caption-attachment-27374\" style=\"width: 546px\" class=\"wp-caption aligncenter\"><img decoding=\"async\" class=\"wp-image-27374 size-full\" src=\"https:\/\/mouldking.store\/wp-content\/uploads\/2021\/11\/DECOOL-71001-Godzilla-Movie-with-1199-pieces-3.jpg\" alt=\"DECOOL 71001 Godzilla Movie with 1199 pieces\" width=\"546\" height=\"1024\" title=\"-\" srcset=\"https:\/\/mouldking.store\/wp-content\/uploads\/2021\/11\/DECOOL-71001-Godzilla-Movie-with-1199-pieces-3.jpg 546w, https:\/\/mouldking.store\/wp-content\/uploads\/2021\/11\/DECOOL-71001-Godzilla-Movie-with-1199-pieces-3-160x300.jpg 160w, https:\/\/mouldking.store\/wp-content\/uploads\/2021\/11\/DECOOL-71001-Godzilla-Movie-with-1199-pieces-3-300x563.jpg 300w, https:\/\/mouldking.store\/wp-content\/uploads\/2021\/11\/DECOOL-71001-Godzilla-Movie-with-1199-pieces-3-80x150.jpg 80w\" sizes=\"(max-width: 546px) 100vw, 546px\" \/><figcaption id=\"caption-attachment-27374\" class=\"wp-caption-text\">DECOOL 71001 Godzilla-film med 1199 stykker<\/figcaption><\/figure>\n<figure id=\"attachment_27377\" aria-describedby=\"caption-attachment-27377\" style=\"width: 567px\" class=\"wp-caption aligncenter\"><img loading=\"lazy\" decoding=\"async\" class=\"wp-image-27377 size-full\" src=\"https:\/\/mouldking.store\/wp-content\/uploads\/2021\/11\/DECOOL-71001-Godzilla-Movie-with-1199-pieces-6.jpg\" alt=\"DECOOL 71001 Godzilla Movie with 1199 pieces\" width=\"567\" height=\"1024\" title=\"-\" srcset=\"https:\/\/mouldking.store\/wp-content\/uploads\/2021\/11\/DECOOL-71001-Godzilla-Movie-with-1199-pieces-6.jpg 567w, https:\/\/mouldking.store\/wp-content\/uploads\/2021\/11\/DECOOL-71001-Godzilla-Movie-with-1199-pieces-6-166x300.jpg 166w, https:\/\/mouldking.store\/wp-content\/uploads\/2021\/11\/DECOOL-71001-Godzilla-Movie-with-1199-pieces-6-300x542.jpg 300w, https:\/\/mouldking.store\/wp-content\/uploads\/2021\/11\/DECOOL-71001-Godzilla-Movie-with-1199-pieces-6-83x150.jpg 83w\" sizes=\"(max-width: 567px) 100vw, 567px\" \/><figcaption id=\"caption-attachment-27377\" class=\"wp-caption-text\">DECOOL 71001 Godzilla-film med 1199 stykker<\/figcaption><\/figure>\n<figure id=\"attachment_27379\" aria-describedby=\"caption-attachment-27379\" style=\"width: 563px\" class=\"wp-caption aligncenter\"><img loading=\"lazy\" decoding=\"async\" class=\"wp-image-27379 size-full\" src=\"https:\/\/mouldking.store\/wp-content\/uploads\/2021\/11\/DECOOL-71001-Godzilla-Movie-with-1199-pieces-8.jpg\" alt=\"DECOOL 71001 Godzilla Movie with 1199 pieces\" width=\"563\" height=\"1023\" title=\"-\" srcset=\"https:\/\/mouldking.store\/wp-content\/uploads\/2021\/11\/DECOOL-71001-Godzilla-Movie-with-1199-pieces-8.jpg 563w, https:\/\/mouldking.store\/wp-content\/uploads\/2021\/11\/DECOOL-71001-Godzilla-Movie-with-1199-pieces-8-165x300.jpg 165w, https:\/\/mouldking.store\/wp-content\/uploads\/2021\/11\/DECOOL-71001-Godzilla-Movie-with-1199-pieces-8-300x545.jpg 300w, https:\/\/mouldking.store\/wp-content\/uploads\/2021\/11\/DECOOL-71001-Godzilla-Movie-with-1199-pieces-8-83x150.jpg 83w\" sizes=\"(max-width: 563px) 100vw, 563px\" \/><figcaption id=\"caption-attachment-27379\" class=\"wp-caption-text\">DECOOL 71001 Godzilla-film med 1199 stykker<\/figcaption><\/figure>\n<figure id=\"attachment_27376\" aria-describedby=\"caption-attachment-27376\" style=\"width: 620px\" class=\"wp-caption aligncenter\"><img loading=\"lazy\" decoding=\"async\" class=\"wp-image-27376 size-full\" src=\"https:\/\/mouldking.store\/wp-content\/uploads\/2021\/11\/DECOOL-71001-Godzilla-Movie-with-1199-pieces-5.jpg\" alt=\"DECOOL 71001 Godzilla Movie with 1199 pieces\" width=\"620\" height=\"1024\" title=\"-\" srcset=\"https:\/\/mouldking.store\/wp-content\/uploads\/2021\/11\/DECOOL-71001-Godzilla-Movie-with-1199-pieces-5.jpg 620w, https:\/\/mouldking.store\/wp-content\/uploads\/2021\/11\/DECOOL-71001-Godzilla-Movie-with-1199-pieces-5-182x300.jpg 182w, https:\/\/mouldking.store\/wp-content\/uploads\/2021\/11\/DECOOL-71001-Godzilla-Movie-with-1199-pieces-5-300x495.jpg 300w, https:\/\/mouldking.store\/wp-content\/uploads\/2021\/11\/DECOOL-71001-Godzilla-Movie-with-1199-pieces-5-600x991.jpg 600w, https:\/\/mouldking.store\/wp-content\/uploads\/2021\/11\/DECOOL-71001-Godzilla-Movie-with-1199-pieces-5-91x150.jpg 91w\" sizes=\"(max-width: 620px) 100vw, 620px\" \/><figcaption id=\"caption-attachment-27376\" class=\"wp-caption-text\">DECOOL 71001 Godzilla-film med 1199 stykker<\/figcaption><\/figure>\n<figure id=\"attachment_27375\" aria-describedby=\"caption-attachment-27375\" style=\"width: 545px\" class=\"wp-caption aligncenter\"><img loading=\"lazy\" decoding=\"async\" class=\"wp-image-27375 size-full\" src=\"https:\/\/mouldking.store\/wp-content\/uploads\/2021\/11\/DECOOL-71001-Godzilla-Movie-with-1199-pieces-4.jpg\" alt=\"DECOOL 71001 Godzilla Movie with 1199 pieces\" width=\"545\" height=\"1024\" title=\"-\" srcset=\"https:\/\/mouldking.store\/wp-content\/uploads\/2021\/11\/DECOOL-71001-Godzilla-Movie-with-1199-pieces-4.jpg 545w, https:\/\/mouldking.store\/wp-content\/uploads\/2021\/11\/DECOOL-71001-Godzilla-Movie-with-1199-pieces-4-160x300.jpg 160w, https:\/\/mouldking.store\/wp-content\/uploads\/2021\/11\/DECOOL-71001-Godzilla-Movie-with-1199-pieces-4-300x564.jpg 300w, https:\/\/mouldking.store\/wp-content\/uploads\/2021\/11\/DECOOL-71001-Godzilla-Movie-with-1199-pieces-4-80x150.jpg 80w\" sizes=\"(max-width: 545px) 100vw, 545px\" \/><figcaption id=\"caption-attachment-27375\" class=\"wp-caption-text\">DECOOL 71001 Godzilla-film med 1199 stykker<\/figcaption><\/figure>\n<figure id=\"attachment_27378\" aria-describedby=\"caption-attachment-27378\" style=\"width: 539px\" class=\"wp-caption aligncenter\"><img loading=\"lazy\" decoding=\"async\" class=\"wp-image-27378 size-full\" src=\"https:\/\/mouldking.store\/wp-content\/uploads\/2021\/11\/DECOOL-71001-Godzilla-Movie-with-1199-pieces-7.jpg\" alt=\"DECOOL 71001 Godzilla Movie with 1199 pieces\" width=\"539\" height=\"1024\" title=\"-\" srcset=\"https:\/\/mouldking.store\/wp-content\/uploads\/2021\/11\/DECOOL-71001-Godzilla-Movie-with-1199-pieces-7.jpg 539w, https:\/\/mouldking.store\/wp-content\/uploads\/2021\/11\/DECOOL-71001-Godzilla-Movie-with-1199-pieces-7-158x300.jpg 158w, https:\/\/mouldking.store\/wp-content\/uploads\/2021\/11\/DECOOL-71001-Godzilla-Movie-with-1199-pieces-7-300x570.jpg 300w, https:\/\/mouldking.store\/wp-content\/uploads\/2021\/11\/DECOOL-71001-Godzilla-Movie-with-1199-pieces-7-79x150.jpg 79w\" sizes=\"(max-width: 539px) 100vw, 539px\" \/><figcaption id=\"caption-attachment-27378\" class=\"wp-caption-text\">DECOOL 71001 Godzilla-film med 1199 stykker<\/figcaption><\/figure>\n<figure id=\"attachment_27373\" aria-describedby=\"caption-attachment-27373\" style=\"width: 549px\" class=\"wp-caption aligncenter\"><img loading=\"lazy\" decoding=\"async\" class=\"wp-image-27373 size-full\" src=\"https:\/\/mouldking.store\/wp-content\/uploads\/2021\/11\/DECOOL-71001-Godzilla-Movie-with-1199-pieces-2.jpg\" alt=\"DECOOL 71001 Godzilla Movie with 1199 pieces\" width=\"549\" height=\"1024\" title=\"-\" srcset=\"https:\/\/mouldking.store\/wp-content\/uploads\/2021\/11\/DECOOL-71001-Godzilla-Movie-with-1199-pieces-2.jpg 549w, https:\/\/mouldking.store\/wp-content\/uploads\/2021\/11\/DECOOL-71001-Godzilla-Movie-with-1199-pieces-2-161x300.jpg 161w, https:\/\/mouldking.store\/wp-content\/uploads\/2021\/11\/DECOOL-71001-Godzilla-Movie-with-1199-pieces-2-300x560.jpg 300w, https:\/\/mouldking.store\/wp-content\/uploads\/2021\/11\/DECOOL-71001-Godzilla-Movie-with-1199-pieces-2-80x150.jpg 80w\" sizes=\"(max-width: 549px) 100vw, 549px\" \/><figcaption id=\"caption-attachment-27373\" class=\"wp-caption-text\">DECOOL 71001 Godzilla-film med 1199 stykker<\/figcaption><\/figure>","protected":false},"excerpt":{"rendered":"<p>Product information: Brand: DECOOL Gender: Unisex Name: Godzilla Movie Age Range: &gt; 6 years old Model Number: 71001 Classification: Assemblage Plastic Block Shape: Self-Locking Bricks Material: Plastic Plastic Type: ABS Bricks Blocks: 1199 PCS Contains detailed assembly instructions. Notice: 1. Without an original box, but we guarantee our products have quality assurance and nice packaging. [&hellip;]<\/p>","protected":false},"featured_media":27372,"comment_status":"open","ping_status":"closed","template":"","meta":{"_acf_changed":false},"product_cat":[581],"product_tag":[3544,3546,2463,3548,3543,3542,3549,3545,3547,434],"class_list":["product","first","instock","shipping-taxable","purchasable","product-type-simple"],"acf":[],"_links":{"self":[{"href":"https:\/\/mouldking.store\/nb\/wp-json\/wp\/v2\/product\/27371","targetHints":{"allow":["GET"]}}],"collection":[{"href":"https:\/\/mouldking.store\/nb\/wp-json\/wp\/v2\/product"}],"about":[{"href":"https:\/\/mouldking.store\/nb\/wp-json\/wp\/v2\/types\/product"}],"replies":[{"embeddable":true,"href":"https:\/\/mouldking.store\/nb\/wp-json\/wp\/v2\/comments?post=27371"}],"wp:featuredmedia":[{"embeddable":true,"href":"https:\/\/mouldking.store\/nb\/wp-json\/wp\/v2\/media\/27372"}],"wp:attachment":[{"href":"https:\/\/mouldking.store\/nb\/wp-json\/wp\/v2\/media?parent=27371"}],"wp:term":[{"taxonomy":"product_cat","embeddable":true,"href":"https:\/\/mouldking.store\/nb\/wp-json\/wp\/v2\/product_cat?post=27371"},{"taxonomy":"product_tag","embeddable":true,"href":"https:\/\/mouldking.store\/nb\/wp-json\/wp\/v2\/product_tag?post=27371"}],"curies":[{"name":"wp","href":"https:\/\/api.w.org\/{rel}","templated":true}]}}