{"id":27439,"date":"2021-11-16T10:25:57","date_gmt":"2021-11-16T03:25:57","guid":{"rendered":"https:\/\/mouldking.store\/?post_type=product&#038;p=27439"},"modified":"2023-04-21T18:10:41","modified_gmt":"2023-04-21T11:10:41","slug":"mould-king-17022-rc-fire-engine-with-4886-pieces","status":"publish","type":"product","link":"https:\/\/mouldking.store\/nb\/shop\/mould-king-17022-rc-fire-engine-with-4886-pieces\/","title":{"rendered":"Mold King 17022 RC brannbil med 4886 stk"},"content":{"rendered":"<p>Produktinformasjon:<\/p>\n<ol>\n<li>Merke: Mold King<\/li>\n<li>Kj\u00f8nn: Unisex<\/li>\n<li>Name: RC Fire Engine<\/li>\n<li>Aldersgruppe: &gt; 14 \u00e5r gammel<\/li>\n<li>Model Number: 17022<\/li>\n<li>Klassifisering: Montering<\/li>\n<li>Plastblokkform: Selvl\u00e5sende murstein<\/li>\n<li>Materiale: Plast<\/li>\n<li>Plasttype: ABS<\/li>\n<li>Bricks Blocks: 4886 PCS<\/li>\n<li>Inneholder detaljerte monteringsanvisninger.<\/li>\n<\/ol>\n<p>Legge merke til:<br \/>\n1. Uten original eske, men vi garanterer at v\u00e5re produkter har kvalitetssikring og pen emballasje.<br \/>\n2. Som alle delene vi har sjekket f\u00f8r frakt, s\u00e5 hvis du finner noen deler savnet eller skadet, ikke bekymre deg og bare kontakt oss, s\u00e5 kan vi sende dem til deg p\u00e5 nytt umiddelbart gratis.<\/p>\n<figure id=\"attachment_27440\" aria-describedby=\"caption-attachment-27440\" style=\"width: 800px\" class=\"wp-caption aligncenter\"><img fetchpriority=\"high\" decoding=\"async\" class=\"wp-image-27440 size-full\" src=\"https:\/\/mouldking.store\/wp-content\/uploads\/2021\/11\/Mould-King-17022-RC-Fire-Engine-with-4886-pieces-1.jpg\" alt=\"Mould King 17022 RC Fire Engine with 4886 pieces\" width=\"800\" height=\"800\" title=\"-\" srcset=\"https:\/\/mouldking.store\/wp-content\/uploads\/2021\/11\/Mould-King-17022-RC-Fire-Engine-with-4886-pieces-1.jpg 800w, https:\/\/mouldking.store\/wp-content\/uploads\/2021\/11\/Mould-King-17022-RC-Fire-Engine-with-4886-pieces-1-300x300.jpg 300w, https:\/\/mouldking.store\/wp-content\/uploads\/2021\/11\/Mould-King-17022-RC-Fire-Engine-with-4886-pieces-1-768x768.jpg 768w, https:\/\/mouldking.store\/wp-content\/uploads\/2021\/11\/Mould-King-17022-RC-Fire-Engine-with-4886-pieces-1-600x600.jpg 600w, https:\/\/mouldking.store\/wp-content\/uploads\/2021\/11\/Mould-King-17022-RC-Fire-Engine-with-4886-pieces-1-150x150.jpg 150w\" sizes=\"(max-width: 800px) 100vw, 800px\" \/><figcaption id=\"caption-attachment-27440\" class=\"wp-caption-text\">Mold King 17022 RC brannbil med 4886 stk<\/figcaption><\/figure>\n<figure id=\"attachment_27448\" aria-describedby=\"caption-attachment-27448\" style=\"width: 735px\" class=\"wp-caption aligncenter\"><img decoding=\"async\" class=\"wp-image-27448 size-full\" src=\"https:\/\/mouldking.store\/wp-content\/uploads\/2021\/11\/Mould-King-17022-RC-Fire-Engine-with-4886-pieces-9.jpg\" alt=\"Mould King 17022 RC Fire Engine with 4886 pieces\" width=\"735\" height=\"558\" title=\"-\" srcset=\"https:\/\/mouldking.store\/wp-content\/uploads\/2021\/11\/Mould-King-17022-RC-Fire-Engine-with-4886-pieces-9.jpg 735w, https:\/\/mouldking.store\/wp-content\/uploads\/2021\/11\/Mould-King-17022-RC-Fire-Engine-with-4886-pieces-9-300x228.jpg 300w, https:\/\/mouldking.store\/wp-content\/uploads\/2021\/11\/Mould-King-17022-RC-Fire-Engine-with-4886-pieces-9-600x456.jpg 600w, https:\/\/mouldking.store\/wp-content\/uploads\/2021\/11\/Mould-King-17022-RC-Fire-Engine-with-4886-pieces-9-150x114.jpg 150w\" sizes=\"(max-width: 735px) 100vw, 735px\" \/><figcaption id=\"caption-attachment-27448\" class=\"wp-caption-text\">Mold King 17022 RC brannbil med 4886 stk<\/figcaption><\/figure>\n<figure id=\"attachment_27447\" aria-describedby=\"caption-attachment-27447\" style=\"width: 735px\" class=\"wp-caption aligncenter\"><img decoding=\"async\" class=\"wp-image-27447 size-full\" src=\"https:\/\/mouldking.store\/wp-content\/uploads\/2021\/11\/Mould-King-17022-RC-Fire-Engine-with-4886-pieces-8.jpg\" alt=\"Mould King 17022 RC Fire Engine with 4886 pieces\" width=\"735\" height=\"467\" title=\"-\" srcset=\"https:\/\/mouldking.store\/wp-content\/uploads\/2021\/11\/Mould-King-17022-RC-Fire-Engine-with-4886-pieces-8.jpg 735w, https:\/\/mouldking.store\/wp-content\/uploads\/2021\/11\/Mould-King-17022-RC-Fire-Engine-with-4886-pieces-8-300x191.jpg 300w, https:\/\/mouldking.store\/wp-content\/uploads\/2021\/11\/Mould-King-17022-RC-Fire-Engine-with-4886-pieces-8-600x381.jpg 600w, https:\/\/mouldking.store\/wp-content\/uploads\/2021\/11\/Mould-King-17022-RC-Fire-Engine-with-4886-pieces-8-150x95.jpg 150w\" sizes=\"(max-width: 735px) 100vw, 735px\" \/><figcaption id=\"caption-attachment-27447\" class=\"wp-caption-text\">Mold King 17022 RC brannbil med 4886 stk<\/figcaption><\/figure>\n<figure id=\"attachment_27445\" aria-describedby=\"caption-attachment-27445\" style=\"width: 735px\" class=\"wp-caption aligncenter\"><img loading=\"lazy\" decoding=\"async\" class=\"wp-image-27445 size-full\" src=\"https:\/\/mouldking.store\/wp-content\/uploads\/2021\/11\/Mould-King-17022-RC-Fire-Engine-with-4886-pieces-6.jpg\" alt=\"Mould King 17022 RC Fire Engine with 4886 pieces\" width=\"735\" height=\"475\" title=\"-\" srcset=\"https:\/\/mouldking.store\/wp-content\/uploads\/2021\/11\/Mould-King-17022-RC-Fire-Engine-with-4886-pieces-6.jpg 735w, https:\/\/mouldking.store\/wp-content\/uploads\/2021\/11\/Mould-King-17022-RC-Fire-Engine-with-4886-pieces-6-300x194.jpg 300w, https:\/\/mouldking.store\/wp-content\/uploads\/2021\/11\/Mould-King-17022-RC-Fire-Engine-with-4886-pieces-6-600x388.jpg 600w, https:\/\/mouldking.store\/wp-content\/uploads\/2021\/11\/Mould-King-17022-RC-Fire-Engine-with-4886-pieces-6-150x97.jpg 150w\" sizes=\"(max-width: 735px) 100vw, 735px\" \/><figcaption id=\"caption-attachment-27445\" class=\"wp-caption-text\">Mold King 17022 RC brannbil med 4886 stk<\/figcaption><\/figure>\n<figure id=\"attachment_27444\" aria-describedby=\"caption-attachment-27444\" style=\"width: 735px\" class=\"wp-caption aligncenter\"><img loading=\"lazy\" decoding=\"async\" class=\"wp-image-27444 size-full\" src=\"https:\/\/mouldking.store\/wp-content\/uploads\/2021\/11\/Mould-King-17022-RC-Fire-Engine-with-4886-pieces-5.jpg\" alt=\"Mould King 17022 RC Fire Engine with 4886 pieces\" width=\"735\" height=\"511\" title=\"-\" srcset=\"https:\/\/mouldking.store\/wp-content\/uploads\/2021\/11\/Mould-King-17022-RC-Fire-Engine-with-4886-pieces-5.jpg 735w, https:\/\/mouldking.store\/wp-content\/uploads\/2021\/11\/Mould-King-17022-RC-Fire-Engine-with-4886-pieces-5-300x209.jpg 300w, https:\/\/mouldking.store\/wp-content\/uploads\/2021\/11\/Mould-King-17022-RC-Fire-Engine-with-4886-pieces-5-600x417.jpg 600w, https:\/\/mouldking.store\/wp-content\/uploads\/2021\/11\/Mould-King-17022-RC-Fire-Engine-with-4886-pieces-5-150x104.jpg 150w\" sizes=\"(max-width: 735px) 100vw, 735px\" \/><figcaption id=\"caption-attachment-27444\" class=\"wp-caption-text\">Mold King 17022 RC brannbil med 4886 stk<\/figcaption><\/figure>\n<figure id=\"attachment_27443\" aria-describedby=\"caption-attachment-27443\" style=\"width: 735px\" class=\"wp-caption aligncenter\"><img loading=\"lazy\" decoding=\"async\" class=\"wp-image-27443 size-full\" src=\"https:\/\/mouldking.store\/wp-content\/uploads\/2021\/11\/Mould-King-17022-RC-Fire-Engine-with-4886-pieces-4.jpg\" alt=\"Mould King 17022 RC Fire Engine with 4886 pieces\" width=\"735\" height=\"478\" title=\"-\" srcset=\"https:\/\/mouldking.store\/wp-content\/uploads\/2021\/11\/Mould-King-17022-RC-Fire-Engine-with-4886-pieces-4.jpg 735w, https:\/\/mouldking.store\/wp-content\/uploads\/2021\/11\/Mould-King-17022-RC-Fire-Engine-with-4886-pieces-4-300x195.jpg 300w, https:\/\/mouldking.store\/wp-content\/uploads\/2021\/11\/Mould-King-17022-RC-Fire-Engine-with-4886-pieces-4-600x390.jpg 600w, https:\/\/mouldking.store\/wp-content\/uploads\/2021\/11\/Mould-King-17022-RC-Fire-Engine-with-4886-pieces-4-150x98.jpg 150w\" sizes=\"(max-width: 735px) 100vw, 735px\" \/><figcaption id=\"caption-attachment-27443\" class=\"wp-caption-text\">Mold King 17022 RC brannbil med 4886 stk<\/figcaption><\/figure>\n<figure id=\"attachment_27446\" aria-describedby=\"caption-attachment-27446\" style=\"width: 735px\" class=\"wp-caption aligncenter\"><img loading=\"lazy\" decoding=\"async\" class=\"wp-image-27446 size-full\" src=\"https:\/\/mouldking.store\/wp-content\/uploads\/2021\/11\/Mould-King-17022-RC-Fire-Engine-with-4886-pieces-7.jpg\" alt=\"Mould King 17022 RC Fire Engine with 4886 pieces\" width=\"735\" height=\"485\" title=\"-\" srcset=\"https:\/\/mouldking.store\/wp-content\/uploads\/2021\/11\/Mould-King-17022-RC-Fire-Engine-with-4886-pieces-7.jpg 735w, https:\/\/mouldking.store\/wp-content\/uploads\/2021\/11\/Mould-King-17022-RC-Fire-Engine-with-4886-pieces-7-300x198.jpg 300w, https:\/\/mouldking.store\/wp-content\/uploads\/2021\/11\/Mould-King-17022-RC-Fire-Engine-with-4886-pieces-7-600x396.jpg 600w, https:\/\/mouldking.store\/wp-content\/uploads\/2021\/11\/Mould-King-17022-RC-Fire-Engine-with-4886-pieces-7-150x99.jpg 150w\" sizes=\"(max-width: 735px) 100vw, 735px\" \/><figcaption id=\"caption-attachment-27446\" class=\"wp-caption-text\">Mold King 17022 RC brannbil med 4886 stk<\/figcaption><\/figure>\n<figure id=\"attachment_27449\" aria-describedby=\"caption-attachment-27449\" style=\"width: 735px\" class=\"wp-caption aligncenter\"><img loading=\"lazy\" decoding=\"async\" class=\"wp-image-27449 size-full\" src=\"https:\/\/mouldking.store\/wp-content\/uploads\/2021\/11\/Mould-King-17022-RC-Fire-Engine-with-4886-pieces-10.jpg\" alt=\"Mould King 17022 RC Fire Engine with 4886 pieces\" width=\"735\" height=\"645\" title=\"-\" srcset=\"https:\/\/mouldking.store\/wp-content\/uploads\/2021\/11\/Mould-King-17022-RC-Fire-Engine-with-4886-pieces-10.jpg 735w, https:\/\/mouldking.store\/wp-content\/uploads\/2021\/11\/Mould-King-17022-RC-Fire-Engine-with-4886-pieces-10-300x263.jpg 300w, https:\/\/mouldking.store\/wp-content\/uploads\/2021\/11\/Mould-King-17022-RC-Fire-Engine-with-4886-pieces-10-600x527.jpg 600w, https:\/\/mouldking.store\/wp-content\/uploads\/2021\/11\/Mould-King-17022-RC-Fire-Engine-with-4886-pieces-10-150x132.jpg 150w\" sizes=\"(max-width: 735px) 100vw, 735px\" \/><figcaption id=\"caption-attachment-27449\" class=\"wp-caption-text\">Mold King 17022 RC brannbil med 4886 stk<\/figcaption><\/figure>\n<figure id=\"attachment_27441\" aria-describedby=\"caption-attachment-27441\" style=\"width: 735px\" class=\"wp-caption aligncenter\"><img loading=\"lazy\" decoding=\"async\" class=\"wp-image-27441 size-full\" src=\"https:\/\/mouldking.store\/wp-content\/uploads\/2021\/11\/Mould-King-17022-RC-Fire-Engine-with-4886-pieces-2.jpg\" alt=\"Mould King 17022 RC Fire Engine with 4886 pieces\" width=\"735\" height=\"529\" title=\"-\" srcset=\"https:\/\/mouldking.store\/wp-content\/uploads\/2021\/11\/Mould-King-17022-RC-Fire-Engine-with-4886-pieces-2.jpg 735w, https:\/\/mouldking.store\/wp-content\/uploads\/2021\/11\/Mould-King-17022-RC-Fire-Engine-with-4886-pieces-2-300x216.jpg 300w, https:\/\/mouldking.store\/wp-content\/uploads\/2021\/11\/Mould-King-17022-RC-Fire-Engine-with-4886-pieces-2-600x432.jpg 600w, https:\/\/mouldking.store\/wp-content\/uploads\/2021\/11\/Mould-King-17022-RC-Fire-Engine-with-4886-pieces-2-150x108.jpg 150w\" sizes=\"(max-width: 735px) 100vw, 735px\" \/><figcaption id=\"caption-attachment-27441\" class=\"wp-caption-text\">Mold King 17022 RC brannbil med 4886 stk<\/figcaption><\/figure>\n<figure id=\"attachment_27442\" aria-describedby=\"caption-attachment-27442\" style=\"width: 735px\" class=\"wp-caption aligncenter\"><img loading=\"lazy\" decoding=\"async\" class=\"wp-image-27442 size-full\" src=\"https:\/\/mouldking.store\/wp-content\/uploads\/2021\/11\/Mould-King-17022-RC-Fire-Engine-with-4886-pieces-3.jpg\" alt=\"Mould King 17022 RC Fire Engine with 4886 pieces\" width=\"735\" height=\"715\" title=\"-\" srcset=\"https:\/\/mouldking.store\/wp-content\/uploads\/2021\/11\/Mould-King-17022-RC-Fire-Engine-with-4886-pieces-3.jpg 735w, https:\/\/mouldking.store\/wp-content\/uploads\/2021\/11\/Mould-King-17022-RC-Fire-Engine-with-4886-pieces-3-300x292.jpg 300w, https:\/\/mouldking.store\/wp-content\/uploads\/2021\/11\/Mould-King-17022-RC-Fire-Engine-with-4886-pieces-3-600x584.jpg 600w, https:\/\/mouldking.store\/wp-content\/uploads\/2021\/11\/Mould-King-17022-RC-Fire-Engine-with-4886-pieces-3-150x146.jpg 150w\" sizes=\"(max-width: 735px) 100vw, 735px\" \/><figcaption id=\"caption-attachment-27442\" class=\"wp-caption-text\">Mold King 17022 RC brannbil med 4886 stk<\/figcaption><\/figure>","protected":false},"excerpt":{"rendered":"<p>Product information: Brand: Mould King Gender: Unisex Name: RC Fire Engine Age Range: &gt; 14 years old Model Number: 17022 Classification: Assemblage Plastic Block Shape: Self-Locking Bricks Material: Plastic Plastic Type: ABS Bricks Blocks: 4886 PCS Contains detailed assembly instructions. Notice: 1. Without an original box, but we guarantee our products have quality assurance and [&hellip;]<\/p>","protected":false},"featured_media":27440,"comment_status":"open","ping_status":"closed","template":"","meta":{"_acf_changed":false},"product_cat":[364],"product_tag":[3599,3604,3601,3598,3597,3603,3600,481,3602],"class_list":["product","first","instock","shipping-taxable","purchasable","product-type-simple"],"acf":[],"_links":{"self":[{"href":"https:\/\/mouldking.store\/nb\/wp-json\/wp\/v2\/product\/27439","targetHints":{"allow":["GET"]}}],"collection":[{"href":"https:\/\/mouldking.store\/nb\/wp-json\/wp\/v2\/product"}],"about":[{"href":"https:\/\/mouldking.store\/nb\/wp-json\/wp\/v2\/types\/product"}],"replies":[{"embeddable":true,"href":"https:\/\/mouldking.store\/nb\/wp-json\/wp\/v2\/comments?post=27439"}],"wp:featuredmedia":[{"embeddable":true,"href":"https:\/\/mouldking.store\/nb\/wp-json\/wp\/v2\/media\/27440"}],"wp:attachment":[{"href":"https:\/\/mouldking.store\/nb\/wp-json\/wp\/v2\/media?parent=27439"}],"wp:term":[{"taxonomy":"product_cat","embeddable":true,"href":"https:\/\/mouldking.store\/nb\/wp-json\/wp\/v2\/product_cat?post=27439"},{"taxonomy":"product_tag","embeddable":true,"href":"https:\/\/mouldking.store\/nb\/wp-json\/wp\/v2\/product_tag?post=27439"}],"curies":[{"name":"wp","href":"https:\/\/api.w.org\/{rel}","templated":true}]}}