{"id":27450,"date":"2021-11-16T10:30:00","date_gmt":"2021-11-16T10:30:00","guid":{"rendered":"https:\/\/mouldking.store\/?post_type=product&#038;p=27450"},"modified":"2021-12-23T09:40:38","modified_gmt":"2021-12-23T09:40:38","slug":"qizhile-91002-phonograph-with-1688-pieces","status":"publish","type":"product","link":"https:\/\/mouldking.store\/nb\/shop\/qizhile-91002-phonograph-with-1688-pieces\/","title":{"rendered":"QIZHILE 91002 Phonograph with 1688 pieces"},"content":{"rendered":"<p>Produktinformasjon:<\/p>\n<ol>\n<li>Merke: QIZHILE<\/li>\n<li>Kj\u00f8nn: Unisex<\/li>\n<li>Name: Phonograph<\/li>\n<li>Aldersgruppe: &gt; 14 \u00e5r gammel<\/li>\n<li>Model Number: 91002<\/li>\n<li>Klassifisering: Montering<\/li>\n<li>Plastblokkform: Selvl\u00e5sende murstein<\/li>\n<li>Materiale: Plast<\/li>\n<li>Plasttype: ABS<\/li>\n<li>Bricks Blocks: 1688 PCS<\/li>\n<li>Inneholder detaljerte monteringsanvisninger.<\/li>\n<\/ol>\n<p>Legge merke til:<br \/>\n1. Uten original eske, men vi garanterer at v\u00e5re produkter har kvalitetssikring og pen emballasje.<br \/>\n2. Som alle delene vi har sjekket f\u00f8r frakt, s\u00e5 hvis du finner noen deler savnet eller skadet, ikke bekymre deg og bare kontakt oss, s\u00e5 kan vi sende dem til deg p\u00e5 nytt umiddelbart gratis.<\/p>\n<figure id=\"attachment_27451\" aria-describedby=\"caption-attachment-27451\" style=\"width: 800px\" class=\"wp-caption aligncenter\"><img fetchpriority=\"high\" decoding=\"async\" class=\"wp-image-27451 size-full\" src=\"https:\/\/mouldking.store\/wp-content\/uploads\/2021\/11\/QIZHILE-91002-Phonograph-with-1688-pieces-1.jpg\" alt=\"QIZHILE 91002 Phonograph with 1688 pieces\" width=\"800\" height=\"800\" title=\"-\" srcset=\"https:\/\/mouldking.store\/wp-content\/uploads\/2021\/11\/QIZHILE-91002-Phonograph-with-1688-pieces-1.jpg 800w, https:\/\/mouldking.store\/wp-content\/uploads\/2021\/11\/QIZHILE-91002-Phonograph-with-1688-pieces-1-300x300.jpg 300w, https:\/\/mouldking.store\/wp-content\/uploads\/2021\/11\/QIZHILE-91002-Phonograph-with-1688-pieces-1-768x768.jpg 768w, https:\/\/mouldking.store\/wp-content\/uploads\/2021\/11\/QIZHILE-91002-Phonograph-with-1688-pieces-1-600x600.jpg 600w, https:\/\/mouldking.store\/wp-content\/uploads\/2021\/11\/QIZHILE-91002-Phonograph-with-1688-pieces-1-150x150.jpg 150w\" sizes=\"(max-width: 800px) 100vw, 800px\" \/><figcaption id=\"caption-attachment-27451\" class=\"wp-caption-text\">QIZHILE 91002 Phonograph with 1688 pieces<\/figcaption><\/figure>\n<figure id=\"attachment_27454\" aria-describedby=\"caption-attachment-27454\" style=\"width: 800px\" class=\"wp-caption aligncenter\"><img decoding=\"async\" class=\"wp-image-27454 size-full\" src=\"https:\/\/mouldking.store\/wp-content\/uploads\/2021\/11\/QIZHILE-91002-Phonograph-with-1688-pieces-4.jpg\" alt=\"QIZHILE 91002 Phonograph with 1688 pieces\" width=\"800\" height=\"800\" title=\"-\" srcset=\"https:\/\/mouldking.store\/wp-content\/uploads\/2021\/11\/QIZHILE-91002-Phonograph-with-1688-pieces-4.jpg 800w, https:\/\/mouldking.store\/wp-content\/uploads\/2021\/11\/QIZHILE-91002-Phonograph-with-1688-pieces-4-300x300.jpg 300w, https:\/\/mouldking.store\/wp-content\/uploads\/2021\/11\/QIZHILE-91002-Phonograph-with-1688-pieces-4-768x768.jpg 768w, https:\/\/mouldking.store\/wp-content\/uploads\/2021\/11\/QIZHILE-91002-Phonograph-with-1688-pieces-4-600x600.jpg 600w, https:\/\/mouldking.store\/wp-content\/uploads\/2021\/11\/QIZHILE-91002-Phonograph-with-1688-pieces-4-150x150.jpg 150w\" sizes=\"(max-width: 800px) 100vw, 800px\" \/><figcaption id=\"caption-attachment-27454\" class=\"wp-caption-text\">QIZHILE 91002 Phonograph with 1688 pieces<\/figcaption><\/figure>\n<figure id=\"attachment_27452\" aria-describedby=\"caption-attachment-27452\" style=\"width: 800px\" class=\"wp-caption aligncenter\"><img decoding=\"async\" class=\"wp-image-27452 size-full\" src=\"https:\/\/mouldking.store\/wp-content\/uploads\/2021\/11\/QIZHILE-91002-Phonograph-with-1688-pieces-2.jpg\" alt=\"QIZHILE 91002 Phonograph with 1688 pieces\" width=\"800\" height=\"800\" title=\"-\" srcset=\"https:\/\/mouldking.store\/wp-content\/uploads\/2021\/11\/QIZHILE-91002-Phonograph-with-1688-pieces-2.jpg 800w, https:\/\/mouldking.store\/wp-content\/uploads\/2021\/11\/QIZHILE-91002-Phonograph-with-1688-pieces-2-300x300.jpg 300w, https:\/\/mouldking.store\/wp-content\/uploads\/2021\/11\/QIZHILE-91002-Phonograph-with-1688-pieces-2-768x768.jpg 768w, https:\/\/mouldking.store\/wp-content\/uploads\/2021\/11\/QIZHILE-91002-Phonograph-with-1688-pieces-2-600x600.jpg 600w, https:\/\/mouldking.store\/wp-content\/uploads\/2021\/11\/QIZHILE-91002-Phonograph-with-1688-pieces-2-150x150.jpg 150w\" sizes=\"(max-width: 800px) 100vw, 800px\" \/><figcaption id=\"caption-attachment-27452\" class=\"wp-caption-text\">QIZHILE 91002 Phonograph with 1688 pieces<\/figcaption><\/figure>\n<figure id=\"attachment_27453\" aria-describedby=\"caption-attachment-27453\" style=\"width: 800px\" class=\"wp-caption aligncenter\"><img loading=\"lazy\" decoding=\"async\" class=\"wp-image-27453 size-full\" src=\"https:\/\/mouldking.store\/wp-content\/uploads\/2021\/11\/QIZHILE-91002-Phonograph-with-1688-pieces-3.jpg\" alt=\"QIZHILE 91002 Phonograph with 1688 pieces\" width=\"800\" height=\"800\" title=\"-\" srcset=\"https:\/\/mouldking.store\/wp-content\/uploads\/2021\/11\/QIZHILE-91002-Phonograph-with-1688-pieces-3.jpg 800w, https:\/\/mouldking.store\/wp-content\/uploads\/2021\/11\/QIZHILE-91002-Phonograph-with-1688-pieces-3-300x300.jpg 300w, https:\/\/mouldking.store\/wp-content\/uploads\/2021\/11\/QIZHILE-91002-Phonograph-with-1688-pieces-3-768x768.jpg 768w, https:\/\/mouldking.store\/wp-content\/uploads\/2021\/11\/QIZHILE-91002-Phonograph-with-1688-pieces-3-600x600.jpg 600w, https:\/\/mouldking.store\/wp-content\/uploads\/2021\/11\/QIZHILE-91002-Phonograph-with-1688-pieces-3-150x150.jpg 150w\" sizes=\"(max-width: 800px) 100vw, 800px\" \/><figcaption id=\"caption-attachment-27453\" class=\"wp-caption-text\">QIZHILE 91002 Phonograph with 1688 pieces<\/figcaption><\/figure>","protected":false},"excerpt":{"rendered":"<p>Product information: Brand: QIZHILE Gender: Unisex Name: Phonograph Age Range: &gt; 14 years old Model Number: 91002 Classification: Assemblage Plastic Block Shape: Self-Locking Bricks Material: Plastic Plastic Type: ABS Bricks Blocks: 1688 PCS Contains detailed assembly instructions. Notice: 1. Without an original box, but we guarantee our products have quality assurance and nice packaging. 2. [&hellip;]<\/p>","protected":false},"featured_media":27451,"comment_status":"open","ping_status":"closed","template":"","meta":{"_acf_changed":false},"product_cat":[371],"product_tag":[3607,3611,3610,1750,3609,3606,3605,3608],"class_list":["product","first","instock","shipping-taxable","purchasable","product-type-simple"],"acf":[],"_links":{"self":[{"href":"https:\/\/mouldking.store\/nb\/wp-json\/wp\/v2\/product\/27450","targetHints":{"allow":["GET"]}}],"collection":[{"href":"https:\/\/mouldking.store\/nb\/wp-json\/wp\/v2\/product"}],"about":[{"href":"https:\/\/mouldking.store\/nb\/wp-json\/wp\/v2\/types\/product"}],"replies":[{"embeddable":true,"href":"https:\/\/mouldking.store\/nb\/wp-json\/wp\/v2\/comments?post=27450"}],"wp:featuredmedia":[{"embeddable":true,"href":"https:\/\/mouldking.store\/nb\/wp-json\/wp\/v2\/media\/27451"}],"wp:attachment":[{"href":"https:\/\/mouldking.store\/nb\/wp-json\/wp\/v2\/media?parent=27450"}],"wp:term":[{"taxonomy":"product_cat","embeddable":true,"href":"https:\/\/mouldking.store\/nb\/wp-json\/wp\/v2\/product_cat?post=27450"},{"taxonomy":"product_tag","embeddable":true,"href":"https:\/\/mouldking.store\/nb\/wp-json\/wp\/v2\/product_tag?post=27450"}],"curies":[{"name":"wp","href":"https:\/\/api.w.org\/{rel}","templated":true}]}}