{"id":27455,"date":"2021-11-16T10:41:41","date_gmt":"2021-11-16T10:41:41","guid":{"rendered":"https:\/\/mouldking.store\/?post_type=product&#038;p=27455"},"modified":"2021-12-23T09:40:41","modified_gmt":"2021-12-23T09:40:41","slug":"moyu-89001-89004-interstellar-ship-with-2600-pieces","status":"publish","type":"product","link":"https:\/\/mouldking.store\/nb\/shop\/moyu-89001-89004-interstellar-ship-with-2600-pieces\/","title":{"rendered":"MOYU 89001-89004 Interstellar Ship med 2600 stykker"},"content":{"rendered":"<p>Produktinformasjon:<\/p>\n<ol>\n<li>Merke: MOYU<\/li>\n<li>Kj\u00f8nn: Unisex<\/li>\n<li>Navn: Interstellar Ship<\/li>\n<li>Aldersgruppe: &gt; 8 \u00e5r gammel<\/li>\n<li>Modellnummer: 89001-89004<\/li>\n<li>Klassifisering: Montering<\/li>\n<li>Plastblokkform: Selvl\u00e5sende murstein<\/li>\n<li>Materiale: Plast<\/li>\n<li>Plasttype: ABS<\/li>\n<li>Mursteinsblokker: 2600 STK<\/li>\n<li>Inneholder detaljerte monteringsanvisninger.<\/li>\n<\/ol>\n<p>Legge merke til:<br \/>\n1. Uten original eske, men vi garanterer at v\u00e5re produkter har kvalitetssikring og pen emballasje.<br \/>\n2. Som alle delene vi har sjekket f\u00f8r frakt, s\u00e5 hvis du finner noen deler savnet eller skadet, ikke bekymre deg og bare kontakt oss, s\u00e5 kan vi sende dem til deg p\u00e5 nytt umiddelbart gratis.<\/p>\n<figure id=\"attachment_27468\" aria-describedby=\"caption-attachment-27468\" style=\"width: 800px\" class=\"wp-caption aligncenter\"><img fetchpriority=\"high\" decoding=\"async\" class=\"wp-image-27468 size-full\" src=\"https:\/\/mouldking.store\/wp-content\/uploads\/2021\/11\/MOYU-89001-89004-Interstellar-Ship-with-2600-pieces-13.jpg\" alt=\"MOYU 89001-89004 Interstellar Ship with 2600 pieces\" width=\"800\" height=\"800\" title=\"-\" srcset=\"https:\/\/mouldking.store\/wp-content\/uploads\/2021\/11\/MOYU-89001-89004-Interstellar-Ship-with-2600-pieces-13.jpg 800w, https:\/\/mouldking.store\/wp-content\/uploads\/2021\/11\/MOYU-89001-89004-Interstellar-Ship-with-2600-pieces-13-300x300.jpg 300w, https:\/\/mouldking.store\/wp-content\/uploads\/2021\/11\/MOYU-89001-89004-Interstellar-Ship-with-2600-pieces-13-768x768.jpg 768w, https:\/\/mouldking.store\/wp-content\/uploads\/2021\/11\/MOYU-89001-89004-Interstellar-Ship-with-2600-pieces-13-600x600.jpg 600w, https:\/\/mouldking.store\/wp-content\/uploads\/2021\/11\/MOYU-89001-89004-Interstellar-Ship-with-2600-pieces-13-150x150.jpg 150w\" sizes=\"(max-width: 800px) 100vw, 800px\" \/><figcaption id=\"caption-attachment-27468\" class=\"wp-caption-text\">MOYU 89001-89004 Interstellar Ship med 2600 stykker<\/figcaption><\/figure>\n<figure id=\"attachment_27456\" aria-describedby=\"caption-attachment-27456\" style=\"width: 800px\" class=\"wp-caption aligncenter\"><img decoding=\"async\" class=\"wp-image-27456 size-full\" src=\"https:\/\/mouldking.store\/wp-content\/uploads\/2021\/11\/MOYU-89001-89004-Interstellar-Ship-with-2600-pieces-1.jpg\" alt=\"MOYU 89001-89004 Interstellar Ship with 2600 pieces\" width=\"800\" height=\"771\" title=\"-\" srcset=\"https:\/\/mouldking.store\/wp-content\/uploads\/2021\/11\/MOYU-89001-89004-Interstellar-Ship-with-2600-pieces-1.jpg 800w, https:\/\/mouldking.store\/wp-content\/uploads\/2021\/11\/MOYU-89001-89004-Interstellar-Ship-with-2600-pieces-1-300x289.jpg 300w, https:\/\/mouldking.store\/wp-content\/uploads\/2021\/11\/MOYU-89001-89004-Interstellar-Ship-with-2600-pieces-1-768x740.jpg 768w, https:\/\/mouldking.store\/wp-content\/uploads\/2021\/11\/MOYU-89001-89004-Interstellar-Ship-with-2600-pieces-1-600x578.jpg 600w, https:\/\/mouldking.store\/wp-content\/uploads\/2021\/11\/MOYU-89001-89004-Interstellar-Ship-with-2600-pieces-1-150x145.jpg 150w\" sizes=\"(max-width: 800px) 100vw, 800px\" \/><figcaption id=\"caption-attachment-27456\" class=\"wp-caption-text\">MOYU 89001-89004 Interstellar Ship med 2600 stykker<\/figcaption><\/figure>\n<figure id=\"attachment_27466\" aria-describedby=\"caption-attachment-27466\" style=\"width: 750px\" class=\"wp-caption aligncenter\"><img decoding=\"async\" class=\"wp-image-27466 size-full\" src=\"https:\/\/mouldking.store\/wp-content\/uploads\/2021\/11\/MOYU-89001-89004-Interstellar-Ship-with-2600-pieces-11.jpg\" alt=\"MOYU 89001-89004 Interstellar Ship with 2600 pieces\" width=\"750\" height=\"885\" title=\"-\" srcset=\"https:\/\/mouldking.store\/wp-content\/uploads\/2021\/11\/MOYU-89001-89004-Interstellar-Ship-with-2600-pieces-11.jpg 750w, https:\/\/mouldking.store\/wp-content\/uploads\/2021\/11\/MOYU-89001-89004-Interstellar-Ship-with-2600-pieces-11-254x300.jpg 254w, https:\/\/mouldking.store\/wp-content\/uploads\/2021\/11\/MOYU-89001-89004-Interstellar-Ship-with-2600-pieces-11-300x354.jpg 300w, https:\/\/mouldking.store\/wp-content\/uploads\/2021\/11\/MOYU-89001-89004-Interstellar-Ship-with-2600-pieces-11-600x708.jpg 600w, https:\/\/mouldking.store\/wp-content\/uploads\/2021\/11\/MOYU-89001-89004-Interstellar-Ship-with-2600-pieces-11-127x150.jpg 127w\" sizes=\"(max-width: 750px) 100vw, 750px\" \/><figcaption id=\"caption-attachment-27466\" class=\"wp-caption-text\">MOYU 89001-89004 Interstellar Ship med 2600 stykker<\/figcaption><\/figure>\n<figure id=\"attachment_27467\" aria-describedby=\"caption-attachment-27467\" style=\"width: 750px\" class=\"wp-caption aligncenter\"><img loading=\"lazy\" decoding=\"async\" class=\"wp-image-27467 size-full\" src=\"https:\/\/mouldking.store\/wp-content\/uploads\/2021\/11\/MOYU-89001-89004-Interstellar-Ship-with-2600-pieces-12.jpg\" alt=\"MOYU 89001-89004 Interstellar Ship with 2600 pieces\" width=\"750\" height=\"763\" title=\"-\" srcset=\"https:\/\/mouldking.store\/wp-content\/uploads\/2021\/11\/MOYU-89001-89004-Interstellar-Ship-with-2600-pieces-12.jpg 750w, https:\/\/mouldking.store\/wp-content\/uploads\/2021\/11\/MOYU-89001-89004-Interstellar-Ship-with-2600-pieces-12-295x300.jpg 295w, https:\/\/mouldking.store\/wp-content\/uploads\/2021\/11\/MOYU-89001-89004-Interstellar-Ship-with-2600-pieces-12-300x305.jpg 300w, https:\/\/mouldking.store\/wp-content\/uploads\/2021\/11\/MOYU-89001-89004-Interstellar-Ship-with-2600-pieces-12-600x610.jpg 600w, https:\/\/mouldking.store\/wp-content\/uploads\/2021\/11\/MOYU-89001-89004-Interstellar-Ship-with-2600-pieces-12-147x150.jpg 147w\" sizes=\"(max-width: 750px) 100vw, 750px\" \/><figcaption id=\"caption-attachment-27467\" class=\"wp-caption-text\">MOYU 89001-89004 Interstellar Ship med 2600 stykker<\/figcaption><\/figure>\n<figure id=\"attachment_27459\" aria-describedby=\"caption-attachment-27459\" style=\"width: 800px\" class=\"wp-caption aligncenter\"><img loading=\"lazy\" decoding=\"async\" class=\"wp-image-27459 size-full\" src=\"https:\/\/mouldking.store\/wp-content\/uploads\/2021\/11\/MOYU-89001-89004-Interstellar-Ship-with-2600-pieces-4.jpg\" alt=\"MOYU 89001-89004 Interstellar Ship with 2600 pieces\" width=\"800\" height=\"800\" title=\"-\" srcset=\"https:\/\/mouldking.store\/wp-content\/uploads\/2021\/11\/MOYU-89001-89004-Interstellar-Ship-with-2600-pieces-4.jpg 800w, https:\/\/mouldking.store\/wp-content\/uploads\/2021\/11\/MOYU-89001-89004-Interstellar-Ship-with-2600-pieces-4-300x300.jpg 300w, https:\/\/mouldking.store\/wp-content\/uploads\/2021\/11\/MOYU-89001-89004-Interstellar-Ship-with-2600-pieces-4-768x768.jpg 768w, https:\/\/mouldking.store\/wp-content\/uploads\/2021\/11\/MOYU-89001-89004-Interstellar-Ship-with-2600-pieces-4-600x600.jpg 600w, https:\/\/mouldking.store\/wp-content\/uploads\/2021\/11\/MOYU-89001-89004-Interstellar-Ship-with-2600-pieces-4-150x150.jpg 150w\" sizes=\"(max-width: 800px) 100vw, 800px\" \/><figcaption id=\"caption-attachment-27459\" class=\"wp-caption-text\">MOYU 89001-89004 Interstellar Ship med 2600 stykker<\/figcaption><\/figure>\n<figure id=\"attachment_27464\" aria-describedby=\"caption-attachment-27464\" style=\"width: 750px\" class=\"wp-caption aligncenter\"><img loading=\"lazy\" decoding=\"async\" class=\"wp-image-27464 size-full\" src=\"https:\/\/mouldking.store\/wp-content\/uploads\/2021\/11\/MOYU-89001-89004-Interstellar-Ship-with-2600-pieces-9.jpg\" alt=\"MOYU 89001-89004 Interstellar Ship with 2600 pieces\" width=\"750\" height=\"770\" title=\"-\" srcset=\"https:\/\/mouldking.store\/wp-content\/uploads\/2021\/11\/MOYU-89001-89004-Interstellar-Ship-with-2600-pieces-9.jpg 750w, https:\/\/mouldking.store\/wp-content\/uploads\/2021\/11\/MOYU-89001-89004-Interstellar-Ship-with-2600-pieces-9-292x300.jpg 292w, https:\/\/mouldking.store\/wp-content\/uploads\/2021\/11\/MOYU-89001-89004-Interstellar-Ship-with-2600-pieces-9-300x308.jpg 300w, https:\/\/mouldking.store\/wp-content\/uploads\/2021\/11\/MOYU-89001-89004-Interstellar-Ship-with-2600-pieces-9-600x616.jpg 600w, https:\/\/mouldking.store\/wp-content\/uploads\/2021\/11\/MOYU-89001-89004-Interstellar-Ship-with-2600-pieces-9-146x150.jpg 146w\" sizes=\"(max-width: 750px) 100vw, 750px\" \/><figcaption id=\"caption-attachment-27464\" class=\"wp-caption-text\">MOYU 89001-89004 Interstellar Ship med 2600 stykker<\/figcaption><\/figure>\n<figure id=\"attachment_27465\" aria-describedby=\"caption-attachment-27465\" style=\"width: 750px\" class=\"wp-caption aligncenter\"><img loading=\"lazy\" decoding=\"async\" class=\"wp-image-27465 size-full\" src=\"https:\/\/mouldking.store\/wp-content\/uploads\/2021\/11\/MOYU-89001-89004-Interstellar-Ship-with-2600-pieces-10.jpg\" alt=\"MOYU 89001-89004 Interstellar Ship with 2600 pieces\" width=\"750\" height=\"763\" title=\"-\" srcset=\"https:\/\/mouldking.store\/wp-content\/uploads\/2021\/11\/MOYU-89001-89004-Interstellar-Ship-with-2600-pieces-10.jpg 750w, https:\/\/mouldking.store\/wp-content\/uploads\/2021\/11\/MOYU-89001-89004-Interstellar-Ship-with-2600-pieces-10-295x300.jpg 295w, https:\/\/mouldking.store\/wp-content\/uploads\/2021\/11\/MOYU-89001-89004-Interstellar-Ship-with-2600-pieces-10-300x305.jpg 300w, https:\/\/mouldking.store\/wp-content\/uploads\/2021\/11\/MOYU-89001-89004-Interstellar-Ship-with-2600-pieces-10-600x610.jpg 600w, https:\/\/mouldking.store\/wp-content\/uploads\/2021\/11\/MOYU-89001-89004-Interstellar-Ship-with-2600-pieces-10-147x150.jpg 147w\" sizes=\"(max-width: 750px) 100vw, 750px\" \/><figcaption id=\"caption-attachment-27465\" class=\"wp-caption-text\">MOYU 89001-89004 Interstellar Ship med 2600 stykker<\/figcaption><\/figure>\n<figure id=\"attachment_27458\" aria-describedby=\"caption-attachment-27458\" style=\"width: 800px\" class=\"wp-caption aligncenter\"><img loading=\"lazy\" decoding=\"async\" class=\"wp-image-27458 size-full\" src=\"https:\/\/mouldking.store\/wp-content\/uploads\/2021\/11\/MOYU-89001-89004-Interstellar-Ship-with-2600-pieces-3.jpg\" alt=\"MOYU 89001-89004 Interstellar Ship with 2600 pieces\" width=\"800\" height=\"800\" title=\"-\" srcset=\"https:\/\/mouldking.store\/wp-content\/uploads\/2021\/11\/MOYU-89001-89004-Interstellar-Ship-with-2600-pieces-3.jpg 800w, https:\/\/mouldking.store\/wp-content\/uploads\/2021\/11\/MOYU-89001-89004-Interstellar-Ship-with-2600-pieces-3-300x300.jpg 300w, https:\/\/mouldking.store\/wp-content\/uploads\/2021\/11\/MOYU-89001-89004-Interstellar-Ship-with-2600-pieces-3-768x768.jpg 768w, https:\/\/mouldking.store\/wp-content\/uploads\/2021\/11\/MOYU-89001-89004-Interstellar-Ship-with-2600-pieces-3-600x600.jpg 600w, https:\/\/mouldking.store\/wp-content\/uploads\/2021\/11\/MOYU-89001-89004-Interstellar-Ship-with-2600-pieces-3-150x150.jpg 150w\" sizes=\"(max-width: 800px) 100vw, 800px\" \/><figcaption id=\"caption-attachment-27458\" class=\"wp-caption-text\">MOYU 89001-89004 Interstellar Ship med 2600 stykker<\/figcaption><\/figure>\n<figure id=\"attachment_27462\" aria-describedby=\"caption-attachment-27462\" style=\"width: 750px\" class=\"wp-caption aligncenter\"><img loading=\"lazy\" decoding=\"async\" class=\"wp-image-27462 size-full\" src=\"https:\/\/mouldking.store\/wp-content\/uploads\/2021\/11\/MOYU-89001-89004-Interstellar-Ship-with-2600-pieces-7.jpg\" alt=\"MOYU 89001-89004 Interstellar Ship with 2600 pieces\" width=\"750\" height=\"762\" title=\"-\" srcset=\"https:\/\/mouldking.store\/wp-content\/uploads\/2021\/11\/MOYU-89001-89004-Interstellar-Ship-with-2600-pieces-7.jpg 750w, https:\/\/mouldking.store\/wp-content\/uploads\/2021\/11\/MOYU-89001-89004-Interstellar-Ship-with-2600-pieces-7-295x300.jpg 295w, https:\/\/mouldking.store\/wp-content\/uploads\/2021\/11\/MOYU-89001-89004-Interstellar-Ship-with-2600-pieces-7-300x305.jpg 300w, https:\/\/mouldking.store\/wp-content\/uploads\/2021\/11\/MOYU-89001-89004-Interstellar-Ship-with-2600-pieces-7-600x610.jpg 600w, https:\/\/mouldking.store\/wp-content\/uploads\/2021\/11\/MOYU-89001-89004-Interstellar-Ship-with-2600-pieces-7-148x150.jpg 148w\" sizes=\"(max-width: 750px) 100vw, 750px\" \/><figcaption id=\"caption-attachment-27462\" class=\"wp-caption-text\">MOYU 89001-89004 Interstellar Ship med 2600 stykker<\/figcaption><\/figure>\n<figure id=\"attachment_27463\" aria-describedby=\"caption-attachment-27463\" style=\"width: 750px\" class=\"wp-caption aligncenter\"><img loading=\"lazy\" decoding=\"async\" class=\"wp-image-27463 size-full\" src=\"https:\/\/mouldking.store\/wp-content\/uploads\/2021\/11\/MOYU-89001-89004-Interstellar-Ship-with-2600-pieces-8.jpg\" alt=\"MOYU 89001-89004 Interstellar Ship with 2600 pieces\" width=\"750\" height=\"763\" title=\"-\" srcset=\"https:\/\/mouldking.store\/wp-content\/uploads\/2021\/11\/MOYU-89001-89004-Interstellar-Ship-with-2600-pieces-8.jpg 750w, https:\/\/mouldking.store\/wp-content\/uploads\/2021\/11\/MOYU-89001-89004-Interstellar-Ship-with-2600-pieces-8-295x300.jpg 295w, https:\/\/mouldking.store\/wp-content\/uploads\/2021\/11\/MOYU-89001-89004-Interstellar-Ship-with-2600-pieces-8-300x305.jpg 300w, https:\/\/mouldking.store\/wp-content\/uploads\/2021\/11\/MOYU-89001-89004-Interstellar-Ship-with-2600-pieces-8-600x610.jpg 600w, https:\/\/mouldking.store\/wp-content\/uploads\/2021\/11\/MOYU-89001-89004-Interstellar-Ship-with-2600-pieces-8-147x150.jpg 147w\" sizes=\"(max-width: 750px) 100vw, 750px\" \/><figcaption id=\"caption-attachment-27463\" class=\"wp-caption-text\">MOYU 89001-89004 Interstellar Ship med 2600 stykker<\/figcaption><\/figure>\n<figure id=\"attachment_27457\" aria-describedby=\"caption-attachment-27457\" style=\"width: 800px\" class=\"wp-caption aligncenter\"><img loading=\"lazy\" decoding=\"async\" class=\"wp-image-27457 size-full\" src=\"https:\/\/mouldking.store\/wp-content\/uploads\/2021\/11\/MOYU-89001-89004-Interstellar-Ship-with-2600-pieces-2.jpg\" alt=\"MOYU 89001-89004 Interstellar Ship with 2600 pieces\" width=\"800\" height=\"800\" title=\"-\" srcset=\"https:\/\/mouldking.store\/wp-content\/uploads\/2021\/11\/MOYU-89001-89004-Interstellar-Ship-with-2600-pieces-2.jpg 800w, https:\/\/mouldking.store\/wp-content\/uploads\/2021\/11\/MOYU-89001-89004-Interstellar-Ship-with-2600-pieces-2-300x300.jpg 300w, https:\/\/mouldking.store\/wp-content\/uploads\/2021\/11\/MOYU-89001-89004-Interstellar-Ship-with-2600-pieces-2-768x768.jpg 768w, https:\/\/mouldking.store\/wp-content\/uploads\/2021\/11\/MOYU-89001-89004-Interstellar-Ship-with-2600-pieces-2-600x600.jpg 600w, https:\/\/mouldking.store\/wp-content\/uploads\/2021\/11\/MOYU-89001-89004-Interstellar-Ship-with-2600-pieces-2-150x150.jpg 150w\" sizes=\"(max-width: 800px) 100vw, 800px\" \/><figcaption id=\"caption-attachment-27457\" class=\"wp-caption-text\">MOYU 89001-89004 Interstellar Ship med 2600 stykker<\/figcaption><\/figure>\n<figure id=\"attachment_27460\" aria-describedby=\"caption-attachment-27460\" style=\"width: 750px\" class=\"wp-caption aligncenter\"><img loading=\"lazy\" decoding=\"async\" class=\"wp-image-27460 size-full\" src=\"https:\/\/mouldking.store\/wp-content\/uploads\/2021\/11\/MOYU-89001-89004-Interstellar-Ship-with-2600-pieces-5.jpg\" alt=\"MOYU 89001-89004 Interstellar Ship with 2600 pieces\" width=\"750\" height=\"1012\" title=\"-\" srcset=\"https:\/\/mouldking.store\/wp-content\/uploads\/2021\/11\/MOYU-89001-89004-Interstellar-Ship-with-2600-pieces-5.jpg 750w, https:\/\/mouldking.store\/wp-content\/uploads\/2021\/11\/MOYU-89001-89004-Interstellar-Ship-with-2600-pieces-5-222x300.jpg 222w, https:\/\/mouldking.store\/wp-content\/uploads\/2021\/11\/MOYU-89001-89004-Interstellar-Ship-with-2600-pieces-5-300x405.jpg 300w, https:\/\/mouldking.store\/wp-content\/uploads\/2021\/11\/MOYU-89001-89004-Interstellar-Ship-with-2600-pieces-5-600x810.jpg 600w, https:\/\/mouldking.store\/wp-content\/uploads\/2021\/11\/MOYU-89001-89004-Interstellar-Ship-with-2600-pieces-5-111x150.jpg 111w\" sizes=\"(max-width: 750px) 100vw, 750px\" \/><figcaption id=\"caption-attachment-27460\" class=\"wp-caption-text\">MOYU 89001-89004 Interstellar Ship med 2600 stykker<\/figcaption><\/figure>\n<figure id=\"attachment_27461\" aria-describedby=\"caption-attachment-27461\" style=\"width: 750px\" class=\"wp-caption aligncenter\"><img loading=\"lazy\" decoding=\"async\" class=\"wp-image-27461 size-full\" src=\"https:\/\/mouldking.store\/wp-content\/uploads\/2021\/11\/MOYU-89001-89004-Interstellar-Ship-with-2600-pieces-6.jpg\" alt=\"MOYU 89001-89004 Interstellar Ship with 2600 pieces\" width=\"750\" height=\"763\" title=\"-\" srcset=\"https:\/\/mouldking.store\/wp-content\/uploads\/2021\/11\/MOYU-89001-89004-Interstellar-Ship-with-2600-pieces-6.jpg 750w, https:\/\/mouldking.store\/wp-content\/uploads\/2021\/11\/MOYU-89001-89004-Interstellar-Ship-with-2600-pieces-6-295x300.jpg 295w, https:\/\/mouldking.store\/wp-content\/uploads\/2021\/11\/MOYU-89001-89004-Interstellar-Ship-with-2600-pieces-6-300x305.jpg 300w, https:\/\/mouldking.store\/wp-content\/uploads\/2021\/11\/MOYU-89001-89004-Interstellar-Ship-with-2600-pieces-6-600x610.jpg 600w, https:\/\/mouldking.store\/wp-content\/uploads\/2021\/11\/MOYU-89001-89004-Interstellar-Ship-with-2600-pieces-6-147x150.jpg 147w\" sizes=\"(max-width: 750px) 100vw, 750px\" \/><figcaption id=\"caption-attachment-27461\" class=\"wp-caption-text\">MOYU 89001-89004 Interstellar Ship med 2600 stykker<\/figcaption><\/figure>","protected":false},"excerpt":{"rendered":"<p>Product information: Brand: MOYU Gender: Unisex Name: Interstellar Ship Age Range: &gt; 8 years old Model Number: 89001-89004 Classification: Assemblage Plastic Block Shape: Self-Locking Bricks Material: Plastic Plastic Type: ABS Bricks Blocks: 2600 PCS Contains detailed assembly instructions. Notice: 1. Without an original box, but we guarantee our products have quality assurance and nice packaging. [&hellip;]<\/p>","protected":false},"featured_media":27468,"comment_status":"open","ping_status":"closed","template":"","meta":{"_acf_changed":false},"product_cat":[581],"product_tag":[3614,3620,3618,3621,3622,3623,3619,3616,2451,3615,3613,3612,3617,304],"class_list":["product","first","instock","shipping-taxable","purchasable","product-type-variable"],"acf":[],"_links":{"self":[{"href":"https:\/\/mouldking.store\/nb\/wp-json\/wp\/v2\/product\/27455","targetHints":{"allow":["GET"]}}],"collection":[{"href":"https:\/\/mouldking.store\/nb\/wp-json\/wp\/v2\/product"}],"about":[{"href":"https:\/\/mouldking.store\/nb\/wp-json\/wp\/v2\/types\/product"}],"replies":[{"embeddable":true,"href":"https:\/\/mouldking.store\/nb\/wp-json\/wp\/v2\/comments?post=27455"}],"wp:featuredmedia":[{"embeddable":true,"href":"https:\/\/mouldking.store\/nb\/wp-json\/wp\/v2\/media\/27468"}],"wp:attachment":[{"href":"https:\/\/mouldking.store\/nb\/wp-json\/wp\/v2\/media?parent=27455"}],"wp:term":[{"taxonomy":"product_cat","embeddable":true,"href":"https:\/\/mouldking.store\/nb\/wp-json\/wp\/v2\/product_cat?post=27455"},{"taxonomy":"product_tag","embeddable":true,"href":"https:\/\/mouldking.store\/nb\/wp-json\/wp\/v2\/product_tag?post=27455"}],"curies":[{"name":"wp","href":"https:\/\/api.w.org\/{rel}","templated":true}]}}