{"id":27587,"date":"2021-11-19T02:49:11","date_gmt":"2021-11-18T19:49:11","guid":{"rendered":"https:\/\/mouldking.store\/?post_type=product&#038;p=27587"},"modified":"2025-12-25T09:17:02","modified_gmt":"2025-12-25T02:17:02","slug":"moc-38032-f-14-tomcat-with-1468-pieces","status":"publish","type":"product","link":"https:\/\/mouldking.store\/nb\/shop\/moc-38032-f-14-tomcat-with-1468-pieces\/","title":{"rendered":"MOC-38032 F-14 TOMCAT with 1468 pieces"},"content":{"rendered":"<p>Produktinformasjon:<\/p>\n<ol>\n<li>Merke: MOC<\/li>\n<li>Kj\u00f8nn: Unisex<\/li>\n<li>Name: F-14 TOMCAT<\/li>\n<li>Aldersgruppe: &gt; 6 \u00e5r gammel<\/li>\n<li>Model Number: MOC-38032<\/li>\n<li>Klassifisering: Montering<\/li>\n<li>Plastblokkform: Selvl\u00e5sende murstein<\/li>\n<li>Materiale: Plast<\/li>\n<li>Plasttype: ABS<\/li>\n<li>Bricks Blocks: 1468 PCS<\/li>\n<li>Inneholder detaljerte monteringsanvisninger.<\/li>\n<\/ol>\n<p>Legge merke til:<br \/>\n1. Uten original eske, men vi garanterer at v\u00e5re produkter har kvalitetssikring og pen emballasje.<br \/>\n2. Som alle delene vi har sjekket f\u00f8r frakt, s\u00e5 hvis du finner noen deler savnet eller skadet, ikke bekymre deg og bare kontakt oss, s\u00e5 kan vi sende dem til deg p\u00e5 nytt umiddelbart gratis.<\/p>\n<figure id=\"attachment_27588\" aria-describedby=\"caption-attachment-27588\" style=\"width: 1000px\" class=\"wp-caption aligncenter\"><img fetchpriority=\"high\" decoding=\"async\" class=\"size-full wp-image-27588\" title=\"MOC-38032 F-14 TOMCAT with 1468 pieces\" src=\"https:\/\/mouldking.store\/wp-content\/uploads\/2021\/11\/moc-38032-f-14-tomcat-with-1468-pieces.jpg\" alt=\"MOC-38032 F-14 TOMCAT with 1468 pieces\" width=\"1000\" height=\"1000\" srcset=\"https:\/\/mouldking.store\/wp-content\/uploads\/2021\/11\/moc-38032-f-14-tomcat-with-1468-pieces.jpg 1000w, https:\/\/mouldking.store\/wp-content\/uploads\/2021\/11\/moc-38032-f-14-tomcat-with-1468-pieces-300x300.jpg 300w, https:\/\/mouldking.store\/wp-content\/uploads\/2021\/11\/moc-38032-f-14-tomcat-with-1468-pieces-768x768.jpg 768w, https:\/\/mouldking.store\/wp-content\/uploads\/2021\/11\/moc-38032-f-14-tomcat-with-1468-pieces-600x600.jpg 600w, https:\/\/mouldking.store\/wp-content\/uploads\/2021\/11\/moc-38032-f-14-tomcat-with-1468-pieces-150x150.jpg 150w\" sizes=\"(max-width: 1000px) 100vw, 1000px\" \/><figcaption id=\"caption-attachment-27588\" class=\"wp-caption-text\">MOC-38032 F-14 TOMCAT with 1468 pieces<\/figcaption><\/figure>\n<p>&nbsp;<\/p>\n<figure id=\"attachment_27589\" aria-describedby=\"caption-attachment-27589\" style=\"width: 1000px\" class=\"wp-caption aligncenter\"><img decoding=\"async\" class=\"size-full wp-image-27589\" title=\"MOC-38032 F-14 TOMCAT with 1468 pieces\" src=\"https:\/\/mouldking.store\/wp-content\/uploads\/2021\/11\/moc-38032-f-14-tomcat-with-1468-pieces-1.jpg\" alt=\"MOC-38032 F-14 TOMCAT with 1468 pieces\" width=\"1000\" height=\"1000\" srcset=\"https:\/\/mouldking.store\/wp-content\/uploads\/2021\/11\/moc-38032-f-14-tomcat-with-1468-pieces-1.jpg 1000w, https:\/\/mouldking.store\/wp-content\/uploads\/2021\/11\/moc-38032-f-14-tomcat-with-1468-pieces-1-300x300.jpg 300w, https:\/\/mouldking.store\/wp-content\/uploads\/2021\/11\/moc-38032-f-14-tomcat-with-1468-pieces-1-768x768.jpg 768w, https:\/\/mouldking.store\/wp-content\/uploads\/2021\/11\/moc-38032-f-14-tomcat-with-1468-pieces-1-600x600.jpg 600w, https:\/\/mouldking.store\/wp-content\/uploads\/2021\/11\/moc-38032-f-14-tomcat-with-1468-pieces-1-150x150.jpg 150w\" sizes=\"(max-width: 1000px) 100vw, 1000px\" \/><figcaption id=\"caption-attachment-27589\" class=\"wp-caption-text\">MOC-38032 F-14 TOMCAT with 1468 pieces<\/figcaption><\/figure>\n<figure id=\"attachment_27590\" aria-describedby=\"caption-attachment-27590\" style=\"width: 1000px\" class=\"wp-caption aligncenter\"><img decoding=\"async\" class=\"size-full wp-image-27590\" title=\"MOC-38032 F-14 TOMCAT with 1468 pieces\" src=\"https:\/\/mouldking.store\/wp-content\/uploads\/2021\/11\/moc-38032-f-14-tomcat-with-1468-pieces-2.jpg\" alt=\"MOC-38032 F-14 TOMCAT with 1468 pieces\" width=\"1000\" height=\"1000\" srcset=\"https:\/\/mouldking.store\/wp-content\/uploads\/2021\/11\/moc-38032-f-14-tomcat-with-1468-pieces-2.jpg 1000w, https:\/\/mouldking.store\/wp-content\/uploads\/2021\/11\/moc-38032-f-14-tomcat-with-1468-pieces-2-300x300.jpg 300w, https:\/\/mouldking.store\/wp-content\/uploads\/2021\/11\/moc-38032-f-14-tomcat-with-1468-pieces-2-768x768.jpg 768w, https:\/\/mouldking.store\/wp-content\/uploads\/2021\/11\/moc-38032-f-14-tomcat-with-1468-pieces-2-600x600.jpg 600w, https:\/\/mouldking.store\/wp-content\/uploads\/2021\/11\/moc-38032-f-14-tomcat-with-1468-pieces-2-150x150.jpg 150w\" sizes=\"(max-width: 1000px) 100vw, 1000px\" \/><figcaption id=\"caption-attachment-27590\" class=\"wp-caption-text\">MOC-38032 F-14 TOMCAT with 1468 pieces<\/figcaption><\/figure>\n<p>&nbsp;<\/p>","protected":false},"excerpt":{"rendered":"<p>Product information: Brand: MOC Gender: Unisex Name: F-14 TOMCAT Age Range: &gt; 6 years old Model Number: MOC-38032 Classification: Assemblage Plastic Block Shape: Self-Locking Bricks Material: Plastic Plastic Type: ABS Bricks Blocks: 1468 PCS Contains detailed assembly instructions. Notice: 1. Without an original box, but we guarantee our products have quality assurance and nice packaging. [&hellip;]<\/p>","protected":false},"featured_media":27591,"comment_status":"open","ping_status":"closed","template":"","meta":{"_acf_changed":false},"product_cat":[364],"product_tag":[3673,3672],"class_list":["product","first","instock","shipping-taxable","purchasable","product-type-simple"],"acf":[],"_links":{"self":[{"href":"https:\/\/mouldking.store\/nb\/wp-json\/wp\/v2\/product\/27587","targetHints":{"allow":["GET"]}}],"collection":[{"href":"https:\/\/mouldking.store\/nb\/wp-json\/wp\/v2\/product"}],"about":[{"href":"https:\/\/mouldking.store\/nb\/wp-json\/wp\/v2\/types\/product"}],"replies":[{"embeddable":true,"href":"https:\/\/mouldking.store\/nb\/wp-json\/wp\/v2\/comments?post=27587"}],"wp:featuredmedia":[{"embeddable":true,"href":"https:\/\/mouldking.store\/nb\/wp-json\/wp\/v2\/media\/27591"}],"wp:attachment":[{"href":"https:\/\/mouldking.store\/nb\/wp-json\/wp\/v2\/media?parent=27587"}],"wp:term":[{"taxonomy":"product_cat","embeddable":true,"href":"https:\/\/mouldking.store\/nb\/wp-json\/wp\/v2\/product_cat?post=27587"},{"taxonomy":"product_tag","embeddable":true,"href":"https:\/\/mouldking.store\/nb\/wp-json\/wp\/v2\/product_tag?post=27587"}],"curies":[{"name":"wp","href":"https:\/\/api.w.org\/{rel}","templated":true}]}}