{"id":27681,"date":"2021-11-22T08:59:44","date_gmt":"2021-11-22T08:59:44","guid":{"rendered":"https:\/\/mouldking.store\/?post_type=product&#038;p=27681"},"modified":"2021-12-23T09:40:34","modified_gmt":"2021-12-23T09:40:34","slug":"reobrix-66008-tree-house-with-2566-pieces","status":"publish","type":"product","link":"https:\/\/mouldking.store\/nb\/shop\/reobrix-66008-tree-house-with-2566-pieces\/","title":{"rendered":"Reobrix 66008 Trehytte med 2566 stk"},"content":{"rendered":"<p>Produktinformasjon:<\/p>\n<ol>\n<li>Merke: Reobrix<\/li>\n<li>Kj\u00f8nn: Unisex<\/li>\n<li>Name: Tree House<\/li>\n<li>Aldersgruppe: &gt; 6 \u00e5r gammel<\/li>\n<li>Model Number: 66008<\/li>\n<li>Klassifisering: Montering<\/li>\n<li>Plastblokkform: Selvl\u00e5sende murstein<\/li>\n<li>Materiale: Plast<\/li>\n<li>Plasttype: ABS<\/li>\n<li>Bricks Blocks: 2566 PCS<\/li>\n<li>Inneholder detaljerte monteringsanvisninger.<\/li>\n<\/ol>\n<p>Legge merke til:<br \/>\n1. Uten original eske, men vi garanterer at v\u00e5re produkter har kvalitetssikring og pen emballasje.<br \/>\n2. Som alle delene vi har sjekket f\u00f8r frakt, s\u00e5 hvis du finner noen deler savnet eller skadet, ikke bekymre deg og bare kontakt oss, s\u00e5 kan vi sende dem til deg p\u00e5 nytt umiddelbart gratis.<\/p>\n<figure id=\"attachment_27682\" aria-describedby=\"caption-attachment-27682\" style=\"width: 800px\" class=\"wp-caption aligncenter\"><img fetchpriority=\"high\" decoding=\"async\" class=\"wp-image-27682 size-full\" src=\"https:\/\/mouldking.store\/wp-content\/uploads\/2021\/11\/CREATOR-Reobrix-66008-Tree-House-1.jpg\" alt=\"Reobrix 66008 Tree House with 2566 pieces\" width=\"800\" height=\"800\" title=\"-\" srcset=\"https:\/\/mouldking.store\/wp-content\/uploads\/2021\/11\/CREATOR-Reobrix-66008-Tree-House-1.jpg 800w, https:\/\/mouldking.store\/wp-content\/uploads\/2021\/11\/CREATOR-Reobrix-66008-Tree-House-1-300x300.jpg 300w, https:\/\/mouldking.store\/wp-content\/uploads\/2021\/11\/CREATOR-Reobrix-66008-Tree-House-1-768x768.jpg 768w, https:\/\/mouldking.store\/wp-content\/uploads\/2021\/11\/CREATOR-Reobrix-66008-Tree-House-1-600x600.jpg 600w, https:\/\/mouldking.store\/wp-content\/uploads\/2021\/11\/CREATOR-Reobrix-66008-Tree-House-1-150x150.jpg 150w\" sizes=\"(max-width: 800px) 100vw, 800px\" \/><figcaption id=\"caption-attachment-27682\" class=\"wp-caption-text\">Reobrix 66008 Trehytte med 2566 stk<\/figcaption><\/figure>\n<figure id=\"attachment_27689\" aria-describedby=\"caption-attachment-27689\" style=\"width: 469px\" class=\"wp-caption aligncenter\"><img decoding=\"async\" class=\"wp-image-27689 size-full\" src=\"https:\/\/mouldking.store\/wp-content\/uploads\/2021\/11\/CREATOR-Reobrix-66008-Tree-House-7.jpg\" alt=\"Reobrix 66008 Tree House with 2566 pieces\" width=\"469\" height=\"1024\" title=\"-\" srcset=\"https:\/\/mouldking.store\/wp-content\/uploads\/2021\/11\/CREATOR-Reobrix-66008-Tree-House-7.jpg 469w, https:\/\/mouldking.store\/wp-content\/uploads\/2021\/11\/CREATOR-Reobrix-66008-Tree-House-7-137x300.jpg 137w, https:\/\/mouldking.store\/wp-content\/uploads\/2021\/11\/CREATOR-Reobrix-66008-Tree-House-7-300x655.jpg 300w, https:\/\/mouldking.store\/wp-content\/uploads\/2021\/11\/CREATOR-Reobrix-66008-Tree-House-7-69x150.jpg 69w\" sizes=\"(max-width: 469px) 100vw, 469px\" \/><figcaption id=\"caption-attachment-27689\" class=\"wp-caption-text\">Reobrix 66008 Trehytte med 2566 stk<\/figcaption><\/figure>\n<figure id=\"attachment_27688\" aria-describedby=\"caption-attachment-27688\" style=\"width: 616px\" class=\"wp-caption aligncenter\"><img decoding=\"async\" class=\"wp-image-27688 size-full\" src=\"https:\/\/mouldking.store\/wp-content\/uploads\/2021\/11\/CREATOR-Reobrix-66008-Tree-House-6.jpg\" alt=\"Reobrix 66008 Tree House with 2566 pieces\" width=\"616\" height=\"1024\" title=\"-\" srcset=\"https:\/\/mouldking.store\/wp-content\/uploads\/2021\/11\/CREATOR-Reobrix-66008-Tree-House-6.jpg 616w, https:\/\/mouldking.store\/wp-content\/uploads\/2021\/11\/CREATOR-Reobrix-66008-Tree-House-6-180x300.jpg 180w, https:\/\/mouldking.store\/wp-content\/uploads\/2021\/11\/CREATOR-Reobrix-66008-Tree-House-6-300x499.jpg 300w, https:\/\/mouldking.store\/wp-content\/uploads\/2021\/11\/CREATOR-Reobrix-66008-Tree-House-6-600x997.jpg 600w, https:\/\/mouldking.store\/wp-content\/uploads\/2021\/11\/CREATOR-Reobrix-66008-Tree-House-6-90x150.jpg 90w\" sizes=\"(max-width: 616px) 100vw, 616px\" \/><figcaption id=\"caption-attachment-27688\" class=\"wp-caption-text\">Reobrix 66008 Trehytte med 2566 stk<\/figcaption><\/figure>\n<figure id=\"attachment_27686\" aria-describedby=\"caption-attachment-27686\" style=\"width: 433px\" class=\"wp-caption aligncenter\"><img loading=\"lazy\" decoding=\"async\" class=\"wp-image-27686 size-full\" src=\"https:\/\/mouldking.store\/wp-content\/uploads\/2021\/11\/CREATOR-Reobrix-66008-Tree-House-4.jpg\" alt=\"Reobrix 66008 Tree House with 2566 pieces\" width=\"433\" height=\"1023\" title=\"-\" srcset=\"https:\/\/mouldking.store\/wp-content\/uploads\/2021\/11\/CREATOR-Reobrix-66008-Tree-House-4.jpg 433w, https:\/\/mouldking.store\/wp-content\/uploads\/2021\/11\/CREATOR-Reobrix-66008-Tree-House-4-127x300.jpg 127w, https:\/\/mouldking.store\/wp-content\/uploads\/2021\/11\/CREATOR-Reobrix-66008-Tree-House-4-300x709.jpg 300w, https:\/\/mouldking.store\/wp-content\/uploads\/2021\/11\/CREATOR-Reobrix-66008-Tree-House-4-63x150.jpg 63w\" sizes=\"(max-width: 433px) 100vw, 433px\" \/><figcaption id=\"caption-attachment-27686\" class=\"wp-caption-text\">Reobrix 66008 Trehytte med 2566 stk<\/figcaption><\/figure>\n<figure id=\"attachment_27685\" aria-describedby=\"caption-attachment-27685\" style=\"width: 546px\" class=\"wp-caption aligncenter\"><img loading=\"lazy\" decoding=\"async\" class=\"wp-image-27685 size-full\" src=\"https:\/\/mouldking.store\/wp-content\/uploads\/2021\/11\/CREATOR-Reobrix-66008-Tree-House-3.jpg\" alt=\"Reobrix 66008 Tree House with 2566 pieces\" width=\"546\" height=\"1024\" title=\"-\" srcset=\"https:\/\/mouldking.store\/wp-content\/uploads\/2021\/11\/CREATOR-Reobrix-66008-Tree-House-3.jpg 546w, https:\/\/mouldking.store\/wp-content\/uploads\/2021\/11\/CREATOR-Reobrix-66008-Tree-House-3-160x300.jpg 160w, https:\/\/mouldking.store\/wp-content\/uploads\/2021\/11\/CREATOR-Reobrix-66008-Tree-House-3-300x563.jpg 300w, https:\/\/mouldking.store\/wp-content\/uploads\/2021\/11\/CREATOR-Reobrix-66008-Tree-House-3-80x150.jpg 80w\" sizes=\"(max-width: 546px) 100vw, 546px\" \/><figcaption id=\"caption-attachment-27685\" class=\"wp-caption-text\">Reobrix 66008 Trehytte med 2566 stk<\/figcaption><\/figure>\n<figure id=\"attachment_27687\" aria-describedby=\"caption-attachment-27687\" style=\"width: 618px\" class=\"wp-caption aligncenter\"><img loading=\"lazy\" decoding=\"async\" class=\"wp-image-27687 size-full\" src=\"https:\/\/mouldking.store\/wp-content\/uploads\/2021\/11\/CREATOR-Reobrix-66008-Tree-House-5.jpg\" alt=\"Reobrix 66008 Tree House with 2566 pieces\" width=\"618\" height=\"1023\" title=\"-\" srcset=\"https:\/\/mouldking.store\/wp-content\/uploads\/2021\/11\/CREATOR-Reobrix-66008-Tree-House-5.jpg 618w, https:\/\/mouldking.store\/wp-content\/uploads\/2021\/11\/CREATOR-Reobrix-66008-Tree-House-5-181x300.jpg 181w, https:\/\/mouldking.store\/wp-content\/uploads\/2021\/11\/CREATOR-Reobrix-66008-Tree-House-5-300x497.jpg 300w, https:\/\/mouldking.store\/wp-content\/uploads\/2021\/11\/CREATOR-Reobrix-66008-Tree-House-5-600x993.jpg 600w, https:\/\/mouldking.store\/wp-content\/uploads\/2021\/11\/CREATOR-Reobrix-66008-Tree-House-5-91x150.jpg 91w\" sizes=\"(max-width: 618px) 100vw, 618px\" \/><figcaption id=\"caption-attachment-27687\" class=\"wp-caption-text\">Reobrix 66008 Trehytte med 2566 stk<\/figcaption><\/figure>\n<figure id=\"attachment_27683\" aria-describedby=\"caption-attachment-27683\" style=\"width: 469px\" class=\"wp-caption aligncenter\"><img loading=\"lazy\" decoding=\"async\" class=\"wp-image-27683 size-full\" src=\"https:\/\/mouldking.store\/wp-content\/uploads\/2021\/11\/Reobrix-66008-Tree-House.jpg\" alt=\"Reobrix 66008 Tree House with 2566 pieces\" width=\"469\" height=\"517\" title=\"-\" srcset=\"https:\/\/mouldking.store\/wp-content\/uploads\/2021\/11\/Reobrix-66008-Tree-House.jpg 469w, https:\/\/mouldking.store\/wp-content\/uploads\/2021\/11\/Reobrix-66008-Tree-House-272x300.jpg 272w, https:\/\/mouldking.store\/wp-content\/uploads\/2021\/11\/Reobrix-66008-Tree-House-300x331.jpg 300w, https:\/\/mouldking.store\/wp-content\/uploads\/2021\/11\/Reobrix-66008-Tree-House-136x150.jpg 136w\" sizes=\"(max-width: 469px) 100vw, 469px\" \/><figcaption id=\"caption-attachment-27683\" class=\"wp-caption-text\">Reobrix 66008 Trehytte med 2566 stk<\/figcaption><\/figure>\n<figure id=\"attachment_27684\" aria-describedby=\"caption-attachment-27684\" style=\"width: 800px\" class=\"wp-caption aligncenter\"><img loading=\"lazy\" decoding=\"async\" class=\"wp-image-27684\" src=\"https:\/\/mouldking.store\/wp-content\/uploads\/2021\/11\/CREATOR-Reobrix-66008-Tree-House-2-300x300.jpg\" alt=\"Reobrix 66008 Tree House with 2566 pieces\" width=\"800\" height=\"800\" title=\"-\" srcset=\"https:\/\/mouldking.store\/wp-content\/uploads\/2021\/11\/CREATOR-Reobrix-66008-Tree-House-2-300x300.jpg 300w, https:\/\/mouldking.store\/wp-content\/uploads\/2021\/11\/CREATOR-Reobrix-66008-Tree-House-2-768x768.jpg 768w, https:\/\/mouldking.store\/wp-content\/uploads\/2021\/11\/CREATOR-Reobrix-66008-Tree-House-2-600x600.jpg 600w, https:\/\/mouldking.store\/wp-content\/uploads\/2021\/11\/CREATOR-Reobrix-66008-Tree-House-2-150x150.jpg 150w, https:\/\/mouldking.store\/wp-content\/uploads\/2021\/11\/CREATOR-Reobrix-66008-Tree-House-2.jpg 1024w\" sizes=\"(max-width: 800px) 100vw, 800px\" \/><figcaption id=\"caption-attachment-27684\" class=\"wp-caption-text\">Reobrix 66008 Trehytte med 2566 stk<\/figcaption><\/figure>","protected":false},"excerpt":{"rendered":"<p>Product information: Brand: Reobrix Gender: Unisex Name: Tree House Age Range: &gt; 6 years old Model Number: 66008 Classification: Assemblage Plastic Block Shape: Self-Locking Bricks Material: Plastic Plastic Type: ABS Bricks Blocks: 2566 PCS Contains detailed assembly instructions. Notice: 1. Without an original box, but we guarantee our products have quality assurance and nice packaging. [&hellip;]<\/p>","protected":false},"featured_media":27682,"comment_status":"open","ping_status":"closed","template":"","meta":{"_acf_changed":false},"product_cat":[390],"product_tag":[3708,3710,3707,3706,3709,548],"class_list":["product","first","instock","shipping-taxable","purchasable","product-type-simple"],"acf":[],"_links":{"self":[{"href":"https:\/\/mouldking.store\/nb\/wp-json\/wp\/v2\/product\/27681","targetHints":{"allow":["GET"]}}],"collection":[{"href":"https:\/\/mouldking.store\/nb\/wp-json\/wp\/v2\/product"}],"about":[{"href":"https:\/\/mouldking.store\/nb\/wp-json\/wp\/v2\/types\/product"}],"replies":[{"embeddable":true,"href":"https:\/\/mouldking.store\/nb\/wp-json\/wp\/v2\/comments?post=27681"}],"wp:featuredmedia":[{"embeddable":true,"href":"https:\/\/mouldking.store\/nb\/wp-json\/wp\/v2\/media\/27682"}],"wp:attachment":[{"href":"https:\/\/mouldking.store\/nb\/wp-json\/wp\/v2\/media?parent=27681"}],"wp:term":[{"taxonomy":"product_cat","embeddable":true,"href":"https:\/\/mouldking.store\/nb\/wp-json\/wp\/v2\/product_cat?post=27681"},{"taxonomy":"product_tag","embeddable":true,"href":"https:\/\/mouldking.store\/nb\/wp-json\/wp\/v2\/product_tag?post=27681"}],"curies":[{"name":"wp","href":"https:\/\/api.w.org\/{rel}","templated":true}]}}