{"id":27690,"date":"2021-11-22T09:06:50","date_gmt":"2021-11-22T09:06:50","guid":{"rendered":"https:\/\/mouldking.store\/?post_type=product&#038;p=27690"},"modified":"2021-12-23T09:40:34","modified_gmt":"2021-12-23T09:40:34","slug":"reobrix-66007-fishing-store-with-2450-pieces","status":"publish","type":"product","link":"https:\/\/mouldking.store\/nb\/shop\/reobrix-66007-fishing-store-with-2450-pieces\/","title":{"rendered":"Reobrix 66007 Fiskebutikk med 2450 stk"},"content":{"rendered":"<p>Produktinformasjon:<\/p>\n<ol>\n<li>Merke: Reobrix<\/li>\n<li>Kj\u00f8nn: Unisex<\/li>\n<li>Name: Fishing Store<\/li>\n<li>Aldersgruppe: &gt; 6 \u00e5r gammel<\/li>\n<li>Model Number: 66007<\/li>\n<li>Klassifisering: Montering<\/li>\n<li>Plastblokkform: Selvl\u00e5sende murstein<\/li>\n<li>Materiale: Plast<\/li>\n<li>Plasttype: ABS<\/li>\n<li>Bricks Blocks: 2450 PCS<\/li>\n<li>Inneholder detaljerte monteringsanvisninger.<\/li>\n<\/ol>\n<p>Legge merke til:<br \/>\n1. Uten original eske, men vi garanterer at v\u00e5re produkter har kvalitetssikring og pen emballasje.<br \/>\n2. Som alle delene vi har sjekket f\u00f8r frakt, s\u00e5 hvis du finner noen deler savnet eller skadet, ikke bekymre deg og bare kontakt oss, s\u00e5 kan vi sende dem til deg p\u00e5 nytt umiddelbart gratis.<\/p>\n<figure id=\"attachment_27691\" aria-describedby=\"caption-attachment-27691\" style=\"width: 800px\" class=\"wp-caption aligncenter\"><img fetchpriority=\"high\" decoding=\"async\" class=\"wp-image-27691 size-full\" src=\"https:\/\/mouldking.store\/wp-content\/uploads\/2021\/11\/Reobrix-66007-Fishing-Store-with-2450-pieces-1.jpg\" alt=\"Reobrix 66007 Fishing Store with 2450 pieces\" width=\"800\" height=\"800\" title=\"-\" srcset=\"https:\/\/mouldking.store\/wp-content\/uploads\/2021\/11\/Reobrix-66007-Fishing-Store-with-2450-pieces-1.jpg 800w, https:\/\/mouldking.store\/wp-content\/uploads\/2021\/11\/Reobrix-66007-Fishing-Store-with-2450-pieces-1-300x300.jpg 300w, https:\/\/mouldking.store\/wp-content\/uploads\/2021\/11\/Reobrix-66007-Fishing-Store-with-2450-pieces-1-768x768.jpg 768w, https:\/\/mouldking.store\/wp-content\/uploads\/2021\/11\/Reobrix-66007-Fishing-Store-with-2450-pieces-1-600x600.jpg 600w, https:\/\/mouldking.store\/wp-content\/uploads\/2021\/11\/Reobrix-66007-Fishing-Store-with-2450-pieces-1-150x150.jpg 150w\" sizes=\"(max-width: 800px) 100vw, 800px\" \/><figcaption id=\"caption-attachment-27691\" class=\"wp-caption-text\">Reobrix 66007 Fiskebutikk med 2450 stk<\/figcaption><\/figure>\n<figure id=\"attachment_27697\" aria-describedby=\"caption-attachment-27697\" style=\"width: 469px\" class=\"wp-caption aligncenter\"><img decoding=\"async\" class=\"wp-image-27697 size-full\" src=\"https:\/\/mouldking.store\/wp-content\/uploads\/2021\/11\/Reobrix-66007-Fishing-Store-with-2450-pieces-7.jpg\" alt=\"Reobrix 66007 Fishing Store with 2450 pieces\" width=\"469\" height=\"1023\" title=\"-\" srcset=\"https:\/\/mouldking.store\/wp-content\/uploads\/2021\/11\/Reobrix-66007-Fishing-Store-with-2450-pieces-7.jpg 469w, https:\/\/mouldking.store\/wp-content\/uploads\/2021\/11\/Reobrix-66007-Fishing-Store-with-2450-pieces-7-138x300.jpg 138w, https:\/\/mouldking.store\/wp-content\/uploads\/2021\/11\/Reobrix-66007-Fishing-Store-with-2450-pieces-7-300x654.jpg 300w, https:\/\/mouldking.store\/wp-content\/uploads\/2021\/11\/Reobrix-66007-Fishing-Store-with-2450-pieces-7-69x150.jpg 69w\" sizes=\"(max-width: 469px) 100vw, 469px\" \/><figcaption id=\"caption-attachment-27697\" class=\"wp-caption-text\">Reobrix 66007 Fiskebutikk med 2450 stk<\/figcaption><\/figure>\n<figure id=\"attachment_27696\" aria-describedby=\"caption-attachment-27696\" style=\"width: 615px\" class=\"wp-caption aligncenter\"><img decoding=\"async\" class=\"wp-image-27696 size-full\" src=\"https:\/\/mouldking.store\/wp-content\/uploads\/2021\/11\/Reobrix-66007-Fishing-Store-with-2450-pieces-6.jpg\" alt=\"Reobrix 66007 Fishing Store with 2450 pieces\" width=\"615\" height=\"1024\" title=\"-\" srcset=\"https:\/\/mouldking.store\/wp-content\/uploads\/2021\/11\/Reobrix-66007-Fishing-Store-with-2450-pieces-6.jpg 615w, https:\/\/mouldking.store\/wp-content\/uploads\/2021\/11\/Reobrix-66007-Fishing-Store-with-2450-pieces-6-180x300.jpg 180w, https:\/\/mouldking.store\/wp-content\/uploads\/2021\/11\/Reobrix-66007-Fishing-Store-with-2450-pieces-6-300x500.jpg 300w, https:\/\/mouldking.store\/wp-content\/uploads\/2021\/11\/Reobrix-66007-Fishing-Store-with-2450-pieces-6-600x999.jpg 600w, https:\/\/mouldking.store\/wp-content\/uploads\/2021\/11\/Reobrix-66007-Fishing-Store-with-2450-pieces-6-90x150.jpg 90w\" sizes=\"(max-width: 615px) 100vw, 615px\" \/><figcaption id=\"caption-attachment-27696\" class=\"wp-caption-text\">Reobrix 66007 Fiskebutikk med 2450 stk<\/figcaption><\/figure>\n<figure id=\"attachment_27695\" aria-describedby=\"caption-attachment-27695\" style=\"width: 613px\" class=\"wp-caption aligncenter\"><img loading=\"lazy\" decoding=\"async\" class=\"wp-image-27695 size-full\" src=\"https:\/\/mouldking.store\/wp-content\/uploads\/2021\/11\/Reobrix-66007-Fishing-Store-with-2450-pieces-5.jpg\" alt=\"Reobrix 66007 Fishing Store with 2450 pieces\" width=\"613\" height=\"1024\" title=\"-\" srcset=\"https:\/\/mouldking.store\/wp-content\/uploads\/2021\/11\/Reobrix-66007-Fishing-Store-with-2450-pieces-5.jpg 613w, https:\/\/mouldking.store\/wp-content\/uploads\/2021\/11\/Reobrix-66007-Fishing-Store-with-2450-pieces-5-180x300.jpg 180w, https:\/\/mouldking.store\/wp-content\/uploads\/2021\/11\/Reobrix-66007-Fishing-Store-with-2450-pieces-5-300x501.jpg 300w, https:\/\/mouldking.store\/wp-content\/uploads\/2021\/11\/Reobrix-66007-Fishing-Store-with-2450-pieces-5-600x1002.jpg 600w, https:\/\/mouldking.store\/wp-content\/uploads\/2021\/11\/Reobrix-66007-Fishing-Store-with-2450-pieces-5-90x150.jpg 90w\" sizes=\"(max-width: 613px) 100vw, 613px\" \/><figcaption id=\"caption-attachment-27695\" class=\"wp-caption-text\">Reobrix 66007 Fiskebutikk med 2450 stk<\/figcaption><\/figure>\n<figure id=\"attachment_27694\" aria-describedby=\"caption-attachment-27694\" style=\"width: 434px\" class=\"wp-caption aligncenter\"><img loading=\"lazy\" decoding=\"async\" class=\"wp-image-27694 size-full\" src=\"https:\/\/mouldking.store\/wp-content\/uploads\/2021\/11\/Reobrix-66007-Fishing-Store-with-2450-pieces-4.jpg\" alt=\"Reobrix 66007 Fishing Store with 2450 pieces\" width=\"434\" height=\"1024\" title=\"-\" srcset=\"https:\/\/mouldking.store\/wp-content\/uploads\/2021\/11\/Reobrix-66007-Fishing-Store-with-2450-pieces-4.jpg 434w, https:\/\/mouldking.store\/wp-content\/uploads\/2021\/11\/Reobrix-66007-Fishing-Store-with-2450-pieces-4-127x300.jpg 127w, https:\/\/mouldking.store\/wp-content\/uploads\/2021\/11\/Reobrix-66007-Fishing-Store-with-2450-pieces-4-300x708.jpg 300w, https:\/\/mouldking.store\/wp-content\/uploads\/2021\/11\/Reobrix-66007-Fishing-Store-with-2450-pieces-4-64x150.jpg 64w\" sizes=\"(max-width: 434px) 100vw, 434px\" \/><figcaption id=\"caption-attachment-27694\" class=\"wp-caption-text\">Reobrix 66007 Fiskebutikk med 2450 stk<\/figcaption><\/figure>\n<figure id=\"attachment_27693\" aria-describedby=\"caption-attachment-27693\" style=\"width: 632px\" class=\"wp-caption aligncenter\"><img loading=\"lazy\" decoding=\"async\" class=\"wp-image-27693 size-full\" src=\"https:\/\/mouldking.store\/wp-content\/uploads\/2021\/11\/Reobrix-66007-Fishing-Store-with-2450-pieces-3.jpg\" alt=\"Reobrix 66007 Fishing Store with 2450 pieces\" width=\"632\" height=\"1024\" title=\"-\" srcset=\"https:\/\/mouldking.store\/wp-content\/uploads\/2021\/11\/Reobrix-66007-Fishing-Store-with-2450-pieces-3.jpg 632w, https:\/\/mouldking.store\/wp-content\/uploads\/2021\/11\/Reobrix-66007-Fishing-Store-with-2450-pieces-3-185x300.jpg 185w, https:\/\/mouldking.store\/wp-content\/uploads\/2021\/11\/Reobrix-66007-Fishing-Store-with-2450-pieces-3-300x486.jpg 300w, https:\/\/mouldking.store\/wp-content\/uploads\/2021\/11\/Reobrix-66007-Fishing-Store-with-2450-pieces-3-600x972.jpg 600w, https:\/\/mouldking.store\/wp-content\/uploads\/2021\/11\/Reobrix-66007-Fishing-Store-with-2450-pieces-3-93x150.jpg 93w\" sizes=\"(max-width: 632px) 100vw, 632px\" \/><figcaption id=\"caption-attachment-27693\" class=\"wp-caption-text\">Reobrix 66007 Fiskebutikk med 2450 stk<\/figcaption><\/figure>\n<figure id=\"attachment_27692\" aria-describedby=\"caption-attachment-27692\" style=\"width: 800px\" class=\"wp-caption aligncenter\"><img loading=\"lazy\" decoding=\"async\" class=\"wp-image-27692 size-full\" src=\"https:\/\/mouldking.store\/wp-content\/uploads\/2021\/11\/Reobrix-66007-Fishing-Store-with-2450-pieces-2.jpg\" alt=\"Reobrix 66007 Fishing Store with 2450 pieces\" width=\"800\" height=\"800\" title=\"-\" srcset=\"https:\/\/mouldking.store\/wp-content\/uploads\/2021\/11\/Reobrix-66007-Fishing-Store-with-2450-pieces-2.jpg 800w, https:\/\/mouldking.store\/wp-content\/uploads\/2021\/11\/Reobrix-66007-Fishing-Store-with-2450-pieces-2-300x300.jpg 300w, https:\/\/mouldking.store\/wp-content\/uploads\/2021\/11\/Reobrix-66007-Fishing-Store-with-2450-pieces-2-768x768.jpg 768w, https:\/\/mouldking.store\/wp-content\/uploads\/2021\/11\/Reobrix-66007-Fishing-Store-with-2450-pieces-2-600x600.jpg 600w, https:\/\/mouldking.store\/wp-content\/uploads\/2021\/11\/Reobrix-66007-Fishing-Store-with-2450-pieces-2-150x150.jpg 150w\" sizes=\"(max-width: 800px) 100vw, 800px\" \/><figcaption id=\"caption-attachment-27692\" class=\"wp-caption-text\">Reobrix 66007 Fiskebutikk med 2450 stk<\/figcaption><\/figure>","protected":false},"excerpt":{"rendered":"<p>Product information: Brand: Reobrix Gender: Unisex Name: Fishing Store Age Range: &gt; 6 years old Model Number: 66007 Classification: Assemblage Plastic Block Shape: Self-Locking Bricks Material: Plastic Plastic Type: ABS Bricks Blocks: 2450 PCS Contains detailed assembly instructions. Notice: 1. Without an original box, but we guarantee our products have quality assurance and nice packaging. [&hellip;]<\/p>","protected":false},"featured_media":27691,"comment_status":"open","ping_status":"closed","template":"","meta":{"_acf_changed":false},"product_cat":[390],"product_tag":[3713,3715,3714,3712,3711,3716],"class_list":["product","first","instock","shipping-taxable","purchasable","product-type-simple"],"acf":[],"_links":{"self":[{"href":"https:\/\/mouldking.store\/nb\/wp-json\/wp\/v2\/product\/27690","targetHints":{"allow":["GET"]}}],"collection":[{"href":"https:\/\/mouldking.store\/nb\/wp-json\/wp\/v2\/product"}],"about":[{"href":"https:\/\/mouldking.store\/nb\/wp-json\/wp\/v2\/types\/product"}],"replies":[{"embeddable":true,"href":"https:\/\/mouldking.store\/nb\/wp-json\/wp\/v2\/comments?post=27690"}],"wp:featuredmedia":[{"embeddable":true,"href":"https:\/\/mouldking.store\/nb\/wp-json\/wp\/v2\/media\/27691"}],"wp:attachment":[{"href":"https:\/\/mouldking.store\/nb\/wp-json\/wp\/v2\/media?parent=27690"}],"wp:term":[{"taxonomy":"product_cat","embeddable":true,"href":"https:\/\/mouldking.store\/nb\/wp-json\/wp\/v2\/product_cat?post=27690"},{"taxonomy":"product_tag","embeddable":true,"href":"https:\/\/mouldking.store\/nb\/wp-json\/wp\/v2\/product_tag?post=27690"}],"curies":[{"name":"wp","href":"https:\/\/api.w.org\/{rel}","templated":true}]}}