{"id":27708,"date":"2021-11-22T09:20:48","date_gmt":"2021-11-22T09:20:48","guid":{"rendered":"https:\/\/mouldking.store\/?post_type=product&#038;p=27708"},"modified":"2021-12-23T09:40:34","modified_gmt":"2021-12-23T09:40:34","slug":"pzx-9931-christmas-house-with-2900-pieces","status":"publish","type":"product","link":"https:\/\/mouldking.store\/nb\/shop\/pzx-9931-christmas-house-with-2900-pieces\/","title":{"rendered":"PZX 9931 Christmas House with 2900 pieces"},"content":{"rendered":"<p>Produktinformasjon:<\/p>\n<ol>\n<li>Merke: PZX<\/li>\n<li>Kj\u00f8nn: Unisex<\/li>\n<li>Navn: Julehuset<\/li>\n<li>Aldersgruppe: &gt; 14 \u00e5r gammel<\/li>\n<li>Model Number: 9931<\/li>\n<li>Klassifisering: Montering<\/li>\n<li>Plastblokkform: Selvl\u00e5sende murstein<\/li>\n<li>Materiale: Plast<\/li>\n<li>Plasttype: ABS<\/li>\n<li>Bricks Blocks: 2900 PCS<\/li>\n<li>Inneholder detaljerte monteringsanvisninger.<\/li>\n<\/ol>\n<p>Legge merke til:<br \/>\n1. Uten original eske, men vi garanterer at v\u00e5re produkter har kvalitetssikring og pen emballasje.<br \/>\n2. Som alle delene vi har sjekket f\u00f8r frakt, s\u00e5 hvis du finner noen deler savnet eller skadet, ikke bekymre deg og bare kontakt oss, s\u00e5 kan vi sende dem til deg p\u00e5 nytt umiddelbart gratis.<\/p>\n<figure id=\"attachment_27709\" aria-describedby=\"caption-attachment-27709\" style=\"width: 800px\" class=\"wp-caption aligncenter\"><img fetchpriority=\"high\" decoding=\"async\" class=\"wp-image-27709 size-full\" src=\"https:\/\/mouldking.store\/wp-content\/uploads\/2021\/11\/PZX-9931-Christmas-House-with-2900-pieces-1.jpg\" alt=\"PZX 9931 Christmas House with 2900 pieces\" width=\"800\" height=\"800\" title=\"-\" srcset=\"https:\/\/mouldking.store\/wp-content\/uploads\/2021\/11\/PZX-9931-Christmas-House-with-2900-pieces-1.jpg 800w, https:\/\/mouldking.store\/wp-content\/uploads\/2021\/11\/PZX-9931-Christmas-House-with-2900-pieces-1-300x300.jpg 300w, https:\/\/mouldking.store\/wp-content\/uploads\/2021\/11\/PZX-9931-Christmas-House-with-2900-pieces-1-768x768.jpg 768w, https:\/\/mouldking.store\/wp-content\/uploads\/2021\/11\/PZX-9931-Christmas-House-with-2900-pieces-1-600x600.jpg 600w, https:\/\/mouldking.store\/wp-content\/uploads\/2021\/11\/PZX-9931-Christmas-House-with-2900-pieces-1-150x150.jpg 150w\" sizes=\"(max-width: 800px) 100vw, 800px\" \/><figcaption id=\"caption-attachment-27709\" class=\"wp-caption-text\">PZX 9931 Christmas House with 2900 pieces<\/figcaption><\/figure>\n<figure id=\"attachment_27710\" aria-describedby=\"caption-attachment-27710\" style=\"width: 800px\" class=\"wp-caption aligncenter\"><img decoding=\"async\" class=\"wp-image-27710\" src=\"https:\/\/mouldking.store\/wp-content\/uploads\/2021\/11\/PZX-9931-Christmas-House-with-2900-pieces-2-300x214.jpg\" alt=\"PZX 9931 Christmas House with 2900 pieces\" width=\"800\" height=\"571\" title=\"-\" srcset=\"https:\/\/mouldking.store\/wp-content\/uploads\/2021\/11\/PZX-9931-Christmas-House-with-2900-pieces-2-300x214.jpg 300w, https:\/\/mouldking.store\/wp-content\/uploads\/2021\/11\/PZX-9931-Christmas-House-with-2900-pieces-2-768x548.jpg 768w, https:\/\/mouldking.store\/wp-content\/uploads\/2021\/11\/PZX-9931-Christmas-House-with-2900-pieces-2-600x428.jpg 600w, https:\/\/mouldking.store\/wp-content\/uploads\/2021\/11\/PZX-9931-Christmas-House-with-2900-pieces-2-150x107.jpg 150w, https:\/\/mouldking.store\/wp-content\/uploads\/2021\/11\/PZX-9931-Christmas-House-with-2900-pieces-2.jpg 1024w\" sizes=\"(max-width: 800px) 100vw, 800px\" \/><figcaption id=\"caption-attachment-27710\" class=\"wp-caption-text\">PZX 9931 Christmas House with 2900 pieces<\/figcaption><\/figure>\n<figure id=\"attachment_27711\" aria-describedby=\"caption-attachment-27711\" style=\"width: 800px\" class=\"wp-caption aligncenter\"><img decoding=\"async\" class=\"wp-image-27711\" src=\"https:\/\/mouldking.store\/wp-content\/uploads\/2021\/11\/PZX-9931-Christmas-House-with-2900-pieces-3-300x214.jpg\" alt=\"PZX 9931 Christmas House with 2900 pieces\" width=\"800\" height=\"570\" title=\"-\" srcset=\"https:\/\/mouldking.store\/wp-content\/uploads\/2021\/11\/PZX-9931-Christmas-House-with-2900-pieces-3-300x214.jpg 300w, https:\/\/mouldking.store\/wp-content\/uploads\/2021\/11\/PZX-9931-Christmas-House-with-2900-pieces-3-768x548.jpg 768w, https:\/\/mouldking.store\/wp-content\/uploads\/2021\/11\/PZX-9931-Christmas-House-with-2900-pieces-3-600x428.jpg 600w, https:\/\/mouldking.store\/wp-content\/uploads\/2021\/11\/PZX-9931-Christmas-House-with-2900-pieces-3-150x107.jpg 150w, https:\/\/mouldking.store\/wp-content\/uploads\/2021\/11\/PZX-9931-Christmas-House-with-2900-pieces-3.jpg 1024w\" sizes=\"(max-width: 800px) 100vw, 800px\" \/><figcaption id=\"caption-attachment-27711\" class=\"wp-caption-text\">PZX 9931 Christmas House with 2900 pieces<\/figcaption><\/figure>\n<figure id=\"attachment_27712\" aria-describedby=\"caption-attachment-27712\" style=\"width: 800px\" class=\"wp-caption aligncenter\"><img loading=\"lazy\" decoding=\"async\" class=\"wp-image-27712\" src=\"https:\/\/mouldking.store\/wp-content\/uploads\/2021\/11\/PZX-9931-Christmas-House-with-2900-pieces-4-300x214.jpg\" alt=\"PZX 9931 Christmas House with 2900 pieces\" width=\"800\" height=\"570\" title=\"-\" srcset=\"https:\/\/mouldking.store\/wp-content\/uploads\/2021\/11\/PZX-9931-Christmas-House-with-2900-pieces-4-300x214.jpg 300w, https:\/\/mouldking.store\/wp-content\/uploads\/2021\/11\/PZX-9931-Christmas-House-with-2900-pieces-4-768x548.jpg 768w, https:\/\/mouldking.store\/wp-content\/uploads\/2021\/11\/PZX-9931-Christmas-House-with-2900-pieces-4-600x428.jpg 600w, https:\/\/mouldking.store\/wp-content\/uploads\/2021\/11\/PZX-9931-Christmas-House-with-2900-pieces-4-150x107.jpg 150w, https:\/\/mouldking.store\/wp-content\/uploads\/2021\/11\/PZX-9931-Christmas-House-with-2900-pieces-4.jpg 1024w\" sizes=\"(max-width: 800px) 100vw, 800px\" \/><figcaption id=\"caption-attachment-27712\" class=\"wp-caption-text\">PZX 9931 Christmas House with 2900 pieces<\/figcaption><\/figure>","protected":false},"excerpt":{"rendered":"<p>Product information: Brand: PZX Gender: Unisex Name: Christmas House Age Range: &gt; 14 years old Model Number: 9931 Classification: Assemblage Plastic Block Shape: Self-Locking Bricks Material: Plastic Plastic Type: ABS Bricks Blocks: 2900 PCS Contains detailed assembly instructions. Notice: 1. Without an original box, but we guarantee our products have quality assurance and nice packaging. [&hellip;]<\/p>","protected":false},"featured_media":27709,"comment_status":"open","ping_status":"closed","template":"","meta":{"_acf_changed":false},"product_cat":[390],"product_tag":[3731,1071,3732,3730,3729,3733],"class_list":["product","first","instock","shipping-taxable","purchasable","product-type-simple"],"acf":[],"_links":{"self":[{"href":"https:\/\/mouldking.store\/nb\/wp-json\/wp\/v2\/product\/27708","targetHints":{"allow":["GET"]}}],"collection":[{"href":"https:\/\/mouldking.store\/nb\/wp-json\/wp\/v2\/product"}],"about":[{"href":"https:\/\/mouldking.store\/nb\/wp-json\/wp\/v2\/types\/product"}],"replies":[{"embeddable":true,"href":"https:\/\/mouldking.store\/nb\/wp-json\/wp\/v2\/comments?post=27708"}],"wp:featuredmedia":[{"embeddable":true,"href":"https:\/\/mouldking.store\/nb\/wp-json\/wp\/v2\/media\/27709"}],"wp:attachment":[{"href":"https:\/\/mouldking.store\/nb\/wp-json\/wp\/v2\/media?parent=27708"}],"wp:term":[{"taxonomy":"product_cat","embeddable":true,"href":"https:\/\/mouldking.store\/nb\/wp-json\/wp\/v2\/product_cat?post=27708"},{"taxonomy":"product_tag","embeddable":true,"href":"https:\/\/mouldking.store\/nb\/wp-json\/wp\/v2\/product_tag?post=27708"}],"curies":[{"name":"wp","href":"https:\/\/api.w.org\/{rel}","templated":true}]}}