{"id":27727,"date":"2021-11-22T09:37:23","date_gmt":"2021-11-22T09:37:23","guid":{"rendered":"https:\/\/mouldking.store\/?post_type=product&#038;p=27727"},"modified":"2021-12-23T09:40:32","modified_gmt":"2021-12-23T09:40:32","slug":"mould-king-21014-rc-mars-explorer-with-1608-pieces","status":"publish","type":"product","link":"https:\/\/mouldking.store\/nb\/shop\/mould-king-21014-rc-mars-explorer-with-1608-pieces\/","title":{"rendered":"Mold King 21014 RC Mars Explorer med 1608 stk"},"content":{"rendered":"<p>Produktinformasjon:<\/p>\n<ol>\n<li>Merke: Mold King<\/li>\n<li>Kj\u00f8nn: Unisex<\/li>\n<li>Name: RC Mars Explorer<\/li>\n<li>Aldersgruppe: &gt; 14 \u00e5r gammel<\/li>\n<li>Model Number: 21014<\/li>\n<li>Klassifisering: Montering<\/li>\n<li>Plastblokkform: Selvl\u00e5sende murstein<\/li>\n<li>Materiale: Plast<\/li>\n<li>Plasttype: ABS<\/li>\n<li>Bricks Blocks: 1608 PCS<\/li>\n<li>Inneholder detaljerte monteringsanvisninger.<\/li>\n<\/ol>\n<p>Legge merke til:<br \/>\n1. Uten original eske, men vi garanterer at v\u00e5re produkter har kvalitetssikring og pen emballasje.<br \/>\n2. Som alle delene vi har sjekket f\u00f8r frakt, s\u00e5 hvis du finner noen deler savnet eller skadet, ikke bekymre deg og bare kontakt oss, s\u00e5 kan vi sende dem til deg p\u00e5 nytt umiddelbart gratis.<\/p>\n<figure id=\"attachment_27728\" aria-describedby=\"caption-attachment-27728\" style=\"width: 800px\" class=\"wp-caption aligncenter\"><img fetchpriority=\"high\" decoding=\"async\" class=\"wp-image-27728 size-full\" src=\"https:\/\/mouldking.store\/wp-content\/uploads\/2021\/11\/Mould-King-21014-RC-Mars-Explorer-with-1608-pieces-1.jpg\" alt=\"Mould King 21014 RC Mars Explorer with 1608 pieces\" width=\"800\" height=\"800\" title=\"-\" srcset=\"https:\/\/mouldking.store\/wp-content\/uploads\/2021\/11\/Mould-King-21014-RC-Mars-Explorer-with-1608-pieces-1.jpg 800w, https:\/\/mouldking.store\/wp-content\/uploads\/2021\/11\/Mould-King-21014-RC-Mars-Explorer-with-1608-pieces-1-300x300.jpg 300w, https:\/\/mouldking.store\/wp-content\/uploads\/2021\/11\/Mould-King-21014-RC-Mars-Explorer-with-1608-pieces-1-768x768.jpg 768w, https:\/\/mouldking.store\/wp-content\/uploads\/2021\/11\/Mould-King-21014-RC-Mars-Explorer-with-1608-pieces-1-600x600.jpg 600w, https:\/\/mouldking.store\/wp-content\/uploads\/2021\/11\/Mould-King-21014-RC-Mars-Explorer-with-1608-pieces-1-150x150.jpg 150w\" sizes=\"(max-width: 800px) 100vw, 800px\" \/><figcaption id=\"caption-attachment-27728\" class=\"wp-caption-text\">Mold King 21014 RC Mars Explorer med 1608 stk<\/figcaption><\/figure>\n<figure id=\"attachment_27732\" aria-describedby=\"caption-attachment-27732\" style=\"width: 587px\" class=\"wp-caption aligncenter\"><img decoding=\"async\" class=\"wp-image-27732 size-full\" src=\"https:\/\/mouldking.store\/wp-content\/uploads\/2021\/11\/Mould-King-21014-RC-Mars-Explorer-with-1608-pieces-5.jpg\" alt=\"Mould King 21014 RC Mars Explorer with 1608 pieces\" width=\"587\" height=\"1024\" title=\"-\" srcset=\"https:\/\/mouldking.store\/wp-content\/uploads\/2021\/11\/Mould-King-21014-RC-Mars-Explorer-with-1608-pieces-5.jpg 587w, https:\/\/mouldking.store\/wp-content\/uploads\/2021\/11\/Mould-King-21014-RC-Mars-Explorer-with-1608-pieces-5-172x300.jpg 172w, https:\/\/mouldking.store\/wp-content\/uploads\/2021\/11\/Mould-King-21014-RC-Mars-Explorer-with-1608-pieces-5-300x523.jpg 300w, https:\/\/mouldking.store\/wp-content\/uploads\/2021\/11\/Mould-King-21014-RC-Mars-Explorer-with-1608-pieces-5-86x150.jpg 86w\" sizes=\"(max-width: 587px) 100vw, 587px\" \/><figcaption id=\"caption-attachment-27732\" class=\"wp-caption-text\">Mold King 21014 RC Mars Explorer med 1608 stk<\/figcaption><\/figure>\n<figure id=\"attachment_27734\" aria-describedby=\"caption-attachment-27734\" style=\"width: 386px\" class=\"wp-caption aligncenter\"><img decoding=\"async\" class=\"wp-image-27734 size-full\" src=\"https:\/\/mouldking.store\/wp-content\/uploads\/2021\/11\/Mould-King-21014-RC-Mars-Explorer-with-1608-pieces-7.jpg\" alt=\"Mould King 21014 RC Mars Explorer with 1608 pieces\" width=\"386\" height=\"1024\" title=\"-\" srcset=\"https:\/\/mouldking.store\/wp-content\/uploads\/2021\/11\/Mould-King-21014-RC-Mars-Explorer-with-1608-pieces-7.jpg 386w, https:\/\/mouldking.store\/wp-content\/uploads\/2021\/11\/Mould-King-21014-RC-Mars-Explorer-with-1608-pieces-7-113x300.jpg 113w, https:\/\/mouldking.store\/wp-content\/uploads\/2021\/11\/Mould-King-21014-RC-Mars-Explorer-with-1608-pieces-7-300x796.jpg 300w, https:\/\/mouldking.store\/wp-content\/uploads\/2021\/11\/Mould-King-21014-RC-Mars-Explorer-with-1608-pieces-7-57x150.jpg 57w\" sizes=\"(max-width: 386px) 100vw, 386px\" \/><figcaption id=\"caption-attachment-27734\" class=\"wp-caption-text\">Mold King 21014 RC Mars Explorer med 1608 stk<\/figcaption><\/figure>\n<figure id=\"attachment_27735\" aria-describedby=\"caption-attachment-27735\" style=\"width: 473px\" class=\"wp-caption aligncenter\"><img loading=\"lazy\" decoding=\"async\" class=\"wp-image-27735 size-full\" src=\"https:\/\/mouldking.store\/wp-content\/uploads\/2021\/11\/Mould-King-21014-RC-Mars-Explorer-with-1608-pieces-8.jpg\" alt=\"Mould King 21014 RC Mars Explorer with 1608 pieces\" width=\"473\" height=\"1024\" title=\"-\" srcset=\"https:\/\/mouldking.store\/wp-content\/uploads\/2021\/11\/Mould-King-21014-RC-Mars-Explorer-with-1608-pieces-8.jpg 473w, https:\/\/mouldking.store\/wp-content\/uploads\/2021\/11\/Mould-King-21014-RC-Mars-Explorer-with-1608-pieces-8-139x300.jpg 139w, https:\/\/mouldking.store\/wp-content\/uploads\/2021\/11\/Mould-King-21014-RC-Mars-Explorer-with-1608-pieces-8-300x649.jpg 300w, https:\/\/mouldking.store\/wp-content\/uploads\/2021\/11\/Mould-King-21014-RC-Mars-Explorer-with-1608-pieces-8-69x150.jpg 69w\" sizes=\"(max-width: 473px) 100vw, 473px\" \/><figcaption id=\"caption-attachment-27735\" class=\"wp-caption-text\">Mold King 21014 RC Mars Explorer med 1608 stk<\/figcaption><\/figure>\n<figure id=\"attachment_27736\" aria-describedby=\"caption-attachment-27736\" style=\"width: 389px\" class=\"wp-caption aligncenter\"><img loading=\"lazy\" decoding=\"async\" class=\"wp-image-27736 size-full\" src=\"https:\/\/mouldking.store\/wp-content\/uploads\/2021\/11\/Mould-King-21014-RC-Mars-Explorer-with-1608-pieces-9.jpg\" alt=\"Mould King 21014 RC Mars Explorer with 1608 pieces\" width=\"389\" height=\"1023\" title=\"-\" srcset=\"https:\/\/mouldking.store\/wp-content\/uploads\/2021\/11\/Mould-King-21014-RC-Mars-Explorer-with-1608-pieces-9.jpg 389w, https:\/\/mouldking.store\/wp-content\/uploads\/2021\/11\/Mould-King-21014-RC-Mars-Explorer-with-1608-pieces-9-114x300.jpg 114w, https:\/\/mouldking.store\/wp-content\/uploads\/2021\/11\/Mould-King-21014-RC-Mars-Explorer-with-1608-pieces-9-300x789.jpg 300w, https:\/\/mouldking.store\/wp-content\/uploads\/2021\/11\/Mould-King-21014-RC-Mars-Explorer-with-1608-pieces-9-57x150.jpg 57w\" sizes=\"(max-width: 389px) 100vw, 389px\" \/><figcaption id=\"caption-attachment-27736\" class=\"wp-caption-text\">Mold King 21014 RC Mars Explorer med 1608 stk<\/figcaption><\/figure>\n<figure id=\"attachment_27737\" aria-describedby=\"caption-attachment-27737\" style=\"width: 509px\" class=\"wp-caption aligncenter\"><img loading=\"lazy\" decoding=\"async\" class=\"wp-image-27737 size-full\" src=\"https:\/\/mouldking.store\/wp-content\/uploads\/2021\/11\/Mould-King-21014-RC-Mars-Explorer-with-1608-pieces-10.jpg\" alt=\"Mould King 21014 RC Mars Explorer with 1608 pieces\" width=\"509\" height=\"1023\" title=\"-\" srcset=\"https:\/\/mouldking.store\/wp-content\/uploads\/2021\/11\/Mould-King-21014-RC-Mars-Explorer-with-1608-pieces-10.jpg 509w, https:\/\/mouldking.store\/wp-content\/uploads\/2021\/11\/Mould-King-21014-RC-Mars-Explorer-with-1608-pieces-10-149x300.jpg 149w, https:\/\/mouldking.store\/wp-content\/uploads\/2021\/11\/Mould-King-21014-RC-Mars-Explorer-with-1608-pieces-10-300x603.jpg 300w, https:\/\/mouldking.store\/wp-content\/uploads\/2021\/11\/Mould-King-21014-RC-Mars-Explorer-with-1608-pieces-10-75x150.jpg 75w\" sizes=\"(max-width: 509px) 100vw, 509px\" \/><figcaption id=\"caption-attachment-27737\" class=\"wp-caption-text\">Mold King 21014 RC Mars Explorer med 1608 stk<\/figcaption><\/figure>\n<figure id=\"attachment_27738\" aria-describedby=\"caption-attachment-27738\" style=\"width: 621px\" class=\"wp-caption aligncenter\"><img loading=\"lazy\" decoding=\"async\" class=\"wp-image-27738 size-full\" src=\"https:\/\/mouldking.store\/wp-content\/uploads\/2021\/11\/Mould-King-21014-RC-Mars-Explorer-with-1608-pieces-11.jpg\" alt=\"Mould King 21014 RC Mars Explorer with 1608 pieces\" width=\"621\" height=\"1024\" title=\"-\" srcset=\"https:\/\/mouldking.store\/wp-content\/uploads\/2021\/11\/Mould-King-21014-RC-Mars-Explorer-with-1608-pieces-11.jpg 621w, https:\/\/mouldking.store\/wp-content\/uploads\/2021\/11\/Mould-King-21014-RC-Mars-Explorer-with-1608-pieces-11-182x300.jpg 182w, https:\/\/mouldking.store\/wp-content\/uploads\/2021\/11\/Mould-King-21014-RC-Mars-Explorer-with-1608-pieces-11-300x495.jpg 300w, https:\/\/mouldking.store\/wp-content\/uploads\/2021\/11\/Mould-King-21014-RC-Mars-Explorer-with-1608-pieces-11-600x989.jpg 600w, https:\/\/mouldking.store\/wp-content\/uploads\/2021\/11\/Mould-King-21014-RC-Mars-Explorer-with-1608-pieces-11-91x150.jpg 91w\" sizes=\"(max-width: 621px) 100vw, 621px\" \/><figcaption id=\"caption-attachment-27738\" class=\"wp-caption-text\">Mold King 21014 RC Mars Explorer med 1608 stk<\/figcaption><\/figure>\n<figure id=\"attachment_27739\" aria-describedby=\"caption-attachment-27739\" style=\"width: 737px\" class=\"wp-caption aligncenter\"><img loading=\"lazy\" decoding=\"async\" class=\"wp-image-27739 size-full\" src=\"https:\/\/mouldking.store\/wp-content\/uploads\/2021\/11\/Mould-King-21014-RC-Mars-Explorer-with-1608-pieces-12.jpg\" alt=\"Mould King 21014 RC Mars Explorer with 1608 pieces\" width=\"737\" height=\"1024\" title=\"-\" srcset=\"https:\/\/mouldking.store\/wp-content\/uploads\/2021\/11\/Mould-King-21014-RC-Mars-Explorer-with-1608-pieces-12.jpg 737w, https:\/\/mouldking.store\/wp-content\/uploads\/2021\/11\/Mould-King-21014-RC-Mars-Explorer-with-1608-pieces-12-216x300.jpg 216w, https:\/\/mouldking.store\/wp-content\/uploads\/2021\/11\/Mould-King-21014-RC-Mars-Explorer-with-1608-pieces-12-300x417.jpg 300w, https:\/\/mouldking.store\/wp-content\/uploads\/2021\/11\/Mould-King-21014-RC-Mars-Explorer-with-1608-pieces-12-600x834.jpg 600w, https:\/\/mouldking.store\/wp-content\/uploads\/2021\/11\/Mould-King-21014-RC-Mars-Explorer-with-1608-pieces-12-108x150.jpg 108w\" sizes=\"(max-width: 737px) 100vw, 737px\" \/><figcaption id=\"caption-attachment-27739\" class=\"wp-caption-text\">Mold King 21014 RC Mars Explorer med 1608 stk<\/figcaption><\/figure>\n<figure id=\"attachment_27733\" aria-describedby=\"caption-attachment-27733\" style=\"width: 484px\" class=\"wp-caption aligncenter\"><img loading=\"lazy\" decoding=\"async\" class=\"wp-image-27733 size-full\" src=\"https:\/\/mouldking.store\/wp-content\/uploads\/2021\/11\/Mould-King-21014-RC-Mars-Explorer-with-1608-pieces-6.jpg\" alt=\"Mould King 21014 RC Mars Explorer with 1608 pieces\" width=\"484\" height=\"1024\" title=\"-\" srcset=\"https:\/\/mouldking.store\/wp-content\/uploads\/2021\/11\/Mould-King-21014-RC-Mars-Explorer-with-1608-pieces-6.jpg 484w, https:\/\/mouldking.store\/wp-content\/uploads\/2021\/11\/Mould-King-21014-RC-Mars-Explorer-with-1608-pieces-6-142x300.jpg 142w, https:\/\/mouldking.store\/wp-content\/uploads\/2021\/11\/Mould-King-21014-RC-Mars-Explorer-with-1608-pieces-6-300x635.jpg 300w, https:\/\/mouldking.store\/wp-content\/uploads\/2021\/11\/Mould-King-21014-RC-Mars-Explorer-with-1608-pieces-6-71x150.jpg 71w\" sizes=\"(max-width: 484px) 100vw, 484px\" \/><figcaption id=\"caption-attachment-27733\" class=\"wp-caption-text\">Mold King 21014 RC Mars Explorer med 1608 stk<\/figcaption><\/figure>\n<figure id=\"attachment_27731\" aria-describedby=\"caption-attachment-27731\" style=\"width: 556px\" class=\"wp-caption aligncenter\"><img loading=\"lazy\" decoding=\"async\" class=\"wp-image-27731 size-full\" src=\"https:\/\/mouldking.store\/wp-content\/uploads\/2021\/11\/Mould-King-21014-RC-Mars-Explorer-with-1608-pieces-4.jpg\" alt=\"Mould King 21014 RC Mars Explorer with 1608 pieces\" width=\"556\" height=\"1023\" title=\"-\" srcset=\"https:\/\/mouldking.store\/wp-content\/uploads\/2021\/11\/Mould-King-21014-RC-Mars-Explorer-with-1608-pieces-4.jpg 556w, https:\/\/mouldking.store\/wp-content\/uploads\/2021\/11\/Mould-King-21014-RC-Mars-Explorer-with-1608-pieces-4-163x300.jpg 163w, https:\/\/mouldking.store\/wp-content\/uploads\/2021\/11\/Mould-King-21014-RC-Mars-Explorer-with-1608-pieces-4-300x552.jpg 300w, https:\/\/mouldking.store\/wp-content\/uploads\/2021\/11\/Mould-King-21014-RC-Mars-Explorer-with-1608-pieces-4-82x150.jpg 82w\" sizes=\"(max-width: 556px) 100vw, 556px\" \/><figcaption id=\"caption-attachment-27731\" class=\"wp-caption-text\">Mold King 21014 RC Mars Explorer med 1608 stk<\/figcaption><\/figure>\n<figure id=\"attachment_27729\" aria-describedby=\"caption-attachment-27729\" style=\"width: 502px\" class=\"wp-caption aligncenter\"><img loading=\"lazy\" decoding=\"async\" class=\"wp-image-27729 size-full\" src=\"https:\/\/mouldking.store\/wp-content\/uploads\/2021\/11\/Mould-King-21014-RC-Mars-Explorer-with-1608-pieces-2.jpg\" alt=\"Mould King 21014 RC Mars Explorer with 1608 pieces\" width=\"502\" height=\"1023\" title=\"-\" srcset=\"https:\/\/mouldking.store\/wp-content\/uploads\/2021\/11\/Mould-King-21014-RC-Mars-Explorer-with-1608-pieces-2.jpg 502w, https:\/\/mouldking.store\/wp-content\/uploads\/2021\/11\/Mould-King-21014-RC-Mars-Explorer-with-1608-pieces-2-147x300.jpg 147w, https:\/\/mouldking.store\/wp-content\/uploads\/2021\/11\/Mould-King-21014-RC-Mars-Explorer-with-1608-pieces-2-300x611.jpg 300w, https:\/\/mouldking.store\/wp-content\/uploads\/2021\/11\/Mould-King-21014-RC-Mars-Explorer-with-1608-pieces-2-74x150.jpg 74w\" sizes=\"(max-width: 502px) 100vw, 502px\" \/><figcaption id=\"caption-attachment-27729\" class=\"wp-caption-text\">Mold King 21014 RC Mars Explorer med 1608 stk<\/figcaption><\/figure>","protected":false},"excerpt":{"rendered":"<p>Product information: Brand: Mould King Gender: Unisex Name: RC Mars Explorer Age Range: &gt; 14 years old Model Number: 21014 Classification: Assemblage Plastic Block Shape: Self-Locking Bricks Material: Plastic Plastic Type: ABS Bricks Blocks: 1608 PCS Contains detailed assembly instructions. Notice: 1. Without an original box, but we guarantee our products have quality assurance and [&hellip;]<\/p>","protected":false},"featured_media":27728,"comment_status":"open","ping_status":"closed","template":"","meta":{"_acf_changed":false},"product_cat":[364],"product_tag":[3752,3758,3753,3751,3750,3755,3757,3756,481,3754,2276],"class_list":["product","first","instock","shipping-taxable","purchasable","product-type-simple"],"acf":[],"_links":{"self":[{"href":"https:\/\/mouldking.store\/nb\/wp-json\/wp\/v2\/product\/27727","targetHints":{"allow":["GET"]}}],"collection":[{"href":"https:\/\/mouldking.store\/nb\/wp-json\/wp\/v2\/product"}],"about":[{"href":"https:\/\/mouldking.store\/nb\/wp-json\/wp\/v2\/types\/product"}],"replies":[{"embeddable":true,"href":"https:\/\/mouldking.store\/nb\/wp-json\/wp\/v2\/comments?post=27727"}],"wp:featuredmedia":[{"embeddable":true,"href":"https:\/\/mouldking.store\/nb\/wp-json\/wp\/v2\/media\/27728"}],"wp:attachment":[{"href":"https:\/\/mouldking.store\/nb\/wp-json\/wp\/v2\/media?parent=27727"}],"wp:term":[{"taxonomy":"product_cat","embeddable":true,"href":"https:\/\/mouldking.store\/nb\/wp-json\/wp\/v2\/product_cat?post=27727"},{"taxonomy":"product_tag","embeddable":true,"href":"https:\/\/mouldking.store\/nb\/wp-json\/wp\/v2\/product_tag?post=27727"}],"curies":[{"name":"wp","href":"https:\/\/api.w.org\/{rel}","templated":true}]}}