{"id":27740,"date":"2021-11-22T09:48:01","date_gmt":"2021-11-22T09:48:01","guid":{"rendered":"https:\/\/mouldking.store\/?post_type=product&#038;p=27740"},"modified":"2021-12-23T09:40:33","modified_gmt":"2021-12-23T09:40:33","slug":"zhegao-qj5002-5005-sci-fi-fighter","status":"publish","type":"product","link":"https:\/\/mouldking.store\/nb\/shop\/zhegao-qj5002-5005-sci-fi-fighter\/","title":{"rendered":"ZHEGAO QJ5002-5005 Sci-Fi Fighter"},"content":{"rendered":"<p>Produktinformasjon:<\/p>\n<ol>\n<li>Merke: ZHEGAO<\/li>\n<li>Kj\u00f8nn: Unisex<\/li>\n<li>Name: Sci-Fi Fighter<\/li>\n<li>Aldersgruppe: &gt; 6 \u00e5r gammel<\/li>\n<li>Model Number: QJ5002-5005<\/li>\n<li>Klassifisering: Montering<\/li>\n<li>Plastblokkform: Selvl\u00e5sende murstein<\/li>\n<li>Materiale: Plast<\/li>\n<li>Plasttype: ABS<\/li>\n<li>Inneholder detaljerte monteringsanvisninger.<\/li>\n<\/ol>\n<p>Legge merke til:<br \/>\n1. Uten original eske, men vi garanterer at v\u00e5re produkter har kvalitetssikring og pen emballasje.<br \/>\n2. Som alle delene vi har sjekket f\u00f8r frakt, s\u00e5 hvis du finner noen deler savnet eller skadet, ikke bekymre deg og bare kontakt oss, s\u00e5 kan vi sende dem til deg p\u00e5 nytt umiddelbart gratis.<\/p>\n<figure id=\"attachment_27749\" aria-describedby=\"caption-attachment-27749\" style=\"width: 800px\" class=\"wp-caption aligncenter\"><img fetchpriority=\"high\" decoding=\"async\" class=\"wp-image-27749 size-full\" src=\"https:\/\/mouldking.store\/wp-content\/uploads\/2021\/11\/ZHEGAO-QJ5002-5005-Sci-Fi-Fighter-1.jpg\" alt=\"ZHEGAO QJ5002-5005 Sci-Fi Fighter\" width=\"800\" height=\"800\" title=\"-\" srcset=\"https:\/\/mouldking.store\/wp-content\/uploads\/2021\/11\/ZHEGAO-QJ5002-5005-Sci-Fi-Fighter-1.jpg 800w, https:\/\/mouldking.store\/wp-content\/uploads\/2021\/11\/ZHEGAO-QJ5002-5005-Sci-Fi-Fighter-1-300x300.jpg 300w, https:\/\/mouldking.store\/wp-content\/uploads\/2021\/11\/ZHEGAO-QJ5002-5005-Sci-Fi-Fighter-1-768x768.jpg 768w, https:\/\/mouldking.store\/wp-content\/uploads\/2021\/11\/ZHEGAO-QJ5002-5005-Sci-Fi-Fighter-1-600x600.jpg 600w, https:\/\/mouldking.store\/wp-content\/uploads\/2021\/11\/ZHEGAO-QJ5002-5005-Sci-Fi-Fighter-1-150x150.jpg 150w\" sizes=\"(max-width: 800px) 100vw, 800px\" \/><figcaption id=\"caption-attachment-27749\" class=\"wp-caption-text\">ZHEGAO QJ5002-5005 Sci-Fi Fighter<\/figcaption><\/figure>\n<figure id=\"attachment_27748\" aria-describedby=\"caption-attachment-27748\" style=\"width: 800px\" class=\"wp-caption aligncenter\"><img decoding=\"async\" class=\"wp-image-27748 size-full\" src=\"https:\/\/mouldking.store\/wp-content\/uploads\/2021\/11\/ZHEGAO-QJ5002-5005-Sci-Fi-Fighter-9.jpg\" alt=\"ZHEGAO QJ5002-5005 Sci-Fi Fighter\" width=\"800\" height=\"800\" title=\"-\" srcset=\"https:\/\/mouldking.store\/wp-content\/uploads\/2021\/11\/ZHEGAO-QJ5002-5005-Sci-Fi-Fighter-9.jpg 800w, https:\/\/mouldking.store\/wp-content\/uploads\/2021\/11\/ZHEGAO-QJ5002-5005-Sci-Fi-Fighter-9-300x300.jpg 300w, https:\/\/mouldking.store\/wp-content\/uploads\/2021\/11\/ZHEGAO-QJ5002-5005-Sci-Fi-Fighter-9-768x768.jpg 768w, https:\/\/mouldking.store\/wp-content\/uploads\/2021\/11\/ZHEGAO-QJ5002-5005-Sci-Fi-Fighter-9-600x600.jpg 600w, https:\/\/mouldking.store\/wp-content\/uploads\/2021\/11\/ZHEGAO-QJ5002-5005-Sci-Fi-Fighter-9-150x150.jpg 150w\" sizes=\"(max-width: 800px) 100vw, 800px\" \/><figcaption id=\"caption-attachment-27748\" class=\"wp-caption-text\">ZHEGAO QJ5002-5005 Sci-Fi Fighter<\/figcaption><\/figure>\n<figure id=\"attachment_27747\" aria-describedby=\"caption-attachment-27747\" style=\"width: 800px\" class=\"wp-caption aligncenter\"><img decoding=\"async\" class=\"wp-image-27747 size-full\" src=\"https:\/\/mouldking.store\/wp-content\/uploads\/2021\/11\/ZHEGAO-QJ5002-5005-Sci-Fi-Fighter-8.jpg\" alt=\"ZHEGAO QJ5002-5005 Sci-Fi Fighter\" width=\"800\" height=\"800\" title=\"-\" srcset=\"https:\/\/mouldking.store\/wp-content\/uploads\/2021\/11\/ZHEGAO-QJ5002-5005-Sci-Fi-Fighter-8.jpg 800w, https:\/\/mouldking.store\/wp-content\/uploads\/2021\/11\/ZHEGAO-QJ5002-5005-Sci-Fi-Fighter-8-300x300.jpg 300w, https:\/\/mouldking.store\/wp-content\/uploads\/2021\/11\/ZHEGAO-QJ5002-5005-Sci-Fi-Fighter-8-768x768.jpg 768w, https:\/\/mouldking.store\/wp-content\/uploads\/2021\/11\/ZHEGAO-QJ5002-5005-Sci-Fi-Fighter-8-600x600.jpg 600w, https:\/\/mouldking.store\/wp-content\/uploads\/2021\/11\/ZHEGAO-QJ5002-5005-Sci-Fi-Fighter-8-150x150.jpg 150w\" sizes=\"(max-width: 800px) 100vw, 800px\" \/><figcaption id=\"caption-attachment-27747\" class=\"wp-caption-text\">ZHEGAO QJ5002-5005 Sci-Fi Fighter<\/figcaption><\/figure>\n<figure id=\"attachment_27746\" aria-describedby=\"caption-attachment-27746\" style=\"width: 800px\" class=\"wp-caption aligncenter\"><img loading=\"lazy\" decoding=\"async\" class=\"wp-image-27746 size-full\" src=\"https:\/\/mouldking.store\/wp-content\/uploads\/2021\/11\/ZHEGAO-QJ5002-5005-Sci-Fi-Fighter-7.jpg\" alt=\"ZHEGAO QJ5002-5005 Sci-Fi Fighter\" width=\"800\" height=\"800\" title=\"-\" srcset=\"https:\/\/mouldking.store\/wp-content\/uploads\/2021\/11\/ZHEGAO-QJ5002-5005-Sci-Fi-Fighter-7.jpg 800w, https:\/\/mouldking.store\/wp-content\/uploads\/2021\/11\/ZHEGAO-QJ5002-5005-Sci-Fi-Fighter-7-300x300.jpg 300w, https:\/\/mouldking.store\/wp-content\/uploads\/2021\/11\/ZHEGAO-QJ5002-5005-Sci-Fi-Fighter-7-768x768.jpg 768w, https:\/\/mouldking.store\/wp-content\/uploads\/2021\/11\/ZHEGAO-QJ5002-5005-Sci-Fi-Fighter-7-600x600.jpg 600w, https:\/\/mouldking.store\/wp-content\/uploads\/2021\/11\/ZHEGAO-QJ5002-5005-Sci-Fi-Fighter-7-150x150.jpg 150w\" sizes=\"(max-width: 800px) 100vw, 800px\" \/><figcaption id=\"caption-attachment-27746\" class=\"wp-caption-text\">ZHEGAO QJ5002-5005 Sci-Fi Fighter<\/figcaption><\/figure>\n<figure id=\"attachment_27745\" aria-describedby=\"caption-attachment-27745\" style=\"width: 800px\" class=\"wp-caption aligncenter\"><img loading=\"lazy\" decoding=\"async\" class=\"wp-image-27745 size-full\" src=\"https:\/\/mouldking.store\/wp-content\/uploads\/2021\/11\/ZHEGAO-QJ5002-5005-Sci-Fi-Fighter-6.jpg\" alt=\"ZHEGAO QJ5002-5005 Sci-Fi Fighter\" width=\"800\" height=\"800\" title=\"-\" srcset=\"https:\/\/mouldking.store\/wp-content\/uploads\/2021\/11\/ZHEGAO-QJ5002-5005-Sci-Fi-Fighter-6.jpg 800w, https:\/\/mouldking.store\/wp-content\/uploads\/2021\/11\/ZHEGAO-QJ5002-5005-Sci-Fi-Fighter-6-300x300.jpg 300w, https:\/\/mouldking.store\/wp-content\/uploads\/2021\/11\/ZHEGAO-QJ5002-5005-Sci-Fi-Fighter-6-768x768.jpg 768w, https:\/\/mouldking.store\/wp-content\/uploads\/2021\/11\/ZHEGAO-QJ5002-5005-Sci-Fi-Fighter-6-600x600.jpg 600w, https:\/\/mouldking.store\/wp-content\/uploads\/2021\/11\/ZHEGAO-QJ5002-5005-Sci-Fi-Fighter-6-150x150.jpg 150w\" sizes=\"(max-width: 800px) 100vw, 800px\" \/><figcaption id=\"caption-attachment-27745\" class=\"wp-caption-text\">ZHEGAO QJ5002-5005 Sci-Fi Fighter<\/figcaption><\/figure>\n<figure id=\"attachment_27744\" aria-describedby=\"caption-attachment-27744\" style=\"width: 800px\" class=\"wp-caption aligncenter\"><img loading=\"lazy\" decoding=\"async\" class=\"wp-image-27744 size-full\" src=\"https:\/\/mouldking.store\/wp-content\/uploads\/2021\/11\/ZHEGAO-QJ5002-5005-Sci-Fi-Fighter-5.jpg\" alt=\"ZHEGAO QJ5002-5005 Sci-Fi Fighter\" width=\"800\" height=\"800\" title=\"-\" srcset=\"https:\/\/mouldking.store\/wp-content\/uploads\/2021\/11\/ZHEGAO-QJ5002-5005-Sci-Fi-Fighter-5.jpg 800w, https:\/\/mouldking.store\/wp-content\/uploads\/2021\/11\/ZHEGAO-QJ5002-5005-Sci-Fi-Fighter-5-300x300.jpg 300w, https:\/\/mouldking.store\/wp-content\/uploads\/2021\/11\/ZHEGAO-QJ5002-5005-Sci-Fi-Fighter-5-768x768.jpg 768w, https:\/\/mouldking.store\/wp-content\/uploads\/2021\/11\/ZHEGAO-QJ5002-5005-Sci-Fi-Fighter-5-600x600.jpg 600w, https:\/\/mouldking.store\/wp-content\/uploads\/2021\/11\/ZHEGAO-QJ5002-5005-Sci-Fi-Fighter-5-150x150.jpg 150w\" sizes=\"(max-width: 800px) 100vw, 800px\" \/><figcaption id=\"caption-attachment-27744\" class=\"wp-caption-text\">ZHEGAO QJ5002-5005 Sci-Fi Fighter<\/figcaption><\/figure>\n<figure id=\"attachment_27741\" aria-describedby=\"caption-attachment-27741\" style=\"width: 800px\" class=\"wp-caption aligncenter\"><img loading=\"lazy\" decoding=\"async\" class=\"wp-image-27741 size-full\" src=\"https:\/\/mouldking.store\/wp-content\/uploads\/2021\/11\/ZHEGAO-QJ5002-5005-Sci-Fi-Fighter-2.jpg\" alt=\"ZHEGAO QJ5002-5005 Sci-Fi Fighter\" width=\"800\" height=\"800\" title=\"-\" srcset=\"https:\/\/mouldking.store\/wp-content\/uploads\/2021\/11\/ZHEGAO-QJ5002-5005-Sci-Fi-Fighter-2.jpg 800w, https:\/\/mouldking.store\/wp-content\/uploads\/2021\/11\/ZHEGAO-QJ5002-5005-Sci-Fi-Fighter-2-300x300.jpg 300w, https:\/\/mouldking.store\/wp-content\/uploads\/2021\/11\/ZHEGAO-QJ5002-5005-Sci-Fi-Fighter-2-768x768.jpg 768w, https:\/\/mouldking.store\/wp-content\/uploads\/2021\/11\/ZHEGAO-QJ5002-5005-Sci-Fi-Fighter-2-600x600.jpg 600w, https:\/\/mouldking.store\/wp-content\/uploads\/2021\/11\/ZHEGAO-QJ5002-5005-Sci-Fi-Fighter-2-150x150.jpg 150w\" sizes=\"(max-width: 800px) 100vw, 800px\" \/><figcaption id=\"caption-attachment-27741\" class=\"wp-caption-text\">ZHEGAO QJ5002-5005 Sci-Fi Fighter<\/figcaption><\/figure>\n<figure id=\"attachment_27742\" aria-describedby=\"caption-attachment-27742\" style=\"width: 800px\" class=\"wp-caption aligncenter\"><img loading=\"lazy\" decoding=\"async\" class=\"wp-image-27742 size-full\" src=\"https:\/\/mouldking.store\/wp-content\/uploads\/2021\/11\/ZHEGAO-QJ5002-5005-Sci-Fi-Fighter-3.jpg\" alt=\"ZHEGAO QJ5002-5005 Sci-Fi Fighter\" width=\"800\" height=\"800\" title=\"-\" srcset=\"https:\/\/mouldking.store\/wp-content\/uploads\/2021\/11\/ZHEGAO-QJ5002-5005-Sci-Fi-Fighter-3.jpg 800w, https:\/\/mouldking.store\/wp-content\/uploads\/2021\/11\/ZHEGAO-QJ5002-5005-Sci-Fi-Fighter-3-300x300.jpg 300w, https:\/\/mouldking.store\/wp-content\/uploads\/2021\/11\/ZHEGAO-QJ5002-5005-Sci-Fi-Fighter-3-768x768.jpg 768w, https:\/\/mouldking.store\/wp-content\/uploads\/2021\/11\/ZHEGAO-QJ5002-5005-Sci-Fi-Fighter-3-600x600.jpg 600w, https:\/\/mouldking.store\/wp-content\/uploads\/2021\/11\/ZHEGAO-QJ5002-5005-Sci-Fi-Fighter-3-150x150.jpg 150w\" sizes=\"(max-width: 800px) 100vw, 800px\" \/><figcaption id=\"caption-attachment-27742\" class=\"wp-caption-text\">ZHEGAO QJ5002-5005 Sci-Fi Fighter<\/figcaption><\/figure>\n<figure id=\"attachment_27743\" aria-describedby=\"caption-attachment-27743\" style=\"width: 800px\" class=\"wp-caption aligncenter\"><img loading=\"lazy\" decoding=\"async\" class=\"wp-image-27743 size-full\" src=\"https:\/\/mouldking.store\/wp-content\/uploads\/2021\/11\/ZHEGAO-QJ5002-5005-Sci-Fi-Fighter-4.jpg\" alt=\"ZHEGAO QJ5002-5005 Sci-Fi Fighter\" width=\"800\" height=\"800\" title=\"-\" srcset=\"https:\/\/mouldking.store\/wp-content\/uploads\/2021\/11\/ZHEGAO-QJ5002-5005-Sci-Fi-Fighter-4.jpg 800w, https:\/\/mouldking.store\/wp-content\/uploads\/2021\/11\/ZHEGAO-QJ5002-5005-Sci-Fi-Fighter-4-300x300.jpg 300w, https:\/\/mouldking.store\/wp-content\/uploads\/2021\/11\/ZHEGAO-QJ5002-5005-Sci-Fi-Fighter-4-768x768.jpg 768w, https:\/\/mouldking.store\/wp-content\/uploads\/2021\/11\/ZHEGAO-QJ5002-5005-Sci-Fi-Fighter-4-600x600.jpg 600w, https:\/\/mouldking.store\/wp-content\/uploads\/2021\/11\/ZHEGAO-QJ5002-5005-Sci-Fi-Fighter-4-150x150.jpg 150w\" sizes=\"(max-width: 800px) 100vw, 800px\" \/><figcaption id=\"caption-attachment-27743\" class=\"wp-caption-text\">ZHEGAO QJ5002-5005 Sci-Fi Fighter<\/figcaption><\/figure>","protected":false},"excerpt":{"rendered":"<p>Product information: Brand: ZHEGAO Gender: Unisex Name: Sci-Fi Fighter Age Range: &gt; 6 years old Model Number: QJ5002-5005 Classification: Assemblage Plastic Block Shape: Self-Locking Bricks Material: Plastic Plastic Type: ABS Contains detailed assembly instructions. Notice: 1. Without an original box, but we guarantee our products have quality assurance and nice packaging. 2. As all the [&hellip;]<\/p>","protected":false},"featured_media":27749,"comment_status":"open","ping_status":"closed","template":"","meta":{"_acf_changed":false},"product_cat":[581],"product_tag":[3761,3763,3760,3759,3764,3765,3762],"class_list":["product","first","instock","shipping-taxable","purchasable","product-type-variable"],"acf":[],"_links":{"self":[{"href":"https:\/\/mouldking.store\/nb\/wp-json\/wp\/v2\/product\/27740","targetHints":{"allow":["GET"]}}],"collection":[{"href":"https:\/\/mouldking.store\/nb\/wp-json\/wp\/v2\/product"}],"about":[{"href":"https:\/\/mouldking.store\/nb\/wp-json\/wp\/v2\/types\/product"}],"replies":[{"embeddable":true,"href":"https:\/\/mouldking.store\/nb\/wp-json\/wp\/v2\/comments?post=27740"}],"wp:featuredmedia":[{"embeddable":true,"href":"https:\/\/mouldking.store\/nb\/wp-json\/wp\/v2\/media\/27749"}],"wp:attachment":[{"href":"https:\/\/mouldking.store\/nb\/wp-json\/wp\/v2\/media?parent=27740"}],"wp:term":[{"taxonomy":"product_cat","embeddable":true,"href":"https:\/\/mouldking.store\/nb\/wp-json\/wp\/v2\/product_cat?post=27740"},{"taxonomy":"product_tag","embeddable":true,"href":"https:\/\/mouldking.store\/nb\/wp-json\/wp\/v2\/product_tag?post=27740"}],"curies":[{"name":"wp","href":"https:\/\/api.w.org\/{rel}","templated":true}]}}