{"id":27754,"date":"2021-11-22T09:53:00","date_gmt":"2021-11-22T09:53:00","guid":{"rendered":"https:\/\/mouldking.store\/?post_type=product&#038;p=27754"},"modified":"2021-12-23T09:40:32","modified_gmt":"2021-12-23T09:40:32","slug":"urge-50103-medievaltown-windmill-with-1824-pieces","status":"publish","type":"product","link":"https:\/\/mouldking.store\/nb\/shop\/urge-50103-medievaltown-windmill-with-1824-pieces\/","title":{"rendered":"URGE 50103 Medievaltown Windmill med 1824 stykker"},"content":{"rendered":"<p>Produktinformasjon:<\/p>\n<ol>\n<li>Merke: URGE<\/li>\n<li>Kj\u00f8nn: Unisex<\/li>\n<li>Name: Medievaltown Windmill<\/li>\n<li>Aldersgruppe: &gt; 6 \u00e5r gammel<\/li>\n<li>Model Number: 50103<\/li>\n<li>Klassifisering: Montering<\/li>\n<li>Plastblokkform: Selvl\u00e5sende murstein<\/li>\n<li>Materiale: Plast<\/li>\n<li>Plasttype: ABS<\/li>\n<li>Bricks Blocks: 1824 PCS<\/li>\n<li>Inneholder detaljerte monteringsanvisninger.<\/li>\n<\/ol>\n<p>Legge merke til:<br \/>\n1. Uten original eske, men vi garanterer at v\u00e5re produkter har kvalitetssikring og pen emballasje.<br \/>\n2. Som alle delene vi har sjekket f\u00f8r frakt, s\u00e5 hvis du finner noen deler savnet eller skadet, ikke bekymre deg og bare kontakt oss, s\u00e5 kan vi sende dem til deg p\u00e5 nytt umiddelbart gratis.<\/p>\n<figure id=\"attachment_27755\" aria-describedby=\"caption-attachment-27755\" style=\"width: 580px\" class=\"wp-caption aligncenter\"><img fetchpriority=\"high\" decoding=\"async\" class=\"wp-image-27755 size-full\" src=\"https:\/\/mouldking.store\/wp-content\/uploads\/2021\/11\/URGE-50103-Medievaltown-Windmill-with-1824-pieces-8.jpg\" alt=\"URGE 50103 Medievaltown Windmill with 1824 pieces\" width=\"580\" height=\"1023\" title=\"-\" srcset=\"https:\/\/mouldking.store\/wp-content\/uploads\/2021\/11\/URGE-50103-Medievaltown-Windmill-with-1824-pieces-8.jpg 580w, https:\/\/mouldking.store\/wp-content\/uploads\/2021\/11\/URGE-50103-Medievaltown-Windmill-with-1824-pieces-8-170x300.jpg 170w, https:\/\/mouldking.store\/wp-content\/uploads\/2021\/11\/URGE-50103-Medievaltown-Windmill-with-1824-pieces-8-300x529.jpg 300w, https:\/\/mouldking.store\/wp-content\/uploads\/2021\/11\/URGE-50103-Medievaltown-Windmill-with-1824-pieces-8-85x150.jpg 85w\" sizes=\"(max-width: 580px) 100vw, 580px\" \/><figcaption id=\"caption-attachment-27755\" class=\"wp-caption-text\">URGE 50103 Medievaltown Windmill med 1824 stykker<\/figcaption><\/figure>\n<figure id=\"attachment_27761\" aria-describedby=\"caption-attachment-27761\" style=\"width: 620px\" class=\"wp-caption aligncenter\"><img decoding=\"async\" class=\"wp-image-27761 size-full\" src=\"https:\/\/mouldking.store\/wp-content\/uploads\/2021\/11\/URGE-50103-Medievaltown-Windmill-with-1824-pieces-6.jpg\" alt=\"URGE 50103 Medievaltown Windmill with 1824 pieces\" width=\"620\" height=\"982\" title=\"-\" srcset=\"https:\/\/mouldking.store\/wp-content\/uploads\/2021\/11\/URGE-50103-Medievaltown-Windmill-with-1824-pieces-6.jpg 620w, https:\/\/mouldking.store\/wp-content\/uploads\/2021\/11\/URGE-50103-Medievaltown-Windmill-with-1824-pieces-6-189x300.jpg 189w, https:\/\/mouldking.store\/wp-content\/uploads\/2021\/11\/URGE-50103-Medievaltown-Windmill-with-1824-pieces-6-300x475.jpg 300w, https:\/\/mouldking.store\/wp-content\/uploads\/2021\/11\/URGE-50103-Medievaltown-Windmill-with-1824-pieces-6-600x950.jpg 600w, https:\/\/mouldking.store\/wp-content\/uploads\/2021\/11\/URGE-50103-Medievaltown-Windmill-with-1824-pieces-6-95x150.jpg 95w\" sizes=\"(max-width: 620px) 100vw, 620px\" \/><figcaption id=\"caption-attachment-27761\" class=\"wp-caption-text\">URGE 50103 Medievaltown Windmill med 1824 stykker<\/figcaption><\/figure>\n<figure id=\"attachment_27762\" aria-describedby=\"caption-attachment-27762\" style=\"width: 620px\" class=\"wp-caption aligncenter\"><img decoding=\"async\" class=\"wp-image-27762 size-full\" src=\"https:\/\/mouldking.store\/wp-content\/uploads\/2021\/11\/URGE-50103-Medievaltown-Windmill-with-1824-pieces-7.jpg\" alt=\"URGE 50103 Medievaltown Windmill with 1824 pieces\" width=\"620\" height=\"928\" title=\"-\" srcset=\"https:\/\/mouldking.store\/wp-content\/uploads\/2021\/11\/URGE-50103-Medievaltown-Windmill-with-1824-pieces-7.jpg 620w, https:\/\/mouldking.store\/wp-content\/uploads\/2021\/11\/URGE-50103-Medievaltown-Windmill-with-1824-pieces-7-200x300.jpg 200w, https:\/\/mouldking.store\/wp-content\/uploads\/2021\/11\/URGE-50103-Medievaltown-Windmill-with-1824-pieces-7-300x449.jpg 300w, https:\/\/mouldking.store\/wp-content\/uploads\/2021\/11\/URGE-50103-Medievaltown-Windmill-with-1824-pieces-7-600x898.jpg 600w, https:\/\/mouldking.store\/wp-content\/uploads\/2021\/11\/URGE-50103-Medievaltown-Windmill-with-1824-pieces-7-100x150.jpg 100w\" sizes=\"(max-width: 620px) 100vw, 620px\" \/><figcaption id=\"caption-attachment-27762\" class=\"wp-caption-text\">URGE 50103 Medievaltown Windmill med 1824 stykker<\/figcaption><\/figure>\n<figure id=\"attachment_27759\" aria-describedby=\"caption-attachment-27759\" style=\"width: 620px\" class=\"wp-caption aligncenter\"><img loading=\"lazy\" decoding=\"async\" class=\"wp-image-27759 size-full\" src=\"https:\/\/mouldking.store\/wp-content\/uploads\/2021\/11\/URGE-50103-Medievaltown-Windmill-with-1824-pieces-4.jpg\" alt=\"URGE 50103 Medievaltown Windmill with 1824 pieces\" width=\"620\" height=\"929\" title=\"-\" srcset=\"https:\/\/mouldking.store\/wp-content\/uploads\/2021\/11\/URGE-50103-Medievaltown-Windmill-with-1824-pieces-4.jpg 620w, https:\/\/mouldking.store\/wp-content\/uploads\/2021\/11\/URGE-50103-Medievaltown-Windmill-with-1824-pieces-4-200x300.jpg 200w, https:\/\/mouldking.store\/wp-content\/uploads\/2021\/11\/URGE-50103-Medievaltown-Windmill-with-1824-pieces-4-300x450.jpg 300w, https:\/\/mouldking.store\/wp-content\/uploads\/2021\/11\/URGE-50103-Medievaltown-Windmill-with-1824-pieces-4-600x899.jpg 600w, https:\/\/mouldking.store\/wp-content\/uploads\/2021\/11\/URGE-50103-Medievaltown-Windmill-with-1824-pieces-4-100x150.jpg 100w\" sizes=\"(max-width: 620px) 100vw, 620px\" \/><figcaption id=\"caption-attachment-27759\" class=\"wp-caption-text\">URGE 50103 Medievaltown Windmill med 1824 stykker<\/figcaption><\/figure>\n<figure id=\"attachment_27760\" aria-describedby=\"caption-attachment-27760\" style=\"width: 539px\" class=\"wp-caption aligncenter\"><img loading=\"lazy\" decoding=\"async\" class=\"wp-image-27760 size-full\" src=\"https:\/\/mouldking.store\/wp-content\/uploads\/2021\/11\/URGE-50103-Medievaltown-Windmill-with-1824-pieces-5.jpg\" alt=\"URGE 50103 Medievaltown Windmill with 1824 pieces\" width=\"539\" height=\"1023\" title=\"-\" srcset=\"https:\/\/mouldking.store\/wp-content\/uploads\/2021\/11\/URGE-50103-Medievaltown-Windmill-with-1824-pieces-5.jpg 539w, https:\/\/mouldking.store\/wp-content\/uploads\/2021\/11\/URGE-50103-Medievaltown-Windmill-with-1824-pieces-5-158x300.jpg 158w, https:\/\/mouldking.store\/wp-content\/uploads\/2021\/11\/URGE-50103-Medievaltown-Windmill-with-1824-pieces-5-300x569.jpg 300w, https:\/\/mouldking.store\/wp-content\/uploads\/2021\/11\/URGE-50103-Medievaltown-Windmill-with-1824-pieces-5-79x150.jpg 79w\" sizes=\"(max-width: 539px) 100vw, 539px\" \/><figcaption id=\"caption-attachment-27760\" class=\"wp-caption-text\">URGE 50103 Medievaltown Windmill med 1824 stykker<\/figcaption><\/figure>\n<figure id=\"attachment_27758\" aria-describedby=\"caption-attachment-27758\" style=\"width: 429px\" class=\"wp-caption aligncenter\"><img loading=\"lazy\" decoding=\"async\" class=\"wp-image-27758 size-full\" src=\"https:\/\/mouldking.store\/wp-content\/uploads\/2021\/11\/URGE-50103-Medievaltown-Windmill-with-1824-pieces-3.jpg\" alt=\"URGE 50103 Medievaltown Windmill with 1824 pieces\" width=\"429\" height=\"1023\" title=\"-\" srcset=\"https:\/\/mouldking.store\/wp-content\/uploads\/2021\/11\/URGE-50103-Medievaltown-Windmill-with-1824-pieces-3.jpg 429w, https:\/\/mouldking.store\/wp-content\/uploads\/2021\/11\/URGE-50103-Medievaltown-Windmill-with-1824-pieces-3-126x300.jpg 126w, https:\/\/mouldking.store\/wp-content\/uploads\/2021\/11\/URGE-50103-Medievaltown-Windmill-with-1824-pieces-3-300x715.jpg 300w, https:\/\/mouldking.store\/wp-content\/uploads\/2021\/11\/URGE-50103-Medievaltown-Windmill-with-1824-pieces-3-63x150.jpg 63w\" sizes=\"(max-width: 429px) 100vw, 429px\" \/><figcaption id=\"caption-attachment-27758\" class=\"wp-caption-text\">URGE 50103 Medievaltown Windmill med 1824 stykker<\/figcaption><\/figure>\n<figure id=\"attachment_27756\" aria-describedby=\"caption-attachment-27756\" style=\"width: 800px\" class=\"wp-caption aligncenter\"><img loading=\"lazy\" decoding=\"async\" class=\"wp-image-27756 size-full\" src=\"https:\/\/mouldking.store\/wp-content\/uploads\/2021\/11\/URGE-50103-Medievaltown-Windmill-with-1824-pieces-1.jpg\" alt=\"URGE 50103 Medievaltown Windmill with 1824 pieces\" width=\"800\" height=\"800\" title=\"-\" srcset=\"https:\/\/mouldking.store\/wp-content\/uploads\/2021\/11\/URGE-50103-Medievaltown-Windmill-with-1824-pieces-1.jpg 800w, https:\/\/mouldking.store\/wp-content\/uploads\/2021\/11\/URGE-50103-Medievaltown-Windmill-with-1824-pieces-1-300x300.jpg 300w, https:\/\/mouldking.store\/wp-content\/uploads\/2021\/11\/URGE-50103-Medievaltown-Windmill-with-1824-pieces-1-768x768.jpg 768w, https:\/\/mouldking.store\/wp-content\/uploads\/2021\/11\/URGE-50103-Medievaltown-Windmill-with-1824-pieces-1-600x600.jpg 600w, https:\/\/mouldking.store\/wp-content\/uploads\/2021\/11\/URGE-50103-Medievaltown-Windmill-with-1824-pieces-1-150x150.jpg 150w\" sizes=\"(max-width: 800px) 100vw, 800px\" \/><figcaption id=\"caption-attachment-27756\" class=\"wp-caption-text\">URGE 50103 Medievaltown Windmill med 1824 stykker<\/figcaption><\/figure>\n<figure id=\"attachment_27757\" aria-describedby=\"caption-attachment-27757\" style=\"width: 620px\" class=\"wp-caption aligncenter\"><img loading=\"lazy\" decoding=\"async\" class=\"wp-image-27757 size-full\" src=\"https:\/\/mouldking.store\/wp-content\/uploads\/2021\/11\/URGE-50103-Medievaltown-Windmill-with-1824-pieces-2.jpg\" alt=\"URGE 50103 Medievaltown Windmill with 1824 pieces\" width=\"620\" height=\"593\" title=\"-\" srcset=\"https:\/\/mouldking.store\/wp-content\/uploads\/2021\/11\/URGE-50103-Medievaltown-Windmill-with-1824-pieces-2.jpg 620w, https:\/\/mouldking.store\/wp-content\/uploads\/2021\/11\/URGE-50103-Medievaltown-Windmill-with-1824-pieces-2-300x287.jpg 300w, https:\/\/mouldking.store\/wp-content\/uploads\/2021\/11\/URGE-50103-Medievaltown-Windmill-with-1824-pieces-2-600x574.jpg 600w, https:\/\/mouldking.store\/wp-content\/uploads\/2021\/11\/URGE-50103-Medievaltown-Windmill-with-1824-pieces-2-150x143.jpg 150w\" sizes=\"(max-width: 620px) 100vw, 620px\" \/><figcaption id=\"caption-attachment-27757\" class=\"wp-caption-text\">URGE 50103 Medievaltown Windmill med 1824 stykker<\/figcaption><\/figure>","protected":false},"excerpt":{"rendered":"<p>Product information: Brand: URGE Gender: Unisex Name: Medievaltown Windmill Age Range: &gt; 6 years old Model Number: 50103 Classification: Assemblage Plastic Block Shape: Self-Locking Bricks Material: Plastic Plastic Type: ABS Bricks Blocks: 1824 PCS Contains detailed assembly instructions. Notice: 1. Without an original box, but we guarantee our products have quality assurance and nice packaging. [&hellip;]<\/p>","protected":false},"featured_media":27756,"comment_status":"open","ping_status":"closed","template":"","meta":{"_acf_changed":false},"product_cat":[390],"product_tag":[3768,3772,2763,3770,1912,3769,3767,3766,3771,3773],"class_list":["product","first","instock","shipping-taxable","purchasable","product-type-simple"],"acf":[],"_links":{"self":[{"href":"https:\/\/mouldking.store\/nb\/wp-json\/wp\/v2\/product\/27754","targetHints":{"allow":["GET"]}}],"collection":[{"href":"https:\/\/mouldking.store\/nb\/wp-json\/wp\/v2\/product"}],"about":[{"href":"https:\/\/mouldking.store\/nb\/wp-json\/wp\/v2\/types\/product"}],"replies":[{"embeddable":true,"href":"https:\/\/mouldking.store\/nb\/wp-json\/wp\/v2\/comments?post=27754"}],"wp:featuredmedia":[{"embeddable":true,"href":"https:\/\/mouldking.store\/nb\/wp-json\/wp\/v2\/media\/27756"}],"wp:attachment":[{"href":"https:\/\/mouldking.store\/nb\/wp-json\/wp\/v2\/media?parent=27754"}],"wp:term":[{"taxonomy":"product_cat","embeddable":true,"href":"https:\/\/mouldking.store\/nb\/wp-json\/wp\/v2\/product_cat?post=27754"},{"taxonomy":"product_tag","embeddable":true,"href":"https:\/\/mouldking.store\/nb\/wp-json\/wp\/v2\/product_tag?post=27754"}],"curies":[{"name":"wp","href":"https:\/\/api.w.org\/{rel}","templated":true}]}}