{"id":27798,"date":"2021-11-24T12:32:08","date_gmt":"2021-11-24T12:32:08","guid":{"rendered":"https:\/\/mouldking.store\/?post_type=product&#038;p=27798"},"modified":"2021-12-23T09:40:31","modified_gmt":"2021-12-23T09:40:31","slug":"xinyu-yc-qc-013-container-with-3565-pieces","status":"publish","type":"product","link":"https:\/\/mouldking.store\/nb\/shop\/xinyu-yc-qc-013-container-with-3565-pieces\/","title":{"rendered":"XINYU YC-QC 013 Beholder med 3565 stk"},"content":{"rendered":"<p>Produktinformasjon:<\/p>\n<ol>\n<li>Merke: XINYU<\/li>\n<li>Kj\u00f8nn: Unisex<\/li>\n<li>Navn: Container<\/li>\n<li>Aldersgruppe: &gt; 6 \u00e5r gammel<\/li>\n<li>Modellnummer: YC-QC 013<\/li>\n<li>Klassifisering: Montering<\/li>\n<li>Plastblokkform: Selvl\u00e5sende murstein<\/li>\n<li>Materiale: Plast<\/li>\n<li>Plasttype: ABS<\/li>\n<li>Mursteinsblokker: 3565 STK<\/li>\n<li>Inneholder detaljerte monteringsanvisninger.<\/li>\n<\/ol>\n<p>Legge merke til:<br \/>\n1. Uten original eske, men vi garanterer at v\u00e5re produkter har kvalitetssikring og pen emballasje.<br \/>\n2. Som alle delene vi har sjekket f\u00f8r frakt, s\u00e5 hvis du finner noen deler savnet eller skadet, ikke bekymre deg og bare kontakt oss, s\u00e5 kan vi sende dem til deg p\u00e5 nytt umiddelbart gratis.<\/p>\n<p>&nbsp;<\/p>\n<figure id=\"attachment_27799\" aria-describedby=\"caption-attachment-27799\" style=\"width: 800px\" class=\"wp-caption aligncenter\"><img fetchpriority=\"high\" decoding=\"async\" class=\"wp-image-27799 size-full\" src=\"https:\/\/mouldking.store\/wp-content\/uploads\/2021\/11\/TECHNICIAN-XINYU-YC-QC-013-Container-5.jpg\" alt=\"XINYU YC-QC 013 Container with 3565 pieces\" width=\"800\" height=\"800\" title=\"-\" srcset=\"https:\/\/mouldking.store\/wp-content\/uploads\/2021\/11\/TECHNICIAN-XINYU-YC-QC-013-Container-5.jpg 800w, https:\/\/mouldking.store\/wp-content\/uploads\/2021\/11\/TECHNICIAN-XINYU-YC-QC-013-Container-5-300x300.jpg 300w, https:\/\/mouldking.store\/wp-content\/uploads\/2021\/11\/TECHNICIAN-XINYU-YC-QC-013-Container-5-768x768.jpg 768w, https:\/\/mouldking.store\/wp-content\/uploads\/2021\/11\/TECHNICIAN-XINYU-YC-QC-013-Container-5-600x600.jpg 600w, https:\/\/mouldking.store\/wp-content\/uploads\/2021\/11\/TECHNICIAN-XINYU-YC-QC-013-Container-5-150x150.jpg 150w\" sizes=\"(max-width: 800px) 100vw, 800px\" \/><figcaption id=\"caption-attachment-27799\" class=\"wp-caption-text\">XINYU YC-QC 013 Beholder med 3565 stk<\/figcaption><\/figure>\n<figure id=\"attachment_27801\" aria-describedby=\"caption-attachment-27801\" style=\"width: 790px\" class=\"wp-caption aligncenter\"><img decoding=\"async\" class=\"wp-image-27801 size-full\" src=\"https:\/\/mouldking.store\/wp-content\/uploads\/2021\/11\/TECHNICIAN-XINYU-YC-QC-013-Container-7.jpg\" alt=\"XINYU YC-QC 013 Container with 3565 pieces\" width=\"790\" height=\"792\" title=\"-\" srcset=\"https:\/\/mouldking.store\/wp-content\/uploads\/2021\/11\/TECHNICIAN-XINYU-YC-QC-013-Container-7.jpg 790w, https:\/\/mouldking.store\/wp-content\/uploads\/2021\/11\/TECHNICIAN-XINYU-YC-QC-013-Container-7-300x301.jpg 300w, https:\/\/mouldking.store\/wp-content\/uploads\/2021\/11\/TECHNICIAN-XINYU-YC-QC-013-Container-7-768x770.jpg 768w, https:\/\/mouldking.store\/wp-content\/uploads\/2021\/11\/TECHNICIAN-XINYU-YC-QC-013-Container-7-600x602.jpg 600w, https:\/\/mouldking.store\/wp-content\/uploads\/2021\/11\/TECHNICIAN-XINYU-YC-QC-013-Container-7-150x150.jpg 150w\" sizes=\"(max-width: 790px) 100vw, 790px\" \/><figcaption id=\"caption-attachment-27801\" class=\"wp-caption-text\">XINYU YC-QC 013 Beholder med 3565 stk<\/figcaption><\/figure>\n<figure id=\"attachment_27803\" aria-describedby=\"caption-attachment-27803\" style=\"width: 790px\" class=\"wp-caption aligncenter\"><img decoding=\"async\" class=\"wp-image-27803 size-full\" src=\"https:\/\/mouldking.store\/wp-content\/uploads\/2021\/11\/TECHNICIAN-XINYU-YC-QC-013-Container-9.jpg\" alt=\"XINYU YC-QC 013 Container with 3565 pieces\" width=\"790\" height=\"982\" title=\"-\" srcset=\"https:\/\/mouldking.store\/wp-content\/uploads\/2021\/11\/TECHNICIAN-XINYU-YC-QC-013-Container-9.jpg 790w, https:\/\/mouldking.store\/wp-content\/uploads\/2021\/11\/TECHNICIAN-XINYU-YC-QC-013-Container-9-241x300.jpg 241w, https:\/\/mouldking.store\/wp-content\/uploads\/2021\/11\/TECHNICIAN-XINYU-YC-QC-013-Container-9-768x955.jpg 768w, https:\/\/mouldking.store\/wp-content\/uploads\/2021\/11\/TECHNICIAN-XINYU-YC-QC-013-Container-9-300x373.jpg 300w, https:\/\/mouldking.store\/wp-content\/uploads\/2021\/11\/TECHNICIAN-XINYU-YC-QC-013-Container-9-600x746.jpg 600w, https:\/\/mouldking.store\/wp-content\/uploads\/2021\/11\/TECHNICIAN-XINYU-YC-QC-013-Container-9-121x150.jpg 121w\" sizes=\"(max-width: 790px) 100vw, 790px\" \/><figcaption id=\"caption-attachment-27803\" class=\"wp-caption-text\">XINYU YC-QC 013 Beholder med 3565 stk<\/figcaption><\/figure>\n<figure id=\"attachment_27806\" aria-describedby=\"caption-attachment-27806\" style=\"width: 800px\" class=\"wp-caption aligncenter\"><img loading=\"lazy\" decoding=\"async\" class=\"wp-image-27806 size-full\" src=\"https:\/\/mouldking.store\/wp-content\/uploads\/2021\/11\/TECHNICIAN-XINYU-YC-QC-013-Container-3.jpg\" alt=\"XINYU YC-QC 013 Container with 3565 pieces\" width=\"800\" height=\"800\" title=\"-\" srcset=\"https:\/\/mouldking.store\/wp-content\/uploads\/2021\/11\/TECHNICIAN-XINYU-YC-QC-013-Container-3.jpg 800w, https:\/\/mouldking.store\/wp-content\/uploads\/2021\/11\/TECHNICIAN-XINYU-YC-QC-013-Container-3-300x300.jpg 300w, https:\/\/mouldking.store\/wp-content\/uploads\/2021\/11\/TECHNICIAN-XINYU-YC-QC-013-Container-3-768x768.jpg 768w, https:\/\/mouldking.store\/wp-content\/uploads\/2021\/11\/TECHNICIAN-XINYU-YC-QC-013-Container-3-600x600.jpg 600w, https:\/\/mouldking.store\/wp-content\/uploads\/2021\/11\/TECHNICIAN-XINYU-YC-QC-013-Container-3-150x150.jpg 150w\" sizes=\"(max-width: 800px) 100vw, 800px\" \/><figcaption id=\"caption-attachment-27806\" class=\"wp-caption-text\">XINYU YC-QC 013 Beholder med 3565 stk<\/figcaption><\/figure>\n<figure id=\"attachment_27807\" aria-describedby=\"caption-attachment-27807\" style=\"width: 800px\" class=\"wp-caption aligncenter\"><img loading=\"lazy\" decoding=\"async\" class=\"wp-image-27807 size-full\" src=\"https:\/\/mouldking.store\/wp-content\/uploads\/2021\/11\/TECHNICIAN-XINYU-YC-QC-013-Container-4.jpg\" alt=\"XINYU YC-QC 013 Container with 3565 pieces\" width=\"800\" height=\"800\" title=\"-\" srcset=\"https:\/\/mouldking.store\/wp-content\/uploads\/2021\/11\/TECHNICIAN-XINYU-YC-QC-013-Container-4.jpg 800w, https:\/\/mouldking.store\/wp-content\/uploads\/2021\/11\/TECHNICIAN-XINYU-YC-QC-013-Container-4-300x300.jpg 300w, https:\/\/mouldking.store\/wp-content\/uploads\/2021\/11\/TECHNICIAN-XINYU-YC-QC-013-Container-4-768x768.jpg 768w, https:\/\/mouldking.store\/wp-content\/uploads\/2021\/11\/TECHNICIAN-XINYU-YC-QC-013-Container-4-600x600.jpg 600w, https:\/\/mouldking.store\/wp-content\/uploads\/2021\/11\/TECHNICIAN-XINYU-YC-QC-013-Container-4-150x150.jpg 150w\" sizes=\"(max-width: 800px) 100vw, 800px\" \/><figcaption id=\"caption-attachment-27807\" class=\"wp-caption-text\">XINYU YC-QC 013 Beholder med 3565 stk<\/figcaption><\/figure>\n<figure id=\"attachment_27804\" aria-describedby=\"caption-attachment-27804\" style=\"width: 754px\" class=\"wp-caption aligncenter\"><img loading=\"lazy\" decoding=\"async\" class=\"wp-image-27804 size-full\" src=\"https:\/\/mouldking.store\/wp-content\/uploads\/2021\/11\/TECHNICIAN-XINYU-YC-QC-013-Container-1.jpg\" alt=\"XINYU YC-QC 013 Container with 3565 pieces\" width=\"754\" height=\"1024\" title=\"-\" srcset=\"https:\/\/mouldking.store\/wp-content\/uploads\/2021\/11\/TECHNICIAN-XINYU-YC-QC-013-Container-1.jpg 754w, https:\/\/mouldking.store\/wp-content\/uploads\/2021\/11\/TECHNICIAN-XINYU-YC-QC-013-Container-1-221x300.jpg 221w, https:\/\/mouldking.store\/wp-content\/uploads\/2021\/11\/TECHNICIAN-XINYU-YC-QC-013-Container-1-300x407.jpg 300w, https:\/\/mouldking.store\/wp-content\/uploads\/2021\/11\/TECHNICIAN-XINYU-YC-QC-013-Container-1-600x815.jpg 600w, https:\/\/mouldking.store\/wp-content\/uploads\/2021\/11\/TECHNICIAN-XINYU-YC-QC-013-Container-1-110x150.jpg 110w\" sizes=\"(max-width: 754px) 100vw, 754px\" \/><figcaption id=\"caption-attachment-27804\" class=\"wp-caption-text\">XINYU YC-QC 013 Beholder med 3565 stk<\/figcaption><\/figure>\n<figure id=\"attachment_27805\" aria-describedby=\"caption-attachment-27805\" style=\"width: 790px\" class=\"wp-caption aligncenter\"><img loading=\"lazy\" decoding=\"async\" class=\"wp-image-27805 size-full\" src=\"https:\/\/mouldking.store\/wp-content\/uploads\/2021\/11\/TECHNICIAN-XINYU-YC-QC-013-Container-2.jpg\" alt=\"XINYU YC-QC 013 Container with 3565 pieces\" width=\"790\" height=\"644\" title=\"-\" srcset=\"https:\/\/mouldking.store\/wp-content\/uploads\/2021\/11\/TECHNICIAN-XINYU-YC-QC-013-Container-2.jpg 790w, https:\/\/mouldking.store\/wp-content\/uploads\/2021\/11\/TECHNICIAN-XINYU-YC-QC-013-Container-2-300x245.jpg 300w, https:\/\/mouldking.store\/wp-content\/uploads\/2021\/11\/TECHNICIAN-XINYU-YC-QC-013-Container-2-768x626.jpg 768w, https:\/\/mouldking.store\/wp-content\/uploads\/2021\/11\/TECHNICIAN-XINYU-YC-QC-013-Container-2-600x489.jpg 600w, https:\/\/mouldking.store\/wp-content\/uploads\/2021\/11\/TECHNICIAN-XINYU-YC-QC-013-Container-2-150x122.jpg 150w\" sizes=\"(max-width: 790px) 100vw, 790px\" \/><figcaption id=\"caption-attachment-27805\" class=\"wp-caption-text\">XINYU YC-QC 013 Beholder med 3565 stk<\/figcaption><\/figure>\n<figure id=\"attachment_27802\" aria-describedby=\"caption-attachment-27802\" style=\"width: 790px\" class=\"wp-caption aligncenter\"><img loading=\"lazy\" decoding=\"async\" class=\"wp-image-27802 size-full\" src=\"https:\/\/mouldking.store\/wp-content\/uploads\/2021\/11\/TECHNICIAN-XINYU-YC-QC-013-Container-8.jpg\" alt=\"XINYU YC-QC 013 Container with 3565 pieces\" width=\"790\" height=\"370\" title=\"-\" srcset=\"https:\/\/mouldking.store\/wp-content\/uploads\/2021\/11\/TECHNICIAN-XINYU-YC-QC-013-Container-8.jpg 790w, https:\/\/mouldking.store\/wp-content\/uploads\/2021\/11\/TECHNICIAN-XINYU-YC-QC-013-Container-8-300x141.jpg 300w, https:\/\/mouldking.store\/wp-content\/uploads\/2021\/11\/TECHNICIAN-XINYU-YC-QC-013-Container-8-768x360.jpg 768w, https:\/\/mouldking.store\/wp-content\/uploads\/2021\/11\/TECHNICIAN-XINYU-YC-QC-013-Container-8-600x281.jpg 600w, https:\/\/mouldking.store\/wp-content\/uploads\/2021\/11\/TECHNICIAN-XINYU-YC-QC-013-Container-8-150x70.jpg 150w\" sizes=\"(max-width: 790px) 100vw, 790px\" \/><figcaption id=\"caption-attachment-27802\" class=\"wp-caption-text\">XINYU YC-QC 013 Beholder med 3565 stk<\/figcaption><\/figure>\n<figure id=\"attachment_27800\" aria-describedby=\"caption-attachment-27800\" style=\"width: 790px\" class=\"wp-caption aligncenter\"><img loading=\"lazy\" decoding=\"async\" class=\"wp-image-27800 size-full\" src=\"https:\/\/mouldking.store\/wp-content\/uploads\/2021\/11\/TECHNICIAN-XINYU-YC-QC-013-Container-6.jpg\" alt=\"XINYU YC-QC 013 Container with 3565 pieces\" width=\"790\" height=\"664\" title=\"-\" srcset=\"https:\/\/mouldking.store\/wp-content\/uploads\/2021\/11\/TECHNICIAN-XINYU-YC-QC-013-Container-6.jpg 790w, https:\/\/mouldking.store\/wp-content\/uploads\/2021\/11\/TECHNICIAN-XINYU-YC-QC-013-Container-6-300x252.jpg 300w, https:\/\/mouldking.store\/wp-content\/uploads\/2021\/11\/TECHNICIAN-XINYU-YC-QC-013-Container-6-768x646.jpg 768w, https:\/\/mouldking.store\/wp-content\/uploads\/2021\/11\/TECHNICIAN-XINYU-YC-QC-013-Container-6-600x504.jpg 600w, https:\/\/mouldking.store\/wp-content\/uploads\/2021\/11\/TECHNICIAN-XINYU-YC-QC-013-Container-6-150x126.jpg 150w\" sizes=\"(max-width: 790px) 100vw, 790px\" \/><figcaption id=\"caption-attachment-27800\" class=\"wp-caption-text\">XINYU YC-QC 013 Beholder med 3565 stk<\/figcaption><\/figure>\n<p>&nbsp;<\/p>","protected":false},"excerpt":{"rendered":"<p>Product information: Brand: XINYU Gender: Unisex Name: Container Age Range: &gt; 6 years old Model Number: YC-QC 013 Classification: Assemblage Plastic Block Shape: Self-Locking Bricks Material: Plastic Plastic Type: ABS Bricks Blocks: 3565 PCS Contains detailed assembly instructions. Notice: 1. Without an original box, but we guarantee our products have quality assurance and nice packaging. [&hellip;]<\/p>","protected":false},"featured_media":27799,"comment_status":"open","ping_status":"closed","template":"","meta":{"_acf_changed":false},"product_cat":[364],"product_tag":[3786,1841,2209,3787,3785,3784,3788],"class_list":["product","first","instock","shipping-taxable","purchasable","product-type-simple"],"acf":[],"_links":{"self":[{"href":"https:\/\/mouldking.store\/nb\/wp-json\/wp\/v2\/product\/27798","targetHints":{"allow":["GET"]}}],"collection":[{"href":"https:\/\/mouldking.store\/nb\/wp-json\/wp\/v2\/product"}],"about":[{"href":"https:\/\/mouldking.store\/nb\/wp-json\/wp\/v2\/types\/product"}],"replies":[{"embeddable":true,"href":"https:\/\/mouldking.store\/nb\/wp-json\/wp\/v2\/comments?post=27798"}],"wp:featuredmedia":[{"embeddable":true,"href":"https:\/\/mouldking.store\/nb\/wp-json\/wp\/v2\/media\/27799"}],"wp:attachment":[{"href":"https:\/\/mouldking.store\/nb\/wp-json\/wp\/v2\/media?parent=27798"}],"wp:term":[{"taxonomy":"product_cat","embeddable":true,"href":"https:\/\/mouldking.store\/nb\/wp-json\/wp\/v2\/product_cat?post=27798"},{"taxonomy":"product_tag","embeddable":true,"href":"https:\/\/mouldking.store\/nb\/wp-json\/wp\/v2\/product_tag?post=27798"}],"curies":[{"name":"wp","href":"https:\/\/api.w.org\/{rel}","templated":true}]}}