{"id":27830,"date":"2021-11-24T13:05:17","date_gmt":"2021-11-24T13:05:17","guid":{"rendered":"https:\/\/mouldking.store\/?post_type=product&#038;p=27830"},"modified":"2021-12-23T09:40:33","modified_gmt":"2021-12-23T09:40:33","slug":"kazi-ky82048-82053-wwii-weapons","status":"publish","type":"product","link":"https:\/\/mouldking.store\/nb\/shop\/kazi-ky82048-82053-wwii-weapons\/","title":{"rendered":"KAZI KY82048-82053 v\u00e5pen fra andre verdenskrig"},"content":{"rendered":"<p>Produktinformasjon:<\/p>\n<ol>\n<li>Merke: KAZI<\/li>\n<li>Kj\u00f8nn: Unisex<\/li>\n<li>Name: WWII Weapons<\/li>\n<li>Aldersgruppe: &gt; 6 \u00e5r gammel<\/li>\n<li>Model Number: KY82048-82053<\/li>\n<li>Klassifisering: Montering<\/li>\n<li>Plastblokkform: Selvl\u00e5sende murstein<\/li>\n<li>Materiale: Plast<\/li>\n<li>Plasttype: ABS<\/li>\n<li>Inneholder detaljerte monteringsanvisninger.<\/li>\n<\/ol>\n<p>Legge merke til:<br \/>\n1. Uten original eske, men vi garanterer at v\u00e5re produkter har kvalitetssikring og pen emballasje.<br \/>\n2. Som alle delene vi har sjekket f\u00f8r frakt, s\u00e5 hvis du finner noen deler savnet eller skadet, ikke bekymre deg og bare kontakt oss, s\u00e5 kan vi sende dem til deg p\u00e5 nytt umiddelbart gratis.<\/p>\n<figure id=\"attachment_27831\" aria-describedby=\"caption-attachment-27831\" style=\"width: 800px\" class=\"wp-caption aligncenter\"><img fetchpriority=\"high\" decoding=\"async\" class=\"wp-image-27831 size-full\" src=\"https:\/\/mouldking.store\/wp-content\/uploads\/2021\/11\/MILITARY-KAZI-KY82048-82053-WWII-Weapons-2.jpg\" alt=\"KAZI KY82048-82053 WWII Weapons\" width=\"800\" height=\"800\" title=\"-\" srcset=\"https:\/\/mouldking.store\/wp-content\/uploads\/2021\/11\/MILITARY-KAZI-KY82048-82053-WWII-Weapons-2.jpg 800w, https:\/\/mouldking.store\/wp-content\/uploads\/2021\/11\/MILITARY-KAZI-KY82048-82053-WWII-Weapons-2-300x300.jpg 300w, https:\/\/mouldking.store\/wp-content\/uploads\/2021\/11\/MILITARY-KAZI-KY82048-82053-WWII-Weapons-2-768x768.jpg 768w, https:\/\/mouldking.store\/wp-content\/uploads\/2021\/11\/MILITARY-KAZI-KY82048-82053-WWII-Weapons-2-600x600.jpg 600w, https:\/\/mouldking.store\/wp-content\/uploads\/2021\/11\/MILITARY-KAZI-KY82048-82053-WWII-Weapons-2-150x150.jpg 150w\" sizes=\"(max-width: 800px) 100vw, 800px\" \/><figcaption id=\"caption-attachment-27831\" class=\"wp-caption-text\">KAZI KY82048-82053 v\u00e5pen fra andre verdenskrig<\/figcaption><\/figure>\n<figure id=\"attachment_27833\" aria-describedby=\"caption-attachment-27833\" style=\"width: 800px\" class=\"wp-caption aligncenter\"><img decoding=\"async\" class=\"wp-image-27833 size-full\" src=\"https:\/\/mouldking.store\/wp-content\/uploads\/2021\/11\/MILITARY-KAZI-KY82048-82053-WWII-Weapons-4.jpg\" alt=\"KAZI KY82048-82053 WWII Weapons\" width=\"800\" height=\"800\" title=\"-\" srcset=\"https:\/\/mouldking.store\/wp-content\/uploads\/2021\/11\/MILITARY-KAZI-KY82048-82053-WWII-Weapons-4.jpg 800w, https:\/\/mouldking.store\/wp-content\/uploads\/2021\/11\/MILITARY-KAZI-KY82048-82053-WWII-Weapons-4-300x300.jpg 300w, https:\/\/mouldking.store\/wp-content\/uploads\/2021\/11\/MILITARY-KAZI-KY82048-82053-WWII-Weapons-4-768x768.jpg 768w, https:\/\/mouldking.store\/wp-content\/uploads\/2021\/11\/MILITARY-KAZI-KY82048-82053-WWII-Weapons-4-600x600.jpg 600w, https:\/\/mouldking.store\/wp-content\/uploads\/2021\/11\/MILITARY-KAZI-KY82048-82053-WWII-Weapons-4-150x150.jpg 150w\" sizes=\"(max-width: 800px) 100vw, 800px\" \/><figcaption id=\"caption-attachment-27833\" class=\"wp-caption-text\">KAZI KY82048-82053 v\u00e5pen fra andre verdenskrig<\/figcaption><\/figure>\n<figure id=\"attachment_27832\" aria-describedby=\"caption-attachment-27832\" style=\"width: 800px\" class=\"wp-caption aligncenter\"><img decoding=\"async\" class=\"wp-image-27832 size-full\" src=\"https:\/\/mouldking.store\/wp-content\/uploads\/2021\/11\/MILITARY-KAZI-KY82048-82053-WWII-Weapons-3.jpg\" alt=\"KAZI KY82048-82053 WWII Weapons\" width=\"800\" height=\"800\" title=\"-\" srcset=\"https:\/\/mouldking.store\/wp-content\/uploads\/2021\/11\/MILITARY-KAZI-KY82048-82053-WWII-Weapons-3.jpg 800w, https:\/\/mouldking.store\/wp-content\/uploads\/2021\/11\/MILITARY-KAZI-KY82048-82053-WWII-Weapons-3-300x300.jpg 300w, https:\/\/mouldking.store\/wp-content\/uploads\/2021\/11\/MILITARY-KAZI-KY82048-82053-WWII-Weapons-3-768x768.jpg 768w, https:\/\/mouldking.store\/wp-content\/uploads\/2021\/11\/MILITARY-KAZI-KY82048-82053-WWII-Weapons-3-600x600.jpg 600w, https:\/\/mouldking.store\/wp-content\/uploads\/2021\/11\/MILITARY-KAZI-KY82048-82053-WWII-Weapons-3-150x150.jpg 150w\" sizes=\"(max-width: 800px) 100vw, 800px\" \/><figcaption id=\"caption-attachment-27832\" class=\"wp-caption-text\">KAZI KY82048-82053 v\u00e5pen fra andre verdenskrig<\/figcaption><\/figure>\n<figure id=\"attachment_27834\" aria-describedby=\"caption-attachment-27834\" style=\"width: 800px\" class=\"wp-caption aligncenter\"><img loading=\"lazy\" decoding=\"async\" class=\"wp-image-27834 size-full\" src=\"https:\/\/mouldking.store\/wp-content\/uploads\/2021\/11\/MILITARY-KAZI-KY82048-82053-WWII-Weapons-5.jpg\" alt=\"KAZI KY82048-82053 WWII Weapons\" width=\"800\" height=\"800\" title=\"-\" srcset=\"https:\/\/mouldking.store\/wp-content\/uploads\/2021\/11\/MILITARY-KAZI-KY82048-82053-WWII-Weapons-5.jpg 800w, https:\/\/mouldking.store\/wp-content\/uploads\/2021\/11\/MILITARY-KAZI-KY82048-82053-WWII-Weapons-5-300x300.jpg 300w, https:\/\/mouldking.store\/wp-content\/uploads\/2021\/11\/MILITARY-KAZI-KY82048-82053-WWII-Weapons-5-768x768.jpg 768w, https:\/\/mouldking.store\/wp-content\/uploads\/2021\/11\/MILITARY-KAZI-KY82048-82053-WWII-Weapons-5-600x600.jpg 600w, https:\/\/mouldking.store\/wp-content\/uploads\/2021\/11\/MILITARY-KAZI-KY82048-82053-WWII-Weapons-5-150x150.jpg 150w\" sizes=\"(max-width: 800px) 100vw, 800px\" \/><figcaption id=\"caption-attachment-27834\" class=\"wp-caption-text\">KAZI KY82048-82053 v\u00e5pen fra andre verdenskrig<\/figcaption><\/figure>\n<figure id=\"attachment_27835\" aria-describedby=\"caption-attachment-27835\" style=\"width: 800px\" class=\"wp-caption aligncenter\"><img loading=\"lazy\" decoding=\"async\" class=\"wp-image-27835 size-full\" src=\"https:\/\/mouldking.store\/wp-content\/uploads\/2021\/11\/MILITARY-KAZI-KY82048-82053-WWII-Weapons-6.jpg\" alt=\"KAZI KY82048-82053 WWII Weapons\" width=\"800\" height=\"800\" title=\"-\" srcset=\"https:\/\/mouldking.store\/wp-content\/uploads\/2021\/11\/MILITARY-KAZI-KY82048-82053-WWII-Weapons-6.jpg 800w, https:\/\/mouldking.store\/wp-content\/uploads\/2021\/11\/MILITARY-KAZI-KY82048-82053-WWII-Weapons-6-300x300.jpg 300w, https:\/\/mouldking.store\/wp-content\/uploads\/2021\/11\/MILITARY-KAZI-KY82048-82053-WWII-Weapons-6-768x768.jpg 768w, https:\/\/mouldking.store\/wp-content\/uploads\/2021\/11\/MILITARY-KAZI-KY82048-82053-WWII-Weapons-6-600x600.jpg 600w, https:\/\/mouldking.store\/wp-content\/uploads\/2021\/11\/MILITARY-KAZI-KY82048-82053-WWII-Weapons-6-150x150.jpg 150w\" sizes=\"(max-width: 800px) 100vw, 800px\" \/><figcaption id=\"caption-attachment-27835\" class=\"wp-caption-text\">KAZI KY82048-82053 v\u00e5pen fra andre verdenskrig<\/figcaption><\/figure>\n<figure id=\"attachment_27836\" aria-describedby=\"caption-attachment-27836\" style=\"width: 800px\" class=\"wp-caption aligncenter\"><img loading=\"lazy\" decoding=\"async\" class=\"wp-image-27836 size-full\" src=\"https:\/\/mouldking.store\/wp-content\/uploads\/2021\/11\/MILITARY-KAZI-KY82048-82053-WWII-Weapons-7.jpg\" alt=\"KAZI KY82048-82053 WWII Weapons\" width=\"800\" height=\"800\" title=\"-\" srcset=\"https:\/\/mouldking.store\/wp-content\/uploads\/2021\/11\/MILITARY-KAZI-KY82048-82053-WWII-Weapons-7.jpg 800w, https:\/\/mouldking.store\/wp-content\/uploads\/2021\/11\/MILITARY-KAZI-KY82048-82053-WWII-Weapons-7-300x300.jpg 300w, https:\/\/mouldking.store\/wp-content\/uploads\/2021\/11\/MILITARY-KAZI-KY82048-82053-WWII-Weapons-7-768x768.jpg 768w, https:\/\/mouldking.store\/wp-content\/uploads\/2021\/11\/MILITARY-KAZI-KY82048-82053-WWII-Weapons-7-600x600.jpg 600w, https:\/\/mouldking.store\/wp-content\/uploads\/2021\/11\/MILITARY-KAZI-KY82048-82053-WWII-Weapons-7-150x150.jpg 150w\" sizes=\"(max-width: 800px) 100vw, 800px\" \/><figcaption id=\"caption-attachment-27836\" class=\"wp-caption-text\">KAZI KY82048-82053 v\u00e5pen fra andre verdenskrig<\/figcaption><\/figure>\n<figure id=\"attachment_27837\" aria-describedby=\"caption-attachment-27837\" style=\"width: 800px\" class=\"wp-caption aligncenter\"><img loading=\"lazy\" decoding=\"async\" class=\"wp-image-27837 size-full\" src=\"https:\/\/mouldking.store\/wp-content\/uploads\/2021\/11\/MILITARY-KAZI-KY82048-82053-WWII-Weapons-1.jpg\" alt=\"KAZI KY82048-82053 WWII Weapons\" width=\"800\" height=\"800\" title=\"-\" srcset=\"https:\/\/mouldking.store\/wp-content\/uploads\/2021\/11\/MILITARY-KAZI-KY82048-82053-WWII-Weapons-1.jpg 800w, https:\/\/mouldking.store\/wp-content\/uploads\/2021\/11\/MILITARY-KAZI-KY82048-82053-WWII-Weapons-1-300x300.jpg 300w, https:\/\/mouldking.store\/wp-content\/uploads\/2021\/11\/MILITARY-KAZI-KY82048-82053-WWII-Weapons-1-768x768.jpg 768w, https:\/\/mouldking.store\/wp-content\/uploads\/2021\/11\/MILITARY-KAZI-KY82048-82053-WWII-Weapons-1-600x600.jpg 600w, https:\/\/mouldking.store\/wp-content\/uploads\/2021\/11\/MILITARY-KAZI-KY82048-82053-WWII-Weapons-1-150x150.jpg 150w\" sizes=\"(max-width: 800px) 100vw, 800px\" \/><figcaption id=\"caption-attachment-27837\" class=\"wp-caption-text\">KAZI KY82048-82053 v\u00e5pen fra andre verdenskrig<\/figcaption><\/figure>","protected":false},"excerpt":{"rendered":"<p>Product information: Brand: KAZI Gender: Unisex Name: WWII Weapons Age Range: &gt; 6 years old Model Number: KY82048-82053 Classification: Assemblage Plastic Block Shape: Self-Locking Bricks Material: Plastic Plastic Type: ABS Contains detailed assembly instructions. Notice: 1. Without an original box, but we guarantee our products have quality assurance and nice packaging. 2. As all the [&hellip;]<\/p>","protected":false},"featured_media":27831,"comment_status":"open","ping_status":"closed","template":"","meta":{"_acf_changed":false},"product_cat":[372],"product_tag":[2536,3820,3815,3814,3821,3822,3823,3824,3825,3817,3819,3818,3816],"class_list":["product","first","instock","shipping-taxable","purchasable","product-type-variable"],"acf":[],"_links":{"self":[{"href":"https:\/\/mouldking.store\/nb\/wp-json\/wp\/v2\/product\/27830","targetHints":{"allow":["GET"]}}],"collection":[{"href":"https:\/\/mouldking.store\/nb\/wp-json\/wp\/v2\/product"}],"about":[{"href":"https:\/\/mouldking.store\/nb\/wp-json\/wp\/v2\/types\/product"}],"replies":[{"embeddable":true,"href":"https:\/\/mouldking.store\/nb\/wp-json\/wp\/v2\/comments?post=27830"}],"wp:featuredmedia":[{"embeddable":true,"href":"https:\/\/mouldking.store\/nb\/wp-json\/wp\/v2\/media\/27831"}],"wp:attachment":[{"href":"https:\/\/mouldking.store\/nb\/wp-json\/wp\/v2\/media?parent=27830"}],"wp:term":[{"taxonomy":"product_cat","embeddable":true,"href":"https:\/\/mouldking.store\/nb\/wp-json\/wp\/v2\/product_cat?post=27830"},{"taxonomy":"product_tag","embeddable":true,"href":"https:\/\/mouldking.store\/nb\/wp-json\/wp\/v2\/product_tag?post=27830"}],"curies":[{"name":"wp","href":"https:\/\/api.w.org\/{rel}","templated":true}]}}