{"id":27845,"date":"2021-11-24T13:13:07","date_gmt":"2021-11-24T13:13:07","guid":{"rendered":"https:\/\/mouldking.store\/?post_type=product&#038;p=27845"},"modified":"2021-12-23T09:40:33","modified_gmt":"2021-12-23T09:40:33","slug":"kazi-ky82042-82047-wwii-tanks","status":"publish","type":"product","link":"https:\/\/mouldking.store\/nb\/shop\/kazi-ky82042-82047-wwii-tanks\/","title":{"rendered":"KAZI KY82042-82047 WWII stridsvogner"},"content":{"rendered":"<p>Produktinformasjon:<\/p>\n<ol>\n<li>Merke: KAZI<\/li>\n<li>Kj\u00f8nn: Unisex<\/li>\n<li>Name: WWII Tanks<\/li>\n<li>Aldersgruppe: &gt; 6 \u00e5r gammel<\/li>\n<li>Model Number: KY82042-82047<\/li>\n<li>Klassifisering: Montering<\/li>\n<li>Plastblokkform: Selvl\u00e5sende murstein<\/li>\n<li>Materiale: Plast<\/li>\n<li>Plasttype: ABS<\/li>\n<li>Inneholder detaljerte monteringsanvisninger.<\/li>\n<\/ol>\n<p>Legge merke til:<br \/>\n1. Uten original eske, men vi garanterer at v\u00e5re produkter har kvalitetssikring og pen emballasje.<br \/>\n2. Som alle delene vi har sjekket f\u00f8r frakt, s\u00e5 hvis du finner noen deler savnet eller skadet, ikke bekymre deg og bare kontakt oss, s\u00e5 kan vi sende dem til deg p\u00e5 nytt umiddelbart gratis.<\/p>\n<figure id=\"attachment_27846\" aria-describedby=\"caption-attachment-27846\" style=\"width: 800px\" class=\"wp-caption aligncenter\"><img fetchpriority=\"high\" decoding=\"async\" class=\"wp-image-27846 size-full\" src=\"https:\/\/mouldking.store\/wp-content\/uploads\/2021\/11\/MILITARY-KAZI-KY82042-82047-WWII-Tanks-2.jpg\" alt=\"KAZI KY82042-82047 WWII Tanks\" width=\"800\" height=\"800\" title=\"-\" srcset=\"https:\/\/mouldking.store\/wp-content\/uploads\/2021\/11\/MILITARY-KAZI-KY82042-82047-WWII-Tanks-2.jpg 800w, https:\/\/mouldking.store\/wp-content\/uploads\/2021\/11\/MILITARY-KAZI-KY82042-82047-WWII-Tanks-2-300x300.jpg 300w, https:\/\/mouldking.store\/wp-content\/uploads\/2021\/11\/MILITARY-KAZI-KY82042-82047-WWII-Tanks-2-768x768.jpg 768w, https:\/\/mouldking.store\/wp-content\/uploads\/2021\/11\/MILITARY-KAZI-KY82042-82047-WWII-Tanks-2-600x600.jpg 600w, https:\/\/mouldking.store\/wp-content\/uploads\/2021\/11\/MILITARY-KAZI-KY82042-82047-WWII-Tanks-2-150x150.jpg 150w\" sizes=\"(max-width: 800px) 100vw, 800px\" \/><figcaption id=\"caption-attachment-27846\" class=\"wp-caption-text\">KAZI KY82042-82047 WWII stridsvogner<\/figcaption><\/figure>\n<figure id=\"attachment_27847\" aria-describedby=\"caption-attachment-27847\" style=\"width: 800px\" class=\"wp-caption aligncenter\"><img decoding=\"async\" class=\"wp-image-27847 size-full\" src=\"https:\/\/mouldking.store\/wp-content\/uploads\/2021\/11\/MILITARY-KAZI-KY82042-82047-WWII-Tanks-3.jpg\" alt=\"KAZI KY82042-82047 WWII Tanks\" width=\"800\" height=\"800\" title=\"-\" srcset=\"https:\/\/mouldking.store\/wp-content\/uploads\/2021\/11\/MILITARY-KAZI-KY82042-82047-WWII-Tanks-3.jpg 800w, https:\/\/mouldking.store\/wp-content\/uploads\/2021\/11\/MILITARY-KAZI-KY82042-82047-WWII-Tanks-3-300x300.jpg 300w, https:\/\/mouldking.store\/wp-content\/uploads\/2021\/11\/MILITARY-KAZI-KY82042-82047-WWII-Tanks-3-768x768.jpg 768w, https:\/\/mouldking.store\/wp-content\/uploads\/2021\/11\/MILITARY-KAZI-KY82042-82047-WWII-Tanks-3-600x600.jpg 600w, https:\/\/mouldking.store\/wp-content\/uploads\/2021\/11\/MILITARY-KAZI-KY82042-82047-WWII-Tanks-3-150x150.jpg 150w\" sizes=\"(max-width: 800px) 100vw, 800px\" \/><figcaption id=\"caption-attachment-27847\" class=\"wp-caption-text\">KAZI KY82042-82047 WWII stridsvogner<\/figcaption><\/figure>\n<figure id=\"attachment_27848\" aria-describedby=\"caption-attachment-27848\" style=\"width: 800px\" class=\"wp-caption aligncenter\"><img decoding=\"async\" class=\"wp-image-27848 size-full\" src=\"https:\/\/mouldking.store\/wp-content\/uploads\/2021\/11\/MILITARY-KAZI-KY82042-82047-WWII-Tanks-4.jpg\" alt=\"KAZI KY82042-82047 WWII Tanks\" width=\"800\" height=\"800\" title=\"-\" srcset=\"https:\/\/mouldking.store\/wp-content\/uploads\/2021\/11\/MILITARY-KAZI-KY82042-82047-WWII-Tanks-4.jpg 800w, https:\/\/mouldking.store\/wp-content\/uploads\/2021\/11\/MILITARY-KAZI-KY82042-82047-WWII-Tanks-4-300x300.jpg 300w, https:\/\/mouldking.store\/wp-content\/uploads\/2021\/11\/MILITARY-KAZI-KY82042-82047-WWII-Tanks-4-768x768.jpg 768w, https:\/\/mouldking.store\/wp-content\/uploads\/2021\/11\/MILITARY-KAZI-KY82042-82047-WWII-Tanks-4-600x600.jpg 600w, https:\/\/mouldking.store\/wp-content\/uploads\/2021\/11\/MILITARY-KAZI-KY82042-82047-WWII-Tanks-4-150x150.jpg 150w\" sizes=\"(max-width: 800px) 100vw, 800px\" \/><figcaption id=\"caption-attachment-27848\" class=\"wp-caption-text\">KAZI KY82042-82047 WWII stridsvogner<\/figcaption><\/figure>\n<figure id=\"attachment_27849\" aria-describedby=\"caption-attachment-27849\" style=\"width: 800px\" class=\"wp-caption aligncenter\"><img loading=\"lazy\" decoding=\"async\" class=\"wp-image-27849 size-full\" src=\"https:\/\/mouldking.store\/wp-content\/uploads\/2021\/11\/MILITARY-KAZI-KY82042-82047-WWII-Tanks-5.jpg\" alt=\"KAZI KY82042-82047 WWII Tanks\" width=\"800\" height=\"800\" title=\"-\" srcset=\"https:\/\/mouldking.store\/wp-content\/uploads\/2021\/11\/MILITARY-KAZI-KY82042-82047-WWII-Tanks-5.jpg 800w, https:\/\/mouldking.store\/wp-content\/uploads\/2021\/11\/MILITARY-KAZI-KY82042-82047-WWII-Tanks-5-300x300.jpg 300w, https:\/\/mouldking.store\/wp-content\/uploads\/2021\/11\/MILITARY-KAZI-KY82042-82047-WWII-Tanks-5-768x768.jpg 768w, https:\/\/mouldking.store\/wp-content\/uploads\/2021\/11\/MILITARY-KAZI-KY82042-82047-WWII-Tanks-5-600x600.jpg 600w, https:\/\/mouldking.store\/wp-content\/uploads\/2021\/11\/MILITARY-KAZI-KY82042-82047-WWII-Tanks-5-150x150.jpg 150w\" sizes=\"(max-width: 800px) 100vw, 800px\" \/><figcaption id=\"caption-attachment-27849\" class=\"wp-caption-text\">KAZI KY82042-82047 WWII stridsvogner<\/figcaption><\/figure>\n<figure id=\"attachment_27850\" aria-describedby=\"caption-attachment-27850\" style=\"width: 800px\" class=\"wp-caption aligncenter\"><img loading=\"lazy\" decoding=\"async\" class=\"wp-image-27850 size-full\" src=\"https:\/\/mouldking.store\/wp-content\/uploads\/2021\/11\/MILITARY-KAZI-KY82042-82047-WWII-Tanks-6.jpg\" alt=\"KAZI KY82042-82047 WWII Tanks\" width=\"800\" height=\"800\" title=\"-\" srcset=\"https:\/\/mouldking.store\/wp-content\/uploads\/2021\/11\/MILITARY-KAZI-KY82042-82047-WWII-Tanks-6.jpg 800w, https:\/\/mouldking.store\/wp-content\/uploads\/2021\/11\/MILITARY-KAZI-KY82042-82047-WWII-Tanks-6-300x300.jpg 300w, https:\/\/mouldking.store\/wp-content\/uploads\/2021\/11\/MILITARY-KAZI-KY82042-82047-WWII-Tanks-6-768x768.jpg 768w, https:\/\/mouldking.store\/wp-content\/uploads\/2021\/11\/MILITARY-KAZI-KY82042-82047-WWII-Tanks-6-600x600.jpg 600w, https:\/\/mouldking.store\/wp-content\/uploads\/2021\/11\/MILITARY-KAZI-KY82042-82047-WWII-Tanks-6-150x150.jpg 150w\" sizes=\"(max-width: 800px) 100vw, 800px\" \/><figcaption id=\"caption-attachment-27850\" class=\"wp-caption-text\">KAZI KY82042-82047 WWII stridsvogner<\/figcaption><\/figure>\n<figure id=\"attachment_27851\" aria-describedby=\"caption-attachment-27851\" style=\"width: 800px\" class=\"wp-caption aligncenter\"><img loading=\"lazy\" decoding=\"async\" class=\"wp-image-27851 size-full\" src=\"https:\/\/mouldking.store\/wp-content\/uploads\/2021\/11\/MILITARY-KAZI-KY82042-82047-WWII-Tanks-7.jpg\" alt=\"KAZI KY82042-82047 WWII Tanks\" width=\"800\" height=\"800\" title=\"-\" srcset=\"https:\/\/mouldking.store\/wp-content\/uploads\/2021\/11\/MILITARY-KAZI-KY82042-82047-WWII-Tanks-7.jpg 800w, https:\/\/mouldking.store\/wp-content\/uploads\/2021\/11\/MILITARY-KAZI-KY82042-82047-WWII-Tanks-7-300x300.jpg 300w, https:\/\/mouldking.store\/wp-content\/uploads\/2021\/11\/MILITARY-KAZI-KY82042-82047-WWII-Tanks-7-768x768.jpg 768w, https:\/\/mouldking.store\/wp-content\/uploads\/2021\/11\/MILITARY-KAZI-KY82042-82047-WWII-Tanks-7-600x600.jpg 600w, https:\/\/mouldking.store\/wp-content\/uploads\/2021\/11\/MILITARY-KAZI-KY82042-82047-WWII-Tanks-7-150x150.jpg 150w\" sizes=\"(max-width: 800px) 100vw, 800px\" \/><figcaption id=\"caption-attachment-27851\" class=\"wp-caption-text\">KAZI KY82042-82047 WWII stridsvogner<\/figcaption><\/figure>\n<figure id=\"attachment_27852\" aria-describedby=\"caption-attachment-27852\" style=\"width: 800px\" class=\"wp-caption aligncenter\"><img loading=\"lazy\" decoding=\"async\" class=\"wp-image-27852 size-full\" src=\"https:\/\/mouldking.store\/wp-content\/uploads\/2021\/11\/MILITARY-KAZI-KY82042-82047-WWII-Tanks-1.jpg\" alt=\"KAZI KY82042-82047 WWII Tanks\" width=\"800\" height=\"800\" title=\"-\" srcset=\"https:\/\/mouldking.store\/wp-content\/uploads\/2021\/11\/MILITARY-KAZI-KY82042-82047-WWII-Tanks-1.jpg 800w, https:\/\/mouldking.store\/wp-content\/uploads\/2021\/11\/MILITARY-KAZI-KY82042-82047-WWII-Tanks-1-300x300.jpg 300w, https:\/\/mouldking.store\/wp-content\/uploads\/2021\/11\/MILITARY-KAZI-KY82042-82047-WWII-Tanks-1-768x768.jpg 768w, https:\/\/mouldking.store\/wp-content\/uploads\/2021\/11\/MILITARY-KAZI-KY82042-82047-WWII-Tanks-1-600x600.jpg 600w, https:\/\/mouldking.store\/wp-content\/uploads\/2021\/11\/MILITARY-KAZI-KY82042-82047-WWII-Tanks-1-150x150.jpg 150w\" sizes=\"(max-width: 800px) 100vw, 800px\" \/><figcaption id=\"caption-attachment-27852\" class=\"wp-caption-text\">KAZI KY82042-82047 WWII stridsvogner<\/figcaption><\/figure>","protected":false},"excerpt":{"rendered":"<p>Product information: Brand: KAZI Gender: Unisex Name: WWII Tanks Age Range: &gt; 6 years old Model Number: KY82042-82047 Classification: Assemblage Plastic Block Shape: Self-Locking Bricks Material: Plastic Plastic Type: ABS Contains detailed assembly instructions. Notice: 1. Without an original box, but we guarantee our products have quality assurance and nice packaging. 2. As all the [&hellip;]<\/p>","protected":false},"featured_media":27846,"comment_status":"open","ping_status":"closed","template":"","meta":{"_acf_changed":false},"product_cat":[372],"product_tag":[2536,3831,3827,3826,3832,3833,3834,3835,3836,3829,3830,3818,3828],"class_list":["product","first","instock","shipping-taxable","purchasable","product-type-variable"],"acf":[],"_links":{"self":[{"href":"https:\/\/mouldking.store\/nb\/wp-json\/wp\/v2\/product\/27845","targetHints":{"allow":["GET"]}}],"collection":[{"href":"https:\/\/mouldking.store\/nb\/wp-json\/wp\/v2\/product"}],"about":[{"href":"https:\/\/mouldking.store\/nb\/wp-json\/wp\/v2\/types\/product"}],"replies":[{"embeddable":true,"href":"https:\/\/mouldking.store\/nb\/wp-json\/wp\/v2\/comments?post=27845"}],"wp:featuredmedia":[{"embeddable":true,"href":"https:\/\/mouldking.store\/nb\/wp-json\/wp\/v2\/media\/27846"}],"wp:attachment":[{"href":"https:\/\/mouldking.store\/nb\/wp-json\/wp\/v2\/media?parent=27845"}],"wp:term":[{"taxonomy":"product_cat","embeddable":true,"href":"https:\/\/mouldking.store\/nb\/wp-json\/wp\/v2\/product_cat?post=27845"},{"taxonomy":"product_tag","embeddable":true,"href":"https:\/\/mouldking.store\/nb\/wp-json\/wp\/v2\/product_tag?post=27845"}],"curies":[{"name":"wp","href":"https:\/\/api.w.org\/{rel}","templated":true}]}}