{"id":27860,"date":"2021-11-24T13:22:03","date_gmt":"2021-11-24T13:22:03","guid":{"rendered":"https:\/\/mouldking.store\/?post_type=product&#038;p=27860"},"modified":"2021-12-23T09:40:30","modified_gmt":"2021-12-23T09:40:30","slug":"mould-king-15027-rc-remove-obstacles-with-938-pieces","status":"publish","type":"product","link":"https:\/\/mouldking.store\/nb\/shop\/mould-king-15027-rc-remove-obstacles-with-938-pieces\/","title":{"rendered":"Mold King 15027 RC Fjern hindringer med 938 stykker"},"content":{"rendered":"<p>Produktinformasjon:<\/p>\n<ol>\n<li>Merke: Mold King<\/li>\n<li>Kj\u00f8nn: Unisex<\/li>\n<li>Name: RC Remove Obstacles<\/li>\n<li>Aldersgruppe: &gt; 8 \u00e5r gammel<\/li>\n<li>Model Number: 15027<\/li>\n<li>Klassifisering: Montering<\/li>\n<li>Plastblokkform: Selvl\u00e5sende murstein<\/li>\n<li>Materiale: Plast<\/li>\n<li>Plasttype: ABS<\/li>\n<li>Bricks Blocks: 938 PCS<\/li>\n<li>Inneholder detaljerte monteringsanvisninger.<\/li>\n<\/ol>\n<p>Legge merke til:<br \/>\n1. Uten original eske, men vi garanterer at v\u00e5re produkter har kvalitetssikring og pen emballasje.<br \/>\n2. Som alle delene vi har sjekket f\u00f8r frakt, s\u00e5 hvis du finner noen deler savnet eller skadet, ikke bekymre deg og bare kontakt oss, s\u00e5 kan vi sende dem til deg p\u00e5 nytt umiddelbart gratis.<\/p>\n<p>&nbsp;<\/p>\n<figure id=\"attachment_27861\" aria-describedby=\"caption-attachment-27861\" style=\"width: 800px\" class=\"wp-caption aligncenter\"><img fetchpriority=\"high\" decoding=\"async\" class=\"wp-image-27861 size-full\" src=\"https:\/\/mouldking.store\/wp-content\/uploads\/2021\/11\/TECHNICIAN-MOULDKING-15027-Small-Wrecker-1.jpg\" alt=\"Mould King 15027 RC Remove Obstacles with 938 pieces\" width=\"800\" height=\"800\" title=\"-\" srcset=\"https:\/\/mouldking.store\/wp-content\/uploads\/2021\/11\/TECHNICIAN-MOULDKING-15027-Small-Wrecker-1.jpg 800w, https:\/\/mouldking.store\/wp-content\/uploads\/2021\/11\/TECHNICIAN-MOULDKING-15027-Small-Wrecker-1-300x300.jpg 300w, https:\/\/mouldking.store\/wp-content\/uploads\/2021\/11\/TECHNICIAN-MOULDKING-15027-Small-Wrecker-1-768x768.jpg 768w, https:\/\/mouldking.store\/wp-content\/uploads\/2021\/11\/TECHNICIAN-MOULDKING-15027-Small-Wrecker-1-600x600.jpg 600w, https:\/\/mouldking.store\/wp-content\/uploads\/2021\/11\/TECHNICIAN-MOULDKING-15027-Small-Wrecker-1-150x150.jpg 150w\" sizes=\"(max-width: 800px) 100vw, 800px\" \/><figcaption id=\"caption-attachment-27861\" class=\"wp-caption-text\">Mold King 15027 RC Fjern hindringer med 938 stykker<\/figcaption><\/figure>\n<figure id=\"attachment_27863\" aria-describedby=\"caption-attachment-27863\" style=\"width: 800px\" class=\"wp-caption aligncenter\"><img decoding=\"async\" class=\"wp-image-27863 size-full\" src=\"https:\/\/mouldking.store\/wp-content\/uploads\/2021\/11\/MOULDKING-15027-Small-Wrecker-1.jpg\" alt=\"Mould King 15027 RC Remove Obstacles with 938 pieces\" width=\"800\" height=\"800\" title=\"-\" srcset=\"https:\/\/mouldking.store\/wp-content\/uploads\/2021\/11\/MOULDKING-15027-Small-Wrecker-1.jpg 800w, https:\/\/mouldking.store\/wp-content\/uploads\/2021\/11\/MOULDKING-15027-Small-Wrecker-1-300x300.jpg 300w, https:\/\/mouldking.store\/wp-content\/uploads\/2021\/11\/MOULDKING-15027-Small-Wrecker-1-768x768.jpg 768w, https:\/\/mouldking.store\/wp-content\/uploads\/2021\/11\/MOULDKING-15027-Small-Wrecker-1-600x600.jpg 600w, https:\/\/mouldking.store\/wp-content\/uploads\/2021\/11\/MOULDKING-15027-Small-Wrecker-1-150x150.jpg 150w\" sizes=\"(max-width: 800px) 100vw, 800px\" \/><figcaption id=\"caption-attachment-27863\" class=\"wp-caption-text\">Mold King 15027 RC Fjern hindringer med 938 stykker<\/figcaption><\/figure>\n<figure id=\"attachment_27865\" aria-describedby=\"caption-attachment-27865\" style=\"width: 800px\" class=\"wp-caption aligncenter\"><img decoding=\"async\" class=\"wp-image-27865\" src=\"https:\/\/mouldking.store\/wp-content\/uploads\/2021\/11\/TECHNICIAN-MOULDKING-15027-Small-Wrecker-3-300x275.jpg\" alt=\"Mould King 15027 RC Remove Obstacles with 938 pieces\" width=\"800\" height=\"734\" title=\"-\" srcset=\"https:\/\/mouldking.store\/wp-content\/uploads\/2021\/11\/TECHNICIAN-MOULDKING-15027-Small-Wrecker-3-300x275.jpg 300w, https:\/\/mouldking.store\/wp-content\/uploads\/2021\/11\/TECHNICIAN-MOULDKING-15027-Small-Wrecker-3-768x705.jpg 768w, https:\/\/mouldking.store\/wp-content\/uploads\/2021\/11\/TECHNICIAN-MOULDKING-15027-Small-Wrecker-3-600x551.jpg 600w, https:\/\/mouldking.store\/wp-content\/uploads\/2021\/11\/TECHNICIAN-MOULDKING-15027-Small-Wrecker-3-150x138.jpg 150w, https:\/\/mouldking.store\/wp-content\/uploads\/2021\/11\/TECHNICIAN-MOULDKING-15027-Small-Wrecker-3.jpg 1024w\" sizes=\"(max-width: 800px) 100vw, 800px\" \/><figcaption id=\"caption-attachment-27865\" class=\"wp-caption-text\">Mold King 15027 RC Fjern hindringer med 938 stykker<\/figcaption><\/figure>\n<figure id=\"attachment_27866\" aria-describedby=\"caption-attachment-27866\" style=\"width: 800px\" class=\"wp-caption aligncenter\"><img loading=\"lazy\" decoding=\"async\" class=\"wp-image-27866\" src=\"https:\/\/mouldking.store\/wp-content\/uploads\/2021\/11\/TECHNICIAN-MOULDKING-15027-Small-Wrecker-4-300x267.jpg\" alt=\"Mould King 15027 RC Remove Obstacles with 938 pieces\" width=\"800\" height=\"713\" title=\"-\" srcset=\"https:\/\/mouldking.store\/wp-content\/uploads\/2021\/11\/TECHNICIAN-MOULDKING-15027-Small-Wrecker-4-300x267.jpg 300w, https:\/\/mouldking.store\/wp-content\/uploads\/2021\/11\/TECHNICIAN-MOULDKING-15027-Small-Wrecker-4-768x684.jpg 768w, https:\/\/mouldking.store\/wp-content\/uploads\/2021\/11\/TECHNICIAN-MOULDKING-15027-Small-Wrecker-4-600x534.jpg 600w, https:\/\/mouldking.store\/wp-content\/uploads\/2021\/11\/TECHNICIAN-MOULDKING-15027-Small-Wrecker-4-150x134.jpg 150w, https:\/\/mouldking.store\/wp-content\/uploads\/2021\/11\/TECHNICIAN-MOULDKING-15027-Small-Wrecker-4.jpg 1024w\" sizes=\"(max-width: 800px) 100vw, 800px\" \/><figcaption id=\"caption-attachment-27866\" class=\"wp-caption-text\">Mold King 15027 RC Fjern hindringer med 938 stykker<\/figcaption><\/figure>\n<figure id=\"attachment_27864\" aria-describedby=\"caption-attachment-27864\" style=\"width: 800px\" class=\"wp-caption aligncenter\"><img loading=\"lazy\" decoding=\"async\" class=\"wp-image-27864\" src=\"https:\/\/mouldking.store\/wp-content\/uploads\/2021\/11\/TECHNICIAN-MOULDKING-15027-Small-Wrecker-2-300x210.jpg\" alt=\"Mould King 15027 RC Remove Obstacles with 938 pieces\" width=\"800\" height=\"561\" title=\"-\" srcset=\"https:\/\/mouldking.store\/wp-content\/uploads\/2021\/11\/TECHNICIAN-MOULDKING-15027-Small-Wrecker-2-300x210.jpg 300w, https:\/\/mouldking.store\/wp-content\/uploads\/2021\/11\/TECHNICIAN-MOULDKING-15027-Small-Wrecker-2-768x539.jpg 768w, https:\/\/mouldking.store\/wp-content\/uploads\/2021\/11\/TECHNICIAN-MOULDKING-15027-Small-Wrecker-2-600x421.jpg 600w, https:\/\/mouldking.store\/wp-content\/uploads\/2021\/11\/TECHNICIAN-MOULDKING-15027-Small-Wrecker-2-150x105.jpg 150w, https:\/\/mouldking.store\/wp-content\/uploads\/2021\/11\/TECHNICIAN-MOULDKING-15027-Small-Wrecker-2.jpg 1024w\" sizes=\"(max-width: 800px) 100vw, 800px\" \/><figcaption id=\"caption-attachment-27864\" class=\"wp-caption-text\">Mold King 15027 RC Fjern hindringer med 938 stykker<\/figcaption><\/figure>\n<figure id=\"attachment_27862\" aria-describedby=\"caption-attachment-27862\" style=\"width: 800px\" class=\"wp-caption aligncenter\"><img loading=\"lazy\" decoding=\"async\" class=\"wp-image-27862\" src=\"https:\/\/mouldking.store\/wp-content\/uploads\/2021\/11\/MOULDKING-15027-Small-Wrecker-2-300x300.jpg\" alt=\"Mould King 15027 RC Remove Obstacles with 938 pieces\" width=\"800\" height=\"800\" title=\"-\" srcset=\"https:\/\/mouldking.store\/wp-content\/uploads\/2021\/11\/MOULDKING-15027-Small-Wrecker-2-300x300.jpg 300w, https:\/\/mouldking.store\/wp-content\/uploads\/2021\/11\/MOULDKING-15027-Small-Wrecker-2-1024x1024.jpg 1024w, https:\/\/mouldking.store\/wp-content\/uploads\/2021\/11\/MOULDKING-15027-Small-Wrecker-2-768x768.jpg 768w, https:\/\/mouldking.store\/wp-content\/uploads\/2021\/11\/MOULDKING-15027-Small-Wrecker-2-600x600.jpg 600w, https:\/\/mouldking.store\/wp-content\/uploads\/2021\/11\/MOULDKING-15027-Small-Wrecker-2-150x150.jpg 150w, https:\/\/mouldking.store\/wp-content\/uploads\/2021\/11\/MOULDKING-15027-Small-Wrecker-2.jpg 1280w\" sizes=\"(max-width: 800px) 100vw, 800px\" \/><figcaption id=\"caption-attachment-27862\" class=\"wp-caption-text\">Mold King 15027 RC Fjern hindringer med 938 stykker<\/figcaption><\/figure>","protected":false},"excerpt":{"rendered":"<p>Product information: Brand: Mould King Gender: Unisex Name: RC Remove Obstacles Age Range: &gt; 8 years old Model Number: 15027 Classification: Assemblage Plastic Block Shape: Self-Locking Bricks Material: Plastic Plastic Type: ABS Bricks Blocks: 938 PCS Contains detailed assembly instructions. Notice: 1. Without an original box, but we guarantee our products have quality assurance and [&hellip;]<\/p>","protected":false},"featured_media":27861,"comment_status":"open","ping_status":"closed","template":"","meta":{"_acf_changed":false},"product_cat":[364],"product_tag":[3839,3840,3838,3837,3844,3843,3845,3841,3842],"class_list":["product","first","instock","shipping-taxable","purchasable","product-type-simple"],"acf":[],"_links":{"self":[{"href":"https:\/\/mouldking.store\/nb\/wp-json\/wp\/v2\/product\/27860","targetHints":{"allow":["GET"]}}],"collection":[{"href":"https:\/\/mouldking.store\/nb\/wp-json\/wp\/v2\/product"}],"about":[{"href":"https:\/\/mouldking.store\/nb\/wp-json\/wp\/v2\/types\/product"}],"replies":[{"embeddable":true,"href":"https:\/\/mouldking.store\/nb\/wp-json\/wp\/v2\/comments?post=27860"}],"wp:featuredmedia":[{"embeddable":true,"href":"https:\/\/mouldking.store\/nb\/wp-json\/wp\/v2\/media\/27861"}],"wp:attachment":[{"href":"https:\/\/mouldking.store\/nb\/wp-json\/wp\/v2\/media?parent=27860"}],"wp:term":[{"taxonomy":"product_cat","embeddable":true,"href":"https:\/\/mouldking.store\/nb\/wp-json\/wp\/v2\/product_cat?post=27860"},{"taxonomy":"product_tag","embeddable":true,"href":"https:\/\/mouldking.store\/nb\/wp-json\/wp\/v2\/product_tag?post=27860"}],"curies":[{"name":"wp","href":"https:\/\/api.w.org\/{rel}","templated":true}]}}