{"id":27917,"date":"2021-11-26T02:47:53","date_gmt":"2021-11-26T02:47:53","guid":{"rendered":"https:\/\/mouldking.store\/?post_type=product&#038;p=27917"},"modified":"2025-12-25T09:16:58","modified_gmt":"2025-12-25T02:16:58","slug":"moc-31325-colonial-one-battlestar-galacticaby-malcav-with-516-pieces","status":"publish","type":"product","link":"https:\/\/mouldking.store\/nb\/shop\/moc-31325-colonial-one-battlestar-galacticaby-malcav-with-516-pieces\/","title":{"rendered":"MOC-31325 Colonial One \u2013 Battlestar Galactica av Malcav med 516 deler"},"content":{"rendered":"<p>Produktinformasjon:<\/p>\n<ol>\n<li>Merke: MOC<\/li>\n<li>Kj\u00f8nn: Unisex<\/li>\n<li>Navn: Colonial One \u2013 Battlestar Galactica av Malcav<\/li>\n<li>Aldersgruppe: &gt; 6 \u00e5r gammel<\/li>\n<li>Modellnummer: MOC-31325<\/li>\n<li>Klassifisering: Montering<\/li>\n<li>Plastblokkform: Selvl\u00e5sende murstein<\/li>\n<li>Materiale: Plast<\/li>\n<li>Plasttype: ABS<\/li>\n<li>Murstein: 516 stk.<\/li>\n<li>Inneholder detaljerte monteringsanvisninger.<\/li>\n<\/ol>\n<p>Legge merke til:<br \/>\n1. Uten original eske, men vi garanterer at v\u00e5re produkter har kvalitetssikring og pen emballasje.<br \/>\n2. Som alle delene vi har sjekket f\u00f8r frakt, s\u00e5 hvis du finner noen deler savnet eller skadet, ikke bekymre deg og bare kontakt oss, s\u00e5 kan vi sende dem til deg p\u00e5 nytt umiddelbart gratis.<\/p>\n<figure id=\"attachment_27918\" aria-describedby=\"caption-attachment-27918\" style=\"width: 1000px\" class=\"wp-caption aligncenter\"><img fetchpriority=\"high\" decoding=\"async\" class=\"size-full wp-image-27918\" title=\"MOC-31325 Colonial One - Battlestar Galactica av Malcav med 516 deler\" src=\"https:\/\/mouldking.store\/wp-content\/uploads\/2021\/11\/moc-31325-colonial-one-battlestar-galacticaby-malcav-with-516-pieces.jpg\" alt=\"MOC-31325 Colonial One - Battlestar Galacticaby Malcav with 516 pieces\" width=\"1000\" height=\"1000\" srcset=\"https:\/\/mouldking.store\/wp-content\/uploads\/2021\/11\/moc-31325-colonial-one-battlestar-galacticaby-malcav-with-516-pieces.jpg 1000w, https:\/\/mouldking.store\/wp-content\/uploads\/2021\/11\/moc-31325-colonial-one-battlestar-galacticaby-malcav-with-516-pieces-300x300.jpg 300w, https:\/\/mouldking.store\/wp-content\/uploads\/2021\/11\/moc-31325-colonial-one-battlestar-galacticaby-malcav-with-516-pieces-768x768.jpg 768w, https:\/\/mouldking.store\/wp-content\/uploads\/2021\/11\/moc-31325-colonial-one-battlestar-galacticaby-malcav-with-516-pieces-600x600.jpg 600w, https:\/\/mouldking.store\/wp-content\/uploads\/2021\/11\/moc-31325-colonial-one-battlestar-galacticaby-malcav-with-516-pieces-150x150.jpg 150w\" sizes=\"(max-width: 1000px) 100vw, 1000px\" \/><figcaption id=\"caption-attachment-27918\" class=\"wp-caption-text\">MOC-31325 Colonial One \u2013 Battlestar Galactica av Malcav med 516 deler<\/figcaption><\/figure>\n<figure id=\"attachment_27919\" aria-describedby=\"caption-attachment-27919\" style=\"width: 1000px\" class=\"wp-caption aligncenter\"><img decoding=\"async\" class=\"size-full wp-image-27919\" title=\"MOC-31325 Colonial One - Battlestar Galactica av Malcav med 516 deler\" src=\"https:\/\/mouldking.store\/wp-content\/uploads\/2021\/11\/moc-31325-colonial-one-battlestar-galacticaby-malcav-with-516-pieces-1.jpg\" alt=\"MOC-31325 Colonial One - Battlestar Galacticaby Malcav with 516 pieces\" width=\"1000\" height=\"1000\" srcset=\"https:\/\/mouldking.store\/wp-content\/uploads\/2021\/11\/moc-31325-colonial-one-battlestar-galacticaby-malcav-with-516-pieces-1.jpg 1000w, https:\/\/mouldking.store\/wp-content\/uploads\/2021\/11\/moc-31325-colonial-one-battlestar-galacticaby-malcav-with-516-pieces-1-300x300.jpg 300w, https:\/\/mouldking.store\/wp-content\/uploads\/2021\/11\/moc-31325-colonial-one-battlestar-galacticaby-malcav-with-516-pieces-1-768x768.jpg 768w, https:\/\/mouldking.store\/wp-content\/uploads\/2021\/11\/moc-31325-colonial-one-battlestar-galacticaby-malcav-with-516-pieces-1-600x600.jpg 600w, https:\/\/mouldking.store\/wp-content\/uploads\/2021\/11\/moc-31325-colonial-one-battlestar-galacticaby-malcav-with-516-pieces-1-150x150.jpg 150w\" sizes=\"(max-width: 1000px) 100vw, 1000px\" \/><figcaption id=\"caption-attachment-27919\" class=\"wp-caption-text\">MOC-31325 Colonial One \u2013 Battlestar Galactica av Malcav med 516 deler<\/figcaption><\/figure>\n<figure id=\"attachment_27920\" aria-describedby=\"caption-attachment-27920\" style=\"width: 1000px\" class=\"wp-caption aligncenter\"><img decoding=\"async\" class=\"size-full wp-image-27920\" title=\"MOC-31325 Colonial One - Battlestar Galactica av Malcav med 516 deler\" src=\"https:\/\/mouldking.store\/wp-content\/uploads\/2021\/11\/moc-31325-colonial-one-battlestar-galacticaby-malcav-with-516-pieces-2.jpg\" alt=\"MOC-31325 Colonial One - Battlestar Galacticaby Malcav with 516 pieces\" width=\"1000\" height=\"1000\" srcset=\"https:\/\/mouldking.store\/wp-content\/uploads\/2021\/11\/moc-31325-colonial-one-battlestar-galacticaby-malcav-with-516-pieces-2.jpg 1000w, https:\/\/mouldking.store\/wp-content\/uploads\/2021\/11\/moc-31325-colonial-one-battlestar-galacticaby-malcav-with-516-pieces-2-300x300.jpg 300w, https:\/\/mouldking.store\/wp-content\/uploads\/2021\/11\/moc-31325-colonial-one-battlestar-galacticaby-malcav-with-516-pieces-2-768x768.jpg 768w, https:\/\/mouldking.store\/wp-content\/uploads\/2021\/11\/moc-31325-colonial-one-battlestar-galacticaby-malcav-with-516-pieces-2-600x600.jpg 600w, https:\/\/mouldking.store\/wp-content\/uploads\/2021\/11\/moc-31325-colonial-one-battlestar-galacticaby-malcav-with-516-pieces-2-150x150.jpg 150w\" sizes=\"(max-width: 1000px) 100vw, 1000px\" \/><figcaption id=\"caption-attachment-27920\" class=\"wp-caption-text\">MOC-31325 Colonial One \u2013 Battlestar Galactica av Malcav med 516 deler<\/figcaption><\/figure>","protected":false},"excerpt":{"rendered":"<p>Product information: Brand: MOC Gender: Unisex Name: Colonial One &#8211; Battlestar Galacticaby Malcav Age Range: &gt; 6 years old Model Number: MOC-31325 Classification: Assemblage Plastic Block Shape: Self-Locking Bricks Material: Plastic Plastic Type: ABS Bricks Blocks: 516 PCS Contains detailed assembly instructions. Notice: 1. Without an original box, but we guarantee our products have quality [&hellip;]<\/p>","protected":false},"featured_media":27921,"comment_status":"open","ping_status":"closed","template":"","meta":{"_acf_changed":false},"product_cat":[364],"product_tag":[3869,3868],"class_list":["product","first","instock","shipping-taxable","purchasable","product-type-simple"],"acf":[],"_links":{"self":[{"href":"https:\/\/mouldking.store\/nb\/wp-json\/wp\/v2\/product\/27917","targetHints":{"allow":["GET"]}}],"collection":[{"href":"https:\/\/mouldking.store\/nb\/wp-json\/wp\/v2\/product"}],"about":[{"href":"https:\/\/mouldking.store\/nb\/wp-json\/wp\/v2\/types\/product"}],"replies":[{"embeddable":true,"href":"https:\/\/mouldking.store\/nb\/wp-json\/wp\/v2\/comments?post=27917"}],"wp:featuredmedia":[{"embeddable":true,"href":"https:\/\/mouldking.store\/nb\/wp-json\/wp\/v2\/media\/27921"}],"wp:attachment":[{"href":"https:\/\/mouldking.store\/nb\/wp-json\/wp\/v2\/media?parent=27917"}],"wp:term":[{"taxonomy":"product_cat","embeddable":true,"href":"https:\/\/mouldking.store\/nb\/wp-json\/wp\/v2\/product_cat?post=27917"},{"taxonomy":"product_tag","embeddable":true,"href":"https:\/\/mouldking.store\/nb\/wp-json\/wp\/v2\/product_tag?post=27917"}],"curies":[{"name":"wp","href":"https:\/\/api.w.org\/{rel}","templated":true}]}}