{"id":27987,"date":"2021-11-27T04:42:31","date_gmt":"2021-11-26T21:42:31","guid":{"rendered":"https:\/\/mouldking.store\/?post_type=product&#038;p=27987"},"modified":"2025-12-25T09:16:58","modified_gmt":"2025-12-25T02:16:58","slug":"moc-15505-1967-eleanor-mustang-replica-with-1065-pieces","status":"publish","type":"product","link":"https:\/\/mouldking.store\/nb\/shop\/moc-15505-1967-eleanor-mustang-replica-with-1065-pieces\/","title":{"rendered":"MOC-15505 1967 Eleanor Mustang Replica med 1065 stykker"},"content":{"rendered":"<p>Produktinformasjon:<\/p>\n<ol>\n<li>Merke: MOC<\/li>\n<li>Kj\u00f8nn: Unisex<\/li>\n<li>Name: 1967 Eleanor Mustang Replica<\/li>\n<li>Aldersgruppe: &gt; 6 \u00e5r gammel<\/li>\n<li>Model Number: MOC-15505<\/li>\n<li>Klassifisering: Montering<\/li>\n<li>Plastblokkform: Selvl\u00e5sende murstein<\/li>\n<li>Materiale: Plast<\/li>\n<li>Plasttype: ABS<\/li>\n<li>Bricks Blocks: 1065 PCS<\/li>\n<li>Arrangementstid: 4-7 uker<\/li>\n<li>Inneholder detaljerte monteringsanvisninger.<\/li>\n<\/ol>\n<p>Legge merke til:<br \/>\n1. Uten original eske, men vi garanterer at v\u00e5re produkter har kvalitetssikring og pen emballasje.<br \/>\n2. Som alle delene vi har sjekket f\u00f8r frakt, s\u00e5 hvis du finner noen deler savnet eller skadet, ikke bekymre deg og bare kontakt oss, s\u00e5 kan vi sende dem til deg p\u00e5 nytt umiddelbart gratis.<\/p>\n<figure id=\"attachment_27988\" aria-describedby=\"caption-attachment-27988\" style=\"width: 1000px\" class=\"wp-caption aligncenter\"><img fetchpriority=\"high\" decoding=\"async\" class=\"size-full wp-image-27988\" title=\"MOC-15505 1967 Eleanor Mustang Replica med 1065 stykker\" src=\"https:\/\/mouldking.store\/wp-content\/uploads\/2021\/11\/moc-15505-1967-eleanor-mustang-replica-with-1065-pieces.jpg\" alt=\"MOC-15505 1967 Eleanor Mustang Replica with 1065 pieces\" width=\"1000\" height=\"1000\" srcset=\"https:\/\/mouldking.store\/wp-content\/uploads\/2021\/11\/moc-15505-1967-eleanor-mustang-replica-with-1065-pieces.jpg 1000w, https:\/\/mouldking.store\/wp-content\/uploads\/2021\/11\/moc-15505-1967-eleanor-mustang-replica-with-1065-pieces-300x300.jpg 300w, https:\/\/mouldking.store\/wp-content\/uploads\/2021\/11\/moc-15505-1967-eleanor-mustang-replica-with-1065-pieces-768x768.jpg 768w, https:\/\/mouldking.store\/wp-content\/uploads\/2021\/11\/moc-15505-1967-eleanor-mustang-replica-with-1065-pieces-600x600.jpg 600w, https:\/\/mouldking.store\/wp-content\/uploads\/2021\/11\/moc-15505-1967-eleanor-mustang-replica-with-1065-pieces-150x150.jpg 150w\" sizes=\"(max-width: 1000px) 100vw, 1000px\" \/><figcaption id=\"caption-attachment-27988\" class=\"wp-caption-text\">MOC-15505 1967 Eleanor Mustang Replica med 1065 stykker<\/figcaption><\/figure>\n<figure id=\"attachment_27989\" aria-describedby=\"caption-attachment-27989\" style=\"width: 1000px\" class=\"wp-caption aligncenter\"><img decoding=\"async\" class=\"size-full wp-image-27989\" title=\"MOC-15505 1967 Eleanor Mustang Replica med 1065 stykker\" src=\"https:\/\/mouldking.store\/wp-content\/uploads\/2021\/11\/moc-15505-1967-eleanor-mustang-replica-with-1065-pieces-1.jpg\" alt=\"MOC-15505 1967 Eleanor Mustang Replica with 1065 pieces\" width=\"1000\" height=\"1000\" srcset=\"https:\/\/mouldking.store\/wp-content\/uploads\/2021\/11\/moc-15505-1967-eleanor-mustang-replica-with-1065-pieces-1.jpg 1000w, https:\/\/mouldking.store\/wp-content\/uploads\/2021\/11\/moc-15505-1967-eleanor-mustang-replica-with-1065-pieces-1-300x300.jpg 300w, https:\/\/mouldking.store\/wp-content\/uploads\/2021\/11\/moc-15505-1967-eleanor-mustang-replica-with-1065-pieces-1-768x768.jpg 768w, https:\/\/mouldking.store\/wp-content\/uploads\/2021\/11\/moc-15505-1967-eleanor-mustang-replica-with-1065-pieces-1-600x600.jpg 600w, https:\/\/mouldking.store\/wp-content\/uploads\/2021\/11\/moc-15505-1967-eleanor-mustang-replica-with-1065-pieces-1-150x150.jpg 150w\" sizes=\"(max-width: 1000px) 100vw, 1000px\" \/><figcaption id=\"caption-attachment-27989\" class=\"wp-caption-text\">MOC-15505 1967 Eleanor Mustang Replica med 1065 stykker<\/figcaption><\/figure>\n<figure id=\"attachment_27990\" aria-describedby=\"caption-attachment-27990\" style=\"width: 1000px\" class=\"wp-caption aligncenter\"><img decoding=\"async\" class=\"size-full wp-image-27990\" title=\"MOC-15505 1967 Eleanor Mustang Replica med 1065 stykker\" src=\"https:\/\/mouldking.store\/wp-content\/uploads\/2021\/11\/moc-15505-1967-eleanor-mustang-replica-with-1065-pieces-2.jpg\" alt=\"MOC-15505 1967 Eleanor Mustang Replica with 1065 pieces\" width=\"1000\" height=\"1000\" srcset=\"https:\/\/mouldking.store\/wp-content\/uploads\/2021\/11\/moc-15505-1967-eleanor-mustang-replica-with-1065-pieces-2.jpg 1000w, https:\/\/mouldking.store\/wp-content\/uploads\/2021\/11\/moc-15505-1967-eleanor-mustang-replica-with-1065-pieces-2-300x300.jpg 300w, https:\/\/mouldking.store\/wp-content\/uploads\/2021\/11\/moc-15505-1967-eleanor-mustang-replica-with-1065-pieces-2-768x768.jpg 768w, https:\/\/mouldking.store\/wp-content\/uploads\/2021\/11\/moc-15505-1967-eleanor-mustang-replica-with-1065-pieces-2-600x600.jpg 600w, https:\/\/mouldking.store\/wp-content\/uploads\/2021\/11\/moc-15505-1967-eleanor-mustang-replica-with-1065-pieces-2-150x150.jpg 150w\" sizes=\"(max-width: 1000px) 100vw, 1000px\" \/><figcaption id=\"caption-attachment-27990\" class=\"wp-caption-text\">MOC-15505 1967 Eleanor Mustang Replica med 1065 stykker<\/figcaption><\/figure>","protected":false},"excerpt":{"rendered":"<p>Product information: Brand: MOC Gender: Unisex Name: 1967 Eleanor Mustang Replica Age Range: &gt; 6 years old Model Number: MOC-15505 Classification: Assemblage Plastic Block Shape: Self-Locking Bricks Material: Plastic Plastic Type: ABS Bricks Blocks: 1065 PCS Arrange Time: 4-7 weeks Contains detailed assembly instructions. Notice: 1. Without an original box, but we guarantee our products [&hellip;]<\/p>","protected":false},"featured_media":27991,"comment_status":"open","ping_status":"closed","template":"","meta":{"_acf_changed":false},"product_cat":[364],"product_tag":[3898,3897],"class_list":["product","first","instock","shipping-taxable","purchasable","product-type-simple"],"acf":[],"_links":{"self":[{"href":"https:\/\/mouldking.store\/nb\/wp-json\/wp\/v2\/product\/27987","targetHints":{"allow":["GET"]}}],"collection":[{"href":"https:\/\/mouldking.store\/nb\/wp-json\/wp\/v2\/product"}],"about":[{"href":"https:\/\/mouldking.store\/nb\/wp-json\/wp\/v2\/types\/product"}],"replies":[{"embeddable":true,"href":"https:\/\/mouldking.store\/nb\/wp-json\/wp\/v2\/comments?post=27987"}],"wp:featuredmedia":[{"embeddable":true,"href":"https:\/\/mouldking.store\/nb\/wp-json\/wp\/v2\/media\/27991"}],"wp:attachment":[{"href":"https:\/\/mouldking.store\/nb\/wp-json\/wp\/v2\/media?parent=27987"}],"wp:term":[{"taxonomy":"product_cat","embeddable":true,"href":"https:\/\/mouldking.store\/nb\/wp-json\/wp\/v2\/product_cat?post=27987"},{"taxonomy":"product_tag","embeddable":true,"href":"https:\/\/mouldking.store\/nb\/wp-json\/wp\/v2\/product_tag?post=27987"}],"curies":[{"name":"wp","href":"https:\/\/api.w.org\/{rel}","templated":true}]}}